{"id":10876,"date":"2019-09-19T13:45:46","date_gmt":"2019-09-19T13:45:46","guid":{"rendered":"https:\/\/www.arbataxpark.com\/best-eco-resort\/the-park\/"},"modified":"2026-03-04T16:10:32","modified_gmt":"2026-03-04T16:10:32","slug":"the-park","status":"publish","type":"page","link":"https:\/\/www.arbataxpark.com\/de\/best-eco-resort\/the-park\/","title":{"rendered":"Der Park"},"content":{"rendered":"<div class=\"relative basis-auto flex-col -mb-(--composer-overlap-px) [--composer-overlap-px:28px] grow flex\">\n<div class=\"flex flex-col text-sm pb-25\">\n<article class=\"text-token-text-primary w-full focus:outline-none [--shadow-height:45px] has-data-writing-block:pointer-events-none has-data-writing-block:-mt-(--shadow-height) has-data-writing-block:pt-(--shadow-height) [&amp;:has([data-writing-block])&gt;*]:pointer-events-auto scroll-mt-[calc(var(--header-height)+min(200px,max(70px,20svh)))]\" dir=\"auto\" data-turn-id=\"request-699d8d72-fe30-832f-915d-6658cbae059b-0\" data-testid=\"conversation-turn-18\" data-scroll-anchor=\"true\" data-turn=\"assistant\">\n<div class=\"text-base my-auto mx-auto pb-10 [--thread-content-margin:--spacing(4)] @w-sm\/main:[--thread-content-margin:--spacing(6)] @w-lg\/main:[--thread-content-margin:--spacing(16)] px-(--thread-content-margin)\">\n<div class=\"[--thread-content-max-width:40rem] @w-lg\/main:[--thread-content-max-width:48rem] mx-auto max-w-(--thread-content-max-width) flex-1 group\/turn-messages focus-visible:outline-hidden relative flex w-full min-w-0 flex-col agent-turn\">\n<div class=\"flex max-w-full flex-col grow\">\n<div class=\"min-h-8 text-message relative flex w-full flex-col items-end gap-2 text-start break-words whitespace-normal [.text-message+&amp;]:mt-1\" dir=\"auto\" data-message-author-role=\"assistant\" data-message-id=\"2de17903-f7c9-4b99-9cec-2f113f385346\" data-message-model-slug=\"gpt-5-3\">\n<div class=\"flex w-full flex-col gap-1 empty:hidden first:pt-[1px]\">\n<div class=\"markdown prose dark:prose-invert w-full wrap-break-word light markdown-new-styling\">\n<p data-start=\"0\" data-end=\"403\"><strong data-start=\"0\" data-end=\"17\">Kompostierung<\/strong><br data-start=\"17\" data-end=\"20\" \/>\u00c4ste aus dem Baumschnitt, Bl\u00e4tter, Bl\u00fcten, Sedimente aus den Seen sowie organisches Material der im Park lebenden Tiere werden t\u00e4glich in einem <strong>eigenen Kompostbereich<\/strong> gesammelt. Durch nat\u00fcrliche Umwandlungs- und Schichtungsprozesse entsteht daraus <strong>Humus<\/strong>. Alle f\u00fcnf bis sechs Jahre entstehen so bis zu 500 m\u00b3 Kompost, der zur <strong>N\u00e4hrstoffversorgung der G\u00e4rten<\/strong> des Resorts verwendet wird.<\/p>\n<p data-start=\"405\" data-end=\"719\"><strong data-start=\"405\" data-end=\"420\">Baumschnitt<\/strong><br data-start=\"420\" data-end=\"423\" \/><strong>Trockene \u00c4ste werden zu Zaunpf\u00e4hlen<\/strong> f\u00fcr die Farm oder zu Brennholz f\u00fcr Brot\u00f6fen und Feuerstellen verarbeitet. Holz aus dem R\u00fcckschnitt, von \u00e4lteren Pflanzen oder von Gew\u00e4chsen, deren <strong>nat\u00fcrlicher Lebenszyklus<\/strong> endet, wird zudem f\u00fcr M\u00f6bel in den G\u00e4stezimmern oder f\u00fcr neue Wegweiser im Park genutzt.<\/p>\n<p data-start=\"721\" data-end=\"817\"><strong data-start=\"721\" data-end=\"737\">Rasenfl\u00e4chen<\/strong><br data-start=\"737\" data-end=\"740\" \/>Geschnittenes Gras dient t\u00e4glich als <strong>Futter f\u00fcr die Tiere,<\/strong> die im Park leben.<\/p>\n<p data-start=\"819\" data-end=\"1088\"><strong data-start=\"819\" data-end=\"838\">Wasserkreislauf<\/strong><br data-start=\"838\" data-end=\"841\" \/>In einem <strong>ehemaligen Steinbruch<\/strong>, der fr\u00fcher f\u00fcr den Granitabbau genutzt wurde, sowie <strong>in den nat\u00fcrlichen Seen des Parks wird Regenwasser<\/strong> gesammelt. Dieses Wasser wird anschlie\u00dfend zur <strong>Bew\u00e4sserung der G\u00e4rten<\/strong>, Rasenfl\u00e4chen und Gem\u00fcseg\u00e4rten eingesetzt.<\/p>\n<p data-start=\"1090\" data-end=\"1289\"><strong data-start=\"1090\" data-end=\"1098\">Seen<\/strong><br data-start=\"1098\" data-end=\"1101\" \/>In allen Seen wachsen<strong> Wasserhyazinthen<\/strong> \u2013 schwimmende Pflanzen, die das Wasser auf nat\u00fcrliche Weise reinigen. \u00dcbersch\u00fcssige Pflanzen dienen zudem als Nahrung f\u00fcr die Wildschweine des Parks.<\/p>\n<p data-start=\"1291\" data-end=\"1909\" data-is-last-node=\"\" data-is-only-node=\"\"><strong data-start=\"1291\" data-end=\"1310\">Flora und Fauna<\/strong><br data-start=\"1310\" data-end=\"1313\" \/>\u00dcber viele Jahre hinweg wurde sorgf\u00e4ltig daran gearbeitet, die <strong>urspr\u00fcnglichen Tier- und Pflanzenarten der Region zu identifizieren und wieder anzusiedeln.<\/strong> Einige von ihnen standen kurz vor dem Verschwinden und sind heute wieder Teil des Parks \u2013 e<strong>ines gesch\u00fctzten \u00d6kosystems<\/strong>, in dem Tiere frei leben k\u00f6nnen. Nach intensiver Recherche wurden verschiedene alte, endemische sardische Arten ausgew\u00e4hlt, darunter <strong>Mufflons, das urspr\u00fcngliche Sarda-Schaf, das Giara-Pferd, der wei\u00dfe Esel von Asinara, sardische Wildschweine, Wildziegen, Pferde, Hirsche sowie zahlreiche f\u00fcr Sardinien typische Vogelarten<\/strong>.<\/p>\n<\/div>\n<\/div>\n<\/div>\n<\/div>\n<div class=\"z-0 flex min-h-[46px] justify-start\"><\/div>\n<div class=\"mt-3 w-full empty:hidden\">\n<div class=\"text-center\"><\/div>\n<\/div>\n<\/div>\n<\/div>\n<\/article>\n<\/div>\n<div class=\"pointer-events-none h-px w-px absolute bottom-0\" aria-hidden=\"true\" data-edge=\"true\"><\/div>\n<\/div>\n<div id=\"thread-bottom-container\" class=\"sticky bottom-0 group\/thread-bottom-container relative isolate z-10 w-full basis-auto has-data-has-thread-error:pt-2 has-data-has-thread-error:[box-shadow:var(--sharp-edge-bottom-shadow)] md:border-transparent md:pt-0 dark:border-white\/20 md:dark:border-transparent print:hidden content-fade single-line flex flex-col\">\n<div class=\"relative h-0\">\n<div><\/div>\n<\/div>\n<div id=\"thread-bottom\">\n<div class=\"text-base mx-auto [--thread-content-margin:--spacing(4)] @w-sm\/main:[--thread-content-margin:--spacing(6)] @w-lg\/main:[--thread-content-margin:--spacing(16)] px-(--thread-content-margin)\">\n<div class=\"[--thread-content-max-width:40rem] @w-lg\/main:[--thread-content-max-width:48rem] mx-auto max-w-(--thread-content-max-width) flex-1 mb-4\">\n<div class=\"flex justify-center empty:hidden\"><\/div>\n<div class=\"pointer-events-auto relative z-1 flex h-(--composer-container-height,100%) max-w-full flex-(--composer-container-flex,1) flex-col\">\n<div class=\"absolute start-0 end-0 bottom-full z-20\"><\/div>\n<div class=\"hidden\"><\/div>\n<div class=\"\">\n<div class=\"bg-token-bg-primary corner-superellipse\/1.1 cursor-text overflow-clip bg-clip-padding p-2.5 contain-inline-size motion-safe:transition-colors motion-safe:duration-200 motion-safe:ease-in-out dark:bg-[#303030] grid grid-cols-[auto_1fr_auto] [grid-template-areas:'header_header_header'_'leading_primary_trailing'_'._footer_.'] group-data-expanded\/composer:[grid-template-areas:'header_header_header'_'primary_primary_primary'_'leading_footer_trailing'] shadow-short\" data-composer-surface=\"true\">\n<div class=\"-my-2.5 flex min-h-14 items-center overflow-x-hidden px-1.5 [grid-area:primary] group-data-expanded\/composer:mb-0 group-data-expanded\/composer:px-2.5\">\n<div class=\"wcDTda_prosemirror-parent text-token-text-primary max-h-[max(30svh,5rem)] max-h-52 min-h-[var(--deep-research-composer-extra-height,unset)] flex-1 overflow-auto [scrollbar-width:thin] default-browser vertical-scroll-fade-mask\"><textarea class=\"wcDTda_fallbackTextarea\" name=\"prompt-textarea\" data-virtualkeyboard=\"true\"><\/textarea><\/p>\n<div id=\"prompt-textarea\" class=\"ProseMirror\" role=\"textbox\" data-virtualkeyboard=\"true\"><\/div>\n<\/div>\n<\/div>\n<\/div>\n<\/div>\n<\/div>\n<\/div>\n<\/div>\n<\/div>\n<\/div>\n","protected":false},"excerpt":{"rendered":"<p>Kompostierung\u00c4ste aus dem Baumschnitt, Bl\u00e4tter, Bl\u00fcten, Sedimente aus den Seen sowie organisches Material der im Park lebenden Tiere werden t\u00e4glich in einem eigenen Kompostbereich gesammelt. Durch nat\u00fcrliche Umwandlungs- und Schichtungsprozesse entsteht daraus Humus. Alle f\u00fcnf bis sechs Jahre entstehen so bis zu 500 m\u00b3 Kompost, der zur N\u00e4hrstoffversorgung der G\u00e4rten des Resorts verwendet wird. BaumschnittTrockene [&hellip;]<\/p>\n","protected":false},"author":7,"featured_media":10606,"parent":10872,"menu_order":0,"comment_status":"closed","ping_status":"closed","template":"","meta":{"footnotes":""},"class_list":["post-10876","page","type-page","status-publish","has-post-thumbnail","hentry"],"yoast_head":"<!-- This site is optimized with the Yoast SEO plugin v26.9 - https:\/\/yoast.com\/product\/yoast-seo-wordpress\/ -->\n<title>Der Park - Arbatax Park<\/title>\n<meta name=\"robots\" content=\"index, follow, max-snippet:-1, max-image-preview:large, max-video-preview:-1\" \/>\n<link rel=\"canonical\" href=\"https:\/\/www.arbataxpark.com\/de\/best-eco-resort\/the-park\/\" \/>\n<meta property=\"og:locale\" content=\"de_DE\" \/>\n<meta property=\"og:type\" content=\"article\" \/>\n<meta property=\"og:title\" content=\"Der Park - Arbatax Park\" \/>\n<meta property=\"og:description\" content=\"Kompostierung\u00c4ste aus dem Baumschnitt, Bl\u00e4tter, Bl\u00fcten, Sedimente aus den Seen sowie organisches Material der im Park lebenden Tiere werden t\u00e4glich in einem eigenen Kompostbereich gesammelt. Durch nat\u00fcrliche Umwandlungs- und Schichtungsprozesse entsteht daraus Humus. Alle f\u00fcnf bis sechs Jahre entstehen so bis zu 500 m\u00b3 Kompost, der zur N\u00e4hrstoffversorgung der G\u00e4rten des Resorts verwendet wird. BaumschnittTrockene [&hellip;]\" \/>\n<meta property=\"og:url\" content=\"https:\/\/www.arbataxpark.com\/de\/best-eco-resort\/the-park\/\" \/>\n<meta property=\"og:site_name\" content=\"Arbatax Park\" \/>\n<meta property=\"article:modified_time\" content=\"2026-03-04T16:10:32+00:00\" \/>\n<meta property=\"og:image\" content=\"https:\/\/www.arbataxpark.com\/wp-content\/uploads\/sites\/17\/2019\/09\/slide-arbatax-park-sardegna.jpg\" \/>\n\t<meta property=\"og:image:width\" content=\"2000\" \/>\n\t<meta property=\"og:image:height\" content=\"1339\" \/>\n\t<meta property=\"og:image:type\" content=\"image\/jpeg\" \/>\n<meta name=\"twitter:card\" content=\"summary_large_image\" \/>\n<meta name=\"twitter:label1\" content=\"Gesch\u00e4tzte Lesezeit\" \/>\n\t<meta name=\"twitter:data1\" content=\"2 Minuten\" \/>\n<script type=\"application\/ld+json\" class=\"yoast-schema-graph\">{\"@context\":\"https:\/\/schema.org\",\"@graph\":[{\"@type\":\"WebPage\",\"@id\":\"https:\/\/www.arbataxpark.com\/de\/best-eco-resort\/the-park\/\",\"url\":\"https:\/\/www.arbataxpark.com\/de\/best-eco-resort\/the-park\/\",\"name\":\"Der Park - Arbatax Park\",\"isPartOf\":{\"@id\":\"https:\/\/www.arbataxpark.com\/de\/#website\"},\"primaryImageOfPage\":{\"@id\":\"https:\/\/www.arbataxpark.com\/de\/best-eco-resort\/the-park\/#primaryimage\"},\"image\":{\"@id\":\"https:\/\/www.arbataxpark.com\/de\/best-eco-resort\/the-park\/#primaryimage\"},\"thumbnailUrl\":\"https:\/\/www.arbataxpark.com\/wp-content\/uploads\/sites\/17\/2019\/09\/slide-arbatax-park-sardegna.jpg\",\"datePublished\":\"2019-09-19T13:45:46+00:00\",\"dateModified\":\"2026-03-04T16:10:32+00:00\",\"breadcrumb\":{\"@id\":\"https:\/\/www.arbataxpark.com\/de\/best-eco-resort\/the-park\/#breadcrumb\"},\"inLanguage\":\"de-DE\",\"potentialAction\":[{\"@type\":\"ReadAction\",\"target\":[\"https:\/\/www.arbataxpark.com\/de\/best-eco-resort\/the-park\/\"]}]},{\"@type\":\"ImageObject\",\"inLanguage\":\"de-DE\",\"@id\":\"https:\/\/www.arbataxpark.com\/de\/best-eco-resort\/the-park\/#primaryimage\",\"url\":\"https:\/\/www.arbataxpark.com\/wp-content\/uploads\/sites\/17\/2019\/09\/slide-arbatax-park-sardegna.jpg\",\"contentUrl\":\"https:\/\/www.arbataxpark.com\/wp-content\/uploads\/sites\/17\/2019\/09\/slide-arbatax-park-sardegna.jpg\",\"width\":2000,\"height\":1339},{\"@type\":\"BreadcrumbList\",\"@id\":\"https:\/\/www.arbataxpark.com\/de\/best-eco-resort\/the-park\/#breadcrumb\",\"itemListElement\":[{\"@type\":\"ListItem\",\"position\":1,\"name\":\"Home\",\"item\":\"https:\/\/www.arbataxpark.com\/de\/\"},{\"@type\":\"ListItem\",\"position\":2,\"name\":\"Bestes \u00d6ko Resort der Welt\",\"item\":\"https:\/\/www.arbataxpark.com\/de\/best-eco-resort\/\"},{\"@type\":\"ListItem\",\"position\":3,\"name\":\"Der Park\"}]},{\"@type\":\"WebSite\",\"@id\":\"https:\/\/www.arbataxpark.com\/de\/#website\",\"url\":\"https:\/\/www.arbataxpark.com\/de\/\",\"name\":\"Arbatax Park\",\"description\":\"Just another ms.decms.eu site\",\"potentialAction\":[{\"@type\":\"SearchAction\",\"target\":{\"@type\":\"EntryPoint\",\"urlTemplate\":\"https:\/\/www.arbataxpark.com\/de\/?s={search_term_string}\"},\"query-input\":{\"@type\":\"PropertyValueSpecification\",\"valueRequired\":true,\"valueName\":\"search_term_string\"}}],\"inLanguage\":\"de-DE\"}]}<\/script>\n<!-- \/ Yoast SEO plugin. -->","yoast_head_json":{"title":"Der Park - Arbatax Park","robots":{"index":"index","follow":"follow","max-snippet":"max-snippet:-1","max-image-preview":"max-image-preview:large","max-video-preview":"max-video-preview:-1"},"canonical":"https:\/\/www.arbataxpark.com\/de\/best-eco-resort\/the-park\/","og_locale":"de_DE","og_type":"article","og_title":"Der Park - Arbatax Park","og_description":"Kompostierung\u00c4ste aus dem Baumschnitt, Bl\u00e4tter, Bl\u00fcten, Sedimente aus den Seen sowie organisches Material der im Park lebenden Tiere werden t\u00e4glich in einem eigenen Kompostbereich gesammelt. Durch nat\u00fcrliche Umwandlungs- und Schichtungsprozesse entsteht daraus Humus. Alle f\u00fcnf bis sechs Jahre entstehen so bis zu 500 m\u00b3 Kompost, der zur N\u00e4hrstoffversorgung der G\u00e4rten des Resorts verwendet wird. BaumschnittTrockene [&hellip;]","og_url":"https:\/\/www.arbataxpark.com\/de\/best-eco-resort\/the-park\/","og_site_name":"Arbatax Park","article_modified_time":"2026-03-04T16:10:32+00:00","og_image":[{"width":2000,"height":1339,"url":"https:\/\/www.arbataxpark.com\/wp-content\/uploads\/sites\/17\/2019\/09\/slide-arbatax-park-sardegna.jpg","type":"image\/jpeg"}],"twitter_card":"summary_large_image","twitter_misc":{"Gesch\u00e4tzte Lesezeit":"2 Minuten"},"schema":{"@context":"https:\/\/schema.org","@graph":[{"@type":"WebPage","@id":"https:\/\/www.arbataxpark.com\/de\/best-eco-resort\/the-park\/","url":"https:\/\/www.arbataxpark.com\/de\/best-eco-resort\/the-park\/","name":"Der Park - Arbatax Park","isPartOf":{"@id":"https:\/\/www.arbataxpark.com\/de\/#website"},"primaryImageOfPage":{"@id":"https:\/\/www.arbataxpark.com\/de\/best-eco-resort\/the-park\/#primaryimage"},"image":{"@id":"https:\/\/www.arbataxpark.com\/de\/best-eco-resort\/the-park\/#primaryimage"},"thumbnailUrl":"https:\/\/www.arbataxpark.com\/wp-content\/uploads\/sites\/17\/2019\/09\/slide-arbatax-park-sardegna.jpg","datePublished":"2019-09-19T13:45:46+00:00","dateModified":"2026-03-04T16:10:32+00:00","breadcrumb":{"@id":"https:\/\/www.arbataxpark.com\/de\/best-eco-resort\/the-park\/#breadcrumb"},"inLanguage":"de-DE","potentialAction":[{"@type":"ReadAction","target":["https:\/\/www.arbataxpark.com\/de\/best-eco-resort\/the-park\/"]}]},{"@type":"ImageObject","inLanguage":"de-DE","@id":"https:\/\/www.arbataxpark.com\/de\/best-eco-resort\/the-park\/#primaryimage","url":"https:\/\/www.arbataxpark.com\/wp-content\/uploads\/sites\/17\/2019\/09\/slide-arbatax-park-sardegna.jpg","contentUrl":"https:\/\/www.arbataxpark.com\/wp-content\/uploads\/sites\/17\/2019\/09\/slide-arbatax-park-sardegna.jpg","width":2000,"height":1339},{"@type":"BreadcrumbList","@id":"https:\/\/www.arbataxpark.com\/de\/best-eco-resort\/the-park\/#breadcrumb","itemListElement":[{"@type":"ListItem","position":1,"name":"Home","item":"https:\/\/www.arbataxpark.com\/de\/"},{"@type":"ListItem","position":2,"name":"Bestes \u00d6ko Resort der Welt","item":"https:\/\/www.arbataxpark.com\/de\/best-eco-resort\/"},{"@type":"ListItem","position":3,"name":"Der Park"}]},{"@type":"WebSite","@id":"https:\/\/www.arbataxpark.com\/de\/#website","url":"https:\/\/www.arbataxpark.com\/de\/","name":"Arbatax Park","description":"Just another ms.decms.eu site","potentialAction":[{"@type":"SearchAction","target":{"@type":"EntryPoint","urlTemplate":"https:\/\/www.arbataxpark.com\/de\/?s={search_term_string}"},"query-input":{"@type":"PropertyValueSpecification","valueRequired":true,"valueName":"search_term_string"}}],"inLanguage":"de-DE"}]}},"acf":[],"_links":{"self":[{"href":"https:\/\/www.arbataxpark.com\/de\/wp-json\/wp\/v2\/pages\/10876","targetHints":{"allow":["GET"]}}],"collection":[{"href":"https:\/\/www.arbataxpark.com\/de\/wp-json\/wp\/v2\/pages"}],"about":[{"href":"https:\/\/www.arbataxpark.com\/de\/wp-json\/wp\/v2\/types\/page"}],"author":[{"embeddable":true,"href":"https:\/\/www.arbataxpark.com\/de\/wp-json\/wp\/v2\/users\/7"}],"replies":[{"embeddable":true,"href":"https:\/\/www.arbataxpark.com\/de\/wp-json\/wp\/v2\/comments?post=10876"}],"version-history":[{"count":0,"href":"https:\/\/www.arbataxpark.com\/de\/wp-json\/wp\/v2\/pages\/10876\/revisions"}],"up":[{"embeddable":true,"href":"https:\/\/www.arbataxpark.com\/de\/wp-json\/wp\/v2\/pages\/10872"}],"wp:featuredmedia":[{"embeddable":true,"href":"https:\/\/www.arbataxpark.com\/de\/wp-json\/wp\/v2\/media\/10606"}],"wp:attachment":[{"href":"https:\/\/www.arbataxpark.com\/de\/wp-json\/wp\/v2\/media?parent=10876"}],"curies":[{"name":"wp","href":"https:\/\/api.w.org\/{rel}","templated":true}]}}