{"id":10879,"date":"2019-09-19T14:24:52","date_gmt":"2019-09-19T14:24:52","guid":{"rendered":"https:\/\/www.arbataxpark.com\/best-eco-resort\/the-resort\/"},"modified":"2026-03-04T16:22:57","modified_gmt":"2026-03-04T16:22:57","slug":"the-resort","status":"publish","type":"page","link":"https:\/\/www.arbataxpark.com\/de\/best-eco-resort\/the-resort\/","title":{"rendered":"Nachhaltigkeit"},"content":{"rendered":"<div class=\"flex flex-col text-sm pb-25\">\n<article class=\"text-token-text-primary w-full focus:outline-none [--shadow-height:45px] has-data-writing-block:pointer-events-none has-data-writing-block:-mt-(--shadow-height) has-data-writing-block:pt-(--shadow-height) [&amp;:has([data-writing-block])&gt;*]:pointer-events-auto scroll-mt-[calc(var(--header-height)+min(200px,max(70px,20svh)))]\" dir=\"auto\" data-turn-id=\"request-699d8d72-fe30-832f-915d-6658cbae059b-3\" data-testid=\"conversation-turn-24\" data-scroll-anchor=\"true\" data-turn=\"assistant\">\n<div class=\"text-base my-auto mx-auto pb-10 [--thread-content-margin:--spacing(4)] @w-sm\/main:[--thread-content-margin:--spacing(6)] @w-lg\/main:[--thread-content-margin:--spacing(16)] px-(--thread-content-margin)\">\n<div class=\"[--thread-content-max-width:40rem] @w-lg\/main:[--thread-content-max-width:48rem] mx-auto max-w-(--thread-content-max-width) flex-1 group\/turn-messages focus-visible:outline-hidden relative flex w-full min-w-0 flex-col agent-turn\">\n<div class=\"flex max-w-full flex-col grow\">\n<div class=\"min-h-8 text-message relative flex w-full flex-col items-end gap-2 text-start break-words whitespace-normal [.text-message+&amp;]:mt-1\" dir=\"auto\" data-message-author-role=\"assistant\" data-message-id=\"c722a257-108b-47c9-9f4f-f07fbb15cb78\" data-message-model-slug=\"gpt-5-3\">\n<div class=\"flex w-full flex-col gap-1 empty:hidden first:pt-[1px]\">\n<div class=\"markdown prose dark:prose-invert w-full wrap-break-word light markdown-new-styling\">\n<p data-start=\"0\" data-end=\"255\">Der im Resort verwendete <strong>Strom wird in Italien produziert<\/strong> und stammt gr\u00f6\u00dftenteils aus <strong>erneuerbaren Energiequellen<\/strong> wie Solarenergie. Zus\u00e4tzlich erzeugt das Resort selbst saubere Energie vor Ort \u2013 \u00fcber eine Photovoltaikanlage mit einer Leistung von 100 kWh. Der Stromverbrauch wird au\u00dferdem durch den Einsatz <strong>energieeffizienter Beleuchtung<\/strong> reduziert. Die meisten im Resort installierten Leuchtmittel entsprechen den Energieeffizienzklassen A und A+.<\/p>\n<p data-start=\"257\" data-end=\"559\">Auch die Warmwasseraufbereitung erfolgt mit nachhaltiger Energie. Daf\u00fcr kommen ein <strong>solares Thermalsystem<\/strong> sowie ein <strong>thermodynamisches System<\/strong> zum Einsatz, das den Bedarf der Unterk\u00fcnfte und Restaurants abdeckt. Die Technologie basiert auf einer von einem jungen sardischen Entwickler patentierten L\u00f6sung.<\/p>\n<p data-start=\"754\" data-end=\"965\">In Bereichen, in denen dauerhaft Licht ben\u00f6tigt wird, sorgen <strong>photoelektrische Sensoren mit Bewegungs- und D\u00e4mmerungserkennung<\/strong> daf\u00fcr, dass Beleuchtung nur dann aktiviert wird, wenn sie tats\u00e4chlich gebraucht wird.<\/p>\n<p data-start=\"967\" data-end=\"1221\" data-is-last-node=\"\" data-is-only-node=\"\">Bettw\u00e4sche und Handt\u00fccher werden ausschlie\u00dflich auf Wunsch der G\u00e4ste gewechselt. Dadurch lassen sich <strong>gro\u00dfe Mengen an Energie und Wasser einsparen,<\/strong> ebenso wie der Einsatz von Reinigungsmitteln \u2013 und die damit verbundenen <strong>Treibhausgasemissionen reduzieren<\/strong>.<\/p>\n<\/div>\n<\/div>\n<\/div>\n<\/div>\n<div class=\"z-0 flex min-h-[46px] justify-start\"><\/div>\n<div class=\"mt-3 w-full empty:hidden\">\n<div class=\"text-center\"><\/div>\n<\/div>\n<\/div>\n<\/div>\n<\/article>\n<\/div>\n<div class=\"pointer-events-none h-px w-px absolute bottom-0\" aria-hidden=\"true\" data-edge=\"true\"><\/div>\n","protected":false},"excerpt":{"rendered":"<p>Der im Resort verwendete Strom wird in Italien produziert und stammt gr\u00f6\u00dftenteils aus erneuerbaren Energiequellen wie Solarenergie. Zus\u00e4tzlich erzeugt das Resort selbst saubere Energie vor Ort \u2013 \u00fcber eine Photovoltaikanlage mit einer Leistung von 100 kWh. Der Stromverbrauch wird au\u00dferdem durch den Einsatz energieeffizienter Beleuchtung reduziert. Die meisten im Resort installierten Leuchtmittel entsprechen den Energieeffizienzklassen [&hellip;]<\/p>\n","protected":false},"author":7,"featured_media":0,"parent":10872,"menu_order":2,"comment_status":"closed","ping_status":"closed","template":"","meta":{"footnotes":""},"class_list":["post-10879","page","type-page","status-publish","hentry"],"yoast_head":"<!-- This site is optimized with the Yoast SEO plugin v26.9 - https:\/\/yoast.com\/product\/yoast-seo-wordpress\/ -->\n<title>Nachhaltigkeit - Arbatax Park<\/title>\n<meta name=\"robots\" content=\"index, follow, max-snippet:-1, max-image-preview:large, max-video-preview:-1\" \/>\n<link rel=\"canonical\" href=\"https:\/\/www.arbataxpark.com\/de\/best-eco-resort\/the-resort\/\" \/>\n<meta property=\"og:locale\" content=\"de_DE\" \/>\n<meta property=\"og:type\" content=\"article\" \/>\n<meta property=\"og:title\" content=\"Nachhaltigkeit - Arbatax Park\" \/>\n<meta property=\"og:description\" content=\"Der im Resort verwendete Strom wird in Italien produziert und stammt gr\u00f6\u00dftenteils aus erneuerbaren Energiequellen wie Solarenergie. Zus\u00e4tzlich erzeugt das Resort selbst saubere Energie vor Ort \u2013 \u00fcber eine Photovoltaikanlage mit einer Leistung von 100 kWh. Der Stromverbrauch wird au\u00dferdem durch den Einsatz energieeffizienter Beleuchtung reduziert. Die meisten im Resort installierten Leuchtmittel entsprechen den Energieeffizienzklassen [&hellip;]\" \/>\n<meta property=\"og:url\" content=\"https:\/\/www.arbataxpark.com\/de\/best-eco-resort\/the-resort\/\" \/>\n<meta property=\"og:site_name\" content=\"Arbatax Park\" \/>\n<meta property=\"article:modified_time\" content=\"2026-03-04T16:22:57+00:00\" \/>\n<meta name=\"twitter:card\" content=\"summary_large_image\" \/>\n<meta name=\"twitter:label1\" content=\"Gesch\u00e4tzte Lesezeit\" \/>\n\t<meta name=\"twitter:data1\" content=\"1 Minute\" \/>\n<script type=\"application\/ld+json\" class=\"yoast-schema-graph\">{\"@context\":\"https:\/\/schema.org\",\"@graph\":[{\"@type\":\"WebPage\",\"@id\":\"https:\/\/www.arbataxpark.com\/de\/best-eco-resort\/the-resort\/\",\"url\":\"https:\/\/www.arbataxpark.com\/de\/best-eco-resort\/the-resort\/\",\"name\":\"Nachhaltigkeit - Arbatax Park\",\"isPartOf\":{\"@id\":\"https:\/\/www.arbataxpark.com\/de\/#website\"},\"datePublished\":\"2019-09-19T14:24:52+00:00\",\"dateModified\":\"2026-03-04T16:22:57+00:00\",\"breadcrumb\":{\"@id\":\"https:\/\/www.arbataxpark.com\/de\/best-eco-resort\/the-resort\/#breadcrumb\"},\"inLanguage\":\"de-DE\",\"potentialAction\":[{\"@type\":\"ReadAction\",\"target\":[\"https:\/\/www.arbataxpark.com\/de\/best-eco-resort\/the-resort\/\"]}]},{\"@type\":\"BreadcrumbList\",\"@id\":\"https:\/\/www.arbataxpark.com\/de\/best-eco-resort\/the-resort\/#breadcrumb\",\"itemListElement\":[{\"@type\":\"ListItem\",\"position\":1,\"name\":\"Home\",\"item\":\"https:\/\/www.arbataxpark.com\/de\/\"},{\"@type\":\"ListItem\",\"position\":2,\"name\":\"Bestes \u00d6ko Resort der Welt\",\"item\":\"https:\/\/www.arbataxpark.com\/de\/best-eco-resort\/\"},{\"@type\":\"ListItem\",\"position\":3,\"name\":\"Nachhaltigkeit\"}]},{\"@type\":\"WebSite\",\"@id\":\"https:\/\/www.arbataxpark.com\/de\/#website\",\"url\":\"https:\/\/www.arbataxpark.com\/de\/\",\"name\":\"Arbatax Park\",\"description\":\"Just another ms.decms.eu site\",\"potentialAction\":[{\"@type\":\"SearchAction\",\"target\":{\"@type\":\"EntryPoint\",\"urlTemplate\":\"https:\/\/www.arbataxpark.com\/de\/?s={search_term_string}\"},\"query-input\":{\"@type\":\"PropertyValueSpecification\",\"valueRequired\":true,\"valueName\":\"search_term_string\"}}],\"inLanguage\":\"de-DE\"}]}<\/script>\n<!-- \/ Yoast SEO plugin. -->","yoast_head_json":{"title":"Nachhaltigkeit - Arbatax Park","robots":{"index":"index","follow":"follow","max-snippet":"max-snippet:-1","max-image-preview":"max-image-preview:large","max-video-preview":"max-video-preview:-1"},"canonical":"https:\/\/www.arbataxpark.com\/de\/best-eco-resort\/the-resort\/","og_locale":"de_DE","og_type":"article","og_title":"Nachhaltigkeit - Arbatax Park","og_description":"Der im Resort verwendete Strom wird in Italien produziert und stammt gr\u00f6\u00dftenteils aus erneuerbaren Energiequellen wie Solarenergie. Zus\u00e4tzlich erzeugt das Resort selbst saubere Energie vor Ort \u2013 \u00fcber eine Photovoltaikanlage mit einer Leistung von 100 kWh. Der Stromverbrauch wird au\u00dferdem durch den Einsatz energieeffizienter Beleuchtung reduziert. Die meisten im Resort installierten Leuchtmittel entsprechen den Energieeffizienzklassen [&hellip;]","og_url":"https:\/\/www.arbataxpark.com\/de\/best-eco-resort\/the-resort\/","og_site_name":"Arbatax Park","article_modified_time":"2026-03-04T16:22:57+00:00","twitter_card":"summary_large_image","twitter_misc":{"Gesch\u00e4tzte Lesezeit":"1 Minute"},"schema":{"@context":"https:\/\/schema.org","@graph":[{"@type":"WebPage","@id":"https:\/\/www.arbataxpark.com\/de\/best-eco-resort\/the-resort\/","url":"https:\/\/www.arbataxpark.com\/de\/best-eco-resort\/the-resort\/","name":"Nachhaltigkeit - Arbatax Park","isPartOf":{"@id":"https:\/\/www.arbataxpark.com\/de\/#website"},"datePublished":"2019-09-19T14:24:52+00:00","dateModified":"2026-03-04T16:22:57+00:00","breadcrumb":{"@id":"https:\/\/www.arbataxpark.com\/de\/best-eco-resort\/the-resort\/#breadcrumb"},"inLanguage":"de-DE","potentialAction":[{"@type":"ReadAction","target":["https:\/\/www.arbataxpark.com\/de\/best-eco-resort\/the-resort\/"]}]},{"@type":"BreadcrumbList","@id":"https:\/\/www.arbataxpark.com\/de\/best-eco-resort\/the-resort\/#breadcrumb","itemListElement":[{"@type":"ListItem","position":1,"name":"Home","item":"https:\/\/www.arbataxpark.com\/de\/"},{"@type":"ListItem","position":2,"name":"Bestes \u00d6ko Resort der Welt","item":"https:\/\/www.arbataxpark.com\/de\/best-eco-resort\/"},{"@type":"ListItem","position":3,"name":"Nachhaltigkeit"}]},{"@type":"WebSite","@id":"https:\/\/www.arbataxpark.com\/de\/#website","url":"https:\/\/www.arbataxpark.com\/de\/","name":"Arbatax Park","description":"Just another ms.decms.eu site","potentialAction":[{"@type":"SearchAction","target":{"@type":"EntryPoint","urlTemplate":"https:\/\/www.arbataxpark.com\/de\/?s={search_term_string}"},"query-input":{"@type":"PropertyValueSpecification","valueRequired":true,"valueName":"search_term_string"}}],"inLanguage":"de-DE"}]}},"acf":[],"_links":{"self":[{"href":"https:\/\/www.arbataxpark.com\/de\/wp-json\/wp\/v2\/pages\/10879","targetHints":{"allow":["GET"]}}],"collection":[{"href":"https:\/\/www.arbataxpark.com\/de\/wp-json\/wp\/v2\/pages"}],"about":[{"href":"https:\/\/www.arbataxpark.com\/de\/wp-json\/wp\/v2\/types\/page"}],"author":[{"embeddable":true,"href":"https:\/\/www.arbataxpark.com\/de\/wp-json\/wp\/v2\/users\/7"}],"replies":[{"embeddable":true,"href":"https:\/\/www.arbataxpark.com\/de\/wp-json\/wp\/v2\/comments?post=10879"}],"version-history":[{"count":0,"href":"https:\/\/www.arbataxpark.com\/de\/wp-json\/wp\/v2\/pages\/10879\/revisions"}],"up":[{"embeddable":true,"href":"https:\/\/www.arbataxpark.com\/de\/wp-json\/wp\/v2\/pages\/10872"}],"wp:attachment":[{"href":"https:\/\/www.arbataxpark.com\/de\/wp-json\/wp\/v2\/media?parent=10879"}],"curies":[{"name":"wp","href":"https:\/\/api.w.org\/{rel}","templated":true}]}}