{"id":10889,"date":"2019-09-20T14:21:40","date_gmt":"2019-09-20T14:21:40","guid":{"rendered":"https:\/\/www.arbataxpark.com\/best-eco-resort\/awards\/"},"modified":"2026-03-11T11:37:03","modified_gmt":"2026-03-11T11:37:03","slug":"awards","status":"publish","type":"page","link":"https:\/\/www.arbataxpark.com\/de\/best-eco-resort\/awards\/","title":{"rendered":"Awards"},"content":{"rendered":"<p data-start=\"0\" data-end=\"447\"><strong data-start=\"0\" data-end=\"35\">World\u2019s Leading Eco Resort 2025<\/strong><br data-start=\"35\" data-end=\"38\" \/>Das Arbatax Park Resort wurde erneut mit dem Titel <strong data-start=\"89\" data-end=\"126\">\u201eWorld\u2019s Leading Eco Resort 2025\u201c<\/strong> bei den renommierten <strong data-start=\"148\" data-end=\"171\" data-is-only-node=\"\">World Travel Awards<\/strong> ausgezeichnet \u2013 und sichert sich damit bereits zum f\u00fcnften Mal in Folge den ersten Platz. Seit 2019 kontinuierlich pr\u00e4miert, steht das Resort international f\u00fcr zukunftsorientierten, verantwortungsvollen Tourismus und setzt weltweit Ma\u00dfst\u00e4be f\u00fcr nachhaltige Urlaubserlebnisse.<\/p>\n<p data-start=\"449\" data-end=\"919\"><strong data-start=\"449\" data-end=\"514\">Europe\u2019s Leading Eco Resort \u2013 Italy\u2019s Leading Eco Resort 2025<\/strong><br data-start=\"514\" data-end=\"517\" \/>Auch auf europ\u00e4ischer Ebene bleibt das Arbatax Park Resort f\u00fchrend. Die Auszeichnungen <strong data-start=\"604\" data-end=\"637\">\u201eEurope\u2019s Leading Eco Resort\u201c<\/strong> und <strong data-start=\"642\" data-end=\"674\" data-is-only-node=\"\">\u201eItaly\u2019s Leading Eco Resort\u201c<\/strong> best\u00e4tigen die besondere Position des Resorts innerhalb der internationalen Reisebranche. Seit 2019 w\u00fcrdigen Fachjurys und Branchenexperten konsequent das nachhaltige Konzept, die einzigartige Naturkulisse und das ganzheitliche Urlaubserlebnis.<\/p>\n<p data-start=\"921\" data-end=\"1350\"><strong data-start=\"921\" data-end=\"968\">World\u2019s Leading Resort Sensory Gardens 2025<\/strong><br data-start=\"968\" data-end=\"971\" \/>Mit dem <strong data-start=\"979\" data-end=\"1030\">\u201eGiardino delle Meraviglie \/ Garden of Wonders\u201c<\/strong> verf\u00fcgt das Arbatax Park Resort \u00fcber einen der au\u00dfergew\u00f6hnlichsten G\u00e4rten weltweit. Die Anlage wurde 2025 in der Kategorie <strong data-start=\"1154\" data-end=\"1198\" data-is-only-node=\"\">\u201eWorld\u2019s Leading Resort Sensory Gardens\u201c<\/strong> ausgezeichnet und gilt als eindrucksvolles Beispiel daf\u00fcr, wie Natur, Design und Sinneserlebnis zu einem einzigartigen Ort der Entdeckung verschmelzen.<\/p>\n<p data-start=\"1352\" data-end=\"1858\" data-is-last-node=\"\" data-is-only-node=\"\"><strong data-start=\"1352\" data-end=\"1388\">1st Prize Hospitality Award 2010<\/strong><br data-start=\"1388\" data-end=\"1391\" \/>Bereits fr\u00fch wurde die vision\u00e4re Entwicklung des Resorts international anerkannt. Im Rahmen der <strong data-start=\"1487\" data-end=\"1509\">Hospitality Awards<\/strong> auf der <strong data-start=\"1518\" data-end=\"1552\" data-is-only-node=\"\">EIRE \u2013 Expo Italia Real Estate<\/strong>, einer der wichtigsten Fachveranstaltungen der Immobilienbranche, erhielt die <strong data-start=\"1631\" data-end=\"1649\">Mazzella Group<\/strong> den ersten Preis f\u00fcr das beste lokale Tourismus-Investitions- und Entwicklungsprojekt. Ausgezeichnet wurde das integrierte Tourismuskonzept des Arbatax Park Resort \u2013 ein Projekt, das bis heute Ma\u00dfst\u00e4be setzt.<\/p>\n","protected":false},"excerpt":{"rendered":"<p>World\u2019s Leading Eco Resort 2025Das Arbatax Park Resort wurde erneut mit dem Titel \u201eWorld\u2019s Leading Eco Resort 2025\u201c bei den renommierten World Travel Awards ausgezeichnet \u2013 und sichert sich damit bereits zum f\u00fcnften Mal in Folge den ersten Platz. Seit 2019 kontinuierlich pr\u00e4miert, steht das Resort international f\u00fcr zukunftsorientierten, verantwortungsvollen Tourismus und setzt weltweit Ma\u00dfst\u00e4be [&hellip;]<\/p>\n","protected":false},"author":7,"featured_media":0,"parent":10872,"menu_order":6,"comment_status":"closed","ping_status":"closed","template":"","meta":{"footnotes":""},"class_list":["post-10889","page","type-page","status-publish","hentry"],"yoast_head":"<!-- This site is optimized with the Yoast SEO plugin v26.9 - https:\/\/yoast.com\/product\/yoast-seo-wordpress\/ -->\n<title>Awards - Arbatax Park<\/title>\n<meta name=\"robots\" content=\"index, follow, max-snippet:-1, max-image-preview:large, max-video-preview:-1\" \/>\n<link rel=\"canonical\" href=\"https:\/\/www.arbataxpark.com\/de\/best-eco-resort\/awards\/\" \/>\n<meta property=\"og:locale\" content=\"de_DE\" \/>\n<meta property=\"og:type\" content=\"article\" \/>\n<meta property=\"og:title\" content=\"Awards - Arbatax Park\" \/>\n<meta property=\"og:description\" content=\"World\u2019s Leading Eco Resort 2025Das Arbatax Park Resort wurde erneut mit dem Titel \u201eWorld\u2019s Leading Eco Resort 2025\u201c bei den renommierten World Travel Awards ausgezeichnet \u2013 und sichert sich damit bereits zum f\u00fcnften Mal in Folge den ersten Platz. Seit 2019 kontinuierlich pr\u00e4miert, steht das Resort international f\u00fcr zukunftsorientierten, verantwortungsvollen Tourismus und setzt weltweit Ma\u00dfst\u00e4be [&hellip;]\" \/>\n<meta property=\"og:url\" content=\"https:\/\/www.arbataxpark.com\/de\/best-eco-resort\/awards\/\" \/>\n<meta property=\"og:site_name\" content=\"Arbatax Park\" \/>\n<meta property=\"article:modified_time\" content=\"2026-03-11T11:37:03+00:00\" \/>\n<meta name=\"twitter:card\" content=\"summary_large_image\" \/>\n<meta name=\"twitter:label1\" content=\"Gesch\u00e4tzte Lesezeit\" \/>\n\t<meta name=\"twitter:data1\" content=\"2 Minuten\" \/>\n<script type=\"application\/ld+json\" class=\"yoast-schema-graph\">{\"@context\":\"https:\/\/schema.org\",\"@graph\":[{\"@type\":\"WebPage\",\"@id\":\"https:\/\/www.arbataxpark.com\/de\/best-eco-resort\/awards\/\",\"url\":\"https:\/\/www.arbataxpark.com\/de\/best-eco-resort\/awards\/\",\"name\":\"Awards - Arbatax Park\",\"isPartOf\":{\"@id\":\"https:\/\/www.arbataxpark.com\/de\/#website\"},\"datePublished\":\"2019-09-20T14:21:40+00:00\",\"dateModified\":\"2026-03-11T11:37:03+00:00\",\"breadcrumb\":{\"@id\":\"https:\/\/www.arbataxpark.com\/de\/best-eco-resort\/awards\/#breadcrumb\"},\"inLanguage\":\"de-DE\",\"potentialAction\":[{\"@type\":\"ReadAction\",\"target\":[\"https:\/\/www.arbataxpark.com\/de\/best-eco-resort\/awards\/\"]}]},{\"@type\":\"BreadcrumbList\",\"@id\":\"https:\/\/www.arbataxpark.com\/de\/best-eco-resort\/awards\/#breadcrumb\",\"itemListElement\":[{\"@type\":\"ListItem\",\"position\":1,\"name\":\"Home\",\"item\":\"https:\/\/www.arbataxpark.com\/de\/\"},{\"@type\":\"ListItem\",\"position\":2,\"name\":\"Bestes \u00d6ko Resort der Welt\",\"item\":\"https:\/\/www.arbataxpark.com\/de\/best-eco-resort\/\"},{\"@type\":\"ListItem\",\"position\":3,\"name\":\"Awards\"}]},{\"@type\":\"WebSite\",\"@id\":\"https:\/\/www.arbataxpark.com\/de\/#website\",\"url\":\"https:\/\/www.arbataxpark.com\/de\/\",\"name\":\"Arbatax Park\",\"description\":\"Just another ms.decms.eu site\",\"potentialAction\":[{\"@type\":\"SearchAction\",\"target\":{\"@type\":\"EntryPoint\",\"urlTemplate\":\"https:\/\/www.arbataxpark.com\/de\/?s={search_term_string}\"},\"query-input\":{\"@type\":\"PropertyValueSpecification\",\"valueRequired\":true,\"valueName\":\"search_term_string\"}}],\"inLanguage\":\"de-DE\"}]}<\/script>\n<!-- \/ Yoast SEO plugin. -->","yoast_head_json":{"title":"Awards - Arbatax Park","robots":{"index":"index","follow":"follow","max-snippet":"max-snippet:-1","max-image-preview":"max-image-preview:large","max-video-preview":"max-video-preview:-1"},"canonical":"https:\/\/www.arbataxpark.com\/de\/best-eco-resort\/awards\/","og_locale":"de_DE","og_type":"article","og_title":"Awards - Arbatax Park","og_description":"World\u2019s Leading Eco Resort 2025Das Arbatax Park Resort wurde erneut mit dem Titel \u201eWorld\u2019s Leading Eco Resort 2025\u201c bei den renommierten World Travel Awards ausgezeichnet \u2013 und sichert sich damit bereits zum f\u00fcnften Mal in Folge den ersten Platz. Seit 2019 kontinuierlich pr\u00e4miert, steht das Resort international f\u00fcr zukunftsorientierten, verantwortungsvollen Tourismus und setzt weltweit Ma\u00dfst\u00e4be [&hellip;]","og_url":"https:\/\/www.arbataxpark.com\/de\/best-eco-resort\/awards\/","og_site_name":"Arbatax Park","article_modified_time":"2026-03-11T11:37:03+00:00","twitter_card":"summary_large_image","twitter_misc":{"Gesch\u00e4tzte Lesezeit":"2 Minuten"},"schema":{"@context":"https:\/\/schema.org","@graph":[{"@type":"WebPage","@id":"https:\/\/www.arbataxpark.com\/de\/best-eco-resort\/awards\/","url":"https:\/\/www.arbataxpark.com\/de\/best-eco-resort\/awards\/","name":"Awards - Arbatax Park","isPartOf":{"@id":"https:\/\/www.arbataxpark.com\/de\/#website"},"datePublished":"2019-09-20T14:21:40+00:00","dateModified":"2026-03-11T11:37:03+00:00","breadcrumb":{"@id":"https:\/\/www.arbataxpark.com\/de\/best-eco-resort\/awards\/#breadcrumb"},"inLanguage":"de-DE","potentialAction":[{"@type":"ReadAction","target":["https:\/\/www.arbataxpark.com\/de\/best-eco-resort\/awards\/"]}]},{"@type":"BreadcrumbList","@id":"https:\/\/www.arbataxpark.com\/de\/best-eco-resort\/awards\/#breadcrumb","itemListElement":[{"@type":"ListItem","position":1,"name":"Home","item":"https:\/\/www.arbataxpark.com\/de\/"},{"@type":"ListItem","position":2,"name":"Bestes \u00d6ko Resort der Welt","item":"https:\/\/www.arbataxpark.com\/de\/best-eco-resort\/"},{"@type":"ListItem","position":3,"name":"Awards"}]},{"@type":"WebSite","@id":"https:\/\/www.arbataxpark.com\/de\/#website","url":"https:\/\/www.arbataxpark.com\/de\/","name":"Arbatax Park","description":"Just another ms.decms.eu site","potentialAction":[{"@type":"SearchAction","target":{"@type":"EntryPoint","urlTemplate":"https:\/\/www.arbataxpark.com\/de\/?s={search_term_string}"},"query-input":{"@type":"PropertyValueSpecification","valueRequired":true,"valueName":"search_term_string"}}],"inLanguage":"de-DE"}]}},"acf":[],"_links":{"self":[{"href":"https:\/\/www.arbataxpark.com\/de\/wp-json\/wp\/v2\/pages\/10889","targetHints":{"allow":["GET"]}}],"collection":[{"href":"https:\/\/www.arbataxpark.com\/de\/wp-json\/wp\/v2\/pages"}],"about":[{"href":"https:\/\/www.arbataxpark.com\/de\/wp-json\/wp\/v2\/types\/page"}],"author":[{"embeddable":true,"href":"https:\/\/www.arbataxpark.com\/de\/wp-json\/wp\/v2\/users\/7"}],"replies":[{"embeddable":true,"href":"https:\/\/www.arbataxpark.com\/de\/wp-json\/wp\/v2\/comments?post=10889"}],"version-history":[{"count":0,"href":"https:\/\/www.arbataxpark.com\/de\/wp-json\/wp\/v2\/pages\/10889\/revisions"}],"up":[{"embeddable":true,"href":"https:\/\/www.arbataxpark.com\/de\/wp-json\/wp\/v2\/pages\/10872"}],"wp:attachment":[{"href":"https:\/\/www.arbataxpark.com\/de\/wp-json\/wp\/v2\/media?parent=10889"}],"curies":[{"name":"wp","href":"https:\/\/api.w.org\/{rel}","templated":true}]}}