{"id":13434,"date":"2021-02-22T11:51:36","date_gmt":"2021-02-22T11:51:36","guid":{"rendered":"https:\/\/www.arbataxpark.com\/ereignisse-und-freizeit\/conference-centre\/"},"modified":"2026-03-04T17:21:43","modified_gmt":"2026-03-04T17:21:43","slug":"conference-centre","status":"publish","type":"page","link":"https:\/\/www.arbataxpark.com\/de\/ereignisse-und-freizeit\/conference-centre\/","title":{"rendered":"Konferenzzentrum"},"content":{"rendered":"<p data-start=\"0\" data-end=\"322\">Das <strong data-start=\"4\" data-end=\"38\">Arbatax Park Conference Centre<\/strong> befindet sich im zentralen Bereich des Hotels Telis und verf\u00fcgt \u00fcber einen vielseitig nutzbaren Plenarsaal mit Platz f\u00fcr bis zu <strong data-start=\"167\" data-end=\"204\">340 Personen in Theaterbestuhlung<\/strong>. Der Saal kann flexibel in <strong data-start=\"232\" data-end=\"264\">vier separate Konferenzr\u00e4ume<\/strong> mit jeweils <strong data-start=\"277\" data-end=\"303\">60 bis 170 Sitzpl\u00e4tzen<\/strong> unterteilt werden.<\/p>\n<p data-start=\"324\" data-end=\"454\">Zus\u00e4tzlich stehen <strong data-start=\"342\" data-end=\"365\">sechs weitere R\u00e4ume<\/strong> zur Verf\u00fcgung, die jeweils bis zu <strong data-start=\"400\" data-end=\"436\">40 Personen in Theaterbestuhlung<\/strong> aufnehmen k\u00f6nnen.<\/p>\n<p data-start=\"456\" data-end=\"673\" data-is-last-node=\"\" data-is-only-node=\"\">Alle R\u00e4ume verf\u00fcgen \u00fcber <strong data-start=\"481\" data-end=\"495\">Tageslicht<\/strong> und sind mit moderner Tagungstechnik ausgestattet, darunter <strong data-start=\"556\" data-end=\"672\">Flipchart, Videoprojektor mit Leinwand, Soundsystem mit Mikrofonen, WLAN, variable Beleuchtung sowie Klimaanlage<\/strong>.<\/p>\n","protected":false},"excerpt":{"rendered":"<p>Das Arbatax Park Conference Centre befindet sich im zentralen Bereich des Hotels Telis und verf\u00fcgt \u00fcber einen vielseitig nutzbaren Plenarsaal mit Platz f\u00fcr bis zu 340 Personen in Theaterbestuhlung. Der Saal kann flexibel in vier separate Konferenzr\u00e4ume mit jeweils 60 bis 170 Sitzpl\u00e4tzen unterteilt werden. Zus\u00e4tzlich stehen sechs weitere R\u00e4ume zur Verf\u00fcgung, die jeweils bis [&hellip;]<\/p>\n","protected":false},"author":50,"featured_media":0,"parent":9774,"menu_order":10,"comment_status":"closed","ping_status":"closed","template":"","meta":{"footnotes":""},"class_list":["post-13434","page","type-page","status-publish","hentry"],"yoast_head":"<!-- This site is optimized with the Yoast SEO plugin v26.9 - https:\/\/yoast.com\/product\/yoast-seo-wordpress\/ -->\n<title>Konferenzzentrum - Arbatax Park<\/title>\n<meta name=\"robots\" content=\"index, follow, max-snippet:-1, max-image-preview:large, max-video-preview:-1\" \/>\n<link rel=\"canonical\" href=\"https:\/\/www.arbataxpark.com\/de\/ereignisse-und-freizeit\/conference-centre\/\" \/>\n<meta property=\"og:locale\" content=\"de_DE\" \/>\n<meta property=\"og:type\" content=\"article\" \/>\n<meta property=\"og:title\" content=\"Konferenzzentrum - Arbatax Park\" \/>\n<meta property=\"og:description\" content=\"Das Arbatax Park Conference Centre befindet sich im zentralen Bereich des Hotels Telis und verf\u00fcgt \u00fcber einen vielseitig nutzbaren Plenarsaal mit Platz f\u00fcr bis zu 340 Personen in Theaterbestuhlung. Der Saal kann flexibel in vier separate Konferenzr\u00e4ume mit jeweils 60 bis 170 Sitzpl\u00e4tzen unterteilt werden. Zus\u00e4tzlich stehen sechs weitere R\u00e4ume zur Verf\u00fcgung, die jeweils bis [&hellip;]\" \/>\n<meta property=\"og:url\" content=\"https:\/\/www.arbataxpark.com\/de\/ereignisse-und-freizeit\/conference-centre\/\" \/>\n<meta property=\"og:site_name\" content=\"Arbatax Park\" \/>\n<meta property=\"article:modified_time\" content=\"2026-03-04T17:21:43+00:00\" \/>\n<meta name=\"twitter:card\" content=\"summary_large_image\" \/>\n<meta name=\"twitter:label1\" content=\"Gesch\u00e4tzte Lesezeit\" \/>\n\t<meta name=\"twitter:data1\" content=\"1 Minute\" \/>\n<script type=\"application\/ld+json\" class=\"yoast-schema-graph\">{\"@context\":\"https:\/\/schema.org\",\"@graph\":[{\"@type\":\"WebPage\",\"@id\":\"https:\/\/www.arbataxpark.com\/de\/ereignisse-und-freizeit\/conference-centre\/\",\"url\":\"https:\/\/www.arbataxpark.com\/de\/ereignisse-und-freizeit\/conference-centre\/\",\"name\":\"Konferenzzentrum - Arbatax Park\",\"isPartOf\":{\"@id\":\"https:\/\/www.arbataxpark.com\/de\/#website\"},\"datePublished\":\"2021-02-22T11:51:36+00:00\",\"dateModified\":\"2026-03-04T17:21:43+00:00\",\"breadcrumb\":{\"@id\":\"https:\/\/www.arbataxpark.com\/de\/ereignisse-und-freizeit\/conference-centre\/#breadcrumb\"},\"inLanguage\":\"de-DE\",\"potentialAction\":[{\"@type\":\"ReadAction\",\"target\":[\"https:\/\/www.arbataxpark.com\/de\/ereignisse-und-freizeit\/conference-centre\/\"]}]},{\"@type\":\"BreadcrumbList\",\"@id\":\"https:\/\/www.arbataxpark.com\/de\/ereignisse-und-freizeit\/conference-centre\/#breadcrumb\",\"itemListElement\":[{\"@type\":\"ListItem\",\"position\":1,\"name\":\"Home\",\"item\":\"https:\/\/www.arbataxpark.com\/de\/\"},{\"@type\":\"ListItem\",\"position\":2,\"name\":\"Abenteuer und Erlebnisse\",\"item\":\"https:\/\/www.arbataxpark.com\/de\/ereignisse-und-freizeit\/\"},{\"@type\":\"ListItem\",\"position\":3,\"name\":\"Konferenzzentrum\"}]},{\"@type\":\"WebSite\",\"@id\":\"https:\/\/www.arbataxpark.com\/de\/#website\",\"url\":\"https:\/\/www.arbataxpark.com\/de\/\",\"name\":\"Arbatax Park\",\"description\":\"Just another ms.decms.eu site\",\"potentialAction\":[{\"@type\":\"SearchAction\",\"target\":{\"@type\":\"EntryPoint\",\"urlTemplate\":\"https:\/\/www.arbataxpark.com\/de\/?s={search_term_string}\"},\"query-input\":{\"@type\":\"PropertyValueSpecification\",\"valueRequired\":true,\"valueName\":\"search_term_string\"}}],\"inLanguage\":\"de-DE\"}]}<\/script>\n<!-- \/ Yoast SEO plugin. -->","yoast_head_json":{"title":"Konferenzzentrum - Arbatax Park","robots":{"index":"index","follow":"follow","max-snippet":"max-snippet:-1","max-image-preview":"max-image-preview:large","max-video-preview":"max-video-preview:-1"},"canonical":"https:\/\/www.arbataxpark.com\/de\/ereignisse-und-freizeit\/conference-centre\/","og_locale":"de_DE","og_type":"article","og_title":"Konferenzzentrum - Arbatax Park","og_description":"Das Arbatax Park Conference Centre befindet sich im zentralen Bereich des Hotels Telis und verf\u00fcgt \u00fcber einen vielseitig nutzbaren Plenarsaal mit Platz f\u00fcr bis zu 340 Personen in Theaterbestuhlung. Der Saal kann flexibel in vier separate Konferenzr\u00e4ume mit jeweils 60 bis 170 Sitzpl\u00e4tzen unterteilt werden. Zus\u00e4tzlich stehen sechs weitere R\u00e4ume zur Verf\u00fcgung, die jeweils bis [&hellip;]","og_url":"https:\/\/www.arbataxpark.com\/de\/ereignisse-und-freizeit\/conference-centre\/","og_site_name":"Arbatax Park","article_modified_time":"2026-03-04T17:21:43+00:00","twitter_card":"summary_large_image","twitter_misc":{"Gesch\u00e4tzte Lesezeit":"1 Minute"},"schema":{"@context":"https:\/\/schema.org","@graph":[{"@type":"WebPage","@id":"https:\/\/www.arbataxpark.com\/de\/ereignisse-und-freizeit\/conference-centre\/","url":"https:\/\/www.arbataxpark.com\/de\/ereignisse-und-freizeit\/conference-centre\/","name":"Konferenzzentrum - Arbatax Park","isPartOf":{"@id":"https:\/\/www.arbataxpark.com\/de\/#website"},"datePublished":"2021-02-22T11:51:36+00:00","dateModified":"2026-03-04T17:21:43+00:00","breadcrumb":{"@id":"https:\/\/www.arbataxpark.com\/de\/ereignisse-und-freizeit\/conference-centre\/#breadcrumb"},"inLanguage":"de-DE","potentialAction":[{"@type":"ReadAction","target":["https:\/\/www.arbataxpark.com\/de\/ereignisse-und-freizeit\/conference-centre\/"]}]},{"@type":"BreadcrumbList","@id":"https:\/\/www.arbataxpark.com\/de\/ereignisse-und-freizeit\/conference-centre\/#breadcrumb","itemListElement":[{"@type":"ListItem","position":1,"name":"Home","item":"https:\/\/www.arbataxpark.com\/de\/"},{"@type":"ListItem","position":2,"name":"Abenteuer und Erlebnisse","item":"https:\/\/www.arbataxpark.com\/de\/ereignisse-und-freizeit\/"},{"@type":"ListItem","position":3,"name":"Konferenzzentrum"}]},{"@type":"WebSite","@id":"https:\/\/www.arbataxpark.com\/de\/#website","url":"https:\/\/www.arbataxpark.com\/de\/","name":"Arbatax Park","description":"Just another ms.decms.eu site","potentialAction":[{"@type":"SearchAction","target":{"@type":"EntryPoint","urlTemplate":"https:\/\/www.arbataxpark.com\/de\/?s={search_term_string}"},"query-input":{"@type":"PropertyValueSpecification","valueRequired":true,"valueName":"search_term_string"}}],"inLanguage":"de-DE"}]}},"acf":[],"_links":{"self":[{"href":"https:\/\/www.arbataxpark.com\/de\/wp-json\/wp\/v2\/pages\/13434","targetHints":{"allow":["GET"]}}],"collection":[{"href":"https:\/\/www.arbataxpark.com\/de\/wp-json\/wp\/v2\/pages"}],"about":[{"href":"https:\/\/www.arbataxpark.com\/de\/wp-json\/wp\/v2\/types\/page"}],"author":[{"embeddable":true,"href":"https:\/\/www.arbataxpark.com\/de\/wp-json\/wp\/v2\/users\/50"}],"replies":[{"embeddable":true,"href":"https:\/\/www.arbataxpark.com\/de\/wp-json\/wp\/v2\/comments?post=13434"}],"version-history":[{"count":0,"href":"https:\/\/www.arbataxpark.com\/de\/wp-json\/wp\/v2\/pages\/13434\/revisions"}],"up":[{"embeddable":true,"href":"https:\/\/www.arbataxpark.com\/de\/wp-json\/wp\/v2\/pages\/9774"}],"wp:attachment":[{"href":"https:\/\/www.arbataxpark.com\/de\/wp-json\/wp\/v2\/media?parent=13434"}],"curies":[{"name":"wp","href":"https:\/\/api.w.org\/{rel}","templated":true}]}}