{"id":13636,"date":"2021-04-01T09:33:02","date_gmt":"2021-04-01T09:33:02","guid":{"rendered":"https:\/\/www.arbataxpark.com\/?page_id=13636"},"modified":"2026-03-11T11:41:29","modified_gmt":"2026-03-11T11:41:29","slug":"padel-tennis","status":"publish","type":"page","link":"https:\/\/www.arbataxpark.com\/de\/sport-unterhaltung\/padel-tennis\/","title":{"rendered":"Padel-Tennis"},"content":{"rendered":"<p data-start=\"0\" data-end=\"167\"><strong data-start=\"0\" data-end=\"16\">Padel-Tennis<\/strong> ist eine sportliche Aktivit\u00e4t, die f\u00fcr jedes Spielniveau geeignet ist \u2013 ob als freundschaftlicher Wettkampf oder als gemeinsame Freizeitbesch\u00e4ftigung.<\/p>\n<p data-start=\"169\" data-end=\"348\">Der Sport verbindet Bewegung mit Spa\u00df, kommt ohne aggressive Bewegungsabl\u00e4ufe aus und eignet sich ideal, um aktiv zu bleiben. Dadurch ist Padel auch perfekt f\u00fcr die ganze Familie.<\/p>\n<p data-start=\"350\" data-end=\"426\" data-is-last-node=\"\" data-is-only-node=\"\">Im <strong data-start=\"353\" data-end=\"376\">Arbatax Park Resort<\/strong> stehen daf\u00fcr <strong data-start=\"390\" data-end=\"411\">drei Padel-Pl\u00e4tze<\/strong> zur Verf\u00fcgung.<\/p>\n","protected":false},"excerpt":{"rendered":"<p>Padel-Tennis ist eine sportliche Aktivit\u00e4t, die f\u00fcr jedes Spielniveau geeignet ist \u2013 ob als freundschaftlicher Wettkampf oder als gemeinsame Freizeitbesch\u00e4ftigung. Der Sport verbindet Bewegung mit Spa\u00df, kommt ohne aggressive Bewegungsabl\u00e4ufe aus und eignet sich ideal, um aktiv zu bleiben. Dadurch ist Padel auch perfekt f\u00fcr die ganze Familie. Im Arbatax Park Resort stehen daf\u00fcr drei [&hellip;]<\/p>\n","protected":false},"author":50,"featured_media":0,"parent":2267,"menu_order":94,"comment_status":"closed","ping_status":"closed","template":"","meta":{"footnotes":""},"class_list":["post-13636","page","type-page","status-publish","hentry"],"yoast_head":"<!-- This site is optimized with the Yoast SEO plugin v26.9 - https:\/\/yoast.com\/product\/yoast-seo-wordpress\/ -->\n<title>Padel-Tennis - Arbatax Park<\/title>\n<meta name=\"robots\" content=\"index, follow, max-snippet:-1, max-image-preview:large, max-video-preview:-1\" \/>\n<link rel=\"canonical\" href=\"https:\/\/www.arbataxpark.com\/de\/sport-unterhaltung\/padel-tennis\/\" \/>\n<meta property=\"og:locale\" content=\"de_DE\" \/>\n<meta property=\"og:type\" content=\"article\" \/>\n<meta property=\"og:title\" content=\"Padel-Tennis - Arbatax Park\" \/>\n<meta property=\"og:description\" content=\"Padel-Tennis ist eine sportliche Aktivit\u00e4t, die f\u00fcr jedes Spielniveau geeignet ist \u2013 ob als freundschaftlicher Wettkampf oder als gemeinsame Freizeitbesch\u00e4ftigung. Der Sport verbindet Bewegung mit Spa\u00df, kommt ohne aggressive Bewegungsabl\u00e4ufe aus und eignet sich ideal, um aktiv zu bleiben. Dadurch ist Padel auch perfekt f\u00fcr die ganze Familie. Im Arbatax Park Resort stehen daf\u00fcr drei [&hellip;]\" \/>\n<meta property=\"og:url\" content=\"https:\/\/www.arbataxpark.com\/de\/sport-unterhaltung\/padel-tennis\/\" \/>\n<meta property=\"og:site_name\" content=\"Arbatax Park\" \/>\n<meta property=\"article:modified_time\" content=\"2026-03-11T11:41:29+00:00\" \/>\n<meta name=\"twitter:card\" content=\"summary_large_image\" \/>\n<meta name=\"twitter:label1\" content=\"Gesch\u00e4tzte Lesezeit\" \/>\n\t<meta name=\"twitter:data1\" content=\"1 Minute\" \/>\n<script type=\"application\/ld+json\" class=\"yoast-schema-graph\">{\"@context\":\"https:\/\/schema.org\",\"@graph\":[{\"@type\":\"WebPage\",\"@id\":\"https:\/\/www.arbataxpark.com\/de\/sport-unterhaltung\/padel-tennis\/\",\"url\":\"https:\/\/www.arbataxpark.com\/de\/sport-unterhaltung\/padel-tennis\/\",\"name\":\"Padel-Tennis - Arbatax Park\",\"isPartOf\":{\"@id\":\"https:\/\/www.arbataxpark.com\/de\/#website\"},\"datePublished\":\"2021-04-01T09:33:02+00:00\",\"dateModified\":\"2026-03-11T11:41:29+00:00\",\"breadcrumb\":{\"@id\":\"https:\/\/www.arbataxpark.com\/de\/sport-unterhaltung\/padel-tennis\/#breadcrumb\"},\"inLanguage\":\"de-DE\",\"potentialAction\":[{\"@type\":\"ReadAction\",\"target\":[\"https:\/\/www.arbataxpark.com\/de\/sport-unterhaltung\/padel-tennis\/\"]}]},{\"@type\":\"BreadcrumbList\",\"@id\":\"https:\/\/www.arbataxpark.com\/de\/sport-unterhaltung\/padel-tennis\/#breadcrumb\",\"itemListElement\":[{\"@type\":\"ListItem\",\"position\":1,\"name\":\"Home\",\"item\":\"https:\/\/www.arbataxpark.com\/de\/\"},{\"@type\":\"ListItem\",\"position\":2,\"name\":\"Sport &amp; Akademien\",\"item\":\"https:\/\/www.arbataxpark.com\/de\/sport-unterhaltung\/\"},{\"@type\":\"ListItem\",\"position\":3,\"name\":\"Padel-Tennis\"}]},{\"@type\":\"WebSite\",\"@id\":\"https:\/\/www.arbataxpark.com\/de\/#website\",\"url\":\"https:\/\/www.arbataxpark.com\/de\/\",\"name\":\"Arbatax Park\",\"description\":\"Just another ms.decms.eu site\",\"potentialAction\":[{\"@type\":\"SearchAction\",\"target\":{\"@type\":\"EntryPoint\",\"urlTemplate\":\"https:\/\/www.arbataxpark.com\/de\/?s={search_term_string}\"},\"query-input\":{\"@type\":\"PropertyValueSpecification\",\"valueRequired\":true,\"valueName\":\"search_term_string\"}}],\"inLanguage\":\"de-DE\"}]}<\/script>\n<!-- \/ Yoast SEO plugin. -->","yoast_head_json":{"title":"Padel-Tennis - Arbatax Park","robots":{"index":"index","follow":"follow","max-snippet":"max-snippet:-1","max-image-preview":"max-image-preview:large","max-video-preview":"max-video-preview:-1"},"canonical":"https:\/\/www.arbataxpark.com\/de\/sport-unterhaltung\/padel-tennis\/","og_locale":"de_DE","og_type":"article","og_title":"Padel-Tennis - Arbatax Park","og_description":"Padel-Tennis ist eine sportliche Aktivit\u00e4t, die f\u00fcr jedes Spielniveau geeignet ist \u2013 ob als freundschaftlicher Wettkampf oder als gemeinsame Freizeitbesch\u00e4ftigung. Der Sport verbindet Bewegung mit Spa\u00df, kommt ohne aggressive Bewegungsabl\u00e4ufe aus und eignet sich ideal, um aktiv zu bleiben. Dadurch ist Padel auch perfekt f\u00fcr die ganze Familie. Im Arbatax Park Resort stehen daf\u00fcr drei [&hellip;]","og_url":"https:\/\/www.arbataxpark.com\/de\/sport-unterhaltung\/padel-tennis\/","og_site_name":"Arbatax Park","article_modified_time":"2026-03-11T11:41:29+00:00","twitter_card":"summary_large_image","twitter_misc":{"Gesch\u00e4tzte Lesezeit":"1 Minute"},"schema":{"@context":"https:\/\/schema.org","@graph":[{"@type":"WebPage","@id":"https:\/\/www.arbataxpark.com\/de\/sport-unterhaltung\/padel-tennis\/","url":"https:\/\/www.arbataxpark.com\/de\/sport-unterhaltung\/padel-tennis\/","name":"Padel-Tennis - Arbatax Park","isPartOf":{"@id":"https:\/\/www.arbataxpark.com\/de\/#website"},"datePublished":"2021-04-01T09:33:02+00:00","dateModified":"2026-03-11T11:41:29+00:00","breadcrumb":{"@id":"https:\/\/www.arbataxpark.com\/de\/sport-unterhaltung\/padel-tennis\/#breadcrumb"},"inLanguage":"de-DE","potentialAction":[{"@type":"ReadAction","target":["https:\/\/www.arbataxpark.com\/de\/sport-unterhaltung\/padel-tennis\/"]}]},{"@type":"BreadcrumbList","@id":"https:\/\/www.arbataxpark.com\/de\/sport-unterhaltung\/padel-tennis\/#breadcrumb","itemListElement":[{"@type":"ListItem","position":1,"name":"Home","item":"https:\/\/www.arbataxpark.com\/de\/"},{"@type":"ListItem","position":2,"name":"Sport &amp; Akademien","item":"https:\/\/www.arbataxpark.com\/de\/sport-unterhaltung\/"},{"@type":"ListItem","position":3,"name":"Padel-Tennis"}]},{"@type":"WebSite","@id":"https:\/\/www.arbataxpark.com\/de\/#website","url":"https:\/\/www.arbataxpark.com\/de\/","name":"Arbatax Park","description":"Just another ms.decms.eu site","potentialAction":[{"@type":"SearchAction","target":{"@type":"EntryPoint","urlTemplate":"https:\/\/www.arbataxpark.com\/de\/?s={search_term_string}"},"query-input":{"@type":"PropertyValueSpecification","valueRequired":true,"valueName":"search_term_string"}}],"inLanguage":"de-DE"}]}},"acf":[],"_links":{"self":[{"href":"https:\/\/www.arbataxpark.com\/de\/wp-json\/wp\/v2\/pages\/13636","targetHints":{"allow":["GET"]}}],"collection":[{"href":"https:\/\/www.arbataxpark.com\/de\/wp-json\/wp\/v2\/pages"}],"about":[{"href":"https:\/\/www.arbataxpark.com\/de\/wp-json\/wp\/v2\/types\/page"}],"author":[{"embeddable":true,"href":"https:\/\/www.arbataxpark.com\/de\/wp-json\/wp\/v2\/users\/50"}],"replies":[{"embeddable":true,"href":"https:\/\/www.arbataxpark.com\/de\/wp-json\/wp\/v2\/comments?post=13636"}],"version-history":[{"count":0,"href":"https:\/\/www.arbataxpark.com\/de\/wp-json\/wp\/v2\/pages\/13636\/revisions"}],"up":[{"embeddable":true,"href":"https:\/\/www.arbataxpark.com\/de\/wp-json\/wp\/v2\/pages\/2267"}],"wp:attachment":[{"href":"https:\/\/www.arbataxpark.com\/de\/wp-json\/wp\/v2\/media?parent=13636"}],"curies":[{"name":"wp","href":"https:\/\/api.w.org\/{rel}","templated":true}]}}