{"id":14952,"date":"2021-12-09T14:14:51","date_gmt":"2021-12-09T14:14:51","guid":{"rendered":"https:\/\/www.arbataxpark.com\/best-eco-resort\/il-giardino-delle-meraviglie\/"},"modified":"2026-03-11T11:11:08","modified_gmt":"2026-03-11T11:11:08","slug":"il-giardino-delle-meraviglie","status":"publish","type":"page","link":"https:\/\/www.arbataxpark.com\/de\/best-eco-resort\/il-giardino-delle-meraviglie\/","title":{"rendered":"Der Garten der Wunder"},"content":{"rendered":"<p data-start=\"34\" data-end=\"198\">Wer durch das <strong>imposante Holztor<\/strong> tritt, betritt das Reich der Janas \u2013 jener <strong>sagenumwobenen Feen Sardiniens<\/strong>. Ein Ort, der wirkt, als sei er einem M\u00e4rchen entsprungen.<\/p>\n<p data-start=\"200\" data-end=\"427\">Die Natur hat hier jeden Winkel erobert. Farben und D\u00fcfte verweben sich zwischen den Bl\u00e4ttern, streifen sanft die Sinne und schaffen ein <strong>harmonisches Spiel aus Leichtigkeit und Bewegung.<\/strong> Alles scheint im Einklang, alles flie\u00dft.<\/p>\n<p data-start=\"429\" data-end=\"831\">Entlang der Wege begegnen wir den <strong>vier Jahreszeiten des Lebens<\/strong>. Ein Neubeginn im zarten, hellen Fr\u00fchling, der Erinnerungen an Kindheit weckt. Ein kraftvoller Sommer voller Energie und Reife. Ein warmer, poetischer Herbst, der innehalten l\u00e4sst. Und schlie\u00dflich der Winter \u2013 klar, ruhig, von einer stillen Weisheit getragen, bevor sich der Kreis erneut schlie\u00dft und das Leben von Neuem zu tanzen beginnt.<\/p>\n<p data-start=\"833\" data-end=\"970\" data-is-last-node=\"\" data-is-only-node=\"\"><strong>Ein magischer R\u00fcckzugsort der Stille<\/strong> \u2013 eingefasst in einen au\u00dfergew\u00f6hnlichen <strong>Sinnesgarten<\/strong>, der nicht nur betrachtet, sondern erlebt wird.<\/p>\n","protected":false},"excerpt":{"rendered":"<p>Wer durch das imposante Holztor tritt, betritt das Reich der Janas \u2013 jener sagenumwobenen Feen Sardiniens. Ein Ort, der wirkt, als sei er einem M\u00e4rchen entsprungen. Die Natur hat hier jeden Winkel erobert. Farben und D\u00fcfte verweben sich zwischen den Bl\u00e4ttern, streifen sanft die Sinne und schaffen ein harmonisches Spiel aus Leichtigkeit und Bewegung. Alles [&hellip;]<\/p>\n","protected":false},"author":50,"featured_media":0,"parent":10872,"menu_order":1,"comment_status":"closed","ping_status":"closed","template":"","meta":{"footnotes":""},"class_list":["post-14952","page","type-page","status-publish","hentry"],"yoast_head":"<!-- This site is optimized with the Yoast SEO plugin v26.9 - https:\/\/yoast.com\/product\/yoast-seo-wordpress\/ -->\n<title>Der Garten der Wunder - Arbatax Park<\/title>\n<meta name=\"robots\" content=\"index, follow, max-snippet:-1, max-image-preview:large, max-video-preview:-1\" \/>\n<link rel=\"canonical\" href=\"https:\/\/www.arbataxpark.com\/de\/best-eco-resort\/il-giardino-delle-meraviglie\/\" \/>\n<meta property=\"og:locale\" content=\"de_DE\" \/>\n<meta property=\"og:type\" content=\"article\" \/>\n<meta property=\"og:title\" content=\"Der Garten der Wunder - Arbatax Park\" \/>\n<meta property=\"og:description\" content=\"Wer durch das imposante Holztor tritt, betritt das Reich der Janas \u2013 jener sagenumwobenen Feen Sardiniens. Ein Ort, der wirkt, als sei er einem M\u00e4rchen entsprungen. Die Natur hat hier jeden Winkel erobert. Farben und D\u00fcfte verweben sich zwischen den Bl\u00e4ttern, streifen sanft die Sinne und schaffen ein harmonisches Spiel aus Leichtigkeit und Bewegung. Alles [&hellip;]\" \/>\n<meta property=\"og:url\" content=\"https:\/\/www.arbataxpark.com\/de\/best-eco-resort\/il-giardino-delle-meraviglie\/\" \/>\n<meta property=\"og:site_name\" content=\"Arbatax Park\" \/>\n<meta property=\"article:modified_time\" content=\"2026-03-11T11:11:08+00:00\" \/>\n<meta name=\"twitter:card\" content=\"summary_large_image\" \/>\n<meta name=\"twitter:label1\" content=\"Gesch\u00e4tzte Lesezeit\" \/>\n\t<meta name=\"twitter:data1\" content=\"1 Minute\" \/>\n<script type=\"application\/ld+json\" class=\"yoast-schema-graph\">{\"@context\":\"https:\/\/schema.org\",\"@graph\":[{\"@type\":\"WebPage\",\"@id\":\"https:\/\/www.arbataxpark.com\/de\/best-eco-resort\/il-giardino-delle-meraviglie\/\",\"url\":\"https:\/\/www.arbataxpark.com\/de\/best-eco-resort\/il-giardino-delle-meraviglie\/\",\"name\":\"Der Garten der Wunder - Arbatax Park\",\"isPartOf\":{\"@id\":\"https:\/\/www.arbataxpark.com\/de\/#website\"},\"datePublished\":\"2021-12-09T14:14:51+00:00\",\"dateModified\":\"2026-03-11T11:11:08+00:00\",\"breadcrumb\":{\"@id\":\"https:\/\/www.arbataxpark.com\/de\/best-eco-resort\/il-giardino-delle-meraviglie\/#breadcrumb\"},\"inLanguage\":\"de-DE\",\"potentialAction\":[{\"@type\":\"ReadAction\",\"target\":[\"https:\/\/www.arbataxpark.com\/de\/best-eco-resort\/il-giardino-delle-meraviglie\/\"]}]},{\"@type\":\"BreadcrumbList\",\"@id\":\"https:\/\/www.arbataxpark.com\/de\/best-eco-resort\/il-giardino-delle-meraviglie\/#breadcrumb\",\"itemListElement\":[{\"@type\":\"ListItem\",\"position\":1,\"name\":\"Home\",\"item\":\"https:\/\/www.arbataxpark.com\/de\/\"},{\"@type\":\"ListItem\",\"position\":2,\"name\":\"Bestes \u00d6ko Resort der Welt\",\"item\":\"https:\/\/www.arbataxpark.com\/de\/best-eco-resort\/\"},{\"@type\":\"ListItem\",\"position\":3,\"name\":\"Der Garten der Wunder\"}]},{\"@type\":\"WebSite\",\"@id\":\"https:\/\/www.arbataxpark.com\/de\/#website\",\"url\":\"https:\/\/www.arbataxpark.com\/de\/\",\"name\":\"Arbatax Park\",\"description\":\"Just another ms.decms.eu site\",\"potentialAction\":[{\"@type\":\"SearchAction\",\"target\":{\"@type\":\"EntryPoint\",\"urlTemplate\":\"https:\/\/www.arbataxpark.com\/de\/?s={search_term_string}\"},\"query-input\":{\"@type\":\"PropertyValueSpecification\",\"valueRequired\":true,\"valueName\":\"search_term_string\"}}],\"inLanguage\":\"de-DE\"}]}<\/script>\n<!-- \/ Yoast SEO plugin. -->","yoast_head_json":{"title":"Der Garten der Wunder - Arbatax Park","robots":{"index":"index","follow":"follow","max-snippet":"max-snippet:-1","max-image-preview":"max-image-preview:large","max-video-preview":"max-video-preview:-1"},"canonical":"https:\/\/www.arbataxpark.com\/de\/best-eco-resort\/il-giardino-delle-meraviglie\/","og_locale":"de_DE","og_type":"article","og_title":"Der Garten der Wunder - Arbatax Park","og_description":"Wer durch das imposante Holztor tritt, betritt das Reich der Janas \u2013 jener sagenumwobenen Feen Sardiniens. Ein Ort, der wirkt, als sei er einem M\u00e4rchen entsprungen. Die Natur hat hier jeden Winkel erobert. Farben und D\u00fcfte verweben sich zwischen den Bl\u00e4ttern, streifen sanft die Sinne und schaffen ein harmonisches Spiel aus Leichtigkeit und Bewegung. Alles [&hellip;]","og_url":"https:\/\/www.arbataxpark.com\/de\/best-eco-resort\/il-giardino-delle-meraviglie\/","og_site_name":"Arbatax Park","article_modified_time":"2026-03-11T11:11:08+00:00","twitter_card":"summary_large_image","twitter_misc":{"Gesch\u00e4tzte Lesezeit":"1 Minute"},"schema":{"@context":"https:\/\/schema.org","@graph":[{"@type":"WebPage","@id":"https:\/\/www.arbataxpark.com\/de\/best-eco-resort\/il-giardino-delle-meraviglie\/","url":"https:\/\/www.arbataxpark.com\/de\/best-eco-resort\/il-giardino-delle-meraviglie\/","name":"Der Garten der Wunder - Arbatax Park","isPartOf":{"@id":"https:\/\/www.arbataxpark.com\/de\/#website"},"datePublished":"2021-12-09T14:14:51+00:00","dateModified":"2026-03-11T11:11:08+00:00","breadcrumb":{"@id":"https:\/\/www.arbataxpark.com\/de\/best-eco-resort\/il-giardino-delle-meraviglie\/#breadcrumb"},"inLanguage":"de-DE","potentialAction":[{"@type":"ReadAction","target":["https:\/\/www.arbataxpark.com\/de\/best-eco-resort\/il-giardino-delle-meraviglie\/"]}]},{"@type":"BreadcrumbList","@id":"https:\/\/www.arbataxpark.com\/de\/best-eco-resort\/il-giardino-delle-meraviglie\/#breadcrumb","itemListElement":[{"@type":"ListItem","position":1,"name":"Home","item":"https:\/\/www.arbataxpark.com\/de\/"},{"@type":"ListItem","position":2,"name":"Bestes \u00d6ko Resort der Welt","item":"https:\/\/www.arbataxpark.com\/de\/best-eco-resort\/"},{"@type":"ListItem","position":3,"name":"Der Garten der Wunder"}]},{"@type":"WebSite","@id":"https:\/\/www.arbataxpark.com\/de\/#website","url":"https:\/\/www.arbataxpark.com\/de\/","name":"Arbatax Park","description":"Just another ms.decms.eu site","potentialAction":[{"@type":"SearchAction","target":{"@type":"EntryPoint","urlTemplate":"https:\/\/www.arbataxpark.com\/de\/?s={search_term_string}"},"query-input":{"@type":"PropertyValueSpecification","valueRequired":true,"valueName":"search_term_string"}}],"inLanguage":"de-DE"}]}},"acf":[],"_links":{"self":[{"href":"https:\/\/www.arbataxpark.com\/de\/wp-json\/wp\/v2\/pages\/14952","targetHints":{"allow":["GET"]}}],"collection":[{"href":"https:\/\/www.arbataxpark.com\/de\/wp-json\/wp\/v2\/pages"}],"about":[{"href":"https:\/\/www.arbataxpark.com\/de\/wp-json\/wp\/v2\/types\/page"}],"author":[{"embeddable":true,"href":"https:\/\/www.arbataxpark.com\/de\/wp-json\/wp\/v2\/users\/50"}],"replies":[{"embeddable":true,"href":"https:\/\/www.arbataxpark.com\/de\/wp-json\/wp\/v2\/comments?post=14952"}],"version-history":[{"count":0,"href":"https:\/\/www.arbataxpark.com\/de\/wp-json\/wp\/v2\/pages\/14952\/revisions"}],"up":[{"embeddable":true,"href":"https:\/\/www.arbataxpark.com\/de\/wp-json\/wp\/v2\/pages\/10872"}],"wp:attachment":[{"href":"https:\/\/www.arbataxpark.com\/de\/wp-json\/wp\/v2\/media?parent=14952"}],"curies":[{"name":"wp","href":"https:\/\/api.w.org\/{rel}","templated":true}]}}