{"id":20880,"date":"2026-03-09T09:11:07","date_gmt":"2026-03-09T09:11:07","guid":{"rendered":"https:\/\/www.arbataxpark.com\/?page_id=20880"},"modified":"2026-03-09T10:04:10","modified_gmt":"2026-03-09T10:04:10","slug":"20880-2","status":"publish","type":"page","link":"https:\/\/www.arbataxpark.com\/de\/sport-unterhaltung\/20880-2\/","title":{"rendered":"Arbatax Lauferlebnis"},"content":{"rendered":"<p data-start=\"973\" data-end=\"1621\">Lieben Sie das Laufen? Im Arbatax Park Resort k\u00f6nnen Sie Ihrer Lieblingsleidenschaft auch im Urlaub nachgehen! F\u00fcr alle, die gerne laufen \u2013 von erfahrenen Athleten bis zu Anf\u00e4ngern \u2013 gibt es zahlreiche Anstiege und Abfahrten f\u00fcr eine anspruchsvolle Strecke in einer atemberaubenden Umgebung. Die Route f\u00fchrt durch den Naturpark Bellavista, der viele Tiere beherbergt und f\u00fcr seine wundersch\u00f6nen, steil ins Meer abfallenden Klippen bekannt ist.<br data-start=\"1416\" data-end=\"1419\" \/>Die eindrucksvolle 10-km-Strecke folgt \u00fcber lange Abschnitte der alten Route der ber\u00fchmten \u201eMarcialonga dei Tre Mari\u201c, die um die 1980er Jahre \u00fcber viele Ausgaben hinweg genau hier in Arbatax stattfand.<\/p>\n<p data-start=\"1623\" data-end=\"1846\">Erleben Sie das Gef\u00fchl, zwischen dem Meer und den Bergen der Ogliastra zu trainieren und genie\u00dfen Sie einen Urlaub voller Sport, Entspannung und Natur in der unglaublichen Kulisse des Arbatax Park Resort.<br data-start=\"1827\" data-end=\"1830\" \/><strong data-start=\"1830\" data-end=\"1846\">Run For Fun!<\/strong><\/p>\n","protected":false},"excerpt":{"rendered":"<p>Lieben Sie das Laufen? Im Arbatax Park Resort k\u00f6nnen Sie Ihrer Lieblingsleidenschaft auch im Urlaub nachgehen! F\u00fcr alle, die gerne laufen \u2013 von erfahrenen Athleten bis zu Anf\u00e4ngern \u2013 gibt es zahlreiche Anstiege und Abfahrten f\u00fcr eine anspruchsvolle Strecke in einer atemberaubenden Umgebung. Die Route f\u00fchrt durch den Naturpark Bellavista, der viele Tiere beherbergt und [&hellip;]<\/p>\n","protected":false},"author":50,"featured_media":0,"parent":2267,"menu_order":0,"comment_status":"closed","ping_status":"closed","template":"","meta":{"footnotes":""},"class_list":["post-20880","page","type-page","status-publish","hentry"],"yoast_head":"<!-- This site is optimized with the Yoast SEO plugin v26.9 - https:\/\/yoast.com\/product\/yoast-seo-wordpress\/ -->\n<title>Arbatax Lauferlebnis - Arbatax Park<\/title>\n<meta name=\"robots\" content=\"index, follow, max-snippet:-1, max-image-preview:large, max-video-preview:-1\" \/>\n<link rel=\"canonical\" href=\"https:\/\/www.arbataxpark.com\/de\/sport-unterhaltung\/20880-2\/\" \/>\n<meta property=\"og:locale\" content=\"de_DE\" \/>\n<meta property=\"og:type\" content=\"article\" \/>\n<meta property=\"og:title\" content=\"Arbatax Lauferlebnis - Arbatax Park\" \/>\n<meta property=\"og:description\" content=\"Lieben Sie das Laufen? Im Arbatax Park Resort k\u00f6nnen Sie Ihrer Lieblingsleidenschaft auch im Urlaub nachgehen! F\u00fcr alle, die gerne laufen \u2013 von erfahrenen Athleten bis zu Anf\u00e4ngern \u2013 gibt es zahlreiche Anstiege und Abfahrten f\u00fcr eine anspruchsvolle Strecke in einer atemberaubenden Umgebung. Die Route f\u00fchrt durch den Naturpark Bellavista, der viele Tiere beherbergt und [&hellip;]\" \/>\n<meta property=\"og:url\" content=\"https:\/\/www.arbataxpark.com\/de\/sport-unterhaltung\/20880-2\/\" \/>\n<meta property=\"og:site_name\" content=\"Arbatax Park\" \/>\n<meta property=\"article:modified_time\" content=\"2026-03-09T10:04:10+00:00\" \/>\n<meta name=\"twitter:card\" content=\"summary_large_image\" \/>\n<meta name=\"twitter:label1\" content=\"Gesch\u00e4tzte Lesezeit\" \/>\n\t<meta name=\"twitter:data1\" content=\"1 Minute\" \/>\n<script type=\"application\/ld+json\" class=\"yoast-schema-graph\">{\"@context\":\"https:\/\/schema.org\",\"@graph\":[{\"@type\":\"WebPage\",\"@id\":\"https:\/\/www.arbataxpark.com\/de\/sport-unterhaltung\/20880-2\/\",\"url\":\"https:\/\/www.arbataxpark.com\/de\/sport-unterhaltung\/20880-2\/\",\"name\":\"Arbatax Lauferlebnis - Arbatax Park\",\"isPartOf\":{\"@id\":\"https:\/\/www.arbataxpark.com\/de\/#website\"},\"datePublished\":\"2026-03-09T09:11:07+00:00\",\"dateModified\":\"2026-03-09T10:04:10+00:00\",\"breadcrumb\":{\"@id\":\"https:\/\/www.arbataxpark.com\/de\/sport-unterhaltung\/20880-2\/#breadcrumb\"},\"inLanguage\":\"de-DE\",\"potentialAction\":[{\"@type\":\"ReadAction\",\"target\":[\"https:\/\/www.arbataxpark.com\/de\/sport-unterhaltung\/20880-2\/\"]}]},{\"@type\":\"BreadcrumbList\",\"@id\":\"https:\/\/www.arbataxpark.com\/de\/sport-unterhaltung\/20880-2\/#breadcrumb\",\"itemListElement\":[{\"@type\":\"ListItem\",\"position\":1,\"name\":\"Home\",\"item\":\"https:\/\/www.arbataxpark.com\/de\/\"},{\"@type\":\"ListItem\",\"position\":2,\"name\":\"Sport &amp; Akademien\",\"item\":\"https:\/\/www.arbataxpark.com\/de\/sport-unterhaltung\/\"},{\"@type\":\"ListItem\",\"position\":3,\"name\":\"Arbatax Lauferlebnis\"}]},{\"@type\":\"WebSite\",\"@id\":\"https:\/\/www.arbataxpark.com\/de\/#website\",\"url\":\"https:\/\/www.arbataxpark.com\/de\/\",\"name\":\"Arbatax Park\",\"description\":\"Just another ms.decms.eu site\",\"potentialAction\":[{\"@type\":\"SearchAction\",\"target\":{\"@type\":\"EntryPoint\",\"urlTemplate\":\"https:\/\/www.arbataxpark.com\/de\/?s={search_term_string}\"},\"query-input\":{\"@type\":\"PropertyValueSpecification\",\"valueRequired\":true,\"valueName\":\"search_term_string\"}}],\"inLanguage\":\"de-DE\"}]}<\/script>\n<!-- \/ Yoast SEO plugin. -->","yoast_head_json":{"title":"Arbatax Lauferlebnis - Arbatax Park","robots":{"index":"index","follow":"follow","max-snippet":"max-snippet:-1","max-image-preview":"max-image-preview:large","max-video-preview":"max-video-preview:-1"},"canonical":"https:\/\/www.arbataxpark.com\/de\/sport-unterhaltung\/20880-2\/","og_locale":"de_DE","og_type":"article","og_title":"Arbatax Lauferlebnis - Arbatax Park","og_description":"Lieben Sie das Laufen? Im Arbatax Park Resort k\u00f6nnen Sie Ihrer Lieblingsleidenschaft auch im Urlaub nachgehen! F\u00fcr alle, die gerne laufen \u2013 von erfahrenen Athleten bis zu Anf\u00e4ngern \u2013 gibt es zahlreiche Anstiege und Abfahrten f\u00fcr eine anspruchsvolle Strecke in einer atemberaubenden Umgebung. Die Route f\u00fchrt durch den Naturpark Bellavista, der viele Tiere beherbergt und [&hellip;]","og_url":"https:\/\/www.arbataxpark.com\/de\/sport-unterhaltung\/20880-2\/","og_site_name":"Arbatax Park","article_modified_time":"2026-03-09T10:04:10+00:00","twitter_card":"summary_large_image","twitter_misc":{"Gesch\u00e4tzte Lesezeit":"1 Minute"},"schema":{"@context":"https:\/\/schema.org","@graph":[{"@type":"WebPage","@id":"https:\/\/www.arbataxpark.com\/de\/sport-unterhaltung\/20880-2\/","url":"https:\/\/www.arbataxpark.com\/de\/sport-unterhaltung\/20880-2\/","name":"Arbatax Lauferlebnis - Arbatax Park","isPartOf":{"@id":"https:\/\/www.arbataxpark.com\/de\/#website"},"datePublished":"2026-03-09T09:11:07+00:00","dateModified":"2026-03-09T10:04:10+00:00","breadcrumb":{"@id":"https:\/\/www.arbataxpark.com\/de\/sport-unterhaltung\/20880-2\/#breadcrumb"},"inLanguage":"de-DE","potentialAction":[{"@type":"ReadAction","target":["https:\/\/www.arbataxpark.com\/de\/sport-unterhaltung\/20880-2\/"]}]},{"@type":"BreadcrumbList","@id":"https:\/\/www.arbataxpark.com\/de\/sport-unterhaltung\/20880-2\/#breadcrumb","itemListElement":[{"@type":"ListItem","position":1,"name":"Home","item":"https:\/\/www.arbataxpark.com\/de\/"},{"@type":"ListItem","position":2,"name":"Sport &amp; Akademien","item":"https:\/\/www.arbataxpark.com\/de\/sport-unterhaltung\/"},{"@type":"ListItem","position":3,"name":"Arbatax Lauferlebnis"}]},{"@type":"WebSite","@id":"https:\/\/www.arbataxpark.com\/de\/#website","url":"https:\/\/www.arbataxpark.com\/de\/","name":"Arbatax Park","description":"Just another ms.decms.eu site","potentialAction":[{"@type":"SearchAction","target":{"@type":"EntryPoint","urlTemplate":"https:\/\/www.arbataxpark.com\/de\/?s={search_term_string}"},"query-input":{"@type":"PropertyValueSpecification","valueRequired":true,"valueName":"search_term_string"}}],"inLanguage":"de-DE"}]}},"acf":[],"_links":{"self":[{"href":"https:\/\/www.arbataxpark.com\/de\/wp-json\/wp\/v2\/pages\/20880","targetHints":{"allow":["GET"]}}],"collection":[{"href":"https:\/\/www.arbataxpark.com\/de\/wp-json\/wp\/v2\/pages"}],"about":[{"href":"https:\/\/www.arbataxpark.com\/de\/wp-json\/wp\/v2\/types\/page"}],"author":[{"embeddable":true,"href":"https:\/\/www.arbataxpark.com\/de\/wp-json\/wp\/v2\/users\/50"}],"replies":[{"embeddable":true,"href":"https:\/\/www.arbataxpark.com\/de\/wp-json\/wp\/v2\/comments?post=20880"}],"version-history":[{"count":0,"href":"https:\/\/www.arbataxpark.com\/de\/wp-json\/wp\/v2\/pages\/20880\/revisions"}],"up":[{"embeddable":true,"href":"https:\/\/www.arbataxpark.com\/de\/wp-json\/wp\/v2\/pages\/2267"}],"wp:attachment":[{"href":"https:\/\/www.arbataxpark.com\/de\/wp-json\/wp\/v2\/media?parent=20880"}],"curies":[{"name":"wp","href":"https:\/\/api.w.org\/{rel}","templated":true}]}}