{"id":2337,"date":"2019-03-28T10:51:30","date_gmt":"2019-03-28T10:51:30","guid":{"rendered":"http:\/\/arbatax-park-group.ms.decms.eu\/?page_id=2337"},"modified":"2026-03-04T17:17:10","modified_gmt":"2026-03-04T17:17:10","slug":"vik-very-important-kids","status":"publish","type":"page","link":"https:\/\/www.arbataxpark.com\/de\/ereignisse-und-freizeit\/vik-very-important-kids\/","title":{"rendered":"VIK Very Important Kids"},"content":{"rendered":"<p data-start=\"29\" data-end=\"137\">M\u00e4dchen und Jungs, gro\u00dfe und kleine Abenteurer, Mamas und Papas \u2013 willkommen in der <strong data-start=\"113\" data-end=\"136\">Republik des Gl\u00fccks<\/strong>!<\/p>\n<p data-start=\"139\" data-end=\"422\">Zwischen Natur, beeindruckenden Landschaften, dem Meer und den Traditionen der Ogliastra entdeckt ihr ein Sardinien, das man nicht sofort sieht \u2013 und das gerade deshalb so besonders ist. Ihr betretet eine Insel auf der Insel, voller \u00fcberraschender Orte und einzigartiger Erlebnisse.<\/p>\n<p data-start=\"424\" data-end=\"796\">\u00dcber <strong data-start=\"429\" data-end=\"448\">60 Hektar Natur<\/strong> warten darauf, erkundet zu werden. Und wie gelingt das am besten? Ganz einfach: mit dem <strong data-start=\"537\" data-end=\"571\">VIK Club \u2013 Very Important Kids<\/strong>. Alle Kinder, die ihre Ferien in der Ogliastra verbringen, sind eingeladen, die Republik des Gl\u00fccks zu entdecken, zu erleben und ihre Geschichten weiterzuerz\u00e4hlen \u2013 voller Abenteuer, Kultur und vieler kleiner \u00dcberraschungen.<\/p>\n<p data-start=\"798\" data-end=\"1127\">Die Teilnahme ist f\u00fcr unsere jungen G\u00e4ste kostenlos. Jedes Kind erh\u00e4lt einen pers\u00f6nlichen <strong data-start=\"888\" data-end=\"900\">VIK-Pass<\/strong>, der Zugang zu allen Aktivit\u00e4ten erm\u00f6glicht und Punkte sammelt. Wer aktiv teilnimmt, kann Schritt f\u00fcr Schritt im Rang der <strong data-start=\"1023\" data-end=\"1058\">Bellavista Natural Park Rangers<\/strong> aufsteigen \u2013 von der Rekrutin oder dem Rekruten bis hin zum Captain.<\/p>\n<p data-start=\"1129\" data-end=\"1359\">Wer diesen Rang erreicht, erh\u00e4lt Zugang zur <strong data-start=\"1173\" data-end=\"1220\">Fairy Tales Factory \u2013 der Park Rangers Week<\/strong>, die im September stattfindet. In dieser besonderen Woche erfinden junge Entdecker gemeinsam im Park ihre eigenen Geschichten und M\u00e4rchen.<\/p>\n<p data-start=\"1361\" data-end=\"1637\" data-is-last-node=\"\" data-is-only-node=\"\">Also, worauf wartet ihr noch?<\/p>\n<p data-start=\"1361\" data-end=\"1637\" data-is-last-node=\"\" data-is-only-node=\"\">Wir brauchen eure <strong>Hilfe, um unsere Natur zu sch\u00fctzen.<\/strong> Euch erwarten viele Aktivit\u00e4ten f\u00fcr einen Urlaub, der ganz auf Kinder zugeschnitten ist \u2013 mit Entdeckungen, Expeditionen, Naturerlebnissen, kulinarischen Erfahrungen und kreativen Workshops.<\/p>\n","protected":false},"excerpt":{"rendered":"<p>M\u00e4dchen und Jungs, gro\u00dfe und kleine Abenteurer, Mamas und Papas \u2013 willkommen in der Republik des Gl\u00fccks! Zwischen Natur, beeindruckenden Landschaften, dem Meer und den Traditionen der Ogliastra entdeckt ihr ein Sardinien, das man nicht sofort sieht \u2013 und das gerade deshalb so besonders ist. Ihr betretet eine Insel auf der Insel, voller \u00fcberraschender Orte [&hellip;]<\/p>\n","protected":false},"author":7,"featured_media":0,"parent":9774,"menu_order":6,"comment_status":"closed","ping_status":"closed","template":"","meta":{"footnotes":""},"class_list":["post-2337","page","type-page","status-publish","hentry"],"yoast_head":"<!-- This site is optimized with the Yoast SEO plugin v26.9 - https:\/\/yoast.com\/product\/yoast-seo-wordpress\/ -->\n<title>VIK Very Important Kids - Arbatax Park<\/title>\n<meta name=\"robots\" content=\"index, follow, max-snippet:-1, max-image-preview:large, max-video-preview:-1\" \/>\n<link rel=\"canonical\" href=\"https:\/\/www.arbataxpark.com\/de\/ereignisse-und-freizeit\/vik-very-important-kids\/\" \/>\n<meta property=\"og:locale\" content=\"de_DE\" \/>\n<meta property=\"og:type\" content=\"article\" \/>\n<meta property=\"og:title\" content=\"VIK Very Important Kids - Arbatax Park\" \/>\n<meta property=\"og:description\" content=\"M\u00e4dchen und Jungs, gro\u00dfe und kleine Abenteurer, Mamas und Papas \u2013 willkommen in der Republik des Gl\u00fccks! Zwischen Natur, beeindruckenden Landschaften, dem Meer und den Traditionen der Ogliastra entdeckt ihr ein Sardinien, das man nicht sofort sieht \u2013 und das gerade deshalb so besonders ist. Ihr betretet eine Insel auf der Insel, voller \u00fcberraschender Orte [&hellip;]\" \/>\n<meta property=\"og:url\" content=\"https:\/\/www.arbataxpark.com\/de\/ereignisse-und-freizeit\/vik-very-important-kids\/\" \/>\n<meta property=\"og:site_name\" content=\"Arbatax Park\" \/>\n<meta property=\"article:modified_time\" content=\"2026-03-04T17:17:10+00:00\" \/>\n<meta name=\"twitter:card\" content=\"summary_large_image\" \/>\n<meta name=\"twitter:label1\" content=\"Gesch\u00e4tzte Lesezeit\" \/>\n\t<meta name=\"twitter:data1\" content=\"2 Minuten\" \/>\n<script type=\"application\/ld+json\" class=\"yoast-schema-graph\">{\"@context\":\"https:\/\/schema.org\",\"@graph\":[{\"@type\":\"WebPage\",\"@id\":\"https:\/\/www.arbataxpark.com\/de\/ereignisse-und-freizeit\/vik-very-important-kids\/\",\"url\":\"https:\/\/www.arbataxpark.com\/de\/ereignisse-und-freizeit\/vik-very-important-kids\/\",\"name\":\"VIK Very Important Kids - Arbatax Park\",\"isPartOf\":{\"@id\":\"https:\/\/www.arbataxpark.com\/de\/#website\"},\"datePublished\":\"2019-03-28T10:51:30+00:00\",\"dateModified\":\"2026-03-04T17:17:10+00:00\",\"breadcrumb\":{\"@id\":\"https:\/\/www.arbataxpark.com\/de\/ereignisse-und-freizeit\/vik-very-important-kids\/#breadcrumb\"},\"inLanguage\":\"de-DE\",\"potentialAction\":[{\"@type\":\"ReadAction\",\"target\":[\"https:\/\/www.arbataxpark.com\/de\/ereignisse-und-freizeit\/vik-very-important-kids\/\"]}]},{\"@type\":\"BreadcrumbList\",\"@id\":\"https:\/\/www.arbataxpark.com\/de\/ereignisse-und-freizeit\/vik-very-important-kids\/#breadcrumb\",\"itemListElement\":[{\"@type\":\"ListItem\",\"position\":1,\"name\":\"Home\",\"item\":\"https:\/\/www.arbataxpark.com\/de\/\"},{\"@type\":\"ListItem\",\"position\":2,\"name\":\"Abenteuer und Erlebnisse\",\"item\":\"https:\/\/www.arbataxpark.com\/de\/ereignisse-und-freizeit\/\"},{\"@type\":\"ListItem\",\"position\":3,\"name\":\"VIK Very Important Kids\"}]},{\"@type\":\"WebSite\",\"@id\":\"https:\/\/www.arbataxpark.com\/de\/#website\",\"url\":\"https:\/\/www.arbataxpark.com\/de\/\",\"name\":\"Arbatax Park\",\"description\":\"Just another ms.decms.eu site\",\"potentialAction\":[{\"@type\":\"SearchAction\",\"target\":{\"@type\":\"EntryPoint\",\"urlTemplate\":\"https:\/\/www.arbataxpark.com\/de\/?s={search_term_string}\"},\"query-input\":{\"@type\":\"PropertyValueSpecification\",\"valueRequired\":true,\"valueName\":\"search_term_string\"}}],\"inLanguage\":\"de-DE\"}]}<\/script>\n<!-- \/ Yoast SEO plugin. -->","yoast_head_json":{"title":"VIK Very Important Kids - Arbatax Park","robots":{"index":"index","follow":"follow","max-snippet":"max-snippet:-1","max-image-preview":"max-image-preview:large","max-video-preview":"max-video-preview:-1"},"canonical":"https:\/\/www.arbataxpark.com\/de\/ereignisse-und-freizeit\/vik-very-important-kids\/","og_locale":"de_DE","og_type":"article","og_title":"VIK Very Important Kids - Arbatax Park","og_description":"M\u00e4dchen und Jungs, gro\u00dfe und kleine Abenteurer, Mamas und Papas \u2013 willkommen in der Republik des Gl\u00fccks! Zwischen Natur, beeindruckenden Landschaften, dem Meer und den Traditionen der Ogliastra entdeckt ihr ein Sardinien, das man nicht sofort sieht \u2013 und das gerade deshalb so besonders ist. Ihr betretet eine Insel auf der Insel, voller \u00fcberraschender Orte [&hellip;]","og_url":"https:\/\/www.arbataxpark.com\/de\/ereignisse-und-freizeit\/vik-very-important-kids\/","og_site_name":"Arbatax Park","article_modified_time":"2026-03-04T17:17:10+00:00","twitter_card":"summary_large_image","twitter_misc":{"Gesch\u00e4tzte Lesezeit":"2 Minuten"},"schema":{"@context":"https:\/\/schema.org","@graph":[{"@type":"WebPage","@id":"https:\/\/www.arbataxpark.com\/de\/ereignisse-und-freizeit\/vik-very-important-kids\/","url":"https:\/\/www.arbataxpark.com\/de\/ereignisse-und-freizeit\/vik-very-important-kids\/","name":"VIK Very Important Kids - Arbatax Park","isPartOf":{"@id":"https:\/\/www.arbataxpark.com\/de\/#website"},"datePublished":"2019-03-28T10:51:30+00:00","dateModified":"2026-03-04T17:17:10+00:00","breadcrumb":{"@id":"https:\/\/www.arbataxpark.com\/de\/ereignisse-und-freizeit\/vik-very-important-kids\/#breadcrumb"},"inLanguage":"de-DE","potentialAction":[{"@type":"ReadAction","target":["https:\/\/www.arbataxpark.com\/de\/ereignisse-und-freizeit\/vik-very-important-kids\/"]}]},{"@type":"BreadcrumbList","@id":"https:\/\/www.arbataxpark.com\/de\/ereignisse-und-freizeit\/vik-very-important-kids\/#breadcrumb","itemListElement":[{"@type":"ListItem","position":1,"name":"Home","item":"https:\/\/www.arbataxpark.com\/de\/"},{"@type":"ListItem","position":2,"name":"Abenteuer und Erlebnisse","item":"https:\/\/www.arbataxpark.com\/de\/ereignisse-und-freizeit\/"},{"@type":"ListItem","position":3,"name":"VIK Very Important Kids"}]},{"@type":"WebSite","@id":"https:\/\/www.arbataxpark.com\/de\/#website","url":"https:\/\/www.arbataxpark.com\/de\/","name":"Arbatax Park","description":"Just another ms.decms.eu site","potentialAction":[{"@type":"SearchAction","target":{"@type":"EntryPoint","urlTemplate":"https:\/\/www.arbataxpark.com\/de\/?s={search_term_string}"},"query-input":{"@type":"PropertyValueSpecification","valueRequired":true,"valueName":"search_term_string"}}],"inLanguage":"de-DE"}]}},"acf":[],"_links":{"self":[{"href":"https:\/\/www.arbataxpark.com\/de\/wp-json\/wp\/v2\/pages\/2337","targetHints":{"allow":["GET"]}}],"collection":[{"href":"https:\/\/www.arbataxpark.com\/de\/wp-json\/wp\/v2\/pages"}],"about":[{"href":"https:\/\/www.arbataxpark.com\/de\/wp-json\/wp\/v2\/types\/page"}],"author":[{"embeddable":true,"href":"https:\/\/www.arbataxpark.com\/de\/wp-json\/wp\/v2\/users\/7"}],"replies":[{"embeddable":true,"href":"https:\/\/www.arbataxpark.com\/de\/wp-json\/wp\/v2\/comments?post=2337"}],"version-history":[{"count":0,"href":"https:\/\/www.arbataxpark.com\/de\/wp-json\/wp\/v2\/pages\/2337\/revisions"}],"up":[{"embeddable":true,"href":"https:\/\/www.arbataxpark.com\/de\/wp-json\/wp\/v2\/pages\/9774"}],"wp:attachment":[{"href":"https:\/\/www.arbataxpark.com\/de\/wp-json\/wp\/v2\/media?parent=2337"}],"curies":[{"name":"wp","href":"https:\/\/api.w.org\/{rel}","templated":true}]}}