{"id":2625,"date":"2019-03-29T13:20:43","date_gmt":"2019-03-29T13:20:43","guid":{"rendered":"http:\/\/arbatax-park-group.ms.decms.eu\/sport-unterhaltung\/tennis-diving\/"},"modified":"2026-03-11T11:43:42","modified_gmt":"2026-03-11T11:43:42","slug":"tennis-diving","status":"publish","type":"page","link":"https:\/\/www.arbataxpark.com\/de\/sport-unterhaltung\/tennis-diving\/","title":{"rendered":"Tennis &amp; Padel"},"content":{"rendered":"<div class=\"flex flex-col text-sm pb-25\">\n<article class=\"text-token-text-primary w-full focus:outline-none [--shadow-height:45px] has-data-writing-block:pointer-events-none has-data-writing-block:-mt-(--shadow-height) has-data-writing-block:pt-(--shadow-height) [&amp;:has([data-writing-block])&gt;*]:pointer-events-auto scroll-mt-[calc(var(--header-height)+min(200px,max(70px,20svh)))]\" dir=\"auto\" data-turn-id=\"request-699d8d72-fe30-832f-915d-6658cbae059b-36\" data-testid=\"conversation-turn-90\" data-scroll-anchor=\"true\" data-turn=\"assistant\">\n<div class=\"text-base my-auto mx-auto pb-10 [--thread-content-margin:--spacing(4)] @w-sm\/main:[--thread-content-margin:--spacing(6)] @w-lg\/main:[--thread-content-margin:--spacing(16)] px-(--thread-content-margin)\">\n<div class=\"[--thread-content-max-width:40rem] @w-lg\/main:[--thread-content-max-width:48rem] mx-auto max-w-(--thread-content-max-width) flex-1 group\/turn-messages focus-visible:outline-hidden relative flex w-full min-w-0 flex-col agent-turn\">\n<div class=\"flex max-w-full flex-col grow\">\n<div class=\"min-h-8 text-message relative flex w-full flex-col items-end gap-2 text-start break-words whitespace-normal [.text-message+&amp;]:mt-1\" dir=\"auto\" data-message-author-role=\"assistant\" data-message-id=\"fa32e94f-d400-43ac-9ed6-8d22b80d0e00\" data-message-model-slug=\"gpt-5-3\">\n<div class=\"flex w-full flex-col gap-1 empty:hidden first:pt-[1px]\">\n<div class=\"markdown prose dark:prose-invert w-full wrap-break-word light markdown-new-styling\">\n<p data-start=\"0\" data-end=\"433\">Die <strong data-start=\"4\" data-end=\"32\">Tennis- und Padelstunden<\/strong> werden von den Profis von <strong data-start=\"59\" data-end=\"86\">Sunball Tennis &amp; Travel<\/strong> geleitet \u2013 einer international renommierten Tennisschule, die langj\u00e4hrige Erfahrung mit modernen, innovativen Trainingsmethoden verbindet. Die Trainer entwickeln f\u00fcr jeden Teilnehmer ein individuell abgestimmtes Programm, das gezielt <strong data-start=\"321\" data-end=\"357\">Technik, Taktik und Koordination<\/strong> st\u00e4rkt \u2013 motivierend, strukturiert und mit viel Begeisterung f\u00fcr den Sport.<\/p>\n<p data-start=\"435\" data-end=\"880\">Im Resort stehen <strong data-start=\"452\" data-end=\"488\">vier Tennispl\u00e4tze mit Kunstrasen<\/strong> sowie <strong data-start=\"495\" data-end=\"515\">drei Padelpl\u00e4tze<\/strong> zur Verf\u00fcgung und schaffen ideale Voraussetzungen f\u00fcr ein effektives Training. Die Anlagen eignen sich sowohl f\u00fcr <strong data-start=\"630\" data-end=\"665\">Einzel- als auch Gruppenstunden<\/strong> und richten sich an Spieler aller Levels \u2013 von Einsteigern, die den Sport neu f\u00fcr sich entdecken, bis hin zu erfahrenen Spielern und Profis, die ihre technischen und taktischen F\u00e4higkeiten weiterentwickeln m\u00f6chten.<\/p>\n<p data-start=\"882\" data-end=\"1183\" data-is-last-node=\"\" data-is-only-node=\"\">Jede Trainingseinheit findet in einer au\u00dfergew\u00f6hnlichen Kulisse <strong data-start=\"946\" data-end=\"992\">zwischen Meer und den Bergen der Ogliastra<\/strong> statt. So entsteht ein sportliches Erlebnis, das <strong data-start=\"1042\" data-end=\"1087\">Training, Fortschritt und Freude am Spiel<\/strong> mit der beeindruckenden Natur Sardiniens verbindet \u2013 exklusiv, inspirierend und voller Energie.<\/p>\n<\/div>\n<\/div>\n<\/div>\n<\/div>\n<div class=\"mt-3 w-full empty:hidden\">\n<div class=\"text-center\"><\/div>\n<\/div>\n<\/div>\n<\/div>\n<\/article>\n<\/div>\n<div class=\"pointer-events-none h-px w-px absolute bottom-0\" aria-hidden=\"true\" data-edge=\"true\"><\/div>\n","protected":false},"excerpt":{"rendered":"<p>Die Tennis- und Padelstunden werden von den Profis von Sunball Tennis &amp; Travel geleitet \u2013 einer international renommierten Tennisschule, die langj\u00e4hrige Erfahrung mit modernen, innovativen Trainingsmethoden verbindet. Die Trainer entwickeln f\u00fcr jeden Teilnehmer ein individuell abgestimmtes Programm, das gezielt Technik, Taktik und Koordination st\u00e4rkt \u2013 motivierend, strukturiert und mit viel Begeisterung f\u00fcr den Sport. Im [&hellip;]<\/p>\n","protected":false},"author":7,"featured_media":0,"parent":2267,"menu_order":108,"comment_status":"closed","ping_status":"closed","template":"","meta":{"footnotes":""},"class_list":["post-2625","page","type-page","status-publish","hentry"],"yoast_head":"<!-- This site is optimized with the Yoast SEO plugin v26.9 - https:\/\/yoast.com\/product\/yoast-seo-wordpress\/ -->\n<title>Tennis &amp; Padel - Arbatax Park<\/title>\n<meta name=\"robots\" content=\"index, follow, max-snippet:-1, max-image-preview:large, max-video-preview:-1\" \/>\n<link rel=\"canonical\" href=\"https:\/\/www.arbataxpark.com\/de\/sport-unterhaltung\/tennis-diving\/\" \/>\n<meta property=\"og:locale\" content=\"de_DE\" \/>\n<meta property=\"og:type\" content=\"article\" \/>\n<meta property=\"og:title\" content=\"Tennis &amp; Padel - Arbatax Park\" \/>\n<meta property=\"og:description\" content=\"Die Tennis- und Padelstunden werden von den Profis von Sunball Tennis &amp; Travel geleitet \u2013 einer international renommierten Tennisschule, die langj\u00e4hrige Erfahrung mit modernen, innovativen Trainingsmethoden verbindet. Die Trainer entwickeln f\u00fcr jeden Teilnehmer ein individuell abgestimmtes Programm, das gezielt Technik, Taktik und Koordination st\u00e4rkt \u2013 motivierend, strukturiert und mit viel Begeisterung f\u00fcr den Sport. Im [&hellip;]\" \/>\n<meta property=\"og:url\" content=\"https:\/\/www.arbataxpark.com\/de\/sport-unterhaltung\/tennis-diving\/\" \/>\n<meta property=\"og:site_name\" content=\"Arbatax Park\" \/>\n<meta property=\"article:modified_time\" content=\"2026-03-11T11:43:42+00:00\" \/>\n<meta name=\"twitter:card\" content=\"summary_large_image\" \/>\n<meta name=\"twitter:label1\" content=\"Gesch\u00e4tzte Lesezeit\" \/>\n\t<meta name=\"twitter:data1\" content=\"1 Minute\" \/>\n<script type=\"application\/ld+json\" class=\"yoast-schema-graph\">{\"@context\":\"https:\/\/schema.org\",\"@graph\":[{\"@type\":\"WebPage\",\"@id\":\"https:\/\/www.arbataxpark.com\/de\/sport-unterhaltung\/tennis-diving\/\",\"url\":\"https:\/\/www.arbataxpark.com\/de\/sport-unterhaltung\/tennis-diving\/\",\"name\":\"Tennis &amp; Padel - Arbatax Park\",\"isPartOf\":{\"@id\":\"https:\/\/www.arbataxpark.com\/de\/#website\"},\"datePublished\":\"2019-03-29T13:20:43+00:00\",\"dateModified\":\"2026-03-11T11:43:42+00:00\",\"breadcrumb\":{\"@id\":\"https:\/\/www.arbataxpark.com\/de\/sport-unterhaltung\/tennis-diving\/#breadcrumb\"},\"inLanguage\":\"de-DE\",\"potentialAction\":[{\"@type\":\"ReadAction\",\"target\":[\"https:\/\/www.arbataxpark.com\/de\/sport-unterhaltung\/tennis-diving\/\"]}]},{\"@type\":\"BreadcrumbList\",\"@id\":\"https:\/\/www.arbataxpark.com\/de\/sport-unterhaltung\/tennis-diving\/#breadcrumb\",\"itemListElement\":[{\"@type\":\"ListItem\",\"position\":1,\"name\":\"Home\",\"item\":\"https:\/\/www.arbataxpark.com\/de\/\"},{\"@type\":\"ListItem\",\"position\":2,\"name\":\"Sport &amp; Akademien\",\"item\":\"https:\/\/www.arbataxpark.com\/de\/sport-unterhaltung\/\"},{\"@type\":\"ListItem\",\"position\":3,\"name\":\"Tennis &amp; Padel\"}]},{\"@type\":\"WebSite\",\"@id\":\"https:\/\/www.arbataxpark.com\/de\/#website\",\"url\":\"https:\/\/www.arbataxpark.com\/de\/\",\"name\":\"Arbatax Park\",\"description\":\"Just another ms.decms.eu site\",\"potentialAction\":[{\"@type\":\"SearchAction\",\"target\":{\"@type\":\"EntryPoint\",\"urlTemplate\":\"https:\/\/www.arbataxpark.com\/de\/?s={search_term_string}\"},\"query-input\":{\"@type\":\"PropertyValueSpecification\",\"valueRequired\":true,\"valueName\":\"search_term_string\"}}],\"inLanguage\":\"de-DE\"}]}<\/script>\n<!-- \/ Yoast SEO plugin. -->","yoast_head_json":{"title":"Tennis &amp; Padel - Arbatax Park","robots":{"index":"index","follow":"follow","max-snippet":"max-snippet:-1","max-image-preview":"max-image-preview:large","max-video-preview":"max-video-preview:-1"},"canonical":"https:\/\/www.arbataxpark.com\/de\/sport-unterhaltung\/tennis-diving\/","og_locale":"de_DE","og_type":"article","og_title":"Tennis &amp; Padel - Arbatax Park","og_description":"Die Tennis- und Padelstunden werden von den Profis von Sunball Tennis &amp; Travel geleitet \u2013 einer international renommierten Tennisschule, die langj\u00e4hrige Erfahrung mit modernen, innovativen Trainingsmethoden verbindet. Die Trainer entwickeln f\u00fcr jeden Teilnehmer ein individuell abgestimmtes Programm, das gezielt Technik, Taktik und Koordination st\u00e4rkt \u2013 motivierend, strukturiert und mit viel Begeisterung f\u00fcr den Sport. Im [&hellip;]","og_url":"https:\/\/www.arbataxpark.com\/de\/sport-unterhaltung\/tennis-diving\/","og_site_name":"Arbatax Park","article_modified_time":"2026-03-11T11:43:42+00:00","twitter_card":"summary_large_image","twitter_misc":{"Gesch\u00e4tzte Lesezeit":"1 Minute"},"schema":{"@context":"https:\/\/schema.org","@graph":[{"@type":"WebPage","@id":"https:\/\/www.arbataxpark.com\/de\/sport-unterhaltung\/tennis-diving\/","url":"https:\/\/www.arbataxpark.com\/de\/sport-unterhaltung\/tennis-diving\/","name":"Tennis &amp; Padel - Arbatax Park","isPartOf":{"@id":"https:\/\/www.arbataxpark.com\/de\/#website"},"datePublished":"2019-03-29T13:20:43+00:00","dateModified":"2026-03-11T11:43:42+00:00","breadcrumb":{"@id":"https:\/\/www.arbataxpark.com\/de\/sport-unterhaltung\/tennis-diving\/#breadcrumb"},"inLanguage":"de-DE","potentialAction":[{"@type":"ReadAction","target":["https:\/\/www.arbataxpark.com\/de\/sport-unterhaltung\/tennis-diving\/"]}]},{"@type":"BreadcrumbList","@id":"https:\/\/www.arbataxpark.com\/de\/sport-unterhaltung\/tennis-diving\/#breadcrumb","itemListElement":[{"@type":"ListItem","position":1,"name":"Home","item":"https:\/\/www.arbataxpark.com\/de\/"},{"@type":"ListItem","position":2,"name":"Sport &amp; Akademien","item":"https:\/\/www.arbataxpark.com\/de\/sport-unterhaltung\/"},{"@type":"ListItem","position":3,"name":"Tennis &amp; Padel"}]},{"@type":"WebSite","@id":"https:\/\/www.arbataxpark.com\/de\/#website","url":"https:\/\/www.arbataxpark.com\/de\/","name":"Arbatax Park","description":"Just another ms.decms.eu site","potentialAction":[{"@type":"SearchAction","target":{"@type":"EntryPoint","urlTemplate":"https:\/\/www.arbataxpark.com\/de\/?s={search_term_string}"},"query-input":{"@type":"PropertyValueSpecification","valueRequired":true,"valueName":"search_term_string"}}],"inLanguage":"de-DE"}]}},"acf":[],"_links":{"self":[{"href":"https:\/\/www.arbataxpark.com\/de\/wp-json\/wp\/v2\/pages\/2625","targetHints":{"allow":["GET"]}}],"collection":[{"href":"https:\/\/www.arbataxpark.com\/de\/wp-json\/wp\/v2\/pages"}],"about":[{"href":"https:\/\/www.arbataxpark.com\/de\/wp-json\/wp\/v2\/types\/page"}],"author":[{"embeddable":true,"href":"https:\/\/www.arbataxpark.com\/de\/wp-json\/wp\/v2\/users\/7"}],"replies":[{"embeddable":true,"href":"https:\/\/www.arbataxpark.com\/de\/wp-json\/wp\/v2\/comments?post=2625"}],"version-history":[{"count":0,"href":"https:\/\/www.arbataxpark.com\/de\/wp-json\/wp\/v2\/pages\/2625\/revisions"}],"up":[{"embeddable":true,"href":"https:\/\/www.arbataxpark.com\/de\/wp-json\/wp\/v2\/pages\/2267"}],"wp:attachment":[{"href":"https:\/\/www.arbataxpark.com\/de\/wp-json\/wp\/v2\/media?parent=2625"}],"curies":[{"name":"wp","href":"https:\/\/api.w.org\/{rel}","templated":true}]}}