{"id":5237,"date":"2019-03-20T10:05:03","date_gmt":"2019-03-20T10:05:03","guid":{"rendered":"http:\/\/arbatax-park-group.ms.decms.eu\/giovani\/"},"modified":"2026-03-04T18:14:16","modified_gmt":"2026-03-04T18:14:16","slug":"jugendliche","status":"publish","type":"page","link":"https:\/\/www.arbataxpark.com\/de\/jugendliche\/","title":{"rendered":"Jugendliche"},"content":{"rendered":"<p data-start=\"0\" data-end=\"330\">Im <strong data-start=\"3\" data-end=\"26\">Arbatax Park Resort<\/strong> geh\u00f6ren Spa\u00df und Abwechslung ganz selbstverst\u00e4ndlich zum Urlaub dazu. Umgeben von der mediterranen Macchia genie\u00dfen Sie entspannte Stunden an den Str\u00e4nden oder an den Pools des Resorts, k\u00f6nnen an zahlreichen Sportaktivit\u00e4ten teilnehmen oder die abwechslungsreichen Shows des Entertainment-Teams erleben.<\/p>\n<p data-start=\"332\" data-end=\"564\">Freuen Sie sich auf ein vielseitiges <strong data-start=\"369\" data-end=\"397\">Tages- und Abendprogramm<\/strong> mit Spielen, Turnieren, Shows und Kabarett, Open-Air-Kino, Tanzabenden und Piano-Bar. Dazu kommen Sportkurse, Wassersportangebote, Tauchm\u00f6glichkeiten und vieles mehr.<\/p>\n<p data-start=\"566\" data-end=\"913\" data-is-last-node=\"\" data-is-only-node=\"\">Wer den Tag auch abends aktiv ausklingen lassen m\u00f6chte, erlebt die warmen Sommern\u00e4chte in der <strong data-start=\"660\" data-end=\"702\">Open-Air-Disco unter dem Sternenhimmel<\/strong>. Und f\u00fcr alle, die die Umgebung entdecken m\u00f6chten, bieten sich unvergessliche <strong data-start=\"781\" data-end=\"840\">Ausfl\u00fcge mit dem Gel\u00e4ndewagen, zu Fu\u00df oder mit dem Boot<\/strong> durch die beeindruckende und unber\u00fchrte Landschaft der <strong data-start=\"896\" data-end=\"909\">Ogliastra<\/strong> an.<\/p>\n","protected":false},"excerpt":{"rendered":"<p>Im Arbatax Park Resort geh\u00f6ren Spa\u00df und Abwechslung ganz selbstverst\u00e4ndlich zum Urlaub dazu. Umgeben von der mediterranen Macchia genie\u00dfen Sie entspannte Stunden an den Str\u00e4nden oder an den Pools des Resorts, k\u00f6nnen an zahlreichen Sportaktivit\u00e4ten teilnehmen oder die abwechslungsreichen Shows des Entertainment-Teams erleben. Freuen Sie sich auf ein vielseitiges Tages- und Abendprogramm mit Spielen, Turnieren, [&hellip;]<\/p>\n","protected":false},"author":18,"featured_media":0,"parent":0,"menu_order":5400,"comment_status":"closed","ping_status":"closed","template":"template-emotional.php","meta":{"footnotes":""},"class_list":["post-5237","page","type-page","status-publish","hentry"],"yoast_head":"<!-- This site is optimized with the Yoast SEO plugin v26.9 - https:\/\/yoast.com\/product\/yoast-seo-wordpress\/ -->\n<title>Jugendliche - Arbatax Park<\/title>\n<meta name=\"robots\" content=\"index, follow, max-snippet:-1, max-image-preview:large, max-video-preview:-1\" \/>\n<link rel=\"canonical\" href=\"https:\/\/www.arbataxpark.com\/de\/jugendliche\/\" \/>\n<meta property=\"og:locale\" content=\"de_DE\" \/>\n<meta property=\"og:type\" content=\"article\" \/>\n<meta property=\"og:title\" content=\"Jugendliche - Arbatax Park\" \/>\n<meta property=\"og:description\" content=\"Im Arbatax Park Resort geh\u00f6ren Spa\u00df und Abwechslung ganz selbstverst\u00e4ndlich zum Urlaub dazu. Umgeben von der mediterranen Macchia genie\u00dfen Sie entspannte Stunden an den Str\u00e4nden oder an den Pools des Resorts, k\u00f6nnen an zahlreichen Sportaktivit\u00e4ten teilnehmen oder die abwechslungsreichen Shows des Entertainment-Teams erleben. Freuen Sie sich auf ein vielseitiges Tages- und Abendprogramm mit Spielen, Turnieren, [&hellip;]\" \/>\n<meta property=\"og:url\" content=\"https:\/\/www.arbataxpark.com\/de\/jugendliche\/\" \/>\n<meta property=\"og:site_name\" content=\"Arbatax Park\" \/>\n<meta property=\"article:modified_time\" content=\"2026-03-04T18:14:16+00:00\" \/>\n<meta name=\"twitter:card\" content=\"summary_large_image\" \/>\n<meta name=\"twitter:label1\" content=\"Gesch\u00e4tzte Lesezeit\" \/>\n\t<meta name=\"twitter:data1\" content=\"1 Minute\" \/>\n<script type=\"application\/ld+json\" class=\"yoast-schema-graph\">{\"@context\":\"https:\/\/schema.org\",\"@graph\":[{\"@type\":\"WebPage\",\"@id\":\"https:\/\/www.arbataxpark.com\/de\/jugendliche\/\",\"url\":\"https:\/\/www.arbataxpark.com\/de\/jugendliche\/\",\"name\":\"Jugendliche - Arbatax Park\",\"isPartOf\":{\"@id\":\"https:\/\/www.arbataxpark.com\/de\/#website\"},\"datePublished\":\"2019-03-20T10:05:03+00:00\",\"dateModified\":\"2026-03-04T18:14:16+00:00\",\"breadcrumb\":{\"@id\":\"https:\/\/www.arbataxpark.com\/de\/jugendliche\/#breadcrumb\"},\"inLanguage\":\"de-DE\",\"potentialAction\":[{\"@type\":\"ReadAction\",\"target\":[\"https:\/\/www.arbataxpark.com\/de\/jugendliche\/\"]}]},{\"@type\":\"BreadcrumbList\",\"@id\":\"https:\/\/www.arbataxpark.com\/de\/jugendliche\/#breadcrumb\",\"itemListElement\":[{\"@type\":\"ListItem\",\"position\":1,\"name\":\"Home\",\"item\":\"https:\/\/www.arbataxpark.com\/de\/\"},{\"@type\":\"ListItem\",\"position\":2,\"name\":\"Jugendliche\"}]},{\"@type\":\"WebSite\",\"@id\":\"https:\/\/www.arbataxpark.com\/de\/#website\",\"url\":\"https:\/\/www.arbataxpark.com\/de\/\",\"name\":\"Arbatax Park\",\"description\":\"Just another ms.decms.eu site\",\"potentialAction\":[{\"@type\":\"SearchAction\",\"target\":{\"@type\":\"EntryPoint\",\"urlTemplate\":\"https:\/\/www.arbataxpark.com\/de\/?s={search_term_string}\"},\"query-input\":{\"@type\":\"PropertyValueSpecification\",\"valueRequired\":true,\"valueName\":\"search_term_string\"}}],\"inLanguage\":\"de-DE\"}]}<\/script>\n<!-- \/ Yoast SEO plugin. -->","yoast_head_json":{"title":"Jugendliche - Arbatax Park","robots":{"index":"index","follow":"follow","max-snippet":"max-snippet:-1","max-image-preview":"max-image-preview:large","max-video-preview":"max-video-preview:-1"},"canonical":"https:\/\/www.arbataxpark.com\/de\/jugendliche\/","og_locale":"de_DE","og_type":"article","og_title":"Jugendliche - Arbatax Park","og_description":"Im Arbatax Park Resort geh\u00f6ren Spa\u00df und Abwechslung ganz selbstverst\u00e4ndlich zum Urlaub dazu. Umgeben von der mediterranen Macchia genie\u00dfen Sie entspannte Stunden an den Str\u00e4nden oder an den Pools des Resorts, k\u00f6nnen an zahlreichen Sportaktivit\u00e4ten teilnehmen oder die abwechslungsreichen Shows des Entertainment-Teams erleben. Freuen Sie sich auf ein vielseitiges Tages- und Abendprogramm mit Spielen, Turnieren, [&hellip;]","og_url":"https:\/\/www.arbataxpark.com\/de\/jugendliche\/","og_site_name":"Arbatax Park","article_modified_time":"2026-03-04T18:14:16+00:00","twitter_card":"summary_large_image","twitter_misc":{"Gesch\u00e4tzte Lesezeit":"1 Minute"},"schema":{"@context":"https:\/\/schema.org","@graph":[{"@type":"WebPage","@id":"https:\/\/www.arbataxpark.com\/de\/jugendliche\/","url":"https:\/\/www.arbataxpark.com\/de\/jugendliche\/","name":"Jugendliche - Arbatax Park","isPartOf":{"@id":"https:\/\/www.arbataxpark.com\/de\/#website"},"datePublished":"2019-03-20T10:05:03+00:00","dateModified":"2026-03-04T18:14:16+00:00","breadcrumb":{"@id":"https:\/\/www.arbataxpark.com\/de\/jugendliche\/#breadcrumb"},"inLanguage":"de-DE","potentialAction":[{"@type":"ReadAction","target":["https:\/\/www.arbataxpark.com\/de\/jugendliche\/"]}]},{"@type":"BreadcrumbList","@id":"https:\/\/www.arbataxpark.com\/de\/jugendliche\/#breadcrumb","itemListElement":[{"@type":"ListItem","position":1,"name":"Home","item":"https:\/\/www.arbataxpark.com\/de\/"},{"@type":"ListItem","position":2,"name":"Jugendliche"}]},{"@type":"WebSite","@id":"https:\/\/www.arbataxpark.com\/de\/#website","url":"https:\/\/www.arbataxpark.com\/de\/","name":"Arbatax Park","description":"Just another ms.decms.eu site","potentialAction":[{"@type":"SearchAction","target":{"@type":"EntryPoint","urlTemplate":"https:\/\/www.arbataxpark.com\/de\/?s={search_term_string}"},"query-input":{"@type":"PropertyValueSpecification","valueRequired":true,"valueName":"search_term_string"}}],"inLanguage":"de-DE"}]}},"acf":[],"_links":{"self":[{"href":"https:\/\/www.arbataxpark.com\/de\/wp-json\/wp\/v2\/pages\/5237","targetHints":{"allow":["GET"]}}],"collection":[{"href":"https:\/\/www.arbataxpark.com\/de\/wp-json\/wp\/v2\/pages"}],"about":[{"href":"https:\/\/www.arbataxpark.com\/de\/wp-json\/wp\/v2\/types\/page"}],"author":[{"embeddable":true,"href":"https:\/\/www.arbataxpark.com\/de\/wp-json\/wp\/v2\/users\/18"}],"replies":[{"embeddable":true,"href":"https:\/\/www.arbataxpark.com\/de\/wp-json\/wp\/v2\/comments?post=5237"}],"version-history":[{"count":0,"href":"https:\/\/www.arbataxpark.com\/de\/wp-json\/wp\/v2\/pages\/5237\/revisions"}],"wp:attachment":[{"href":"https:\/\/www.arbataxpark.com\/de\/wp-json\/wp\/v2\/media?parent=5237"}],"curies":[{"name":"wp","href":"https:\/\/api.w.org\/{rel}","templated":true}]}}