{"id":5240,"date":"2019-04-05T13:54:30","date_gmt":"2019-04-05T13:54:30","guid":{"rendered":"http:\/\/arbatax-park-group.ms.decms.eu\/?page_id=5240"},"modified":"2026-02-27T11:33:50","modified_gmt":"2026-02-27T11:33:50","slug":"naturpark-bellavista","status":"publish","type":"page","link":"https:\/\/www.arbataxpark.com\/de\/naturpark-bellavista\/","title":{"rendered":"Naturpark Bellavista"},"content":{"rendered":"<p><strong>Der Naturpark Bellavista<\/strong> ist im Herzen der Provinz von Olgiastra. Die Halbinsel Bellavista ist eine Insel innerhalb einer Insel, eine Ecke des Paradieses mit noch unber\u00fchrter Natur in seiner wilden Sch\u00f6nheit. Innerhalb dieses Mikrokosmos\u2019 befindet sich der Naturpark Bellavista, welcher auf seinen ca. 40 Hektar Obdach f\u00fcr die typischen Tiere und Pflanzen der sardischen Flora und Fauna bietet.<\/p>\n<p>Zwischen Olivenb\u00e4umen, Matix\u2013 und Myrtenstr\u00e4uchern leben inseltypische Tiere wie beispielsweise Mufflon, Wildschwein, die kleinen Wildpferde der Giara, Damhirsche, Esel, sardische Schafe und K\u00fche und eine Vielzahl von V\u00f6geln, welche ein Zuhause in diesem gesch\u00fctzten \u00d6kosystem gefunden haben.<\/p>\n<p>Der Park ist f\u00fcr G\u00e4ste frei zug\u00e4nglich. Sie k\u00f6nnen aus <strong>verschiedenen Routen<\/strong> w\u00e4hlen, um die Tiere in v\u00f6lliger Freiheit zu beobachten und spektakul\u00e4re Ausblicke auf die typischen roten Felsen von Arbatax, die Ebene von Ogliastra und den Meerespark von Monte Santo zu genie\u00dfen. Jeden Tag begleiten unsere <strong>Ranger <\/strong>die Besucher, um die nat\u00fcrliche Sch\u00f6nheit des Parks zu entdecken.<\/p>\n","protected":false},"excerpt":{"rendered":"<p>Der Naturpark Bellavista ist im Herzen der Provinz von Olgiastra. Die Halbinsel Bellavista ist eine Insel innerhalb einer Insel, eine Ecke des Paradieses mit noch unber\u00fchrter Natur in seiner wilden Sch\u00f6nheit. Innerhalb dieses Mikrokosmos\u2019 befindet sich der Naturpark Bellavista, welcher auf seinen ca. 40 Hektar Obdach f\u00fcr die typischen Tiere und Pflanzen der sardischen Flora [&hellip;]<\/p>\n","protected":false},"author":21,"featured_media":0,"parent":0,"menu_order":500,"comment_status":"closed","ping_status":"closed","template":"","meta":{"footnotes":""},"class_list":["post-5240","page","type-page","status-publish","hentry"],"yoast_head":"<!-- This site is optimized with the Yoast SEO plugin v26.9 - https:\/\/yoast.com\/product\/yoast-seo-wordpress\/ -->\n<title>Naturpark Bellavista - Arbatax Park<\/title>\n<meta name=\"robots\" content=\"index, follow, max-snippet:-1, max-image-preview:large, max-video-preview:-1\" \/>\n<link rel=\"canonical\" href=\"https:\/\/www.arbataxpark.com\/de\/naturpark-bellavista\/\" \/>\n<meta property=\"og:locale\" content=\"de_DE\" \/>\n<meta property=\"og:type\" content=\"article\" \/>\n<meta property=\"og:title\" content=\"Naturpark Bellavista - Arbatax Park\" \/>\n<meta property=\"og:description\" content=\"Der Naturpark Bellavista ist im Herzen der Provinz von Olgiastra. Die Halbinsel Bellavista ist eine Insel innerhalb einer Insel, eine Ecke des Paradieses mit noch unber\u00fchrter Natur in seiner wilden Sch\u00f6nheit. Innerhalb dieses Mikrokosmos\u2019 befindet sich der Naturpark Bellavista, welcher auf seinen ca. 40 Hektar Obdach f\u00fcr die typischen Tiere und Pflanzen der sardischen Flora [&hellip;]\" \/>\n<meta property=\"og:url\" content=\"https:\/\/www.arbataxpark.com\/de\/naturpark-bellavista\/\" \/>\n<meta property=\"og:site_name\" content=\"Arbatax Park\" \/>\n<meta property=\"article:modified_time\" content=\"2026-02-27T11:33:50+00:00\" \/>\n<meta name=\"twitter:card\" content=\"summary_large_image\" \/>\n<meta name=\"twitter:label1\" content=\"Gesch\u00e4tzte Lesezeit\" \/>\n\t<meta name=\"twitter:data1\" content=\"1 Minute\" \/>\n<script type=\"application\/ld+json\" class=\"yoast-schema-graph\">{\"@context\":\"https:\/\/schema.org\",\"@graph\":[{\"@type\":\"WebPage\",\"@id\":\"https:\/\/www.arbataxpark.com\/de\/naturpark-bellavista\/\",\"url\":\"https:\/\/www.arbataxpark.com\/de\/naturpark-bellavista\/\",\"name\":\"Naturpark Bellavista - Arbatax Park\",\"isPartOf\":{\"@id\":\"https:\/\/www.arbataxpark.com\/de\/#website\"},\"datePublished\":\"2019-04-05T13:54:30+00:00\",\"dateModified\":\"2026-02-27T11:33:50+00:00\",\"breadcrumb\":{\"@id\":\"https:\/\/www.arbataxpark.com\/de\/naturpark-bellavista\/#breadcrumb\"},\"inLanguage\":\"de-DE\",\"potentialAction\":[{\"@type\":\"ReadAction\",\"target\":[\"https:\/\/www.arbataxpark.com\/de\/naturpark-bellavista\/\"]}]},{\"@type\":\"BreadcrumbList\",\"@id\":\"https:\/\/www.arbataxpark.com\/de\/naturpark-bellavista\/#breadcrumb\",\"itemListElement\":[{\"@type\":\"ListItem\",\"position\":1,\"name\":\"Home\",\"item\":\"https:\/\/www.arbataxpark.com\/de\/\"},{\"@type\":\"ListItem\",\"position\":2,\"name\":\"Naturpark Bellavista\"}]},{\"@type\":\"WebSite\",\"@id\":\"https:\/\/www.arbataxpark.com\/de\/#website\",\"url\":\"https:\/\/www.arbataxpark.com\/de\/\",\"name\":\"Arbatax Park\",\"description\":\"Just another ms.decms.eu site\",\"potentialAction\":[{\"@type\":\"SearchAction\",\"target\":{\"@type\":\"EntryPoint\",\"urlTemplate\":\"https:\/\/www.arbataxpark.com\/de\/?s={search_term_string}\"},\"query-input\":{\"@type\":\"PropertyValueSpecification\",\"valueRequired\":true,\"valueName\":\"search_term_string\"}}],\"inLanguage\":\"de-DE\"}]}<\/script>\n<!-- \/ Yoast SEO plugin. -->","yoast_head_json":{"title":"Naturpark Bellavista - Arbatax Park","robots":{"index":"index","follow":"follow","max-snippet":"max-snippet:-1","max-image-preview":"max-image-preview:large","max-video-preview":"max-video-preview:-1"},"canonical":"https:\/\/www.arbataxpark.com\/de\/naturpark-bellavista\/","og_locale":"de_DE","og_type":"article","og_title":"Naturpark Bellavista - Arbatax Park","og_description":"Der Naturpark Bellavista ist im Herzen der Provinz von Olgiastra. Die Halbinsel Bellavista ist eine Insel innerhalb einer Insel, eine Ecke des Paradieses mit noch unber\u00fchrter Natur in seiner wilden Sch\u00f6nheit. Innerhalb dieses Mikrokosmos\u2019 befindet sich der Naturpark Bellavista, welcher auf seinen ca. 40 Hektar Obdach f\u00fcr die typischen Tiere und Pflanzen der sardischen Flora [&hellip;]","og_url":"https:\/\/www.arbataxpark.com\/de\/naturpark-bellavista\/","og_site_name":"Arbatax Park","article_modified_time":"2026-02-27T11:33:50+00:00","twitter_card":"summary_large_image","twitter_misc":{"Gesch\u00e4tzte Lesezeit":"1 Minute"},"schema":{"@context":"https:\/\/schema.org","@graph":[{"@type":"WebPage","@id":"https:\/\/www.arbataxpark.com\/de\/naturpark-bellavista\/","url":"https:\/\/www.arbataxpark.com\/de\/naturpark-bellavista\/","name":"Naturpark Bellavista - Arbatax Park","isPartOf":{"@id":"https:\/\/www.arbataxpark.com\/de\/#website"},"datePublished":"2019-04-05T13:54:30+00:00","dateModified":"2026-02-27T11:33:50+00:00","breadcrumb":{"@id":"https:\/\/www.arbataxpark.com\/de\/naturpark-bellavista\/#breadcrumb"},"inLanguage":"de-DE","potentialAction":[{"@type":"ReadAction","target":["https:\/\/www.arbataxpark.com\/de\/naturpark-bellavista\/"]}]},{"@type":"BreadcrumbList","@id":"https:\/\/www.arbataxpark.com\/de\/naturpark-bellavista\/#breadcrumb","itemListElement":[{"@type":"ListItem","position":1,"name":"Home","item":"https:\/\/www.arbataxpark.com\/de\/"},{"@type":"ListItem","position":2,"name":"Naturpark Bellavista"}]},{"@type":"WebSite","@id":"https:\/\/www.arbataxpark.com\/de\/#website","url":"https:\/\/www.arbataxpark.com\/de\/","name":"Arbatax Park","description":"Just another ms.decms.eu site","potentialAction":[{"@type":"SearchAction","target":{"@type":"EntryPoint","urlTemplate":"https:\/\/www.arbataxpark.com\/de\/?s={search_term_string}"},"query-input":{"@type":"PropertyValueSpecification","valueRequired":true,"valueName":"search_term_string"}}],"inLanguage":"de-DE"}]}},"acf":[],"_links":{"self":[{"href":"https:\/\/www.arbataxpark.com\/de\/wp-json\/wp\/v2\/pages\/5240","targetHints":{"allow":["GET"]}}],"collection":[{"href":"https:\/\/www.arbataxpark.com\/de\/wp-json\/wp\/v2\/pages"}],"about":[{"href":"https:\/\/www.arbataxpark.com\/de\/wp-json\/wp\/v2\/types\/page"}],"author":[{"embeddable":true,"href":"https:\/\/www.arbataxpark.com\/de\/wp-json\/wp\/v2\/users\/21"}],"replies":[{"embeddable":true,"href":"https:\/\/www.arbataxpark.com\/de\/wp-json\/wp\/v2\/comments?post=5240"}],"version-history":[{"count":0,"href":"https:\/\/www.arbataxpark.com\/de\/wp-json\/wp\/v2\/pages\/5240\/revisions"}],"wp:attachment":[{"href":"https:\/\/www.arbataxpark.com\/de\/wp-json\/wp\/v2\/media?parent=5240"}],"curies":[{"name":"wp","href":"https:\/\/api.w.org\/{rel}","templated":true}]}}