{"id":5246,"date":"2019-03-20T10:04:01","date_gmt":"2019-03-20T10:04:01","guid":{"rendered":"http:\/\/arbatax-park-group.ms.decms.eu\/couples\/"},"modified":"2026-03-04T18:27:09","modified_gmt":"2026-03-04T18:27:09","slug":"paare","status":"publish","type":"page","link":"https:\/\/www.arbataxpark.com\/de\/paare\/","title":{"rendered":"Paare"},"content":{"rendered":"<div class=\"flex flex-col text-sm pb-25\">\n<article class=\"text-token-text-primary w-full focus:outline-none [--shadow-height:45px] has-data-writing-block:pointer-events-none has-data-writing-block:-mt-(--shadow-height) has-data-writing-block:pt-(--shadow-height) [&amp;:has([data-writing-block])&gt;*]:pointer-events-auto scroll-mt-[calc(var(--header-height)+min(200px,max(70px,20svh)))]\" dir=\"auto\" data-turn-id=\"request-699d8d72-fe30-832f-915d-6658cbae059b-45\" data-testid=\"conversation-turn-108\" data-scroll-anchor=\"true\" data-turn=\"assistant\">\n<div class=\"text-base my-auto mx-auto pb-10 [--thread-content-margin:--spacing(4)] @w-sm\/main:[--thread-content-margin:--spacing(6)] @w-lg\/main:[--thread-content-margin:--spacing(16)] px-(--thread-content-margin)\">\n<div class=\"[--thread-content-max-width:40rem] @w-lg\/main:[--thread-content-max-width:48rem] mx-auto max-w-(--thread-content-max-width) flex-1 group\/turn-messages focus-visible:outline-hidden relative flex w-full min-w-0 flex-col agent-turn\">\n<div class=\"flex max-w-full flex-col grow\">\n<div class=\"min-h-8 text-message relative flex w-full flex-col items-end gap-2 text-start break-words whitespace-normal [.text-message+&amp;]:mt-1\" dir=\"auto\" data-message-author-role=\"assistant\" data-message-id=\"e70a1a15-af3f-4e99-bfca-b508d94901bd\" data-message-model-slug=\"gpt-5-3\">\n<div class=\"flex w-full flex-col gap-1 empty:hidden first:pt-[1px]\">\n<div class=\"markdown prose dark:prose-invert w-full wrap-break-word light markdown-new-styling\">\n<p data-start=\"0\" data-end=\"365\">Die <strong data-start=\"4\" data-end=\"35\">traumhafte Lage des Resorts<\/strong> macht es zu einem besonderen Ort f\u00fcr Paare, die Entspannung und gemeinsame Erlebnisse suchen. Freuen Sie sich auf unvergessliche Momente \u2013 etwa bei einem <strong data-start=\"190\" data-end=\"240\">romantischen Dinner auf einer Panoramaterrasse<\/strong> oder bei einem Spaziergang durch den <strong data-start=\"278\" data-end=\"302\">Bellavista Naturpark<\/strong>, der mit seiner vielf\u00e4ltigen Tierwelt immer wieder \u00fcberrascht.<\/p>\n<p data-start=\"367\" data-end=\"681\" data-is-last-node=\"\" data-is-only-node=\"\">Auch das <strong data-start=\"376\" data-end=\"414\">Bellavista Wellness Thalasso &amp; SPA<\/strong> im oberen Bereich des Resorts l\u00e4dt dazu ein, den Alltag hinter sich zu lassen. Mit seinem herrlichen Ausblick und einer gro\u00dfen Auswahl an Behandlungen sowie regenerierenden Wasseranwendungen bietet es den perfekten Rahmen f\u00fcr Ruhe, Erholung und gemeinsame Auszeiten.<\/p>\n<\/div>\n<\/div>\n<\/div>\n<\/div>\n<div class=\"z-0 flex min-h-[46px] justify-start\"><\/div>\n<div class=\"mt-3 w-full empty:hidden\">\n<div class=\"text-center\"><\/div>\n<\/div>\n<\/div>\n<\/div>\n<\/article>\n<\/div>\n<div class=\"pointer-events-none h-px w-px absolute bottom-0\" aria-hidden=\"true\" data-edge=\"true\"><\/div>\n","protected":false},"excerpt":{"rendered":"<p>Die traumhafte Lage des Resorts macht es zu einem besonderen Ort f\u00fcr Paare, die Entspannung und gemeinsame Erlebnisse suchen. Freuen Sie sich auf unvergessliche Momente \u2013 etwa bei einem romantischen Dinner auf einer Panoramaterrasse oder bei einem Spaziergang durch den Bellavista Naturpark, der mit seiner vielf\u00e4ltigen Tierwelt immer wieder \u00fcberrascht. Auch das Bellavista Wellness Thalasso [&hellip;]<\/p>\n","protected":false},"author":18,"featured_media":0,"parent":0,"menu_order":5200,"comment_status":"closed","ping_status":"closed","template":"template-emotional.php","meta":{"footnotes":""},"class_list":["post-5246","page","type-page","status-publish","hentry"],"yoast_head":"<!-- This site is optimized with the Yoast SEO plugin v26.9 - https:\/\/yoast.com\/product\/yoast-seo-wordpress\/ -->\n<title>Paare - Arbatax Park<\/title>\n<meta name=\"robots\" content=\"index, follow, max-snippet:-1, max-image-preview:large, max-video-preview:-1\" \/>\n<link rel=\"canonical\" href=\"https:\/\/www.arbataxpark.com\/de\/paare\/\" \/>\n<meta property=\"og:locale\" content=\"de_DE\" \/>\n<meta property=\"og:type\" content=\"article\" \/>\n<meta property=\"og:title\" content=\"Paare - Arbatax Park\" \/>\n<meta property=\"og:description\" content=\"Die traumhafte Lage des Resorts macht es zu einem besonderen Ort f\u00fcr Paare, die Entspannung und gemeinsame Erlebnisse suchen. Freuen Sie sich auf unvergessliche Momente \u2013 etwa bei einem romantischen Dinner auf einer Panoramaterrasse oder bei einem Spaziergang durch den Bellavista Naturpark, der mit seiner vielf\u00e4ltigen Tierwelt immer wieder \u00fcberrascht. Auch das Bellavista Wellness Thalasso [&hellip;]\" \/>\n<meta property=\"og:url\" content=\"https:\/\/www.arbataxpark.com\/de\/paare\/\" \/>\n<meta property=\"og:site_name\" content=\"Arbatax Park\" \/>\n<meta property=\"article:modified_time\" content=\"2026-03-04T18:27:09+00:00\" \/>\n<meta name=\"twitter:card\" content=\"summary_large_image\" \/>\n<meta name=\"twitter:label1\" content=\"Gesch\u00e4tzte Lesezeit\" \/>\n\t<meta name=\"twitter:data1\" content=\"1 Minute\" \/>\n<script type=\"application\/ld+json\" class=\"yoast-schema-graph\">{\"@context\":\"https:\/\/schema.org\",\"@graph\":[{\"@type\":\"WebPage\",\"@id\":\"https:\/\/www.arbataxpark.com\/de\/paare\/\",\"url\":\"https:\/\/www.arbataxpark.com\/de\/paare\/\",\"name\":\"Paare - Arbatax Park\",\"isPartOf\":{\"@id\":\"https:\/\/www.arbataxpark.com\/de\/#website\"},\"datePublished\":\"2019-03-20T10:04:01+00:00\",\"dateModified\":\"2026-03-04T18:27:09+00:00\",\"breadcrumb\":{\"@id\":\"https:\/\/www.arbataxpark.com\/de\/paare\/#breadcrumb\"},\"inLanguage\":\"de-DE\",\"potentialAction\":[{\"@type\":\"ReadAction\",\"target\":[\"https:\/\/www.arbataxpark.com\/de\/paare\/\"]}]},{\"@type\":\"BreadcrumbList\",\"@id\":\"https:\/\/www.arbataxpark.com\/de\/paare\/#breadcrumb\",\"itemListElement\":[{\"@type\":\"ListItem\",\"position\":1,\"name\":\"Home\",\"item\":\"https:\/\/www.arbataxpark.com\/de\/\"},{\"@type\":\"ListItem\",\"position\":2,\"name\":\"Paare\"}]},{\"@type\":\"WebSite\",\"@id\":\"https:\/\/www.arbataxpark.com\/de\/#website\",\"url\":\"https:\/\/www.arbataxpark.com\/de\/\",\"name\":\"Arbatax Park\",\"description\":\"Just another ms.decms.eu site\",\"potentialAction\":[{\"@type\":\"SearchAction\",\"target\":{\"@type\":\"EntryPoint\",\"urlTemplate\":\"https:\/\/www.arbataxpark.com\/de\/?s={search_term_string}\"},\"query-input\":{\"@type\":\"PropertyValueSpecification\",\"valueRequired\":true,\"valueName\":\"search_term_string\"}}],\"inLanguage\":\"de-DE\"}]}<\/script>\n<!-- \/ Yoast SEO plugin. -->","yoast_head_json":{"title":"Paare - Arbatax Park","robots":{"index":"index","follow":"follow","max-snippet":"max-snippet:-1","max-image-preview":"max-image-preview:large","max-video-preview":"max-video-preview:-1"},"canonical":"https:\/\/www.arbataxpark.com\/de\/paare\/","og_locale":"de_DE","og_type":"article","og_title":"Paare - Arbatax Park","og_description":"Die traumhafte Lage des Resorts macht es zu einem besonderen Ort f\u00fcr Paare, die Entspannung und gemeinsame Erlebnisse suchen. Freuen Sie sich auf unvergessliche Momente \u2013 etwa bei einem romantischen Dinner auf einer Panoramaterrasse oder bei einem Spaziergang durch den Bellavista Naturpark, der mit seiner vielf\u00e4ltigen Tierwelt immer wieder \u00fcberrascht. Auch das Bellavista Wellness Thalasso [&hellip;]","og_url":"https:\/\/www.arbataxpark.com\/de\/paare\/","og_site_name":"Arbatax Park","article_modified_time":"2026-03-04T18:27:09+00:00","twitter_card":"summary_large_image","twitter_misc":{"Gesch\u00e4tzte Lesezeit":"1 Minute"},"schema":{"@context":"https:\/\/schema.org","@graph":[{"@type":"WebPage","@id":"https:\/\/www.arbataxpark.com\/de\/paare\/","url":"https:\/\/www.arbataxpark.com\/de\/paare\/","name":"Paare - Arbatax Park","isPartOf":{"@id":"https:\/\/www.arbataxpark.com\/de\/#website"},"datePublished":"2019-03-20T10:04:01+00:00","dateModified":"2026-03-04T18:27:09+00:00","breadcrumb":{"@id":"https:\/\/www.arbataxpark.com\/de\/paare\/#breadcrumb"},"inLanguage":"de-DE","potentialAction":[{"@type":"ReadAction","target":["https:\/\/www.arbataxpark.com\/de\/paare\/"]}]},{"@type":"BreadcrumbList","@id":"https:\/\/www.arbataxpark.com\/de\/paare\/#breadcrumb","itemListElement":[{"@type":"ListItem","position":1,"name":"Home","item":"https:\/\/www.arbataxpark.com\/de\/"},{"@type":"ListItem","position":2,"name":"Paare"}]},{"@type":"WebSite","@id":"https:\/\/www.arbataxpark.com\/de\/#website","url":"https:\/\/www.arbataxpark.com\/de\/","name":"Arbatax Park","description":"Just another ms.decms.eu site","potentialAction":[{"@type":"SearchAction","target":{"@type":"EntryPoint","urlTemplate":"https:\/\/www.arbataxpark.com\/de\/?s={search_term_string}"},"query-input":{"@type":"PropertyValueSpecification","valueRequired":true,"valueName":"search_term_string"}}],"inLanguage":"de-DE"}]}},"acf":[],"_links":{"self":[{"href":"https:\/\/www.arbataxpark.com\/de\/wp-json\/wp\/v2\/pages\/5246","targetHints":{"allow":["GET"]}}],"collection":[{"href":"https:\/\/www.arbataxpark.com\/de\/wp-json\/wp\/v2\/pages"}],"about":[{"href":"https:\/\/www.arbataxpark.com\/de\/wp-json\/wp\/v2\/types\/page"}],"author":[{"embeddable":true,"href":"https:\/\/www.arbataxpark.com\/de\/wp-json\/wp\/v2\/users\/18"}],"replies":[{"embeddable":true,"href":"https:\/\/www.arbataxpark.com\/de\/wp-json\/wp\/v2\/comments?post=5246"}],"version-history":[{"count":0,"href":"https:\/\/www.arbataxpark.com\/de\/wp-json\/wp\/v2\/pages\/5246\/revisions"}],"wp:attachment":[{"href":"https:\/\/www.arbataxpark.com\/de\/wp-json\/wp\/v2\/media?parent=5246"}],"curies":[{"name":"wp","href":"https:\/\/api.w.org\/{rel}","templated":true}]}}