{"id":5293,"date":"2019-03-20T10:04:14","date_gmt":"2019-03-20T10:04:14","guid":{"rendered":"http:\/\/arbatax-park-group.ms.decms.eu\/sport-fitness\/"},"modified":"2026-03-04T18:28:23","modified_gmt":"2026-03-04T18:28:23","slug":"sport-fitness","status":"publish","type":"page","link":"https:\/\/www.arbataxpark.com\/de\/sport-fitness\/","title":{"rendered":"Sport &amp; Fitness"},"content":{"rendered":"<p data-start=\"0\" data-end=\"349\">Im Resort stehen <strong data-start=\"17\" data-end=\"39\">neun Swimmingpools<\/strong> sowie zahlreiche <strong data-start=\"57\" data-end=\"85\">Sport- und Aktivbereiche<\/strong> zur Verf\u00fcgung, die sich \u00fcber die verschiedenen Zonen der Anlage verteilen. Im oberen Bereich des Villaggio befinden sich unter anderem <strong data-start=\"221\" data-end=\"242\">vier Tennispl\u00e4tze<\/strong>, <strong data-start=\"244\" data-end=\"264\">drei Padelpl\u00e4tze<\/strong>, ein <strong data-start=\"270\" data-end=\"286\">Fu\u00dfballplatz<\/strong>, <strong data-start=\"288\" data-end=\"308\">Volleyballfelder<\/strong> sowie ein Bereich f\u00fcr <strong data-start=\"331\" data-end=\"348\">Bogenschie\u00dfen<\/strong>.<\/p>\n<p data-start=\"351\" data-end=\"616\" data-is-last-node=\"\" data-is-only-node=\"\">Dar\u00fcber hinaus werden im <strong data-start=\"376\" data-end=\"398\">Borgo Cala Moresca<\/strong> und im <strong data-start=\"406\" data-end=\"415\">Telis<\/strong> regelm\u00e4\u00dfig Kurse wie <strong data-start=\"437\" data-end=\"469\">Aquagym, Aerobic, Stretching<\/strong> und <strong data-start=\"474\" data-end=\"503\">lateinamerikanischer Tanz<\/strong> angeboten. Auch <strong data-start=\"520\" data-end=\"540\">Wassersportarten<\/strong> wie <strong data-start=\"545\" data-end=\"574\">Tauchen, SUP und Flyboard<\/strong> geh\u00f6ren zum vielf\u00e4ltigen Freizeitangebot.<\/p>\n","protected":false},"excerpt":{"rendered":"<p>Im Resort stehen neun Swimmingpools sowie zahlreiche Sport- und Aktivbereiche zur Verf\u00fcgung, die sich \u00fcber die verschiedenen Zonen der Anlage verteilen. Im oberen Bereich des Villaggio befinden sich unter anderem vier Tennispl\u00e4tze, drei Padelpl\u00e4tze, ein Fu\u00dfballplatz, Volleyballfelder sowie ein Bereich f\u00fcr Bogenschie\u00dfen. Dar\u00fcber hinaus werden im Borgo Cala Moresca und im Telis regelm\u00e4\u00dfig Kurse wie [&hellip;]<\/p>\n","protected":false},"author":18,"featured_media":0,"parent":0,"menu_order":5300,"comment_status":"closed","ping_status":"closed","template":"template-emotional.php","meta":{"footnotes":""},"class_list":["post-5293","page","type-page","status-publish","hentry"],"yoast_head":"<!-- This site is optimized with the Yoast SEO plugin v26.9 - https:\/\/yoast.com\/product\/yoast-seo-wordpress\/ -->\n<title>Sport &amp; Fitness - Arbatax Park<\/title>\n<meta name=\"robots\" content=\"index, follow, max-snippet:-1, max-image-preview:large, max-video-preview:-1\" \/>\n<link rel=\"canonical\" href=\"https:\/\/www.arbataxpark.com\/de\/sport-fitness\/\" \/>\n<meta property=\"og:locale\" content=\"de_DE\" \/>\n<meta property=\"og:type\" content=\"article\" \/>\n<meta property=\"og:title\" content=\"Sport &amp; Fitness - Arbatax Park\" \/>\n<meta property=\"og:description\" content=\"Im Resort stehen neun Swimmingpools sowie zahlreiche Sport- und Aktivbereiche zur Verf\u00fcgung, die sich \u00fcber die verschiedenen Zonen der Anlage verteilen. Im oberen Bereich des Villaggio befinden sich unter anderem vier Tennispl\u00e4tze, drei Padelpl\u00e4tze, ein Fu\u00dfballplatz, Volleyballfelder sowie ein Bereich f\u00fcr Bogenschie\u00dfen. Dar\u00fcber hinaus werden im Borgo Cala Moresca und im Telis regelm\u00e4\u00dfig Kurse wie [&hellip;]\" \/>\n<meta property=\"og:url\" content=\"https:\/\/www.arbataxpark.com\/de\/sport-fitness\/\" \/>\n<meta property=\"og:site_name\" content=\"Arbatax Park\" \/>\n<meta property=\"article:modified_time\" content=\"2026-03-04T18:28:23+00:00\" \/>\n<meta name=\"twitter:card\" content=\"summary_large_image\" \/>\n<meta name=\"twitter:label1\" content=\"Gesch\u00e4tzte Lesezeit\" \/>\n\t<meta name=\"twitter:data1\" content=\"1 Minute\" \/>\n<script type=\"application\/ld+json\" class=\"yoast-schema-graph\">{\"@context\":\"https:\/\/schema.org\",\"@graph\":[{\"@type\":\"WebPage\",\"@id\":\"https:\/\/www.arbataxpark.com\/de\/sport-fitness\/\",\"url\":\"https:\/\/www.arbataxpark.com\/de\/sport-fitness\/\",\"name\":\"Sport &amp; Fitness - Arbatax Park\",\"isPartOf\":{\"@id\":\"https:\/\/www.arbataxpark.com\/de\/#website\"},\"datePublished\":\"2019-03-20T10:04:14+00:00\",\"dateModified\":\"2026-03-04T18:28:23+00:00\",\"breadcrumb\":{\"@id\":\"https:\/\/www.arbataxpark.com\/de\/sport-fitness\/#breadcrumb\"},\"inLanguage\":\"de-DE\",\"potentialAction\":[{\"@type\":\"ReadAction\",\"target\":[\"https:\/\/www.arbataxpark.com\/de\/sport-fitness\/\"]}]},{\"@type\":\"BreadcrumbList\",\"@id\":\"https:\/\/www.arbataxpark.com\/de\/sport-fitness\/#breadcrumb\",\"itemListElement\":[{\"@type\":\"ListItem\",\"position\":1,\"name\":\"Home\",\"item\":\"https:\/\/www.arbataxpark.com\/de\/\"},{\"@type\":\"ListItem\",\"position\":2,\"name\":\"Sport &amp; Fitness\"}]},{\"@type\":\"WebSite\",\"@id\":\"https:\/\/www.arbataxpark.com\/de\/#website\",\"url\":\"https:\/\/www.arbataxpark.com\/de\/\",\"name\":\"Arbatax Park\",\"description\":\"Just another ms.decms.eu site\",\"potentialAction\":[{\"@type\":\"SearchAction\",\"target\":{\"@type\":\"EntryPoint\",\"urlTemplate\":\"https:\/\/www.arbataxpark.com\/de\/?s={search_term_string}\"},\"query-input\":{\"@type\":\"PropertyValueSpecification\",\"valueRequired\":true,\"valueName\":\"search_term_string\"}}],\"inLanguage\":\"de-DE\"}]}<\/script>\n<!-- \/ Yoast SEO plugin. -->","yoast_head_json":{"title":"Sport &amp; Fitness - Arbatax Park","robots":{"index":"index","follow":"follow","max-snippet":"max-snippet:-1","max-image-preview":"max-image-preview:large","max-video-preview":"max-video-preview:-1"},"canonical":"https:\/\/www.arbataxpark.com\/de\/sport-fitness\/","og_locale":"de_DE","og_type":"article","og_title":"Sport &amp; Fitness - Arbatax Park","og_description":"Im Resort stehen neun Swimmingpools sowie zahlreiche Sport- und Aktivbereiche zur Verf\u00fcgung, die sich \u00fcber die verschiedenen Zonen der Anlage verteilen. Im oberen Bereich des Villaggio befinden sich unter anderem vier Tennispl\u00e4tze, drei Padelpl\u00e4tze, ein Fu\u00dfballplatz, Volleyballfelder sowie ein Bereich f\u00fcr Bogenschie\u00dfen. Dar\u00fcber hinaus werden im Borgo Cala Moresca und im Telis regelm\u00e4\u00dfig Kurse wie [&hellip;]","og_url":"https:\/\/www.arbataxpark.com\/de\/sport-fitness\/","og_site_name":"Arbatax Park","article_modified_time":"2026-03-04T18:28:23+00:00","twitter_card":"summary_large_image","twitter_misc":{"Gesch\u00e4tzte Lesezeit":"1 Minute"},"schema":{"@context":"https:\/\/schema.org","@graph":[{"@type":"WebPage","@id":"https:\/\/www.arbataxpark.com\/de\/sport-fitness\/","url":"https:\/\/www.arbataxpark.com\/de\/sport-fitness\/","name":"Sport &amp; Fitness - Arbatax Park","isPartOf":{"@id":"https:\/\/www.arbataxpark.com\/de\/#website"},"datePublished":"2019-03-20T10:04:14+00:00","dateModified":"2026-03-04T18:28:23+00:00","breadcrumb":{"@id":"https:\/\/www.arbataxpark.com\/de\/sport-fitness\/#breadcrumb"},"inLanguage":"de-DE","potentialAction":[{"@type":"ReadAction","target":["https:\/\/www.arbataxpark.com\/de\/sport-fitness\/"]}]},{"@type":"BreadcrumbList","@id":"https:\/\/www.arbataxpark.com\/de\/sport-fitness\/#breadcrumb","itemListElement":[{"@type":"ListItem","position":1,"name":"Home","item":"https:\/\/www.arbataxpark.com\/de\/"},{"@type":"ListItem","position":2,"name":"Sport &amp; Fitness"}]},{"@type":"WebSite","@id":"https:\/\/www.arbataxpark.com\/de\/#website","url":"https:\/\/www.arbataxpark.com\/de\/","name":"Arbatax Park","description":"Just another ms.decms.eu site","potentialAction":[{"@type":"SearchAction","target":{"@type":"EntryPoint","urlTemplate":"https:\/\/www.arbataxpark.com\/de\/?s={search_term_string}"},"query-input":{"@type":"PropertyValueSpecification","valueRequired":true,"valueName":"search_term_string"}}],"inLanguage":"de-DE"}]}},"acf":[],"_links":{"self":[{"href":"https:\/\/www.arbataxpark.com\/de\/wp-json\/wp\/v2\/pages\/5293","targetHints":{"allow":["GET"]}}],"collection":[{"href":"https:\/\/www.arbataxpark.com\/de\/wp-json\/wp\/v2\/pages"}],"about":[{"href":"https:\/\/www.arbataxpark.com\/de\/wp-json\/wp\/v2\/types\/page"}],"author":[{"embeddable":true,"href":"https:\/\/www.arbataxpark.com\/de\/wp-json\/wp\/v2\/users\/18"}],"replies":[{"embeddable":true,"href":"https:\/\/www.arbataxpark.com\/de\/wp-json\/wp\/v2\/comments?post=5293"}],"version-history":[{"count":0,"href":"https:\/\/www.arbataxpark.com\/de\/wp-json\/wp\/v2\/pages\/5293\/revisions"}],"wp:attachment":[{"href":"https:\/\/www.arbataxpark.com\/de\/wp-json\/wp\/v2\/media?parent=5293"}],"curies":[{"name":"wp","href":"https:\/\/api.w.org\/{rel}","templated":true}]}}