{"id":5319,"date":"2019-03-20T10:03:52","date_gmt":"2019-03-20T10:03:52","guid":{"rendered":"http:\/\/arbatax-park-group.ms.decms.eu\/bien-etre-relax\/"},"modified":"2026-03-04T18:25:46","modified_gmt":"2026-03-04T18:25:46","slug":"wellness-relax","status":"publish","type":"page","link":"https:\/\/www.arbataxpark.com\/de\/wellness-relax\/","title":{"rendered":"Wellness &amp; Relax"},"content":{"rendered":"<p data-start=\"0\" data-end=\"38\"><strong data-start=\"0\" data-end=\"38\">Bellavista Wellness Thalasso &amp; SPA<\/strong><\/p>\n<p data-start=\"40\" data-end=\"375\">Im Herzen der Halbinsel Bellavista, in panoramischer Lage und gut erreichbar von allen Hotels des Resorts, befindet sich das <strong data-start=\"165\" data-end=\"203\">Bellavista Wellness Thalasso &amp; SPA<\/strong>. Auf rund <strong data-start=\"214\" data-end=\"237\">2.000 Quadratmetern<\/strong> erwartet G\u00e4ste ein modernes Wellnesszentrum, in dem <strong data-start=\"290\" data-end=\"367\">Wasser das zentrale Element f\u00fcr Gesundheit, Regeneration und Wohlbefinden<\/strong> bildet.<\/p>\n<p data-start=\"377\" data-end=\"695\">Das Spa bietet eine Vielzahl an Anwendungen und Einrichtungen: <strong data-start=\"440\" data-end=\"570\">t\u00fcrkische Dampfb\u00e4der, Saunen, Erlebnisduschen, Hydromassagen, Wasserf\u00e4lle sowie Innen- und Au\u00dfenbecken mit S\u00fc\u00df- und Salzwasser<\/strong>. Erg\u00e4nzt wird das Angebot durch <strong data-start=\"603\" data-end=\"637\">Beauty-Treatments und Massagen<\/strong>, die ganz auf Entspannung und Erholung ausgerichtet sind.<\/p>\n<p data-start=\"697\" data-end=\"896\" data-is-last-node=\"\" data-is-only-node=\"\">Ein gro\u00dfz\u00fcgiger Poolbereich mit verschiedenen <strong data-start=\"743\" data-end=\"776\">Wasserwegen und Wasserspielen<\/strong> rundet das Wellnesserlebnis ab und l\u00e4dt dazu ein, K\u00f6rper und Geist in ruhiger Atmosph\u00e4re neue Energie tanken zu lassen.<\/p>\n","protected":false},"excerpt":{"rendered":"<p>Bellavista Wellness Thalasso &amp; SPA Im Herzen der Halbinsel Bellavista, in panoramischer Lage und gut erreichbar von allen Hotels des Resorts, befindet sich das Bellavista Wellness Thalasso &amp; SPA. Auf rund 2.000 Quadratmetern erwartet G\u00e4ste ein modernes Wellnesszentrum, in dem Wasser das zentrale Element f\u00fcr Gesundheit, Regeneration und Wohlbefinden bildet. Das Spa bietet eine Vielzahl [&hellip;]<\/p>\n","protected":false},"author":18,"featured_media":0,"parent":0,"menu_order":5100,"comment_status":"closed","ping_status":"closed","template":"template-emotional.php","meta":{"footnotes":""},"class_list":["post-5319","page","type-page","status-publish","hentry"],"yoast_head":"<!-- This site is optimized with the Yoast SEO plugin v26.9 - https:\/\/yoast.com\/product\/yoast-seo-wordpress\/ -->\n<title>Wellness &amp; Relax - Arbatax Park<\/title>\n<meta name=\"robots\" content=\"index, follow, max-snippet:-1, max-image-preview:large, max-video-preview:-1\" \/>\n<link rel=\"canonical\" href=\"https:\/\/www.arbataxpark.com\/de\/wellness-relax\/\" \/>\n<meta property=\"og:locale\" content=\"de_DE\" \/>\n<meta property=\"og:type\" content=\"article\" \/>\n<meta property=\"og:title\" content=\"Wellness &amp; Relax - Arbatax Park\" \/>\n<meta property=\"og:description\" content=\"Bellavista Wellness Thalasso &amp; SPA Im Herzen der Halbinsel Bellavista, in panoramischer Lage und gut erreichbar von allen Hotels des Resorts, befindet sich das Bellavista Wellness Thalasso &amp; SPA. Auf rund 2.000 Quadratmetern erwartet G\u00e4ste ein modernes Wellnesszentrum, in dem Wasser das zentrale Element f\u00fcr Gesundheit, Regeneration und Wohlbefinden bildet. Das Spa bietet eine Vielzahl [&hellip;]\" \/>\n<meta property=\"og:url\" content=\"https:\/\/www.arbataxpark.com\/de\/wellness-relax\/\" \/>\n<meta property=\"og:site_name\" content=\"Arbatax Park\" \/>\n<meta property=\"article:modified_time\" content=\"2026-03-04T18:25:46+00:00\" \/>\n<meta name=\"twitter:card\" content=\"summary_large_image\" \/>\n<meta name=\"twitter:label1\" content=\"Gesch\u00e4tzte Lesezeit\" \/>\n\t<meta name=\"twitter:data1\" content=\"1 Minute\" \/>\n<script type=\"application\/ld+json\" class=\"yoast-schema-graph\">{\"@context\":\"https:\/\/schema.org\",\"@graph\":[{\"@type\":\"WebPage\",\"@id\":\"https:\/\/www.arbataxpark.com\/de\/wellness-relax\/\",\"url\":\"https:\/\/www.arbataxpark.com\/de\/wellness-relax\/\",\"name\":\"Wellness &amp; Relax - Arbatax Park\",\"isPartOf\":{\"@id\":\"https:\/\/www.arbataxpark.com\/de\/#website\"},\"datePublished\":\"2019-03-20T10:03:52+00:00\",\"dateModified\":\"2026-03-04T18:25:46+00:00\",\"breadcrumb\":{\"@id\":\"https:\/\/www.arbataxpark.com\/de\/wellness-relax\/#breadcrumb\"},\"inLanguage\":\"de-DE\",\"potentialAction\":[{\"@type\":\"ReadAction\",\"target\":[\"https:\/\/www.arbataxpark.com\/de\/wellness-relax\/\"]}]},{\"@type\":\"BreadcrumbList\",\"@id\":\"https:\/\/www.arbataxpark.com\/de\/wellness-relax\/#breadcrumb\",\"itemListElement\":[{\"@type\":\"ListItem\",\"position\":1,\"name\":\"Home\",\"item\":\"https:\/\/www.arbataxpark.com\/de\/\"},{\"@type\":\"ListItem\",\"position\":2,\"name\":\"Wellness &amp; Relax\"}]},{\"@type\":\"WebSite\",\"@id\":\"https:\/\/www.arbataxpark.com\/de\/#website\",\"url\":\"https:\/\/www.arbataxpark.com\/de\/\",\"name\":\"Arbatax Park\",\"description\":\"Just another ms.decms.eu site\",\"potentialAction\":[{\"@type\":\"SearchAction\",\"target\":{\"@type\":\"EntryPoint\",\"urlTemplate\":\"https:\/\/www.arbataxpark.com\/de\/?s={search_term_string}\"},\"query-input\":{\"@type\":\"PropertyValueSpecification\",\"valueRequired\":true,\"valueName\":\"search_term_string\"}}],\"inLanguage\":\"de-DE\"}]}<\/script>\n<!-- \/ Yoast SEO plugin. -->","yoast_head_json":{"title":"Wellness &amp; Relax - Arbatax Park","robots":{"index":"index","follow":"follow","max-snippet":"max-snippet:-1","max-image-preview":"max-image-preview:large","max-video-preview":"max-video-preview:-1"},"canonical":"https:\/\/www.arbataxpark.com\/de\/wellness-relax\/","og_locale":"de_DE","og_type":"article","og_title":"Wellness &amp; Relax - Arbatax Park","og_description":"Bellavista Wellness Thalasso &amp; SPA Im Herzen der Halbinsel Bellavista, in panoramischer Lage und gut erreichbar von allen Hotels des Resorts, befindet sich das Bellavista Wellness Thalasso &amp; SPA. Auf rund 2.000 Quadratmetern erwartet G\u00e4ste ein modernes Wellnesszentrum, in dem Wasser das zentrale Element f\u00fcr Gesundheit, Regeneration und Wohlbefinden bildet. Das Spa bietet eine Vielzahl [&hellip;]","og_url":"https:\/\/www.arbataxpark.com\/de\/wellness-relax\/","og_site_name":"Arbatax Park","article_modified_time":"2026-03-04T18:25:46+00:00","twitter_card":"summary_large_image","twitter_misc":{"Gesch\u00e4tzte Lesezeit":"1 Minute"},"schema":{"@context":"https:\/\/schema.org","@graph":[{"@type":"WebPage","@id":"https:\/\/www.arbataxpark.com\/de\/wellness-relax\/","url":"https:\/\/www.arbataxpark.com\/de\/wellness-relax\/","name":"Wellness &amp; Relax - Arbatax Park","isPartOf":{"@id":"https:\/\/www.arbataxpark.com\/de\/#website"},"datePublished":"2019-03-20T10:03:52+00:00","dateModified":"2026-03-04T18:25:46+00:00","breadcrumb":{"@id":"https:\/\/www.arbataxpark.com\/de\/wellness-relax\/#breadcrumb"},"inLanguage":"de-DE","potentialAction":[{"@type":"ReadAction","target":["https:\/\/www.arbataxpark.com\/de\/wellness-relax\/"]}]},{"@type":"BreadcrumbList","@id":"https:\/\/www.arbataxpark.com\/de\/wellness-relax\/#breadcrumb","itemListElement":[{"@type":"ListItem","position":1,"name":"Home","item":"https:\/\/www.arbataxpark.com\/de\/"},{"@type":"ListItem","position":2,"name":"Wellness &amp; Relax"}]},{"@type":"WebSite","@id":"https:\/\/www.arbataxpark.com\/de\/#website","url":"https:\/\/www.arbataxpark.com\/de\/","name":"Arbatax Park","description":"Just another ms.decms.eu site","potentialAction":[{"@type":"SearchAction","target":{"@type":"EntryPoint","urlTemplate":"https:\/\/www.arbataxpark.com\/de\/?s={search_term_string}"},"query-input":{"@type":"PropertyValueSpecification","valueRequired":true,"valueName":"search_term_string"}}],"inLanguage":"de-DE"}]}},"acf":[],"_links":{"self":[{"href":"https:\/\/www.arbataxpark.com\/de\/wp-json\/wp\/v2\/pages\/5319","targetHints":{"allow":["GET"]}}],"collection":[{"href":"https:\/\/www.arbataxpark.com\/de\/wp-json\/wp\/v2\/pages"}],"about":[{"href":"https:\/\/www.arbataxpark.com\/de\/wp-json\/wp\/v2\/types\/page"}],"author":[{"embeddable":true,"href":"https:\/\/www.arbataxpark.com\/de\/wp-json\/wp\/v2\/users\/18"}],"replies":[{"embeddable":true,"href":"https:\/\/www.arbataxpark.com\/de\/wp-json\/wp\/v2\/comments?post=5319"}],"version-history":[{"count":0,"href":"https:\/\/www.arbataxpark.com\/de\/wp-json\/wp\/v2\/pages\/5319\/revisions"}],"wp:attachment":[{"href":"https:\/\/www.arbataxpark.com\/de\/wp-json\/wp\/v2\/media?parent=5319"}],"curies":[{"name":"wp","href":"https:\/\/api.w.org\/{rel}","templated":true}]}}