{"id":5351,"date":"2019-03-20T10:05:15","date_gmt":"2019-03-20T10:05:15","guid":{"rendered":"http:\/\/arbatax-park-group.ms.decms.eu\/vacances-en-famille\/"},"modified":"2026-03-04T18:14:45","modified_gmt":"2026-03-04T18:14:45","slug":"familienurlaub","status":"publish","type":"page","link":"https:\/\/www.arbataxpark.com\/de\/familienurlaub\/","title":{"rendered":"Familienurlaub"},"content":{"rendered":"<p data-start=\"0\" data-end=\"285\">Sie w\u00fcnschen sich einen Urlaub, in dem Sie wirklich <strong data-start=\"52\" data-end=\"73\">entspannen k\u00f6nnen<\/strong> \u2013 mit dem guten Gef\u00fchl, dass Ihre Kinder bestens betreut sind und die ganze Familie eine unvergessliche Zeit erlebt? Dann hei\u00dfen wir Sie im <strong data-start=\"214\" data-end=\"230\">Arbatax Park<\/strong>, dem familienfreundlichen Resort, herzlich willkommen.<\/p>\n<p data-start=\"287\" data-end=\"587\">Hier k\u00fcmmert sich ein erfahrenes und qualifiziertes Team um die kleinen G\u00e4ste. W\u00e4hrend Ihre Kinder spielen, entdecken und neue Freundschaften schlie\u00dfen, k\u00f6nnen Sie die Zeit ganz f\u00fcr sich nutzen \u2013 am Strand, in der Natur oder bei einem Moment der Ruhe im <strong data-start=\"541\" data-end=\"586\">Bellavista Wellness Thalasso &amp; SPA Center<\/strong>.<\/p>\n<p data-start=\"589\" data-end=\"794\" data-is-last-node=\"\" data-is-only-node=\"\">Lassen Sie sich von unseren Empfehlungen inspirieren und gestalten Sie Ihren Aufenthalt ganz nach Ihren W\u00fcnschen. W\u00e4hlen Sie eines unserer Hotels und <strong data-start=\"739\" data-end=\"793\">buchen Sie Ihren besonderen Urlaub im Arbatax Park<\/strong>.<\/p>\n","protected":false},"excerpt":{"rendered":"<p>Sie w\u00fcnschen sich einen Urlaub, in dem Sie wirklich entspannen k\u00f6nnen \u2013 mit dem guten Gef\u00fchl, dass Ihre Kinder bestens betreut sind und die ganze Familie eine unvergessliche Zeit erlebt? Dann hei\u00dfen wir Sie im Arbatax Park, dem familienfreundlichen Resort, herzlich willkommen. Hier k\u00fcmmert sich ein erfahrenes und qualifiziertes Team um die kleinen G\u00e4ste. W\u00e4hrend [&hellip;]<\/p>\n","protected":false},"author":18,"featured_media":0,"parent":0,"menu_order":5500,"comment_status":"closed","ping_status":"closed","template":"template-emotional.php","meta":{"footnotes":""},"class_list":["post-5351","page","type-page","status-publish","hentry"],"yoast_head":"<!-- This site is optimized with the Yoast SEO plugin v26.9 - https:\/\/yoast.com\/product\/yoast-seo-wordpress\/ -->\n<title>Familienurlaub - Arbatax Park<\/title>\n<meta name=\"robots\" content=\"index, follow, max-snippet:-1, max-image-preview:large, max-video-preview:-1\" \/>\n<link rel=\"canonical\" href=\"https:\/\/www.arbataxpark.com\/de\/familienurlaub\/\" \/>\n<meta property=\"og:locale\" content=\"de_DE\" \/>\n<meta property=\"og:type\" content=\"article\" \/>\n<meta property=\"og:title\" content=\"Familienurlaub - Arbatax Park\" \/>\n<meta property=\"og:description\" content=\"Sie w\u00fcnschen sich einen Urlaub, in dem Sie wirklich entspannen k\u00f6nnen \u2013 mit dem guten Gef\u00fchl, dass Ihre Kinder bestens betreut sind und die ganze Familie eine unvergessliche Zeit erlebt? Dann hei\u00dfen wir Sie im Arbatax Park, dem familienfreundlichen Resort, herzlich willkommen. Hier k\u00fcmmert sich ein erfahrenes und qualifiziertes Team um die kleinen G\u00e4ste. W\u00e4hrend [&hellip;]\" \/>\n<meta property=\"og:url\" content=\"https:\/\/www.arbataxpark.com\/de\/familienurlaub\/\" \/>\n<meta property=\"og:site_name\" content=\"Arbatax Park\" \/>\n<meta property=\"article:modified_time\" content=\"2026-03-04T18:14:45+00:00\" \/>\n<meta name=\"twitter:card\" content=\"summary_large_image\" \/>\n<meta name=\"twitter:label1\" content=\"Gesch\u00e4tzte Lesezeit\" \/>\n\t<meta name=\"twitter:data1\" content=\"1 Minute\" \/>\n<script type=\"application\/ld+json\" class=\"yoast-schema-graph\">{\"@context\":\"https:\/\/schema.org\",\"@graph\":[{\"@type\":\"WebPage\",\"@id\":\"https:\/\/www.arbataxpark.com\/de\/familienurlaub\/\",\"url\":\"https:\/\/www.arbataxpark.com\/de\/familienurlaub\/\",\"name\":\"Familienurlaub - Arbatax Park\",\"isPartOf\":{\"@id\":\"https:\/\/www.arbataxpark.com\/de\/#website\"},\"datePublished\":\"2019-03-20T10:05:15+00:00\",\"dateModified\":\"2026-03-04T18:14:45+00:00\",\"breadcrumb\":{\"@id\":\"https:\/\/www.arbataxpark.com\/de\/familienurlaub\/#breadcrumb\"},\"inLanguage\":\"de-DE\",\"potentialAction\":[{\"@type\":\"ReadAction\",\"target\":[\"https:\/\/www.arbataxpark.com\/de\/familienurlaub\/\"]}]},{\"@type\":\"BreadcrumbList\",\"@id\":\"https:\/\/www.arbataxpark.com\/de\/familienurlaub\/#breadcrumb\",\"itemListElement\":[{\"@type\":\"ListItem\",\"position\":1,\"name\":\"Home\",\"item\":\"https:\/\/www.arbataxpark.com\/de\/\"},{\"@type\":\"ListItem\",\"position\":2,\"name\":\"Familienurlaub\"}]},{\"@type\":\"WebSite\",\"@id\":\"https:\/\/www.arbataxpark.com\/de\/#website\",\"url\":\"https:\/\/www.arbataxpark.com\/de\/\",\"name\":\"Arbatax Park\",\"description\":\"Just another ms.decms.eu site\",\"potentialAction\":[{\"@type\":\"SearchAction\",\"target\":{\"@type\":\"EntryPoint\",\"urlTemplate\":\"https:\/\/www.arbataxpark.com\/de\/?s={search_term_string}\"},\"query-input\":{\"@type\":\"PropertyValueSpecification\",\"valueRequired\":true,\"valueName\":\"search_term_string\"}}],\"inLanguage\":\"de-DE\"}]}<\/script>\n<!-- \/ Yoast SEO plugin. -->","yoast_head_json":{"title":"Familienurlaub - Arbatax Park","robots":{"index":"index","follow":"follow","max-snippet":"max-snippet:-1","max-image-preview":"max-image-preview:large","max-video-preview":"max-video-preview:-1"},"canonical":"https:\/\/www.arbataxpark.com\/de\/familienurlaub\/","og_locale":"de_DE","og_type":"article","og_title":"Familienurlaub - Arbatax Park","og_description":"Sie w\u00fcnschen sich einen Urlaub, in dem Sie wirklich entspannen k\u00f6nnen \u2013 mit dem guten Gef\u00fchl, dass Ihre Kinder bestens betreut sind und die ganze Familie eine unvergessliche Zeit erlebt? Dann hei\u00dfen wir Sie im Arbatax Park, dem familienfreundlichen Resort, herzlich willkommen. Hier k\u00fcmmert sich ein erfahrenes und qualifiziertes Team um die kleinen G\u00e4ste. W\u00e4hrend [&hellip;]","og_url":"https:\/\/www.arbataxpark.com\/de\/familienurlaub\/","og_site_name":"Arbatax Park","article_modified_time":"2026-03-04T18:14:45+00:00","twitter_card":"summary_large_image","twitter_misc":{"Gesch\u00e4tzte Lesezeit":"1 Minute"},"schema":{"@context":"https:\/\/schema.org","@graph":[{"@type":"WebPage","@id":"https:\/\/www.arbataxpark.com\/de\/familienurlaub\/","url":"https:\/\/www.arbataxpark.com\/de\/familienurlaub\/","name":"Familienurlaub - Arbatax Park","isPartOf":{"@id":"https:\/\/www.arbataxpark.com\/de\/#website"},"datePublished":"2019-03-20T10:05:15+00:00","dateModified":"2026-03-04T18:14:45+00:00","breadcrumb":{"@id":"https:\/\/www.arbataxpark.com\/de\/familienurlaub\/#breadcrumb"},"inLanguage":"de-DE","potentialAction":[{"@type":"ReadAction","target":["https:\/\/www.arbataxpark.com\/de\/familienurlaub\/"]}]},{"@type":"BreadcrumbList","@id":"https:\/\/www.arbataxpark.com\/de\/familienurlaub\/#breadcrumb","itemListElement":[{"@type":"ListItem","position":1,"name":"Home","item":"https:\/\/www.arbataxpark.com\/de\/"},{"@type":"ListItem","position":2,"name":"Familienurlaub"}]},{"@type":"WebSite","@id":"https:\/\/www.arbataxpark.com\/de\/#website","url":"https:\/\/www.arbataxpark.com\/de\/","name":"Arbatax Park","description":"Just another ms.decms.eu site","potentialAction":[{"@type":"SearchAction","target":{"@type":"EntryPoint","urlTemplate":"https:\/\/www.arbataxpark.com\/de\/?s={search_term_string}"},"query-input":{"@type":"PropertyValueSpecification","valueRequired":true,"valueName":"search_term_string"}}],"inLanguage":"de-DE"}]}},"acf":[],"_links":{"self":[{"href":"https:\/\/www.arbataxpark.com\/de\/wp-json\/wp\/v2\/pages\/5351","targetHints":{"allow":["GET"]}}],"collection":[{"href":"https:\/\/www.arbataxpark.com\/de\/wp-json\/wp\/v2\/pages"}],"about":[{"href":"https:\/\/www.arbataxpark.com\/de\/wp-json\/wp\/v2\/types\/page"}],"author":[{"embeddable":true,"href":"https:\/\/www.arbataxpark.com\/de\/wp-json\/wp\/v2\/users\/18"}],"replies":[{"embeddable":true,"href":"https:\/\/www.arbataxpark.com\/de\/wp-json\/wp\/v2\/comments?post=5351"}],"version-history":[{"count":0,"href":"https:\/\/www.arbataxpark.com\/de\/wp-json\/wp\/v2\/pages\/5351\/revisions"}],"wp:attachment":[{"href":"https:\/\/www.arbataxpark.com\/de\/wp-json\/wp\/v2\/media?parent=5351"}],"curies":[{"name":"wp","href":"https:\/\/api.w.org\/{rel}","templated":true}]}}