{"id":5410,"date":"2019-04-08T11:49:44","date_gmt":"2019-04-08T11:49:44","guid":{"rendered":"http:\/\/arbatax-park-group.ms.decms.eu\/?page_id=5410"},"modified":"2026-03-04T17:55:40","modified_gmt":"2026-03-04T17:55:40","slug":"verkoestigung","status":"publish","type":"page","link":"https:\/\/www.arbataxpark.com\/de\/verkoestigung\/","title":{"rendered":"Verk\u00f6stigung"},"content":{"rendered":"<p>Der\u00a0<strong>Arbatax Park<\/strong>\u00a0bietet verschiedene Angebote:\u00a0<strong>\u00dcbernachtung mit Fr\u00fchst\u00fcck, Halbpension und Vollpension<\/strong>. Das Resort verf\u00fcgt \u00fcber 7 Restaurants mit internationaler, mediterraner und traditioneller sardischer K\u00fcche und 2 Pizzerien.<\/p>\n<p>Jedes Hotel hat sein eigenes Restaurant. Die G\u00e4ste, die in den Restaurants der anderen Hotels oder den ortstypischen Restaurants (Su Coile und La Vela) speisen m\u00f6chten, m\u00fcssen an der Rezeption ihres eigenen Hotels eine Reservierung vornehmen und entsprechende Kosten \u00fcbernehmen.<\/p>\n<a class=\"custom_btn view_map\" target=\"\"href=\"javascript:;\"><span class=\"tlid-translation translation\" lang=\"de\"><span class=\"\" title=\"\">auf der Karte sehen<\/span><\/span><\/a>\n","protected":false},"excerpt":{"rendered":"<p>Der\u00a0Arbatax Park\u00a0bietet verschiedene Angebote:\u00a0\u00dcbernachtung mit Fr\u00fchst\u00fcck, Halbpension und Vollpension. Das Resort verf\u00fcgt \u00fcber 7 Restaurants mit internationaler, mediterraner und traditioneller sardischer K\u00fcche und 2 Pizzerien. Jedes Hotel hat sein eigenes Restaurant. Die G\u00e4ste, die in den Restaurants der anderen Hotels oder den ortstypischen Restaurants (Su Coile und La Vela) speisen m\u00f6chten, m\u00fcssen an der Rezeption [&hellip;]<\/p>\n","protected":false},"author":21,"featured_media":0,"parent":0,"menu_order":1300,"comment_status":"closed","ping_status":"closed","template":"template-restaurants.php","meta":{"footnotes":""},"class_list":["post-5410","page","type-page","status-publish","hentry"],"yoast_head":"<!-- This site is optimized with the Yoast SEO plugin v26.9 - https:\/\/yoast.com\/product\/yoast-seo-wordpress\/ -->\n<title>Verk\u00f6stigung - Arbatax Park<\/title>\n<meta name=\"robots\" content=\"index, follow, max-snippet:-1, max-image-preview:large, max-video-preview:-1\" \/>\n<link rel=\"canonical\" href=\"https:\/\/www.arbataxpark.com\/de\/verkoestigung\/\" \/>\n<meta property=\"og:locale\" content=\"de_DE\" \/>\n<meta property=\"og:type\" content=\"article\" \/>\n<meta property=\"og:title\" content=\"Verk\u00f6stigung - Arbatax Park\" \/>\n<meta property=\"og:description\" content=\"Der\u00a0Arbatax Park\u00a0bietet verschiedene Angebote:\u00a0\u00dcbernachtung mit Fr\u00fchst\u00fcck, Halbpension und Vollpension. Das Resort verf\u00fcgt \u00fcber 7 Restaurants mit internationaler, mediterraner und traditioneller sardischer K\u00fcche und 2 Pizzerien. Jedes Hotel hat sein eigenes Restaurant. Die G\u00e4ste, die in den Restaurants der anderen Hotels oder den ortstypischen Restaurants (Su Coile und La Vela) speisen m\u00f6chten, m\u00fcssen an der Rezeption [&hellip;]\" \/>\n<meta property=\"og:url\" content=\"https:\/\/www.arbataxpark.com\/de\/verkoestigung\/\" \/>\n<meta property=\"og:site_name\" content=\"Arbatax Park\" \/>\n<meta property=\"article:modified_time\" content=\"2026-03-04T17:55:40+00:00\" \/>\n<meta name=\"twitter:card\" content=\"summary_large_image\" \/>\n<meta name=\"twitter:label1\" content=\"Gesch\u00e4tzte Lesezeit\" \/>\n\t<meta name=\"twitter:data1\" content=\"1 Minute\" \/>\n<script type=\"application\/ld+json\" class=\"yoast-schema-graph\">{\"@context\":\"https:\/\/schema.org\",\"@graph\":[{\"@type\":\"WebPage\",\"@id\":\"https:\/\/www.arbataxpark.com\/de\/verkoestigung\/\",\"url\":\"https:\/\/www.arbataxpark.com\/de\/verkoestigung\/\",\"name\":\"Verk\u00f6stigung - Arbatax Park\",\"isPartOf\":{\"@id\":\"https:\/\/www.arbataxpark.com\/de\/#website\"},\"datePublished\":\"2019-04-08T11:49:44+00:00\",\"dateModified\":\"2026-03-04T17:55:40+00:00\",\"breadcrumb\":{\"@id\":\"https:\/\/www.arbataxpark.com\/de\/verkoestigung\/#breadcrumb\"},\"inLanguage\":\"de-DE\",\"potentialAction\":[{\"@type\":\"ReadAction\",\"target\":[\"https:\/\/www.arbataxpark.com\/de\/verkoestigung\/\"]}]},{\"@type\":\"BreadcrumbList\",\"@id\":\"https:\/\/www.arbataxpark.com\/de\/verkoestigung\/#breadcrumb\",\"itemListElement\":[{\"@type\":\"ListItem\",\"position\":1,\"name\":\"Home\",\"item\":\"https:\/\/www.arbataxpark.com\/de\/\"},{\"@type\":\"ListItem\",\"position\":2,\"name\":\"Verk\u00f6stigung\"}]},{\"@type\":\"WebSite\",\"@id\":\"https:\/\/www.arbataxpark.com\/de\/#website\",\"url\":\"https:\/\/www.arbataxpark.com\/de\/\",\"name\":\"Arbatax Park\",\"description\":\"Just another ms.decms.eu site\",\"potentialAction\":[{\"@type\":\"SearchAction\",\"target\":{\"@type\":\"EntryPoint\",\"urlTemplate\":\"https:\/\/www.arbataxpark.com\/de\/?s={search_term_string}\"},\"query-input\":{\"@type\":\"PropertyValueSpecification\",\"valueRequired\":true,\"valueName\":\"search_term_string\"}}],\"inLanguage\":\"de-DE\"}]}<\/script>\n<!-- \/ Yoast SEO plugin. -->","yoast_head_json":{"title":"Verk\u00f6stigung - Arbatax Park","robots":{"index":"index","follow":"follow","max-snippet":"max-snippet:-1","max-image-preview":"max-image-preview:large","max-video-preview":"max-video-preview:-1"},"canonical":"https:\/\/www.arbataxpark.com\/de\/verkoestigung\/","og_locale":"de_DE","og_type":"article","og_title":"Verk\u00f6stigung - Arbatax Park","og_description":"Der\u00a0Arbatax Park\u00a0bietet verschiedene Angebote:\u00a0\u00dcbernachtung mit Fr\u00fchst\u00fcck, Halbpension und Vollpension. Das Resort verf\u00fcgt \u00fcber 7 Restaurants mit internationaler, mediterraner und traditioneller sardischer K\u00fcche und 2 Pizzerien. Jedes Hotel hat sein eigenes Restaurant. Die G\u00e4ste, die in den Restaurants der anderen Hotels oder den ortstypischen Restaurants (Su Coile und La Vela) speisen m\u00f6chten, m\u00fcssen an der Rezeption [&hellip;]","og_url":"https:\/\/www.arbataxpark.com\/de\/verkoestigung\/","og_site_name":"Arbatax Park","article_modified_time":"2026-03-04T17:55:40+00:00","twitter_card":"summary_large_image","twitter_misc":{"Gesch\u00e4tzte Lesezeit":"1 Minute"},"schema":{"@context":"https:\/\/schema.org","@graph":[{"@type":"WebPage","@id":"https:\/\/www.arbataxpark.com\/de\/verkoestigung\/","url":"https:\/\/www.arbataxpark.com\/de\/verkoestigung\/","name":"Verk\u00f6stigung - Arbatax Park","isPartOf":{"@id":"https:\/\/www.arbataxpark.com\/de\/#website"},"datePublished":"2019-04-08T11:49:44+00:00","dateModified":"2026-03-04T17:55:40+00:00","breadcrumb":{"@id":"https:\/\/www.arbataxpark.com\/de\/verkoestigung\/#breadcrumb"},"inLanguage":"de-DE","potentialAction":[{"@type":"ReadAction","target":["https:\/\/www.arbataxpark.com\/de\/verkoestigung\/"]}]},{"@type":"BreadcrumbList","@id":"https:\/\/www.arbataxpark.com\/de\/verkoestigung\/#breadcrumb","itemListElement":[{"@type":"ListItem","position":1,"name":"Home","item":"https:\/\/www.arbataxpark.com\/de\/"},{"@type":"ListItem","position":2,"name":"Verk\u00f6stigung"}]},{"@type":"WebSite","@id":"https:\/\/www.arbataxpark.com\/de\/#website","url":"https:\/\/www.arbataxpark.com\/de\/","name":"Arbatax Park","description":"Just another ms.decms.eu site","potentialAction":[{"@type":"SearchAction","target":{"@type":"EntryPoint","urlTemplate":"https:\/\/www.arbataxpark.com\/de\/?s={search_term_string}"},"query-input":{"@type":"PropertyValueSpecification","valueRequired":true,"valueName":"search_term_string"}}],"inLanguage":"de-DE"}]}},"acf":[],"_links":{"self":[{"href":"https:\/\/www.arbataxpark.com\/de\/wp-json\/wp\/v2\/pages\/5410","targetHints":{"allow":["GET"]}}],"collection":[{"href":"https:\/\/www.arbataxpark.com\/de\/wp-json\/wp\/v2\/pages"}],"about":[{"href":"https:\/\/www.arbataxpark.com\/de\/wp-json\/wp\/v2\/types\/page"}],"author":[{"embeddable":true,"href":"https:\/\/www.arbataxpark.com\/de\/wp-json\/wp\/v2\/users\/21"}],"replies":[{"embeddable":true,"href":"https:\/\/www.arbataxpark.com\/de\/wp-json\/wp\/v2\/comments?post=5410"}],"version-history":[{"count":0,"href":"https:\/\/www.arbataxpark.com\/de\/wp-json\/wp\/v2\/pages\/5410\/revisions"}],"wp:attachment":[{"href":"https:\/\/www.arbataxpark.com\/de\/wp-json\/wp\/v2\/media?parent=5410"}],"curies":[{"name":"wp","href":"https:\/\/api.w.org\/{rel}","templated":true}]}}