{"id":5533,"date":"2019-04-08T14:49:19","date_gmt":"2019-04-08T14:49:19","guid":{"rendered":"http:\/\/arbatax-park-group.ms.decms.eu\/?page_id=5533"},"modified":"2026-03-04T17:53:17","modified_gmt":"2026-03-04T17:53:17","slug":"meer","status":"publish","type":"page","link":"https:\/\/www.arbataxpark.com\/de\/meer\/","title":{"rendered":"Meer"},"content":{"rendered":"<p data-start=\"0\" data-end=\"314\">Der <strong data-start=\"4\" data-end=\"20\">Arbatax Park<\/strong> liegt direkt am Meer der <strong data-start=\"46\" data-end=\"59\">Ogliastra<\/strong>, das zu den sch\u00f6nsten K\u00fcsten des Mittelmeers z\u00e4hlt. Ganz in der N\u00e4he befinden sich die spektakul\u00e4ren Buchten des <strong data-start=\"173\" data-end=\"200\">Meeresparks Monte Santo<\/strong>, die bereits Kulisse f\u00fcr bekannte Filme waren und immer wieder als Motiv f\u00fcr internationale Fotoshootings dienen.<\/p>\n<p data-start=\"316\" data-end=\"724\">Die K\u00fcste rund um das Resort ist wild und abwechslungsreich: kleine Buchten reihen sich aneinander \u2013 einige mit feinem Sand, eingerahmt von glatten Granitbl\u00f6cken und rotem Porphyr, andere mit Felsen, Kieseln und nat\u00fcrlichen Salzwasserbecken. G\u00e4ste finden hier Sandterrassen mit Blick auf das Meer, kleine Str\u00e4nde sowie h\u00f6lzerne Sonnenterrassen, ausgestattet mit Sonnenschirmen, Liegest\u00fchlen und Sonnenliegen.<\/p>\n<p data-start=\"726\" data-end=\"933\">Zum Resort geh\u00f6rt au\u00dferdem eine eigene Strandkonzession am wundersch\u00f6nen <strong data-start=\"799\" data-end=\"818\">Strand von Orr\u00ec<\/strong>, wo Sonnenschirme und Liegen zur Verf\u00fcgung stehen. Der Service kann \u00fcber das <strong data-start=\"896\" data-end=\"917\">Excursions Office<\/strong> gebucht werden.<\/p>\n<p data-start=\"935\" data-end=\"1012\">Das Meer ist je nach Lage der Zimmer <strong data-start=\"972\" data-end=\"1002\">zwischen 10 und 500 Metern<\/strong> entfernt.<\/p>\n<p data-start=\"1014\" data-end=\"1133\" data-is-last-node=\"\" data-is-only-node=\"\">Dar\u00fcber hinaus werden <strong data-start=\"1036\" data-end=\"1094\">t\u00e4gliche Ausfl\u00fcge zu den sch\u00f6nsten Str\u00e4nden der Region<\/strong> angeboten (gegen eine geringe Geb\u00fchr).<\/p>\n<a class=\"custom_btn view_map\" target=\"\"href=\"javascript:;\"><span class=\"tlid-translation translation\" lang=\"de\"><span class=\"\" title=\"\">auf der Karte sehen<\/span><\/span><\/a>\n","protected":false},"excerpt":{"rendered":"<p>Der Arbatax Park liegt direkt am Meer der Ogliastra, das zu den sch\u00f6nsten K\u00fcsten des Mittelmeers z\u00e4hlt. Ganz in der N\u00e4he befinden sich die spektakul\u00e4ren Buchten des Meeresparks Monte Santo, die bereits Kulisse f\u00fcr bekannte Filme waren und immer wieder als Motiv f\u00fcr internationale Fotoshootings dienen. Die K\u00fcste rund um das Resort ist wild und [&hellip;]<\/p>\n","protected":false},"author":21,"featured_media":0,"parent":0,"menu_order":1100,"comment_status":"closed","ping_status":"closed","template":"template-sea.php","meta":{"footnotes":""},"class_list":["post-5533","page","type-page","status-publish","hentry"],"yoast_head":"<!-- This site is optimized with the Yoast SEO plugin v26.9 - https:\/\/yoast.com\/product\/yoast-seo-wordpress\/ -->\n<title>Meer - Arbatax Park<\/title>\n<meta name=\"robots\" content=\"index, follow, max-snippet:-1, max-image-preview:large, max-video-preview:-1\" \/>\n<link rel=\"canonical\" href=\"https:\/\/www.arbataxpark.com\/de\/meer\/\" \/>\n<meta property=\"og:locale\" content=\"de_DE\" \/>\n<meta property=\"og:type\" content=\"article\" \/>\n<meta property=\"og:title\" content=\"Meer - Arbatax Park\" \/>\n<meta property=\"og:description\" content=\"Der Arbatax Park liegt direkt am Meer der Ogliastra, das zu den sch\u00f6nsten K\u00fcsten des Mittelmeers z\u00e4hlt. Ganz in der N\u00e4he befinden sich die spektakul\u00e4ren Buchten des Meeresparks Monte Santo, die bereits Kulisse f\u00fcr bekannte Filme waren und immer wieder als Motiv f\u00fcr internationale Fotoshootings dienen. Die K\u00fcste rund um das Resort ist wild und [&hellip;]\" \/>\n<meta property=\"og:url\" content=\"https:\/\/www.arbataxpark.com\/de\/meer\/\" \/>\n<meta property=\"og:site_name\" content=\"Arbatax Park\" \/>\n<meta property=\"article:modified_time\" content=\"2026-03-04T17:53:17+00:00\" \/>\n<meta name=\"twitter:card\" content=\"summary_large_image\" \/>\n<meta name=\"twitter:label1\" content=\"Gesch\u00e4tzte Lesezeit\" \/>\n\t<meta name=\"twitter:data1\" content=\"1 Minute\" \/>\n<script type=\"application\/ld+json\" class=\"yoast-schema-graph\">{\"@context\":\"https:\/\/schema.org\",\"@graph\":[{\"@type\":\"WebPage\",\"@id\":\"https:\/\/www.arbataxpark.com\/de\/meer\/\",\"url\":\"https:\/\/www.arbataxpark.com\/de\/meer\/\",\"name\":\"Meer - Arbatax Park\",\"isPartOf\":{\"@id\":\"https:\/\/www.arbataxpark.com\/de\/#website\"},\"datePublished\":\"2019-04-08T14:49:19+00:00\",\"dateModified\":\"2026-03-04T17:53:17+00:00\",\"breadcrumb\":{\"@id\":\"https:\/\/www.arbataxpark.com\/de\/meer\/#breadcrumb\"},\"inLanguage\":\"de-DE\",\"potentialAction\":[{\"@type\":\"ReadAction\",\"target\":[\"https:\/\/www.arbataxpark.com\/de\/meer\/\"]}]},{\"@type\":\"BreadcrumbList\",\"@id\":\"https:\/\/www.arbataxpark.com\/de\/meer\/#breadcrumb\",\"itemListElement\":[{\"@type\":\"ListItem\",\"position\":1,\"name\":\"Home\",\"item\":\"https:\/\/www.arbataxpark.com\/de\/\"},{\"@type\":\"ListItem\",\"position\":2,\"name\":\"Meer\"}]},{\"@type\":\"WebSite\",\"@id\":\"https:\/\/www.arbataxpark.com\/de\/#website\",\"url\":\"https:\/\/www.arbataxpark.com\/de\/\",\"name\":\"Arbatax Park\",\"description\":\"Just another ms.decms.eu site\",\"potentialAction\":[{\"@type\":\"SearchAction\",\"target\":{\"@type\":\"EntryPoint\",\"urlTemplate\":\"https:\/\/www.arbataxpark.com\/de\/?s={search_term_string}\"},\"query-input\":{\"@type\":\"PropertyValueSpecification\",\"valueRequired\":true,\"valueName\":\"search_term_string\"}}],\"inLanguage\":\"de-DE\"}]}<\/script>\n<!-- \/ Yoast SEO plugin. -->","yoast_head_json":{"title":"Meer - Arbatax Park","robots":{"index":"index","follow":"follow","max-snippet":"max-snippet:-1","max-image-preview":"max-image-preview:large","max-video-preview":"max-video-preview:-1"},"canonical":"https:\/\/www.arbataxpark.com\/de\/meer\/","og_locale":"de_DE","og_type":"article","og_title":"Meer - Arbatax Park","og_description":"Der Arbatax Park liegt direkt am Meer der Ogliastra, das zu den sch\u00f6nsten K\u00fcsten des Mittelmeers z\u00e4hlt. Ganz in der N\u00e4he befinden sich die spektakul\u00e4ren Buchten des Meeresparks Monte Santo, die bereits Kulisse f\u00fcr bekannte Filme waren und immer wieder als Motiv f\u00fcr internationale Fotoshootings dienen. Die K\u00fcste rund um das Resort ist wild und [&hellip;]","og_url":"https:\/\/www.arbataxpark.com\/de\/meer\/","og_site_name":"Arbatax Park","article_modified_time":"2026-03-04T17:53:17+00:00","twitter_card":"summary_large_image","twitter_misc":{"Gesch\u00e4tzte Lesezeit":"1 Minute"},"schema":{"@context":"https:\/\/schema.org","@graph":[{"@type":"WebPage","@id":"https:\/\/www.arbataxpark.com\/de\/meer\/","url":"https:\/\/www.arbataxpark.com\/de\/meer\/","name":"Meer - Arbatax Park","isPartOf":{"@id":"https:\/\/www.arbataxpark.com\/de\/#website"},"datePublished":"2019-04-08T14:49:19+00:00","dateModified":"2026-03-04T17:53:17+00:00","breadcrumb":{"@id":"https:\/\/www.arbataxpark.com\/de\/meer\/#breadcrumb"},"inLanguage":"de-DE","potentialAction":[{"@type":"ReadAction","target":["https:\/\/www.arbataxpark.com\/de\/meer\/"]}]},{"@type":"BreadcrumbList","@id":"https:\/\/www.arbataxpark.com\/de\/meer\/#breadcrumb","itemListElement":[{"@type":"ListItem","position":1,"name":"Home","item":"https:\/\/www.arbataxpark.com\/de\/"},{"@type":"ListItem","position":2,"name":"Meer"}]},{"@type":"WebSite","@id":"https:\/\/www.arbataxpark.com\/de\/#website","url":"https:\/\/www.arbataxpark.com\/de\/","name":"Arbatax Park","description":"Just another ms.decms.eu site","potentialAction":[{"@type":"SearchAction","target":{"@type":"EntryPoint","urlTemplate":"https:\/\/www.arbataxpark.com\/de\/?s={search_term_string}"},"query-input":{"@type":"PropertyValueSpecification","valueRequired":true,"valueName":"search_term_string"}}],"inLanguage":"de-DE"}]}},"acf":[],"_links":{"self":[{"href":"https:\/\/www.arbataxpark.com\/de\/wp-json\/wp\/v2\/pages\/5533","targetHints":{"allow":["GET"]}}],"collection":[{"href":"https:\/\/www.arbataxpark.com\/de\/wp-json\/wp\/v2\/pages"}],"about":[{"href":"https:\/\/www.arbataxpark.com\/de\/wp-json\/wp\/v2\/types\/page"}],"author":[{"embeddable":true,"href":"https:\/\/www.arbataxpark.com\/de\/wp-json\/wp\/v2\/users\/21"}],"replies":[{"embeddable":true,"href":"https:\/\/www.arbataxpark.com\/de\/wp-json\/wp\/v2\/comments?post=5533"}],"version-history":[{"count":0,"href":"https:\/\/www.arbataxpark.com\/de\/wp-json\/wp\/v2\/pages\/5533\/revisions"}],"wp:attachment":[{"href":"https:\/\/www.arbataxpark.com\/de\/wp-json\/wp\/v2\/media?parent=5533"}],"curies":[{"name":"wp","href":"https:\/\/api.w.org\/{rel}","templated":true}]}}