{"id":5681,"date":"2019-04-09T09:02:50","date_gmt":"2019-04-09T09:02:50","guid":{"rendered":"http:\/\/arbatax-park-group.ms.decms.eu\/?page_id=5681"},"modified":"2026-03-04T16:43:19","modified_gmt":"2026-03-04T16:43:19","slug":"wellnesscenter-spa-bellavista","status":"publish","type":"page","link":"https:\/\/www.arbataxpark.com\/de\/wellnesscenter-spa-bellavista\/","title":{"rendered":"Wellnesscenter &amp; SPA Bellavista"},"content":{"rendered":"<p><strong>Das Wellnesscenter &amp; SPA Bellavista<\/strong> befindet sich innerhalb des Arbatax Park Resorts, einer 60 Hektar gro\u00dfen Anlage mit 7 Hotels, mit Blick auf die wundersch\u00f6ne Ostk\u00fcste von Ogliastra, Sardinien.<\/p>\n<p>Es entstand 2010 aus dem Umbau des avantgardistischsten <strong>Reitsportzentrums<\/strong> in Europa, das in der Vergangenheit bis zu 60 Pferde aller Rassen beherbergte. Heute kann man auf der Terrasse am Eingang des SPA, die den gro\u00dfen Au\u00dfenpool des Wellness-Centers \u00fcberblickt, <strong>die k\u00fcnstlerische Arbeit eines Pferdekopfes <\/strong>bewundern, die an die Urspr\u00fcnge dieses Ortes erinnert.<\/p>\n<p>&nbsp;<\/p>\n","protected":false},"excerpt":{"rendered":"<p>Das Wellnesscenter &amp; SPA Bellavista befindet sich innerhalb des Arbatax Park Resorts, einer 60 Hektar gro\u00dfen Anlage mit 7 Hotels, mit Blick auf die wundersch\u00f6ne Ostk\u00fcste von Ogliastra, Sardinien. Es entstand 2010 aus dem Umbau des avantgardistischsten Reitsportzentrums in Europa, das in der Vergangenheit bis zu 60 Pferde aller Rassen beherbergte. Heute kann man auf [&hellip;]<\/p>\n","protected":false},"author":21,"featured_media":0,"parent":0,"menu_order":600,"comment_status":"closed","ping_status":"closed","template":"","meta":{"footnotes":""},"class_list":["post-5681","page","type-page","status-publish","hentry"],"yoast_head":"<!-- This site is optimized with the Yoast SEO plugin v26.9 - https:\/\/yoast.com\/product\/yoast-seo-wordpress\/ -->\n<title>Wellnesscenter &amp; SPA Bellavista - Arbatax Park<\/title>\n<meta name=\"robots\" content=\"index, follow, max-snippet:-1, max-image-preview:large, max-video-preview:-1\" \/>\n<link rel=\"canonical\" href=\"https:\/\/www.arbataxpark.com\/de\/wellnesscenter-spa-bellavista\/\" \/>\n<meta property=\"og:locale\" content=\"de_DE\" \/>\n<meta property=\"og:type\" content=\"article\" \/>\n<meta property=\"og:title\" content=\"Wellnesscenter &amp; SPA Bellavista - Arbatax Park\" \/>\n<meta property=\"og:description\" content=\"Das Wellnesscenter &amp; SPA Bellavista befindet sich innerhalb des Arbatax Park Resorts, einer 60 Hektar gro\u00dfen Anlage mit 7 Hotels, mit Blick auf die wundersch\u00f6ne Ostk\u00fcste von Ogliastra, Sardinien. Es entstand 2010 aus dem Umbau des avantgardistischsten Reitsportzentrums in Europa, das in der Vergangenheit bis zu 60 Pferde aller Rassen beherbergte. Heute kann man auf [&hellip;]\" \/>\n<meta property=\"og:url\" content=\"https:\/\/www.arbataxpark.com\/de\/wellnesscenter-spa-bellavista\/\" \/>\n<meta property=\"og:site_name\" content=\"Arbatax Park\" \/>\n<meta property=\"article:modified_time\" content=\"2026-03-04T16:43:19+00:00\" \/>\n<meta name=\"twitter:card\" content=\"summary_large_image\" \/>\n<meta name=\"twitter:label1\" content=\"Gesch\u00e4tzte Lesezeit\" \/>\n\t<meta name=\"twitter:data1\" content=\"1 Minute\" \/>\n<script type=\"application\/ld+json\" class=\"yoast-schema-graph\">{\"@context\":\"https:\/\/schema.org\",\"@graph\":[{\"@type\":\"WebPage\",\"@id\":\"https:\/\/www.arbataxpark.com\/de\/wellnesscenter-spa-bellavista\/\",\"url\":\"https:\/\/www.arbataxpark.com\/de\/wellnesscenter-spa-bellavista\/\",\"name\":\"Wellnesscenter &amp; SPA Bellavista - Arbatax Park\",\"isPartOf\":{\"@id\":\"https:\/\/www.arbataxpark.com\/de\/#website\"},\"datePublished\":\"2019-04-09T09:02:50+00:00\",\"dateModified\":\"2026-03-04T16:43:19+00:00\",\"breadcrumb\":{\"@id\":\"https:\/\/www.arbataxpark.com\/de\/wellnesscenter-spa-bellavista\/#breadcrumb\"},\"inLanguage\":\"de-DE\",\"potentialAction\":[{\"@type\":\"ReadAction\",\"target\":[\"https:\/\/www.arbataxpark.com\/de\/wellnesscenter-spa-bellavista\/\"]}]},{\"@type\":\"BreadcrumbList\",\"@id\":\"https:\/\/www.arbataxpark.com\/de\/wellnesscenter-spa-bellavista\/#breadcrumb\",\"itemListElement\":[{\"@type\":\"ListItem\",\"position\":1,\"name\":\"Home\",\"item\":\"https:\/\/www.arbataxpark.com\/de\/\"},{\"@type\":\"ListItem\",\"position\":2,\"name\":\"Wellnesscenter &amp; SPA Bellavista\"}]},{\"@type\":\"WebSite\",\"@id\":\"https:\/\/www.arbataxpark.com\/de\/#website\",\"url\":\"https:\/\/www.arbataxpark.com\/de\/\",\"name\":\"Arbatax Park\",\"description\":\"Just another ms.decms.eu site\",\"potentialAction\":[{\"@type\":\"SearchAction\",\"target\":{\"@type\":\"EntryPoint\",\"urlTemplate\":\"https:\/\/www.arbataxpark.com\/de\/?s={search_term_string}\"},\"query-input\":{\"@type\":\"PropertyValueSpecification\",\"valueRequired\":true,\"valueName\":\"search_term_string\"}}],\"inLanguage\":\"de-DE\"}]}<\/script>\n<!-- \/ Yoast SEO plugin. -->","yoast_head_json":{"title":"Wellnesscenter &amp; SPA Bellavista - Arbatax Park","robots":{"index":"index","follow":"follow","max-snippet":"max-snippet:-1","max-image-preview":"max-image-preview:large","max-video-preview":"max-video-preview:-1"},"canonical":"https:\/\/www.arbataxpark.com\/de\/wellnesscenter-spa-bellavista\/","og_locale":"de_DE","og_type":"article","og_title":"Wellnesscenter &amp; SPA Bellavista - Arbatax Park","og_description":"Das Wellnesscenter &amp; SPA Bellavista befindet sich innerhalb des Arbatax Park Resorts, einer 60 Hektar gro\u00dfen Anlage mit 7 Hotels, mit Blick auf die wundersch\u00f6ne Ostk\u00fcste von Ogliastra, Sardinien. Es entstand 2010 aus dem Umbau des avantgardistischsten Reitsportzentrums in Europa, das in der Vergangenheit bis zu 60 Pferde aller Rassen beherbergte. Heute kann man auf [&hellip;]","og_url":"https:\/\/www.arbataxpark.com\/de\/wellnesscenter-spa-bellavista\/","og_site_name":"Arbatax Park","article_modified_time":"2026-03-04T16:43:19+00:00","twitter_card":"summary_large_image","twitter_misc":{"Gesch\u00e4tzte Lesezeit":"1 Minute"},"schema":{"@context":"https:\/\/schema.org","@graph":[{"@type":"WebPage","@id":"https:\/\/www.arbataxpark.com\/de\/wellnesscenter-spa-bellavista\/","url":"https:\/\/www.arbataxpark.com\/de\/wellnesscenter-spa-bellavista\/","name":"Wellnesscenter &amp; SPA Bellavista - Arbatax Park","isPartOf":{"@id":"https:\/\/www.arbataxpark.com\/de\/#website"},"datePublished":"2019-04-09T09:02:50+00:00","dateModified":"2026-03-04T16:43:19+00:00","breadcrumb":{"@id":"https:\/\/www.arbataxpark.com\/de\/wellnesscenter-spa-bellavista\/#breadcrumb"},"inLanguage":"de-DE","potentialAction":[{"@type":"ReadAction","target":["https:\/\/www.arbataxpark.com\/de\/wellnesscenter-spa-bellavista\/"]}]},{"@type":"BreadcrumbList","@id":"https:\/\/www.arbataxpark.com\/de\/wellnesscenter-spa-bellavista\/#breadcrumb","itemListElement":[{"@type":"ListItem","position":1,"name":"Home","item":"https:\/\/www.arbataxpark.com\/de\/"},{"@type":"ListItem","position":2,"name":"Wellnesscenter &amp; SPA Bellavista"}]},{"@type":"WebSite","@id":"https:\/\/www.arbataxpark.com\/de\/#website","url":"https:\/\/www.arbataxpark.com\/de\/","name":"Arbatax Park","description":"Just another ms.decms.eu site","potentialAction":[{"@type":"SearchAction","target":{"@type":"EntryPoint","urlTemplate":"https:\/\/www.arbataxpark.com\/de\/?s={search_term_string}"},"query-input":{"@type":"PropertyValueSpecification","valueRequired":true,"valueName":"search_term_string"}}],"inLanguage":"de-DE"}]}},"acf":[],"_links":{"self":[{"href":"https:\/\/www.arbataxpark.com\/de\/wp-json\/wp\/v2\/pages\/5681","targetHints":{"allow":["GET"]}}],"collection":[{"href":"https:\/\/www.arbataxpark.com\/de\/wp-json\/wp\/v2\/pages"}],"about":[{"href":"https:\/\/www.arbataxpark.com\/de\/wp-json\/wp\/v2\/types\/page"}],"author":[{"embeddable":true,"href":"https:\/\/www.arbataxpark.com\/de\/wp-json\/wp\/v2\/users\/21"}],"replies":[{"embeddable":true,"href":"https:\/\/www.arbataxpark.com\/de\/wp-json\/wp\/v2\/comments?post=5681"}],"version-history":[{"count":0,"href":"https:\/\/www.arbataxpark.com\/de\/wp-json\/wp\/v2\/pages\/5681\/revisions"}],"wp:attachment":[{"href":"https:\/\/www.arbataxpark.com\/de\/wp-json\/wp\/v2\/media?parent=5681"}],"curies":[{"name":"wp","href":"https:\/\/api.w.org\/{rel}","templated":true}]}}