{"id":5808,"date":"2019-04-09T11:43:35","date_gmt":"2019-04-09T11:43:35","guid":{"rendered":"http:\/\/arbatax-park-group.ms.decms.eu\/?page_id=5808"},"modified":"2026-03-04T18:17:43","modified_gmt":"2026-03-04T18:17:43","slug":"kongresse","status":"publish","type":"page","link":"https:\/\/www.arbataxpark.com\/de\/kongresse\/","title":{"rendered":"Kongresse"},"content":{"rendered":"<p data-start=\"0\" data-end=\"33\"><strong data-start=\"0\" data-end=\"33\">Das Kongresszentrum auf Sardinien<\/strong><\/p>\n<p data-start=\"35\" data-end=\"212\">Das <strong data-start=\"39\" data-end=\"62\">Arbatax Park Resort<\/strong> verf\u00fcgt \u00fcber ein modernes Kongresszentrum mit einer Kapazit\u00e4t von bis zu <strong data-start=\"136\" data-end=\"152\">800 Personen<\/strong>, ausgestattet mit hochwertiger <strong data-start=\"184\" data-end=\"211\">Audio- und Videotechnik<\/strong>.<\/p>\n<p data-start=\"214\" data-end=\"570\" data-is-last-node=\"\" data-is-only-node=\"\">Im zentralen Bereich des Hotels <strong data-start=\"246\" data-end=\"255\">Telis<\/strong> befindet sich das Konferenzzentrum mit einer flexibel nutzbaren Halle, die sich f\u00fcr Veranstaltungen unterschiedlicher Gr\u00f6\u00dfe eignet. Dank <strong data-start=\"393\" data-end=\"415\">mobiler Trennw\u00e4nde<\/strong> kann der gro\u00dfe Saal bei Bedarf in mehrere kleinere R\u00e4ume unterteilt werden \u2013 ideal f\u00fcr Kongresse, Meetings und Events mit unterschiedlichen Anforderungen.<\/p>\n","protected":false},"excerpt":{"rendered":"<p>Das Kongresszentrum auf Sardinien Das Arbatax Park Resort verf\u00fcgt \u00fcber ein modernes Kongresszentrum mit einer Kapazit\u00e4t von bis zu 800 Personen, ausgestattet mit hochwertiger Audio- und Videotechnik. Im zentralen Bereich des Hotels Telis befindet sich das Konferenzzentrum mit einer flexibel nutzbaren Halle, die sich f\u00fcr Veranstaltungen unterschiedlicher Gr\u00f6\u00dfe eignet. Dank mobiler Trennw\u00e4nde kann der gro\u00dfe [&hellip;]<\/p>\n","protected":false},"author":21,"featured_media":0,"parent":0,"menu_order":1500,"comment_status":"closed","ping_status":"closed","template":"","meta":{"footnotes":""},"class_list":["post-5808","page","type-page","status-publish","hentry"],"yoast_head":"<!-- This site is optimized with the Yoast SEO plugin v26.9 - https:\/\/yoast.com\/product\/yoast-seo-wordpress\/ -->\n<title>Kongresse - Arbatax Park<\/title>\n<meta name=\"robots\" content=\"index, follow, max-snippet:-1, max-image-preview:large, max-video-preview:-1\" \/>\n<link rel=\"canonical\" href=\"https:\/\/www.arbataxpark.com\/de\/kongresse\/\" \/>\n<meta property=\"og:locale\" content=\"de_DE\" \/>\n<meta property=\"og:type\" content=\"article\" \/>\n<meta property=\"og:title\" content=\"Kongresse - Arbatax Park\" \/>\n<meta property=\"og:description\" content=\"Das Kongresszentrum auf Sardinien Das Arbatax Park Resort verf\u00fcgt \u00fcber ein modernes Kongresszentrum mit einer Kapazit\u00e4t von bis zu 800 Personen, ausgestattet mit hochwertiger Audio- und Videotechnik. Im zentralen Bereich des Hotels Telis befindet sich das Konferenzzentrum mit einer flexibel nutzbaren Halle, die sich f\u00fcr Veranstaltungen unterschiedlicher Gr\u00f6\u00dfe eignet. Dank mobiler Trennw\u00e4nde kann der gro\u00dfe [&hellip;]\" \/>\n<meta property=\"og:url\" content=\"https:\/\/www.arbataxpark.com\/de\/kongresse\/\" \/>\n<meta property=\"og:site_name\" content=\"Arbatax Park\" \/>\n<meta property=\"article:modified_time\" content=\"2026-03-04T18:17:43+00:00\" \/>\n<meta name=\"twitter:card\" content=\"summary_large_image\" \/>\n<meta name=\"twitter:label1\" content=\"Gesch\u00e4tzte Lesezeit\" \/>\n\t<meta name=\"twitter:data1\" content=\"1 Minute\" \/>\n<script type=\"application\/ld+json\" class=\"yoast-schema-graph\">{\"@context\":\"https:\/\/schema.org\",\"@graph\":[{\"@type\":\"WebPage\",\"@id\":\"https:\/\/www.arbataxpark.com\/de\/kongresse\/\",\"url\":\"https:\/\/www.arbataxpark.com\/de\/kongresse\/\",\"name\":\"Kongresse - Arbatax Park\",\"isPartOf\":{\"@id\":\"https:\/\/www.arbataxpark.com\/de\/#website\"},\"datePublished\":\"2019-04-09T11:43:35+00:00\",\"dateModified\":\"2026-03-04T18:17:43+00:00\",\"breadcrumb\":{\"@id\":\"https:\/\/www.arbataxpark.com\/de\/kongresse\/#breadcrumb\"},\"inLanguage\":\"de-DE\",\"potentialAction\":[{\"@type\":\"ReadAction\",\"target\":[\"https:\/\/www.arbataxpark.com\/de\/kongresse\/\"]}]},{\"@type\":\"BreadcrumbList\",\"@id\":\"https:\/\/www.arbataxpark.com\/de\/kongresse\/#breadcrumb\",\"itemListElement\":[{\"@type\":\"ListItem\",\"position\":1,\"name\":\"Home\",\"item\":\"https:\/\/www.arbataxpark.com\/de\/\"},{\"@type\":\"ListItem\",\"position\":2,\"name\":\"Kongresse\"}]},{\"@type\":\"WebSite\",\"@id\":\"https:\/\/www.arbataxpark.com\/de\/#website\",\"url\":\"https:\/\/www.arbataxpark.com\/de\/\",\"name\":\"Arbatax Park\",\"description\":\"Just another ms.decms.eu site\",\"potentialAction\":[{\"@type\":\"SearchAction\",\"target\":{\"@type\":\"EntryPoint\",\"urlTemplate\":\"https:\/\/www.arbataxpark.com\/de\/?s={search_term_string}\"},\"query-input\":{\"@type\":\"PropertyValueSpecification\",\"valueRequired\":true,\"valueName\":\"search_term_string\"}}],\"inLanguage\":\"de-DE\"}]}<\/script>\n<!-- \/ Yoast SEO plugin. -->","yoast_head_json":{"title":"Kongresse - Arbatax Park","robots":{"index":"index","follow":"follow","max-snippet":"max-snippet:-1","max-image-preview":"max-image-preview:large","max-video-preview":"max-video-preview:-1"},"canonical":"https:\/\/www.arbataxpark.com\/de\/kongresse\/","og_locale":"de_DE","og_type":"article","og_title":"Kongresse - Arbatax Park","og_description":"Das Kongresszentrum auf Sardinien Das Arbatax Park Resort verf\u00fcgt \u00fcber ein modernes Kongresszentrum mit einer Kapazit\u00e4t von bis zu 800 Personen, ausgestattet mit hochwertiger Audio- und Videotechnik. Im zentralen Bereich des Hotels Telis befindet sich das Konferenzzentrum mit einer flexibel nutzbaren Halle, die sich f\u00fcr Veranstaltungen unterschiedlicher Gr\u00f6\u00dfe eignet. Dank mobiler Trennw\u00e4nde kann der gro\u00dfe [&hellip;]","og_url":"https:\/\/www.arbataxpark.com\/de\/kongresse\/","og_site_name":"Arbatax Park","article_modified_time":"2026-03-04T18:17:43+00:00","twitter_card":"summary_large_image","twitter_misc":{"Gesch\u00e4tzte Lesezeit":"1 Minute"},"schema":{"@context":"https:\/\/schema.org","@graph":[{"@type":"WebPage","@id":"https:\/\/www.arbataxpark.com\/de\/kongresse\/","url":"https:\/\/www.arbataxpark.com\/de\/kongresse\/","name":"Kongresse - Arbatax Park","isPartOf":{"@id":"https:\/\/www.arbataxpark.com\/de\/#website"},"datePublished":"2019-04-09T11:43:35+00:00","dateModified":"2026-03-04T18:17:43+00:00","breadcrumb":{"@id":"https:\/\/www.arbataxpark.com\/de\/kongresse\/#breadcrumb"},"inLanguage":"de-DE","potentialAction":[{"@type":"ReadAction","target":["https:\/\/www.arbataxpark.com\/de\/kongresse\/"]}]},{"@type":"BreadcrumbList","@id":"https:\/\/www.arbataxpark.com\/de\/kongresse\/#breadcrumb","itemListElement":[{"@type":"ListItem","position":1,"name":"Home","item":"https:\/\/www.arbataxpark.com\/de\/"},{"@type":"ListItem","position":2,"name":"Kongresse"}]},{"@type":"WebSite","@id":"https:\/\/www.arbataxpark.com\/de\/#website","url":"https:\/\/www.arbataxpark.com\/de\/","name":"Arbatax Park","description":"Just another ms.decms.eu site","potentialAction":[{"@type":"SearchAction","target":{"@type":"EntryPoint","urlTemplate":"https:\/\/www.arbataxpark.com\/de\/?s={search_term_string}"},"query-input":{"@type":"PropertyValueSpecification","valueRequired":true,"valueName":"search_term_string"}}],"inLanguage":"de-DE"}]}},"acf":[],"_links":{"self":[{"href":"https:\/\/www.arbataxpark.com\/de\/wp-json\/wp\/v2\/pages\/5808","targetHints":{"allow":["GET"]}}],"collection":[{"href":"https:\/\/www.arbataxpark.com\/de\/wp-json\/wp\/v2\/pages"}],"about":[{"href":"https:\/\/www.arbataxpark.com\/de\/wp-json\/wp\/v2\/types\/page"}],"author":[{"embeddable":true,"href":"https:\/\/www.arbataxpark.com\/de\/wp-json\/wp\/v2\/users\/21"}],"replies":[{"embeddable":true,"href":"https:\/\/www.arbataxpark.com\/de\/wp-json\/wp\/v2\/comments?post=5808"}],"version-history":[{"count":0,"href":"https:\/\/www.arbataxpark.com\/de\/wp-json\/wp\/v2\/pages\/5808\/revisions"}],"wp:attachment":[{"href":"https:\/\/www.arbataxpark.com\/de\/wp-json\/wp\/v2\/media?parent=5808"}],"curies":[{"name":"wp","href":"https:\/\/api.w.org\/{rel}","templated":true}]}}