{"id":6049,"date":"2019-04-09T15:43:15","date_gmt":"2019-04-09T15:43:15","guid":{"rendered":"http:\/\/arbatax-park-group.ms.decms.eu\/?page_id=6049"},"modified":"2026-03-04T18:20:07","modified_gmt":"2026-03-04T18:20:07","slug":"transfer-service","status":"publish","type":"page","link":"https:\/\/www.arbataxpark.com\/de\/transfer-service\/","title":{"rendered":"Transfer Service"},"content":{"rendered":"<p data-start=\"803\" data-end=\"839\"><strong data-start=\"803\" data-end=\"839\">Kostenpflichtiger Sammeltransfer<\/strong><\/p>\n<p data-start=\"841\" data-end=\"976\">Der Sammeltransfer ist kostenpflichtig f\u00fcr Aufenthalte unter 7 N\u00e4chten und f\u00fcr Angebote, die den Service nicht ausdr\u00fccklich beinhalten.<\/p>\n<p data-start=\"978\" data-end=\"1135\">Wir bitten unsere G\u00e4ste, die Transferdetails <strong data-start=\"1023\" data-end=\"1060\">mindestens 7 Werktage vor Anreise<\/strong> per E-Mail an unser Transferb\u00fcro zu senden:<br data-start=\"1104\" data-end=\"1107\" \/><strong data-start=\"1107\" data-end=\"1135\"><a class=\"cursor-pointer\" rel=\"noopener\" data-start=\"1109\" data-end=\"1133\">transfer@arbataxpark.com<\/a><\/strong><\/p>\n<p data-start=\"1137\" data-end=\"1180\">Die Bezahlung kann direkt vor Ort erfolgen.<\/p>\n<p data-start=\"1182\" data-end=\"1213\"><strong data-start=\"1182\" data-end=\"1213\">Kosten des Sammeltransfers:<\/strong><\/p>\n<ul>\n<li data-start=\"1215\" data-end=\"1305\"><strong data-start=\"1215\" data-end=\"1228\">CAGLIARI:<\/strong> 60,00 \u20ac pro Person und Strecke.<\/li>\n<li data-start=\"1215\" data-end=\"1305\"><strong data-start=\"1263\" data-end=\"1273\">OLBIA:<\/strong> 70,00 \u20ac pro Person und Strecke.<\/li>\n<\/ul>\n<p data-start=\"1307\" data-end=\"1341\">Aufpreis f\u00fcr Kindersitz: 10,00 \u20ac f\u00fcr den Sammeltransfer.<\/p>\n<p data-start=\"1307\" data-end=\"1341\"><strong data-start=\"1307\" data-end=\"1341\">FAHRZEITEN DES SAMMELTRANSFERS*<\/strong><\/p>\n<p data-start=\"1343\" data-end=\"1401\">Flughafen Cagliari Elmas (Fahrtdauer: ca. 1 Std. 50 min)<\/p>\n<table border=\"0\" cellspacing=\"0\" cellpadding=\"0\">\n<tbody>\n<tr>\n<td style=\"text-align: center\" valign=\"top\" width=\"225\"><strong>Fahrt<\/strong><\/td>\n<td style=\"text-align: center\" valign=\"top\" width=\"225\"><strong>CAG &#8211;\u00a0<strong>Arbatax Park<\/strong><\/strong><\/td>\n<td style=\"text-align: center\" valign=\"top\" width=\"225\"><strong>Arbatax Park &#8211; CAG<\/strong><\/td>\n<\/tr>\n<tr>\n<td style=\"text-align: center\" valign=\"top\" width=\"225\">1<\/td>\n<td style=\"text-align: center\" valign=\"top\" width=\"225\">09:30<\/td>\n<td style=\"text-align: center\" valign=\"top\" width=\"225\">05:00<\/td>\n<\/tr>\n<tr>\n<td style=\"text-align: center\" valign=\"top\" width=\"225\">2<\/td>\n<td style=\"text-align: center\" valign=\"top\" width=\"225\">13:00<\/td>\n<td style=\"text-align: center\" valign=\"top\" width=\"225\">08:30<\/td>\n<\/tr>\n<tr>\n<td style=\"text-align: center\" valign=\"top\" width=\"225\">3<\/td>\n<td style=\"text-align: center\" valign=\"top\" width=\"225\">16:30<\/td>\n<td style=\"text-align: center\" valign=\"top\" width=\"225\">12:00<\/td>\n<\/tr>\n<tr>\n<td style=\"text-align: center\" valign=\"top\" width=\"225\">4<\/td>\n<td style=\"text-align: center\" valign=\"top\" width=\"225\">20:00<\/td>\n<td style=\"text-align: center\" valign=\"top\" width=\"225\">15:30<\/td>\n<\/tr>\n<\/tbody>\n<\/table>\n<p>Der Flughafen Olbia Costa Smeralda (Die Dauer jeder Fahrt: ca. 2h 20 min)<\/p>\n<table border=\"0\" cellspacing=\"0\" cellpadding=\"0\">\n<tbody>\n<tr>\n<td style=\"text-align: center\" valign=\"top\" width=\"225\"><strong>Fahrt<\/strong><\/td>\n<td style=\"text-align: center\" valign=\"top\" width=\"225\"><strong>\u00a0OLB &#8211; Arbatax Park\u00a0<\/strong><\/td>\n<td style=\"text-align: center\" valign=\"top\" width=\"225\"><strong>Arbatax Park &#8211; OLB<\/strong><\/td>\n<\/tr>\n<tr>\n<td style=\"text-align: center\" valign=\"top\" width=\"225\">1<\/td>\n<td style=\"text-align: center\" valign=\"top\" width=\"225\">10:00<\/td>\n<td style=\"text-align: center\" valign=\"top\" width=\"225\">05:00<\/td>\n<\/tr>\n<tr>\n<td style=\"text-align: center\" valign=\"top\" width=\"225\">2<\/td>\n<td style=\"text-align: center\" valign=\"top\" width=\"225\">14:00<\/td>\n<td style=\"text-align: center\" valign=\"top\" width=\"225\">09:00<\/td>\n<\/tr>\n<tr>\n<td style=\"text-align: center\" valign=\"top\" width=\"225\">3<\/td>\n<td style=\"text-align: center\" valign=\"top\" width=\"225\">18:00<\/td>\n<td style=\"text-align: center\" valign=\"top\" width=\"225\">13:00<\/td>\n<\/tr>\n<tr>\n<td style=\"text-align: center\" valign=\"top\" width=\"225\">4<\/td>\n<td style=\"text-align: center\" valign=\"top\" width=\"225\">21:00<\/td>\n<td style=\"text-align: center\" valign=\"top\" width=\"225\">16:00<\/td>\n<\/tr>\n<\/tbody>\n<\/table>\n<p style=\"font-size: 0.85em;color: #555555;text-align: left\"><em>*<\/em><em>Die H\u00e4ufigkeit der Fahrten kann sich aus betrieblichen Gr\u00fcnden \u00e4ndern. Wir empfehlen daher, die Abfahrtszeiten mindestens 72 Stunden vor Reiseantritt bei unserem Buchungsb\u00fcro zu \u00fcberpr\u00fcfen.<\/em><\/p>\n","protected":false},"excerpt":{"rendered":"<p>Kostenpflichtiger Sammeltransfer Der Sammeltransfer ist kostenpflichtig f\u00fcr Aufenthalte unter 7 N\u00e4chten und f\u00fcr Angebote, die den Service nicht ausdr\u00fccklich beinhalten. Wir bitten unsere G\u00e4ste, die Transferdetails mindestens 7 Werktage vor Anreise per E-Mail an unser Transferb\u00fcro zu senden:transfer@arbataxpark.com Die Bezahlung kann direkt vor Ort erfolgen. Kosten des Sammeltransfers: CAGLIARI: 60,00 \u20ac pro Person und Strecke. [&hellip;]<\/p>\n","protected":false},"author":21,"featured_media":0,"parent":0,"menu_order":2200,"comment_status":"closed","ping_status":"closed","template":"","meta":{"footnotes":""},"class_list":["post-6049","page","type-page","status-publish","hentry"],"yoast_head":"<!-- This site is optimized with the Yoast SEO plugin v26.9 - https:\/\/yoast.com\/product\/yoast-seo-wordpress\/ -->\n<title>Transfer Service - Arbatax Park<\/title>\n<meta name=\"robots\" content=\"index, follow, max-snippet:-1, max-image-preview:large, max-video-preview:-1\" \/>\n<link rel=\"canonical\" href=\"https:\/\/www.arbataxpark.com\/de\/transfer-service\/\" \/>\n<meta property=\"og:locale\" content=\"de_DE\" \/>\n<meta property=\"og:type\" content=\"article\" \/>\n<meta property=\"og:title\" content=\"Transfer Service - Arbatax Park\" \/>\n<meta property=\"og:description\" content=\"Kostenpflichtiger Sammeltransfer Der Sammeltransfer ist kostenpflichtig f\u00fcr Aufenthalte unter 7 N\u00e4chten und f\u00fcr Angebote, die den Service nicht ausdr\u00fccklich beinhalten. Wir bitten unsere G\u00e4ste, die Transferdetails mindestens 7 Werktage vor Anreise per E-Mail an unser Transferb\u00fcro zu senden:transfer@arbataxpark.com Die Bezahlung kann direkt vor Ort erfolgen. Kosten des Sammeltransfers: CAGLIARI: 60,00 \u20ac pro Person und Strecke. [&hellip;]\" \/>\n<meta property=\"og:url\" content=\"https:\/\/www.arbataxpark.com\/de\/transfer-service\/\" \/>\n<meta property=\"og:site_name\" content=\"Arbatax Park\" \/>\n<meta property=\"article:modified_time\" content=\"2026-03-04T18:20:07+00:00\" \/>\n<meta name=\"twitter:card\" content=\"summary_large_image\" \/>\n<meta name=\"twitter:label1\" content=\"Gesch\u00e4tzte Lesezeit\" \/>\n\t<meta name=\"twitter:data1\" content=\"1 Minute\" \/>\n<script type=\"application\/ld+json\" class=\"yoast-schema-graph\">{\"@context\":\"https:\/\/schema.org\",\"@graph\":[{\"@type\":\"WebPage\",\"@id\":\"https:\/\/www.arbataxpark.com\/de\/transfer-service\/\",\"url\":\"https:\/\/www.arbataxpark.com\/de\/transfer-service\/\",\"name\":\"Transfer Service - Arbatax Park\",\"isPartOf\":{\"@id\":\"https:\/\/www.arbataxpark.com\/de\/#website\"},\"datePublished\":\"2019-04-09T15:43:15+00:00\",\"dateModified\":\"2026-03-04T18:20:07+00:00\",\"breadcrumb\":{\"@id\":\"https:\/\/www.arbataxpark.com\/de\/transfer-service\/#breadcrumb\"},\"inLanguage\":\"de-DE\",\"potentialAction\":[{\"@type\":\"ReadAction\",\"target\":[\"https:\/\/www.arbataxpark.com\/de\/transfer-service\/\"]}]},{\"@type\":\"BreadcrumbList\",\"@id\":\"https:\/\/www.arbataxpark.com\/de\/transfer-service\/#breadcrumb\",\"itemListElement\":[{\"@type\":\"ListItem\",\"position\":1,\"name\":\"Home\",\"item\":\"https:\/\/www.arbataxpark.com\/de\/\"},{\"@type\":\"ListItem\",\"position\":2,\"name\":\"Transfer Service\"}]},{\"@type\":\"WebSite\",\"@id\":\"https:\/\/www.arbataxpark.com\/de\/#website\",\"url\":\"https:\/\/www.arbataxpark.com\/de\/\",\"name\":\"Arbatax Park\",\"description\":\"Just another ms.decms.eu site\",\"potentialAction\":[{\"@type\":\"SearchAction\",\"target\":{\"@type\":\"EntryPoint\",\"urlTemplate\":\"https:\/\/www.arbataxpark.com\/de\/?s={search_term_string}\"},\"query-input\":{\"@type\":\"PropertyValueSpecification\",\"valueRequired\":true,\"valueName\":\"search_term_string\"}}],\"inLanguage\":\"de-DE\"}]}<\/script>\n<!-- \/ Yoast SEO plugin. -->","yoast_head_json":{"title":"Transfer Service - Arbatax Park","robots":{"index":"index","follow":"follow","max-snippet":"max-snippet:-1","max-image-preview":"max-image-preview:large","max-video-preview":"max-video-preview:-1"},"canonical":"https:\/\/www.arbataxpark.com\/de\/transfer-service\/","og_locale":"de_DE","og_type":"article","og_title":"Transfer Service - Arbatax Park","og_description":"Kostenpflichtiger Sammeltransfer Der Sammeltransfer ist kostenpflichtig f\u00fcr Aufenthalte unter 7 N\u00e4chten und f\u00fcr Angebote, die den Service nicht ausdr\u00fccklich beinhalten. Wir bitten unsere G\u00e4ste, die Transferdetails mindestens 7 Werktage vor Anreise per E-Mail an unser Transferb\u00fcro zu senden:transfer@arbataxpark.com Die Bezahlung kann direkt vor Ort erfolgen. Kosten des Sammeltransfers: CAGLIARI: 60,00 \u20ac pro Person und Strecke. [&hellip;]","og_url":"https:\/\/www.arbataxpark.com\/de\/transfer-service\/","og_site_name":"Arbatax Park","article_modified_time":"2026-03-04T18:20:07+00:00","twitter_card":"summary_large_image","twitter_misc":{"Gesch\u00e4tzte Lesezeit":"1 Minute"},"schema":{"@context":"https:\/\/schema.org","@graph":[{"@type":"WebPage","@id":"https:\/\/www.arbataxpark.com\/de\/transfer-service\/","url":"https:\/\/www.arbataxpark.com\/de\/transfer-service\/","name":"Transfer Service - Arbatax Park","isPartOf":{"@id":"https:\/\/www.arbataxpark.com\/de\/#website"},"datePublished":"2019-04-09T15:43:15+00:00","dateModified":"2026-03-04T18:20:07+00:00","breadcrumb":{"@id":"https:\/\/www.arbataxpark.com\/de\/transfer-service\/#breadcrumb"},"inLanguage":"de-DE","potentialAction":[{"@type":"ReadAction","target":["https:\/\/www.arbataxpark.com\/de\/transfer-service\/"]}]},{"@type":"BreadcrumbList","@id":"https:\/\/www.arbataxpark.com\/de\/transfer-service\/#breadcrumb","itemListElement":[{"@type":"ListItem","position":1,"name":"Home","item":"https:\/\/www.arbataxpark.com\/de\/"},{"@type":"ListItem","position":2,"name":"Transfer Service"}]},{"@type":"WebSite","@id":"https:\/\/www.arbataxpark.com\/de\/#website","url":"https:\/\/www.arbataxpark.com\/de\/","name":"Arbatax Park","description":"Just another ms.decms.eu site","potentialAction":[{"@type":"SearchAction","target":{"@type":"EntryPoint","urlTemplate":"https:\/\/www.arbataxpark.com\/de\/?s={search_term_string}"},"query-input":{"@type":"PropertyValueSpecification","valueRequired":true,"valueName":"search_term_string"}}],"inLanguage":"de-DE"}]}},"acf":[],"_links":{"self":[{"href":"https:\/\/www.arbataxpark.com\/de\/wp-json\/wp\/v2\/pages\/6049","targetHints":{"allow":["GET"]}}],"collection":[{"href":"https:\/\/www.arbataxpark.com\/de\/wp-json\/wp\/v2\/pages"}],"about":[{"href":"https:\/\/www.arbataxpark.com\/de\/wp-json\/wp\/v2\/types\/page"}],"author":[{"embeddable":true,"href":"https:\/\/www.arbataxpark.com\/de\/wp-json\/wp\/v2\/users\/21"}],"replies":[{"embeddable":true,"href":"https:\/\/www.arbataxpark.com\/de\/wp-json\/wp\/v2\/comments?post=6049"}],"version-history":[{"count":0,"href":"https:\/\/www.arbataxpark.com\/de\/wp-json\/wp\/v2\/pages\/6049\/revisions"}],"wp:attachment":[{"href":"https:\/\/www.arbataxpark.com\/de\/wp-json\/wp\/v2\/media?parent=6049"}],"curies":[{"name":"wp","href":"https:\/\/api.w.org\/{rel}","templated":true}]}}