{"id":6447,"date":"2019-04-10T12:15:48","date_gmt":"2019-04-10T12:15:48","guid":{"rendered":"http:\/\/arbatax-park-group.ms.decms.eu\/?page_id=6447"},"modified":"2026-03-04T18:08:12","modified_gmt":"2026-03-04T18:08:12","slug":"kontaktieren-uns","status":"publish","type":"page","link":"https:\/\/www.arbataxpark.com\/de\/kontaktieren-uns\/","title":{"rendered":"Kontakt"},"content":{"rendered":"\n                <div class='gf_browser_gecko gform_wrapper general_form_wrapper work_with_us_wrapper' id='gform_wrapper_13' ><form method='post' enctype='multipart\/form-data'  id='gform_13' class='general_form work_with_us' action='\/de\/wp-json\/wp\/v2\/pages\/6447'>\n                        <div class='gform_body'><ul id='gform_fields_13' class='gform_fields top_label form_sublabel_below description_below'><li id='field_13_1'  class='gfield name_field gfield_contains_required field_sublabel_below field_description_below gfield_visibility_visible' ><label class='gfield_label' for='input_13_1' >Name<span class='gfield_required'>*<\/span><\/label><div class='ginput_container ginput_container_text'><input name='input_1' id='input_13_1' type='text' value='' class='medium'     aria-required=\"true\" aria-invalid=\"false\" \/><\/div><\/li><li id='field_13_9'  class='gfield surname_field gfield_contains_required field_sublabel_below field_description_below gfield_visibility_visible' ><label class='gfield_label' for='input_13_9' >Nachname<span class='gfield_required'>*<\/span><\/label><div class='ginput_container ginput_container_text'><input name='input_9' id='input_13_9' type='text' value='' class='medium'     aria-required=\"true\" aria-invalid=\"false\" \/><\/div><\/li><li id='field_13_11'  class='gfield gfield_contains_required field_sublabel_below field_description_below gfield_visibility_visible' ><label class='gfield_label' for='input_13_11' >Email<span class='gfield_required'>*<\/span><\/label><div class='ginput_container ginput_container_email'>\n                            <input name='input_11' id='input_13_11' type='text' value='' class='medium'    aria-required=\"true\" aria-invalid=\"false\" \/>\n                        <\/div><\/li><li id='field_13_10'  class='gfield gfield_contains_required field_sublabel_below field_description_below gfield_visibility_visible' ><label class='gfield_label' for='input_13_10' >Telefonnummer<span class='gfield_required'>*<\/span><\/label><div class='ginput_container ginput_container_phone'><input name='input_10' id='input_13_10' type='text' value='' class='medium'   aria-required=\"true\" aria-invalid=\"false\"  \/><\/div><\/li><li id='field_13_4'  class='gfield field_sublabel_below field_description_below gfield_visibility_visible' ><label class='gfield_label' for='input_13_4' >Nachricht<\/label><div class='ginput_container ginput_container_textarea'><textarea name='input_4' id='input_13_4' class='textarea medium'    placeholder='Schreiben Sie hier Ihre W\u00fcnsche.'  aria-invalid=\"false\"   rows='10' cols='50'><\/textarea><\/div><\/li><li id='field_13_5'  class='gfield gfield_contains_required field_sublabel_below field_description_below gfield_visibility_visible' ><label class='gfield_label'  >Ich mich einverstanden, dass meine \u00fcbermittelten Daten elektronisch verarbeitet werden.<span class='gfield_required'>*<\/span><\/label><div class='ginput_container ginput_container_checkbox'><ul class='gfield_checkbox' id='input_13_5'><li class='gchoice_13_5_1'>\n\t\t\t\t\t\t\t\t<input name='input_5.1' type='checkbox'  value='N\u00e4here Erl\u00e4uterungen im Men\u00fcpunkt &lt;a target=&quot;_blank&quot; href=&quot;https:\/\/www.arbataxpark.com\/en\/privacy-policy&quot;&gt;Datenschutz&lt;\/a&gt;'  id='choice_13_5_1'   \/>\n\t\t\t\t\t\t\t\t<label for='choice_13_5_1' id='label_13_5_1'>N\u00e4here Erl\u00e4uterungen im Men\u00fcpunkt <a target=\"_blank\" href=\"https:\/\/www.arbataxpark.com\/en\/privacy-policy\">Datenschutz<\/a><\/label>\n\t\t\t\t\t\t\t<\/li><\/ul><\/div><\/li><li id='field_13_12'  class='gfield field_sublabel_below field_description_below gfield_visibility_visible' ><label class='gfield_label' for='input_13_12' >CAPTCHA<\/label><div id='input_13_12' class='ginput_container ginput_recaptcha' data-sitekey='6LeG8JMcAAAAAPDNbwW-6mN0EVYYeGwcEnGK1fvo'  data-theme='light' data-tabindex='0'  data-badge=''><\/div><\/li><li id='field_13_13'  class='gfield gform_validation_container field_sublabel_below field_description_below gfield_visibility_visible' ><label class='gfield_label' for='input_13_13' >Name<\/label><div class='ginput_container'><input name='input_13' id='input_13_13' type='text' value='' \/><\/div><div class='gfield_description' id='gfield_description_13_13'>Dieses Feld dient zur Validierung und sollte nicht ver\u00e4ndert werden.<\/div><\/li>\n                            <\/ul><\/div>\n        <div class='gform_footer top_label'> <input type='submit' id='gform_submit_button_13' class='gform_button button' value='senden'  onclick='if(window[\"gf_submitting_13\"]){return false;}  window[\"gf_submitting_13\"]=true;  ' onkeypress='if( event.keyCode == 13 ){ if(window[\"gf_submitting_13\"]){return false;} window[\"gf_submitting_13\"]=true;  jQuery(\"#gform_13\").trigger(\"submit\",[true]); }' \/> \n            <input type='hidden' class='gform_hidden' name='is_submit_13' value='1' \/>\n            <input type='hidden' class='gform_hidden' name='gform_submit' value='13' \/>\n            \n            <input type='hidden' class='gform_hidden' name='gform_unique_id' value='' \/>\n            <input type='hidden' class='gform_hidden' name='state_13' value='WyJbXSIsIjMzYmYyMWNkYTJhNzA4YTM1YzdlNzFmY2RiNzcyYTQwIl0=' \/>\n            <input type='hidden' class='gform_hidden' name='gform_target_page_number_13' id='gform_target_page_number_13' value='0' \/>\n            <input type='hidden' class='gform_hidden' name='gform_source_page_number_13' id='gform_source_page_number_13' value='1' \/>\n            <input type='hidden' name='gform_field_values' value='' \/>\n            \n        <\/div>\n                        <\/form>\n                        <\/div>\n","protected":false},"excerpt":{"rendered":"","protected":false},"author":21,"featured_media":0,"parent":0,"menu_order":2000,"comment_status":"closed","ping_status":"closed","template":"","meta":{"footnotes":""},"class_list":["post-6447","page","type-page","status-publish","hentry"],"yoast_head":"<!-- This site is optimized with the Yoast SEO plugin v26.9 - https:\/\/yoast.com\/product\/yoast-seo-wordpress\/ -->\n<title>Kontakt - Arbatax Park<\/title>\n<meta name=\"robots\" content=\"index, follow, max-snippet:-1, max-image-preview:large, max-video-preview:-1\" \/>\n<link rel=\"canonical\" href=\"https:\/\/www.arbataxpark.com\/de\/kontaktieren-uns\/\" \/>\n<meta property=\"og:locale\" content=\"de_DE\" \/>\n<meta property=\"og:type\" content=\"article\" \/>\n<meta property=\"og:title\" content=\"Kontakt - Arbatax Park\" \/>\n<meta property=\"og:url\" content=\"https:\/\/www.arbataxpark.com\/de\/kontaktieren-uns\/\" \/>\n<meta property=\"og:site_name\" content=\"Arbatax Park\" \/>\n<meta property=\"article:modified_time\" content=\"2026-03-04T18:08:12+00:00\" \/>\n<meta name=\"twitter:card\" content=\"summary_large_image\" \/>\n<meta name=\"twitter:label1\" content=\"Gesch\u00e4tzte Lesezeit\" \/>\n\t<meta name=\"twitter:data1\" content=\"1 Minute\" \/>\n<script type=\"application\/ld+json\" class=\"yoast-schema-graph\">{\"@context\":\"https:\/\/schema.org\",\"@graph\":[{\"@type\":\"WebPage\",\"@id\":\"https:\/\/www.arbataxpark.com\/de\/kontaktieren-uns\/\",\"url\":\"https:\/\/www.arbataxpark.com\/de\/kontaktieren-uns\/\",\"name\":\"Kontakt - Arbatax Park\",\"isPartOf\":{\"@id\":\"https:\/\/www.arbataxpark.com\/de\/#website\"},\"datePublished\":\"2019-04-10T12:15:48+00:00\",\"dateModified\":\"2026-03-04T18:08:12+00:00\",\"breadcrumb\":{\"@id\":\"https:\/\/www.arbataxpark.com\/de\/kontaktieren-uns\/#breadcrumb\"},\"inLanguage\":\"de-DE\",\"potentialAction\":[{\"@type\":\"ReadAction\",\"target\":[\"https:\/\/www.arbataxpark.com\/de\/kontaktieren-uns\/\"]}]},{\"@type\":\"BreadcrumbList\",\"@id\":\"https:\/\/www.arbataxpark.com\/de\/kontaktieren-uns\/#breadcrumb\",\"itemListElement\":[{\"@type\":\"ListItem\",\"position\":1,\"name\":\"Home\",\"item\":\"https:\/\/www.arbataxpark.com\/de\/\"},{\"@type\":\"ListItem\",\"position\":2,\"name\":\"Kontakt\"}]},{\"@type\":\"WebSite\",\"@id\":\"https:\/\/www.arbataxpark.com\/de\/#website\",\"url\":\"https:\/\/www.arbataxpark.com\/de\/\",\"name\":\"Arbatax Park\",\"description\":\"Just another ms.decms.eu site\",\"potentialAction\":[{\"@type\":\"SearchAction\",\"target\":{\"@type\":\"EntryPoint\",\"urlTemplate\":\"https:\/\/www.arbataxpark.com\/de\/?s={search_term_string}\"},\"query-input\":{\"@type\":\"PropertyValueSpecification\",\"valueRequired\":true,\"valueName\":\"search_term_string\"}}],\"inLanguage\":\"de-DE\"}]}<\/script>\n<!-- \/ Yoast SEO plugin. -->","yoast_head_json":{"title":"Kontakt - Arbatax Park","robots":{"index":"index","follow":"follow","max-snippet":"max-snippet:-1","max-image-preview":"max-image-preview:large","max-video-preview":"max-video-preview:-1"},"canonical":"https:\/\/www.arbataxpark.com\/de\/kontaktieren-uns\/","og_locale":"de_DE","og_type":"article","og_title":"Kontakt - Arbatax Park","og_url":"https:\/\/www.arbataxpark.com\/de\/kontaktieren-uns\/","og_site_name":"Arbatax Park","article_modified_time":"2026-03-04T18:08:12+00:00","twitter_card":"summary_large_image","twitter_misc":{"Gesch\u00e4tzte Lesezeit":"1 Minute"},"schema":{"@context":"https:\/\/schema.org","@graph":[{"@type":"WebPage","@id":"https:\/\/www.arbataxpark.com\/de\/kontaktieren-uns\/","url":"https:\/\/www.arbataxpark.com\/de\/kontaktieren-uns\/","name":"Kontakt - Arbatax Park","isPartOf":{"@id":"https:\/\/www.arbataxpark.com\/de\/#website"},"datePublished":"2019-04-10T12:15:48+00:00","dateModified":"2026-03-04T18:08:12+00:00","breadcrumb":{"@id":"https:\/\/www.arbataxpark.com\/de\/kontaktieren-uns\/#breadcrumb"},"inLanguage":"de-DE","potentialAction":[{"@type":"ReadAction","target":["https:\/\/www.arbataxpark.com\/de\/kontaktieren-uns\/"]}]},{"@type":"BreadcrumbList","@id":"https:\/\/www.arbataxpark.com\/de\/kontaktieren-uns\/#breadcrumb","itemListElement":[{"@type":"ListItem","position":1,"name":"Home","item":"https:\/\/www.arbataxpark.com\/de\/"},{"@type":"ListItem","position":2,"name":"Kontakt"}]},{"@type":"WebSite","@id":"https:\/\/www.arbataxpark.com\/de\/#website","url":"https:\/\/www.arbataxpark.com\/de\/","name":"Arbatax Park","description":"Just another ms.decms.eu site","potentialAction":[{"@type":"SearchAction","target":{"@type":"EntryPoint","urlTemplate":"https:\/\/www.arbataxpark.com\/de\/?s={search_term_string}"},"query-input":{"@type":"PropertyValueSpecification","valueRequired":true,"valueName":"search_term_string"}}],"inLanguage":"de-DE"}]}},"acf":[],"_links":{"self":[{"href":"https:\/\/www.arbataxpark.com\/de\/wp-json\/wp\/v2\/pages\/6447","targetHints":{"allow":["GET"]}}],"collection":[{"href":"https:\/\/www.arbataxpark.com\/de\/wp-json\/wp\/v2\/pages"}],"about":[{"href":"https:\/\/www.arbataxpark.com\/de\/wp-json\/wp\/v2\/types\/page"}],"author":[{"embeddable":true,"href":"https:\/\/www.arbataxpark.com\/de\/wp-json\/wp\/v2\/users\/21"}],"replies":[{"embeddable":true,"href":"https:\/\/www.arbataxpark.com\/de\/wp-json\/wp\/v2\/comments?post=6447"}],"version-history":[{"count":0,"href":"https:\/\/www.arbataxpark.com\/de\/wp-json\/wp\/v2\/pages\/6447\/revisions"}],"wp:attachment":[{"href":"https:\/\/www.arbataxpark.com\/de\/wp-json\/wp\/v2\/media?parent=6447"}],"curies":[{"name":"wp","href":"https:\/\/api.w.org\/{rel}","templated":true}]}}