{"id":9090,"date":"2019-06-21T15:54:13","date_gmt":"2019-06-21T15:54:13","guid":{"rendered":"http:\/\/arbatax-park-group.ms.decms.eu\/sport-unterhaltung\/milan-holiday-camp\/"},"modified":"2026-03-06T10:02:53","modified_gmt":"2026-03-06T10:02:53","slug":"cagliari-summer-camp","status":"publish","type":"page","link":"https:\/\/www.arbataxpark.com\/de\/sport-unterhaltung\/cagliari-summer-camp\/","title":{"rendered":"Cagliari Calcio Sommer Camp"},"content":{"rendered":"<p data-start=\"0\" data-end=\"285\">Ist <strong data-start=\"4\" data-end=\"15\">Fu\u00dfball<\/strong> Ihre Leidenschaft \u2013 und m\u00f6chten Sie auch im Sommerurlaub nicht auf den Ball verzichten? Dann ist das <strong data-start=\"117\" data-end=\"148\">Cagliari Calcio Somer Camp<\/strong> genau das Richtige. Hier k\u00f6nnen junge Spielerinnen und Spieler ihre Energie ausleben und gleichzeitig unvergessliche Ferientage erleben.<\/p>\n<p data-start=\"287\" data-end=\"634\">Das Camp richtet sich an <strong data-start=\"312\" data-end=\"342\">Kinder von 5 bis 13 Jahren<\/strong>, die ihre Technik und ihr Spielniveau verbessern m\u00f6chten. Unter der Anleitung der Trainer von <strong data-start=\"437\" data-end=\"456\">Cagliari Calcio<\/strong> haben sie die M\u00f6glichkeit, ihre fu\u00dfballerischen F\u00e4higkeiten gezielt weiterzuentwickeln. W\u00e4hlen Sie einfach Ihre Wunsch\u00adwoche im <strong data-start=\"585\" data-end=\"608\">Arbatax Park Resort<\/strong> \u2013 wir freuen uns auf Sie!<\/p>\n<p data-start=\"636\" data-end=\"911\"><strong data-start=\"636\" data-end=\"674\">Elf Wochen voller Fu\u00dfball und Spa\u00df<\/strong> in den rot-blauen Farben des Clubs. Neben dem sportlichen Training steht auch die pers\u00f6nliche Entwicklung im Mittelpunkt \u2013 im Sinne der Werte von Cagliari Calcio: <strong data-start=\"838\" data-end=\"881\">Fair Play, Teamgeist und Zusammenarbeit<\/strong>, auf und neben dem Spielfeld.<\/p>\n<p data-start=\"913\" data-end=\"1031\">Alle Teilnehmenden erhalten das offizielle <strong data-start=\"956\" data-end=\"993\">Cagliari Summer Camp Trainingskit<\/strong>, das w\u00e4hrend des Camps getragen wird.<\/p>\n<p><strong>F\u00fcr mehr Information schreiben Sie uns: <\/strong><strong><a href=\"mailto:groups@arbataxpark.com\">groups@arbataxpark.com<\/a> oder rufen Sie uns an <a href=\"tel:0782690590\">+39 (0782) 690590<\/a><\/strong><\/p>\n<p>&nbsp;<\/p>\n","protected":false},"excerpt":{"rendered":"<p>Ist Fu\u00dfball Ihre Leidenschaft \u2013 und m\u00f6chten Sie auch im Sommerurlaub nicht auf den Ball verzichten? Dann ist das Cagliari Calcio Somer Camp genau das Richtige. Hier k\u00f6nnen junge Spielerinnen und Spieler ihre Energie ausleben und gleichzeitig unvergessliche Ferientage erleben. Das Camp richtet sich an Kinder von 5 bis 13 Jahren, die ihre Technik und [&hellip;]<\/p>\n","protected":false},"author":3,"featured_media":0,"parent":2267,"menu_order":95,"comment_status":"closed","ping_status":"closed","template":"","meta":{"footnotes":""},"class_list":["post-9090","page","type-page","status-publish","hentry"],"yoast_head":"<!-- This site is optimized with the Yoast SEO plugin v26.9 - https:\/\/yoast.com\/product\/yoast-seo-wordpress\/ -->\n<title>Cagliari Calcio Sommer Camp - Arbatax Park<\/title>\n<meta name=\"robots\" content=\"index, follow, max-snippet:-1, max-image-preview:large, max-video-preview:-1\" \/>\n<link rel=\"canonical\" href=\"https:\/\/www.arbataxpark.com\/de\/sport-unterhaltung\/cagliari-summer-camp\/\" \/>\n<meta property=\"og:locale\" content=\"de_DE\" \/>\n<meta property=\"og:type\" content=\"article\" \/>\n<meta property=\"og:title\" content=\"Cagliari Calcio Sommer Camp - Arbatax Park\" \/>\n<meta property=\"og:description\" content=\"Ist Fu\u00dfball Ihre Leidenschaft \u2013 und m\u00f6chten Sie auch im Sommerurlaub nicht auf den Ball verzichten? Dann ist das Cagliari Calcio Somer Camp genau das Richtige. Hier k\u00f6nnen junge Spielerinnen und Spieler ihre Energie ausleben und gleichzeitig unvergessliche Ferientage erleben. Das Camp richtet sich an Kinder von 5 bis 13 Jahren, die ihre Technik und [&hellip;]\" \/>\n<meta property=\"og:url\" content=\"https:\/\/www.arbataxpark.com\/de\/sport-unterhaltung\/cagliari-summer-camp\/\" \/>\n<meta property=\"og:site_name\" content=\"Arbatax Park\" \/>\n<meta property=\"article:modified_time\" content=\"2026-03-06T10:02:53+00:00\" \/>\n<meta name=\"twitter:card\" content=\"summary_large_image\" \/>\n<meta name=\"twitter:label1\" content=\"Gesch\u00e4tzte Lesezeit\" \/>\n\t<meta name=\"twitter:data1\" content=\"1 Minute\" \/>\n<script type=\"application\/ld+json\" class=\"yoast-schema-graph\">{\"@context\":\"https:\/\/schema.org\",\"@graph\":[{\"@type\":\"WebPage\",\"@id\":\"https:\/\/www.arbataxpark.com\/de\/sport-unterhaltung\/cagliari-summer-camp\/\",\"url\":\"https:\/\/www.arbataxpark.com\/de\/sport-unterhaltung\/cagliari-summer-camp\/\",\"name\":\"Cagliari Calcio Sommer Camp - Arbatax Park\",\"isPartOf\":{\"@id\":\"https:\/\/www.arbataxpark.com\/de\/#website\"},\"datePublished\":\"2019-06-21T15:54:13+00:00\",\"dateModified\":\"2026-03-06T10:02:53+00:00\",\"breadcrumb\":{\"@id\":\"https:\/\/www.arbataxpark.com\/de\/sport-unterhaltung\/cagliari-summer-camp\/#breadcrumb\"},\"inLanguage\":\"de-DE\",\"potentialAction\":[{\"@type\":\"ReadAction\",\"target\":[\"https:\/\/www.arbataxpark.com\/de\/sport-unterhaltung\/cagliari-summer-camp\/\"]}]},{\"@type\":\"BreadcrumbList\",\"@id\":\"https:\/\/www.arbataxpark.com\/de\/sport-unterhaltung\/cagliari-summer-camp\/#breadcrumb\",\"itemListElement\":[{\"@type\":\"ListItem\",\"position\":1,\"name\":\"Home\",\"item\":\"https:\/\/www.arbataxpark.com\/de\/\"},{\"@type\":\"ListItem\",\"position\":2,\"name\":\"Sport &amp; Akademien\",\"item\":\"https:\/\/www.arbataxpark.com\/de\/sport-unterhaltung\/\"},{\"@type\":\"ListItem\",\"position\":3,\"name\":\"Cagliari Calcio Sommer Camp\"}]},{\"@type\":\"WebSite\",\"@id\":\"https:\/\/www.arbataxpark.com\/de\/#website\",\"url\":\"https:\/\/www.arbataxpark.com\/de\/\",\"name\":\"Arbatax Park\",\"description\":\"Just another ms.decms.eu site\",\"potentialAction\":[{\"@type\":\"SearchAction\",\"target\":{\"@type\":\"EntryPoint\",\"urlTemplate\":\"https:\/\/www.arbataxpark.com\/de\/?s={search_term_string}\"},\"query-input\":{\"@type\":\"PropertyValueSpecification\",\"valueRequired\":true,\"valueName\":\"search_term_string\"}}],\"inLanguage\":\"de-DE\"}]}<\/script>\n<!-- \/ Yoast SEO plugin. -->","yoast_head_json":{"title":"Cagliari Calcio Sommer Camp - Arbatax Park","robots":{"index":"index","follow":"follow","max-snippet":"max-snippet:-1","max-image-preview":"max-image-preview:large","max-video-preview":"max-video-preview:-1"},"canonical":"https:\/\/www.arbataxpark.com\/de\/sport-unterhaltung\/cagliari-summer-camp\/","og_locale":"de_DE","og_type":"article","og_title":"Cagliari Calcio Sommer Camp - Arbatax Park","og_description":"Ist Fu\u00dfball Ihre Leidenschaft \u2013 und m\u00f6chten Sie auch im Sommerurlaub nicht auf den Ball verzichten? Dann ist das Cagliari Calcio Somer Camp genau das Richtige. Hier k\u00f6nnen junge Spielerinnen und Spieler ihre Energie ausleben und gleichzeitig unvergessliche Ferientage erleben. Das Camp richtet sich an Kinder von 5 bis 13 Jahren, die ihre Technik und [&hellip;]","og_url":"https:\/\/www.arbataxpark.com\/de\/sport-unterhaltung\/cagliari-summer-camp\/","og_site_name":"Arbatax Park","article_modified_time":"2026-03-06T10:02:53+00:00","twitter_card":"summary_large_image","twitter_misc":{"Gesch\u00e4tzte Lesezeit":"1 Minute"},"schema":{"@context":"https:\/\/schema.org","@graph":[{"@type":"WebPage","@id":"https:\/\/www.arbataxpark.com\/de\/sport-unterhaltung\/cagliari-summer-camp\/","url":"https:\/\/www.arbataxpark.com\/de\/sport-unterhaltung\/cagliari-summer-camp\/","name":"Cagliari Calcio Sommer Camp - Arbatax Park","isPartOf":{"@id":"https:\/\/www.arbataxpark.com\/de\/#website"},"datePublished":"2019-06-21T15:54:13+00:00","dateModified":"2026-03-06T10:02:53+00:00","breadcrumb":{"@id":"https:\/\/www.arbataxpark.com\/de\/sport-unterhaltung\/cagliari-summer-camp\/#breadcrumb"},"inLanguage":"de-DE","potentialAction":[{"@type":"ReadAction","target":["https:\/\/www.arbataxpark.com\/de\/sport-unterhaltung\/cagliari-summer-camp\/"]}]},{"@type":"BreadcrumbList","@id":"https:\/\/www.arbataxpark.com\/de\/sport-unterhaltung\/cagliari-summer-camp\/#breadcrumb","itemListElement":[{"@type":"ListItem","position":1,"name":"Home","item":"https:\/\/www.arbataxpark.com\/de\/"},{"@type":"ListItem","position":2,"name":"Sport &amp; Akademien","item":"https:\/\/www.arbataxpark.com\/de\/sport-unterhaltung\/"},{"@type":"ListItem","position":3,"name":"Cagliari Calcio Sommer Camp"}]},{"@type":"WebSite","@id":"https:\/\/www.arbataxpark.com\/de\/#website","url":"https:\/\/www.arbataxpark.com\/de\/","name":"Arbatax Park","description":"Just another ms.decms.eu site","potentialAction":[{"@type":"SearchAction","target":{"@type":"EntryPoint","urlTemplate":"https:\/\/www.arbataxpark.com\/de\/?s={search_term_string}"},"query-input":{"@type":"PropertyValueSpecification","valueRequired":true,"valueName":"search_term_string"}}],"inLanguage":"de-DE"}]}},"acf":[],"_links":{"self":[{"href":"https:\/\/www.arbataxpark.com\/de\/wp-json\/wp\/v2\/pages\/9090","targetHints":{"allow":["GET"]}}],"collection":[{"href":"https:\/\/www.arbataxpark.com\/de\/wp-json\/wp\/v2\/pages"}],"about":[{"href":"https:\/\/www.arbataxpark.com\/de\/wp-json\/wp\/v2\/types\/page"}],"author":[{"embeddable":true,"href":"https:\/\/www.arbataxpark.com\/de\/wp-json\/wp\/v2\/users\/3"}],"replies":[{"embeddable":true,"href":"https:\/\/www.arbataxpark.com\/de\/wp-json\/wp\/v2\/comments?post=9090"}],"version-history":[{"count":0,"href":"https:\/\/www.arbataxpark.com\/de\/wp-json\/wp\/v2\/pages\/9090\/revisions"}],"up":[{"embeddable":true,"href":"https:\/\/www.arbataxpark.com\/de\/wp-json\/wp\/v2\/pages\/2267"}],"wp:attachment":[{"href":"https:\/\/www.arbataxpark.com\/de\/wp-json\/wp\/v2\/media?parent=9090"}],"curies":[{"name":"wp","href":"https:\/\/api.w.org\/{rel}","templated":true}]}}