{"id":9680,"date":"2019-06-25T12:32:03","date_gmt":"2019-06-25T12:32:03","guid":{"rendered":"http:\/\/arbatax-park-group.ms.decms.eu\/incantos\/"},"modified":"2026-03-04T16:52:13","modified_gmt":"2026-03-04T16:52:13","slug":"incantos","status":"publish","type":"page","link":"https:\/\/www.arbataxpark.com\/de\/ereignisse-und-freizeit\/incantos\/","title":{"rendered":"InCantos"},"content":{"rendered":"<div class=\"flex max-w-full flex-col grow\">\n<div class=\"min-h-8 text-message relative flex w-full flex-col items-end gap-2 text-start break-words whitespace-normal [.text-message+&amp;]:mt-1\" dir=\"auto\" data-message-author-role=\"assistant\" data-message-id=\"74b09948-0330-4fb7-9996-60eb9a68a8b8\" data-message-model-slug=\"gpt-5-3\">\n<div class=\"flex w-full flex-col gap-1 empty:hidden first:pt-[1px]\">\n<div class=\"markdown prose dark:prose-invert w-full wrap-break-word light markdown-new-styling\">\n<p data-start=\"0\" data-end=\"214\">Wenn die Kunst der Musik auf den Atem von Meer und Land trifft, unter dem Sternenhimmel und in einer der faszinierendsten Landschaften Sardiniens, entsteht <strong>InCantos |\u00a0 Sounds of Sardinia<\/strong><\/p>\n<p data-start=\"216\" data-end=\"525\" data-is-last-node=\"\" data-is-only-node=\"\"><strong>InCantos<\/strong> ist ein musikalisches Erlebnis, eine neue Art, die Sch\u00f6nheit und die urspr\u00fcngliche Identit\u00e4t der Insel zu sp\u00fcren. <strong>Kl\u00e4nge und Rhythmen<\/strong> breiten sich zwischen den eindrucksvollen Felsen der Ogliastra aus und verbinden sich mit der tief <strong>verwurzelten Geschichte dieser Landschaft<\/strong>.<\/p>\n<\/div>\n<\/div>\n<\/div>\n<\/div>\n<div class=\"z-0 flex min-h-[46px] justify-start\"><\/div>\n<div class=\"mt-3 w-full empty:hidden\">\n<div class=\"text-center\">\n<div>\n<div class=\"inline-flex border border-gray-100 dark:border-gray-700 rounded-xl\">\n<div class=\"text-token-text-secondary flex items-center justify-center gap-4 px-4 py-2.5 text-sm whitespace-nowrap\"><\/div>\n<\/div>\n<\/div>\n<\/div>\n<\/div>\n","protected":false},"excerpt":{"rendered":"<p>Wenn die Kunst der Musik auf den Atem von Meer und Land trifft, unter dem Sternenhimmel und in einer der faszinierendsten Landschaften Sardiniens, entsteht InCantos |\u00a0 Sounds of Sardinia InCantos ist ein musikalisches Erlebnis, eine neue Art, die Sch\u00f6nheit und die urspr\u00fcngliche Identit\u00e4t der Insel zu sp\u00fcren. Kl\u00e4nge und Rhythmen breiten sich zwischen den eindrucksvollen [&hellip;]<\/p>\n","protected":false},"author":7,"featured_media":0,"parent":9774,"menu_order":3,"comment_status":"closed","ping_status":"closed","template":"","meta":{"footnotes":""},"class_list":["post-9680","page","type-page","status-publish","hentry"],"yoast_head":"<!-- This site is optimized with the Yoast SEO plugin v26.9 - https:\/\/yoast.com\/product\/yoast-seo-wordpress\/ -->\n<title>InCantos - Arbatax Park<\/title>\n<meta name=\"robots\" content=\"index, follow, max-snippet:-1, max-image-preview:large, max-video-preview:-1\" \/>\n<link rel=\"canonical\" href=\"https:\/\/www.arbataxpark.com\/de\/ereignisse-und-freizeit\/incantos\/\" \/>\n<meta property=\"og:locale\" content=\"de_DE\" \/>\n<meta property=\"og:type\" content=\"article\" \/>\n<meta property=\"og:title\" content=\"InCantos - Arbatax Park\" \/>\n<meta property=\"og:description\" content=\"Wenn die Kunst der Musik auf den Atem von Meer und Land trifft, unter dem Sternenhimmel und in einer der faszinierendsten Landschaften Sardiniens, entsteht InCantos |\u00a0 Sounds of Sardinia InCantos ist ein musikalisches Erlebnis, eine neue Art, die Sch\u00f6nheit und die urspr\u00fcngliche Identit\u00e4t der Insel zu sp\u00fcren. Kl\u00e4nge und Rhythmen breiten sich zwischen den eindrucksvollen [&hellip;]\" \/>\n<meta property=\"og:url\" content=\"https:\/\/www.arbataxpark.com\/de\/ereignisse-und-freizeit\/incantos\/\" \/>\n<meta property=\"og:site_name\" content=\"Arbatax Park\" \/>\n<meta property=\"article:modified_time\" content=\"2026-03-04T16:52:13+00:00\" \/>\n<meta name=\"twitter:card\" content=\"summary_large_image\" \/>\n<meta name=\"twitter:label1\" content=\"Gesch\u00e4tzte Lesezeit\" \/>\n\t<meta name=\"twitter:data1\" content=\"1 Minute\" \/>\n<script type=\"application\/ld+json\" class=\"yoast-schema-graph\">{\"@context\":\"https:\/\/schema.org\",\"@graph\":[{\"@type\":\"WebPage\",\"@id\":\"https:\/\/www.arbataxpark.com\/de\/ereignisse-und-freizeit\/incantos\/\",\"url\":\"https:\/\/www.arbataxpark.com\/de\/ereignisse-und-freizeit\/incantos\/\",\"name\":\"InCantos - Arbatax Park\",\"isPartOf\":{\"@id\":\"https:\/\/www.arbataxpark.com\/de\/#website\"},\"datePublished\":\"2019-06-25T12:32:03+00:00\",\"dateModified\":\"2026-03-04T16:52:13+00:00\",\"breadcrumb\":{\"@id\":\"https:\/\/www.arbataxpark.com\/de\/ereignisse-und-freizeit\/incantos\/#breadcrumb\"},\"inLanguage\":\"de-DE\",\"potentialAction\":[{\"@type\":\"ReadAction\",\"target\":[\"https:\/\/www.arbataxpark.com\/de\/ereignisse-und-freizeit\/incantos\/\"]}]},{\"@type\":\"BreadcrumbList\",\"@id\":\"https:\/\/www.arbataxpark.com\/de\/ereignisse-und-freizeit\/incantos\/#breadcrumb\",\"itemListElement\":[{\"@type\":\"ListItem\",\"position\":1,\"name\":\"Home\",\"item\":\"https:\/\/www.arbataxpark.com\/de\/\"},{\"@type\":\"ListItem\",\"position\":2,\"name\":\"Abenteuer und Erlebnisse\",\"item\":\"https:\/\/www.arbataxpark.com\/de\/ereignisse-und-freizeit\/\"},{\"@type\":\"ListItem\",\"position\":3,\"name\":\"InCantos\"}]},{\"@type\":\"WebSite\",\"@id\":\"https:\/\/www.arbataxpark.com\/de\/#website\",\"url\":\"https:\/\/www.arbataxpark.com\/de\/\",\"name\":\"Arbatax Park\",\"description\":\"Just another ms.decms.eu site\",\"potentialAction\":[{\"@type\":\"SearchAction\",\"target\":{\"@type\":\"EntryPoint\",\"urlTemplate\":\"https:\/\/www.arbataxpark.com\/de\/?s={search_term_string}\"},\"query-input\":{\"@type\":\"PropertyValueSpecification\",\"valueRequired\":true,\"valueName\":\"search_term_string\"}}],\"inLanguage\":\"de-DE\"}]}<\/script>\n<!-- \/ Yoast SEO plugin. -->","yoast_head_json":{"title":"InCantos - Arbatax Park","robots":{"index":"index","follow":"follow","max-snippet":"max-snippet:-1","max-image-preview":"max-image-preview:large","max-video-preview":"max-video-preview:-1"},"canonical":"https:\/\/www.arbataxpark.com\/de\/ereignisse-und-freizeit\/incantos\/","og_locale":"de_DE","og_type":"article","og_title":"InCantos - Arbatax Park","og_description":"Wenn die Kunst der Musik auf den Atem von Meer und Land trifft, unter dem Sternenhimmel und in einer der faszinierendsten Landschaften Sardiniens, entsteht InCantos |\u00a0 Sounds of Sardinia InCantos ist ein musikalisches Erlebnis, eine neue Art, die Sch\u00f6nheit und die urspr\u00fcngliche Identit\u00e4t der Insel zu sp\u00fcren. Kl\u00e4nge und Rhythmen breiten sich zwischen den eindrucksvollen [&hellip;]","og_url":"https:\/\/www.arbataxpark.com\/de\/ereignisse-und-freizeit\/incantos\/","og_site_name":"Arbatax Park","article_modified_time":"2026-03-04T16:52:13+00:00","twitter_card":"summary_large_image","twitter_misc":{"Gesch\u00e4tzte Lesezeit":"1 Minute"},"schema":{"@context":"https:\/\/schema.org","@graph":[{"@type":"WebPage","@id":"https:\/\/www.arbataxpark.com\/de\/ereignisse-und-freizeit\/incantos\/","url":"https:\/\/www.arbataxpark.com\/de\/ereignisse-und-freizeit\/incantos\/","name":"InCantos - Arbatax Park","isPartOf":{"@id":"https:\/\/www.arbataxpark.com\/de\/#website"},"datePublished":"2019-06-25T12:32:03+00:00","dateModified":"2026-03-04T16:52:13+00:00","breadcrumb":{"@id":"https:\/\/www.arbataxpark.com\/de\/ereignisse-und-freizeit\/incantos\/#breadcrumb"},"inLanguage":"de-DE","potentialAction":[{"@type":"ReadAction","target":["https:\/\/www.arbataxpark.com\/de\/ereignisse-und-freizeit\/incantos\/"]}]},{"@type":"BreadcrumbList","@id":"https:\/\/www.arbataxpark.com\/de\/ereignisse-und-freizeit\/incantos\/#breadcrumb","itemListElement":[{"@type":"ListItem","position":1,"name":"Home","item":"https:\/\/www.arbataxpark.com\/de\/"},{"@type":"ListItem","position":2,"name":"Abenteuer und Erlebnisse","item":"https:\/\/www.arbataxpark.com\/de\/ereignisse-und-freizeit\/"},{"@type":"ListItem","position":3,"name":"InCantos"}]},{"@type":"WebSite","@id":"https:\/\/www.arbataxpark.com\/de\/#website","url":"https:\/\/www.arbataxpark.com\/de\/","name":"Arbatax Park","description":"Just another ms.decms.eu site","potentialAction":[{"@type":"SearchAction","target":{"@type":"EntryPoint","urlTemplate":"https:\/\/www.arbataxpark.com\/de\/?s={search_term_string}"},"query-input":{"@type":"PropertyValueSpecification","valueRequired":true,"valueName":"search_term_string"}}],"inLanguage":"de-DE"}]}},"acf":[],"_links":{"self":[{"href":"https:\/\/www.arbataxpark.com\/de\/wp-json\/wp\/v2\/pages\/9680","targetHints":{"allow":["GET"]}}],"collection":[{"href":"https:\/\/www.arbataxpark.com\/de\/wp-json\/wp\/v2\/pages"}],"about":[{"href":"https:\/\/www.arbataxpark.com\/de\/wp-json\/wp\/v2\/types\/page"}],"author":[{"embeddable":true,"href":"https:\/\/www.arbataxpark.com\/de\/wp-json\/wp\/v2\/users\/7"}],"replies":[{"embeddable":true,"href":"https:\/\/www.arbataxpark.com\/de\/wp-json\/wp\/v2\/comments?post=9680"}],"version-history":[{"count":0,"href":"https:\/\/www.arbataxpark.com\/de\/wp-json\/wp\/v2\/pages\/9680\/revisions"}],"up":[{"embeddable":true,"href":"https:\/\/www.arbataxpark.com\/de\/wp-json\/wp\/v2\/pages\/9774"}],"wp:attachment":[{"href":"https:\/\/www.arbataxpark.com\/de\/wp-json\/wp\/v2\/media?parent=9680"}],"curies":[{"name":"wp","href":"https:\/\/api.w.org\/{rel}","templated":true}]}}