{"id":9934,"date":"2019-03-28T15:50:23","date_gmt":"2019-03-28T15:50:23","guid":{"rendered":"https:\/\/www.arbataxpark.com\/sport-unterhaltung\/longage-fitness\/"},"modified":"2026-03-04T17:42:43","modified_gmt":"2026-03-04T17:42:43","slug":"longage-fitness","status":"publish","type":"page","link":"https:\/\/www.arbataxpark.com\/de\/sport-unterhaltung\/longage-fitness\/","title":{"rendered":"LongAge Fitness"},"content":{"rendered":"<p data-start=\"0\" data-end=\"200\">Wenn Sie davon \u00fcberzeugt sind, dass die bewusste Pflege des eigenen K\u00f6rpers der Schl\u00fcssel zu <strong data-start=\"93\" data-end=\"135\">k\u00f6rperlichem und mentalem Wohlbefinden<\/strong> ist, hat das <strong data-start=\"149\" data-end=\"172\">Arbatax Park Resort<\/strong> genau das Richtige f\u00fcr Sie.<\/p>\n<p data-start=\"202\" data-end=\"466\">Von <strong data-start=\"206\" data-end=\"228\">Juni bis September<\/strong> erwarten Sie <strong data-start=\"242\" data-end=\"262\">zehn Sportwochen<\/strong>, begleitet von den erfahrenen Coaches und Personal Trainern von <strong data-start=\"327\" data-end=\"338\">LongAge<\/strong>. Ein vielseitiges Programm bietet unterschiedliche Trainingsformate \u2013 abgestimmt auf die W\u00fcnsche und Bed\u00fcrfnisse unserer G\u00e4ste.<\/p>\n<p data-start=\"468\" data-end=\"682\" data-is-last-node=\"\" data-is-only-node=\"\">W\u00e4hlen Sie die Einheit, die zu Ihnen passt: Von Einsteigerkursen bis zu intensiven Trainings finden Sie eine breite Auswahl an Sessions \u2013 eingebettet in die beeindruckende Naturkulisse des <strong data-start=\"657\" data-end=\"681\">Arbatax Park Resorts<\/strong>.<\/p>\n<p>&nbsp;<\/p>\n","protected":false},"excerpt":{"rendered":"<p>Wenn Sie davon \u00fcberzeugt sind, dass die bewusste Pflege des eigenen K\u00f6rpers der Schl\u00fcssel zu k\u00f6rperlichem und mentalem Wohlbefinden ist, hat das Arbatax Park Resort genau das Richtige f\u00fcr Sie. Von Juni bis September erwarten Sie zehn Sportwochen, begleitet von den erfahrenen Coaches und Personal Trainern von LongAge. Ein vielseitiges Programm bietet unterschiedliche Trainingsformate \u2013 [&hellip;]<\/p>\n","protected":false},"author":7,"featured_media":0,"parent":2267,"menu_order":106,"comment_status":"closed","ping_status":"closed","template":"","meta":{"footnotes":""},"class_list":["post-9934","page","type-page","status-publish","hentry"],"yoast_head":"<!-- This site is optimized with the Yoast SEO plugin v26.9 - https:\/\/yoast.com\/product\/yoast-seo-wordpress\/ -->\n<title>LongAge Fitness - Arbatax Park<\/title>\n<meta name=\"robots\" content=\"index, follow, max-snippet:-1, max-image-preview:large, max-video-preview:-1\" \/>\n<link rel=\"canonical\" href=\"https:\/\/www.arbataxpark.com\/de\/sport-unterhaltung\/longage-fitness\/\" \/>\n<meta property=\"og:locale\" content=\"de_DE\" \/>\n<meta property=\"og:type\" content=\"article\" \/>\n<meta property=\"og:title\" content=\"LongAge Fitness - Arbatax Park\" \/>\n<meta property=\"og:description\" content=\"Wenn Sie davon \u00fcberzeugt sind, dass die bewusste Pflege des eigenen K\u00f6rpers der Schl\u00fcssel zu k\u00f6rperlichem und mentalem Wohlbefinden ist, hat das Arbatax Park Resort genau das Richtige f\u00fcr Sie. Von Juni bis September erwarten Sie zehn Sportwochen, begleitet von den erfahrenen Coaches und Personal Trainern von LongAge. Ein vielseitiges Programm bietet unterschiedliche Trainingsformate \u2013 [&hellip;]\" \/>\n<meta property=\"og:url\" content=\"https:\/\/www.arbataxpark.com\/de\/sport-unterhaltung\/longage-fitness\/\" \/>\n<meta property=\"og:site_name\" content=\"Arbatax Park\" \/>\n<meta property=\"article:modified_time\" content=\"2026-03-04T17:42:43+00:00\" \/>\n<meta name=\"twitter:card\" content=\"summary_large_image\" \/>\n<meta name=\"twitter:label1\" content=\"Gesch\u00e4tzte Lesezeit\" \/>\n\t<meta name=\"twitter:data1\" content=\"1 Minute\" \/>\n<script type=\"application\/ld+json\" class=\"yoast-schema-graph\">{\"@context\":\"https:\/\/schema.org\",\"@graph\":[{\"@type\":\"WebPage\",\"@id\":\"https:\/\/www.arbataxpark.com\/de\/sport-unterhaltung\/longage-fitness\/\",\"url\":\"https:\/\/www.arbataxpark.com\/de\/sport-unterhaltung\/longage-fitness\/\",\"name\":\"LongAge Fitness - Arbatax Park\",\"isPartOf\":{\"@id\":\"https:\/\/www.arbataxpark.com\/de\/#website\"},\"datePublished\":\"2019-03-28T15:50:23+00:00\",\"dateModified\":\"2026-03-04T17:42:43+00:00\",\"breadcrumb\":{\"@id\":\"https:\/\/www.arbataxpark.com\/de\/sport-unterhaltung\/longage-fitness\/#breadcrumb\"},\"inLanguage\":\"de-DE\",\"potentialAction\":[{\"@type\":\"ReadAction\",\"target\":[\"https:\/\/www.arbataxpark.com\/de\/sport-unterhaltung\/longage-fitness\/\"]}]},{\"@type\":\"BreadcrumbList\",\"@id\":\"https:\/\/www.arbataxpark.com\/de\/sport-unterhaltung\/longage-fitness\/#breadcrumb\",\"itemListElement\":[{\"@type\":\"ListItem\",\"position\":1,\"name\":\"Home\",\"item\":\"https:\/\/www.arbataxpark.com\/de\/\"},{\"@type\":\"ListItem\",\"position\":2,\"name\":\"Sport &amp; Akademien\",\"item\":\"https:\/\/www.arbataxpark.com\/de\/sport-unterhaltung\/\"},{\"@type\":\"ListItem\",\"position\":3,\"name\":\"LongAge Fitness\"}]},{\"@type\":\"WebSite\",\"@id\":\"https:\/\/www.arbataxpark.com\/de\/#website\",\"url\":\"https:\/\/www.arbataxpark.com\/de\/\",\"name\":\"Arbatax Park\",\"description\":\"Just another ms.decms.eu site\",\"potentialAction\":[{\"@type\":\"SearchAction\",\"target\":{\"@type\":\"EntryPoint\",\"urlTemplate\":\"https:\/\/www.arbataxpark.com\/de\/?s={search_term_string}\"},\"query-input\":{\"@type\":\"PropertyValueSpecification\",\"valueRequired\":true,\"valueName\":\"search_term_string\"}}],\"inLanguage\":\"de-DE\"}]}<\/script>\n<!-- \/ Yoast SEO plugin. -->","yoast_head_json":{"title":"LongAge Fitness - Arbatax Park","robots":{"index":"index","follow":"follow","max-snippet":"max-snippet:-1","max-image-preview":"max-image-preview:large","max-video-preview":"max-video-preview:-1"},"canonical":"https:\/\/www.arbataxpark.com\/de\/sport-unterhaltung\/longage-fitness\/","og_locale":"de_DE","og_type":"article","og_title":"LongAge Fitness - Arbatax Park","og_description":"Wenn Sie davon \u00fcberzeugt sind, dass die bewusste Pflege des eigenen K\u00f6rpers der Schl\u00fcssel zu k\u00f6rperlichem und mentalem Wohlbefinden ist, hat das Arbatax Park Resort genau das Richtige f\u00fcr Sie. Von Juni bis September erwarten Sie zehn Sportwochen, begleitet von den erfahrenen Coaches und Personal Trainern von LongAge. Ein vielseitiges Programm bietet unterschiedliche Trainingsformate \u2013 [&hellip;]","og_url":"https:\/\/www.arbataxpark.com\/de\/sport-unterhaltung\/longage-fitness\/","og_site_name":"Arbatax Park","article_modified_time":"2026-03-04T17:42:43+00:00","twitter_card":"summary_large_image","twitter_misc":{"Gesch\u00e4tzte Lesezeit":"1 Minute"},"schema":{"@context":"https:\/\/schema.org","@graph":[{"@type":"WebPage","@id":"https:\/\/www.arbataxpark.com\/de\/sport-unterhaltung\/longage-fitness\/","url":"https:\/\/www.arbataxpark.com\/de\/sport-unterhaltung\/longage-fitness\/","name":"LongAge Fitness - Arbatax Park","isPartOf":{"@id":"https:\/\/www.arbataxpark.com\/de\/#website"},"datePublished":"2019-03-28T15:50:23+00:00","dateModified":"2026-03-04T17:42:43+00:00","breadcrumb":{"@id":"https:\/\/www.arbataxpark.com\/de\/sport-unterhaltung\/longage-fitness\/#breadcrumb"},"inLanguage":"de-DE","potentialAction":[{"@type":"ReadAction","target":["https:\/\/www.arbataxpark.com\/de\/sport-unterhaltung\/longage-fitness\/"]}]},{"@type":"BreadcrumbList","@id":"https:\/\/www.arbataxpark.com\/de\/sport-unterhaltung\/longage-fitness\/#breadcrumb","itemListElement":[{"@type":"ListItem","position":1,"name":"Home","item":"https:\/\/www.arbataxpark.com\/de\/"},{"@type":"ListItem","position":2,"name":"Sport &amp; Akademien","item":"https:\/\/www.arbataxpark.com\/de\/sport-unterhaltung\/"},{"@type":"ListItem","position":3,"name":"LongAge Fitness"}]},{"@type":"WebSite","@id":"https:\/\/www.arbataxpark.com\/de\/#website","url":"https:\/\/www.arbataxpark.com\/de\/","name":"Arbatax Park","description":"Just another ms.decms.eu site","potentialAction":[{"@type":"SearchAction","target":{"@type":"EntryPoint","urlTemplate":"https:\/\/www.arbataxpark.com\/de\/?s={search_term_string}"},"query-input":{"@type":"PropertyValueSpecification","valueRequired":true,"valueName":"search_term_string"}}],"inLanguage":"de-DE"}]}},"acf":[],"_links":{"self":[{"href":"https:\/\/www.arbataxpark.com\/de\/wp-json\/wp\/v2\/pages\/9934","targetHints":{"allow":["GET"]}}],"collection":[{"href":"https:\/\/www.arbataxpark.com\/de\/wp-json\/wp\/v2\/pages"}],"about":[{"href":"https:\/\/www.arbataxpark.com\/de\/wp-json\/wp\/v2\/types\/page"}],"author":[{"embeddable":true,"href":"https:\/\/www.arbataxpark.com\/de\/wp-json\/wp\/v2\/users\/7"}],"replies":[{"embeddable":true,"href":"https:\/\/www.arbataxpark.com\/de\/wp-json\/wp\/v2\/comments?post=9934"}],"version-history":[{"count":0,"href":"https:\/\/www.arbataxpark.com\/de\/wp-json\/wp\/v2\/pages\/9934\/revisions"}],"up":[{"embeddable":true,"href":"https:\/\/www.arbataxpark.com\/de\/wp-json\/wp\/v2\/pages\/2267"}],"wp:attachment":[{"href":"https:\/\/www.arbataxpark.com\/de\/wp-json\/wp\/v2\/media?parent=9934"}],"curies":[{"name":"wp","href":"https:\/\/api.w.org\/{rel}","templated":true}]}}