{"id":10874,"date":"2019-09-19T13:18:10","date_gmt":"2019-09-19T13:18:10","guid":{"rendered":"https:\/\/www.arbataxpark.com\/best-eco-resort-in-italy\/"},"modified":"2026-03-09T14:35:47","modified_gmt":"2026-03-09T14:35:47","slug":"best-eco-resort-in-italy","status":"publish","type":"page","link":"https:\/\/www.arbataxpark.com\/es\/best-eco-resort-in-italy\/","title":{"rendered":"Mejor Eco Resort del Mundo"},"content":{"rendered":"<p><em>\u201cLa vida en Cerde\u00f1a es quiz\u00e1s la mejor que un hombre pueda desear: veinticuatro mil kil\u00f3metros de bosques, campo y costas inmersas en un mar milagroso tienen que coincidir con mi idea de Para\u00edso.\u201d <\/em>[F.De Andr\u00e8]<\/p>\n<p><strong>En Cerde\u00f1a<\/strong>, una tierra misteriosa, m\u00e1gica y rica en historia, existe una <strong>pen\u00ednsula de m\u00e1s de 60 hect\u00e1reas<\/strong> de naturaleza incontaminada, un lugar especial donde se encuentra <strong>el \u00fanico Resort <\/strong>en el mundo situado <strong>en el interior de un<\/strong> <strong>parque natural<\/strong><strong>\u00a0con todos los animales y plantas t\u00edpicas de esta antigua tierra <\/strong>y rica en especies end\u00e9micas con un moderno concepto de bienestar global.<\/p>\n<p><strong>Arbatax Park Resort <\/strong>se encuentra en el <strong>Coraz\u00f3n\u00a0<\/strong>de <strong>Ogliastra, <\/strong>una de las 5 <strong>zonas azules<\/strong> del mundo, patria de los Centenarios, en una Cerde\u00f1a sorprendente, que cautiva no solo por su incre\u00edble mar cristalino, sino por el encanto de sus <strong>tradiciones<\/strong>, por la autenticidad de su gente y su <strong>historia<\/strong><strong>, <\/strong>por sus silencios y por su <strong>potente<\/strong> <strong>naturaleza<\/strong> que te envuelve y te cuida.<\/p>\n<p>Gracias tambi\u00e9n a las iniciativas libres de pl\u00e1stico y a la participaci\u00f3n de los ciudadanos en actividades ecosostenibles, de 2019 a 2025 <strong>Arbatax Park Resort<\/strong> ha sido elegido como M<strong>ejor Eco Resort del Mundo<\/strong>. Otros dos importantes reconocimientos internacionales han sido otorgados al Arbatax Park en noviembre de 2025, que ocup\u00f3 el primer lugar en las categor\u00edas de <strong>Italy&#8217;s Leading Eco Resort,<\/strong> \u00a0<strong>Europe&#8217;s Leading Eco Resort<\/strong> y <strong>World&#8217;s Leading Resort Sensory Gardens <\/strong>de los prestigiosos World Travel Awards, los Oscars del turismo. La proclamaci\u00f3n respalda y mejora los anteriores premios obtenidos y certifica el complejo como el verdadero punto de referencia del turismo ecosostenible en todo el mundo.<\/p>\n<p>Arbatax Park Resort nace en 2010 a partir de la visi\u00f3n <strong>de los empresarios Giorgio y Angela <\/strong>que, tras a\u00f1os de trabajo como desarrolladores de proyectos en el campo tur\u00edstico y hotelero en Cerde\u00f1a, deciden emprender juntos un nuevo desaf\u00edo abriendo su casa al mundo, con el deseo de compartir con un gran n\u00famero de personas su pasi\u00f3n por las plantas, los animales, las tradiciones y los ni\u00f1os, as\u00ed como su Amor incondicional por la Tierra que los acoge.<\/p>\n<p>En 2009, despu\u00e9s de la crisis econ\u00f3mica internacional y el fracaso del obsoleto modelo de turismo masificado de los centros vacacionales, Giorgio y Angela deciden superar ese dif\u00edcil momento de transici\u00f3n dando vida a un Proyecto arriesgado y orientado hacia el futuro que preve\u00eda la transformaci\u00f3n de tres centros vacacionales existentes (Telis, Cala Moresca y hotel Monte Turri) en un nuevo e innovador <strong>Ecoresort en Italia<\/strong>.<\/p>\n","protected":false},"excerpt":{"rendered":"<p>\u201cLa vida en Cerde\u00f1a es quiz\u00e1s la mejor que un hombre pueda desear: veinticuatro mil kil\u00f3metros de bosques, campo y costas inmersas en un mar milagroso tienen que coincidir con mi idea de Para\u00edso.\u201d [F.De Andr\u00e8] En Cerde\u00f1a, una tierra misteriosa, m\u00e1gica y rica en historia, existe una pen\u00ednsula de m\u00e1s de 60 hect\u00e1reas de [&hellip;]<\/p>\n","protected":false},"author":7,"featured_media":0,"parent":0,"menu_order":0,"comment_status":"closed","ping_status":"closed","template":"template-eco-resort.php","meta":{"footnotes":""},"class_list":["post-10874","page","type-page","status-publish","hentry"],"yoast_head":"<!-- This site is optimized with the Yoast SEO plugin v26.9 - https:\/\/yoast.com\/product\/yoast-seo-wordpress\/ -->\n<title>Mejor Eco Resort del Mundo - Arbatax Park<\/title>\n<meta name=\"robots\" content=\"index, follow, max-snippet:-1, max-image-preview:large, max-video-preview:-1\" \/>\n<link rel=\"canonical\" href=\"https:\/\/www.arbataxpark.com\/es\/best-eco-resort-in-italy\/\" \/>\n<meta property=\"og:locale\" content=\"es_ES\" \/>\n<meta property=\"og:type\" content=\"article\" \/>\n<meta property=\"og:title\" content=\"Mejor Eco Resort del Mundo - Arbatax Park\" \/>\n<meta property=\"og:description\" content=\"\u201cLa vida en Cerde\u00f1a es quiz\u00e1s la mejor que un hombre pueda desear: veinticuatro mil kil\u00f3metros de bosques, campo y costas inmersas en un mar milagroso tienen que coincidir con mi idea de Para\u00edso.\u201d [F.De Andr\u00e8] En Cerde\u00f1a, una tierra misteriosa, m\u00e1gica y rica en historia, existe una pen\u00ednsula de m\u00e1s de 60 hect\u00e1reas de [&hellip;]\" \/>\n<meta property=\"og:url\" content=\"https:\/\/www.arbataxpark.com\/es\/best-eco-resort-in-italy\/\" \/>\n<meta property=\"og:site_name\" content=\"Arbatax Park\" \/>\n<meta property=\"article:modified_time\" content=\"2026-03-09T14:35:47+00:00\" \/>\n<meta name=\"twitter:card\" content=\"summary_large_image\" \/>\n<meta name=\"twitter:label1\" content=\"Tiempo de lectura\" \/>\n\t<meta name=\"twitter:data1\" content=\"3 minutos\" \/>\n<script type=\"application\/ld+json\" class=\"yoast-schema-graph\">{\"@context\":\"https:\/\/schema.org\",\"@graph\":[{\"@type\":\"WebPage\",\"@id\":\"https:\/\/www.arbataxpark.com\/es\/best-eco-resort-in-italy\/\",\"url\":\"https:\/\/www.arbataxpark.com\/es\/best-eco-resort-in-italy\/\",\"name\":\"Mejor Eco Resort del Mundo - Arbatax Park\",\"isPartOf\":{\"@id\":\"https:\/\/www.arbataxpark.com\/es\/#website\"},\"datePublished\":\"2019-09-19T13:18:10+00:00\",\"dateModified\":\"2026-03-09T14:35:47+00:00\",\"breadcrumb\":{\"@id\":\"https:\/\/www.arbataxpark.com\/es\/best-eco-resort-in-italy\/#breadcrumb\"},\"inLanguage\":\"es\",\"potentialAction\":[{\"@type\":\"ReadAction\",\"target\":[\"https:\/\/www.arbataxpark.com\/es\/best-eco-resort-in-italy\/\"]}]},{\"@type\":\"BreadcrumbList\",\"@id\":\"https:\/\/www.arbataxpark.com\/es\/best-eco-resort-in-italy\/#breadcrumb\",\"itemListElement\":[{\"@type\":\"ListItem\",\"position\":1,\"name\":\"Home\",\"item\":\"https:\/\/www.arbataxpark.com\/es\/\"},{\"@type\":\"ListItem\",\"position\":2,\"name\":\"Mejor Eco Resort del Mundo\"}]},{\"@type\":\"WebSite\",\"@id\":\"https:\/\/www.arbataxpark.com\/es\/#website\",\"url\":\"https:\/\/www.arbataxpark.com\/es\/\",\"name\":\"Arbatax Park\",\"description\":\"Just another ms.decms.eu site\",\"potentialAction\":[{\"@type\":\"SearchAction\",\"target\":{\"@type\":\"EntryPoint\",\"urlTemplate\":\"https:\/\/www.arbataxpark.com\/es\/?s={search_term_string}\"},\"query-input\":{\"@type\":\"PropertyValueSpecification\",\"valueRequired\":true,\"valueName\":\"search_term_string\"}}],\"inLanguage\":\"es\"}]}<\/script>\n<!-- \/ Yoast SEO plugin. -->","yoast_head_json":{"title":"Mejor Eco Resort del Mundo - Arbatax Park","robots":{"index":"index","follow":"follow","max-snippet":"max-snippet:-1","max-image-preview":"max-image-preview:large","max-video-preview":"max-video-preview:-1"},"canonical":"https:\/\/www.arbataxpark.com\/es\/best-eco-resort-in-italy\/","og_locale":"es_ES","og_type":"article","og_title":"Mejor Eco Resort del Mundo - Arbatax Park","og_description":"\u201cLa vida en Cerde\u00f1a es quiz\u00e1s la mejor que un hombre pueda desear: veinticuatro mil kil\u00f3metros de bosques, campo y costas inmersas en un mar milagroso tienen que coincidir con mi idea de Para\u00edso.\u201d [F.De Andr\u00e8] En Cerde\u00f1a, una tierra misteriosa, m\u00e1gica y rica en historia, existe una pen\u00ednsula de m\u00e1s de 60 hect\u00e1reas de [&hellip;]","og_url":"https:\/\/www.arbataxpark.com\/es\/best-eco-resort-in-italy\/","og_site_name":"Arbatax Park","article_modified_time":"2026-03-09T14:35:47+00:00","twitter_card":"summary_large_image","twitter_misc":{"Tiempo de lectura":"3 minutos"},"schema":{"@context":"https:\/\/schema.org","@graph":[{"@type":"WebPage","@id":"https:\/\/www.arbataxpark.com\/es\/best-eco-resort-in-italy\/","url":"https:\/\/www.arbataxpark.com\/es\/best-eco-resort-in-italy\/","name":"Mejor Eco Resort del Mundo - Arbatax Park","isPartOf":{"@id":"https:\/\/www.arbataxpark.com\/es\/#website"},"datePublished":"2019-09-19T13:18:10+00:00","dateModified":"2026-03-09T14:35:47+00:00","breadcrumb":{"@id":"https:\/\/www.arbataxpark.com\/es\/best-eco-resort-in-italy\/#breadcrumb"},"inLanguage":"es","potentialAction":[{"@type":"ReadAction","target":["https:\/\/www.arbataxpark.com\/es\/best-eco-resort-in-italy\/"]}]},{"@type":"BreadcrumbList","@id":"https:\/\/www.arbataxpark.com\/es\/best-eco-resort-in-italy\/#breadcrumb","itemListElement":[{"@type":"ListItem","position":1,"name":"Home","item":"https:\/\/www.arbataxpark.com\/es\/"},{"@type":"ListItem","position":2,"name":"Mejor Eco Resort del Mundo"}]},{"@type":"WebSite","@id":"https:\/\/www.arbataxpark.com\/es\/#website","url":"https:\/\/www.arbataxpark.com\/es\/","name":"Arbatax Park","description":"Just another ms.decms.eu site","potentialAction":[{"@type":"SearchAction","target":{"@type":"EntryPoint","urlTemplate":"https:\/\/www.arbataxpark.com\/es\/?s={search_term_string}"},"query-input":{"@type":"PropertyValueSpecification","valueRequired":true,"valueName":"search_term_string"}}],"inLanguage":"es"}]}},"acf":[],"_links":{"self":[{"href":"https:\/\/www.arbataxpark.com\/es\/wp-json\/wp\/v2\/pages\/10874","targetHints":{"allow":["GET"]}}],"collection":[{"href":"https:\/\/www.arbataxpark.com\/es\/wp-json\/wp\/v2\/pages"}],"about":[{"href":"https:\/\/www.arbataxpark.com\/es\/wp-json\/wp\/v2\/types\/page"}],"author":[{"embeddable":true,"href":"https:\/\/www.arbataxpark.com\/es\/wp-json\/wp\/v2\/users\/7"}],"replies":[{"embeddable":true,"href":"https:\/\/www.arbataxpark.com\/es\/wp-json\/wp\/v2\/comments?post=10874"}],"version-history":[{"count":0,"href":"https:\/\/www.arbataxpark.com\/es\/wp-json\/wp\/v2\/pages\/10874\/revisions"}],"wp:attachment":[{"href":"https:\/\/www.arbataxpark.com\/es\/wp-json\/wp\/v2\/media?parent=10874"}],"curies":[{"name":"wp","href":"https:\/\/api.w.org\/{rel}","templated":true}]}}