{"id":20882,"date":"2026-03-09T09:11:48","date_gmt":"2026-03-09T09:11:48","guid":{"rendered":"https:\/\/www.arbataxpark.com\/?page_id=20882"},"modified":"2026-03-09T10:03:38","modified_gmt":"2026-03-09T10:03:38","slug":"20882-2","status":"publish","type":"page","link":"https:\/\/www.arbataxpark.com\/es\/sport-y-diversion\/20882-2\/","title":{"rendered":"Experiencia de Running en Arbatax"},"content":{"rendered":"<p data-start=\"2730\" data-end=\"3415\">\u00bfTe gusta correr? En el Arbatax Park Resort podr\u00e1s dedicarte a tu pasi\u00f3n favorita tambi\u00e9n durante tus vacaciones. Para todos los amantes del running, desde los atletas m\u00e1s experimentados hasta los principiantes, hay numerosas subidas y bajadas que crean un recorrido exigente en un entorno impresionante. El trayecto pasa por el Parque Natural\u00edstico Bellavista, hogar de numerosos animales y caracterizado por espectaculares acantilados que caen a pico sobre el mar.<br data-start=\"3196\" data-end=\"3199\" \/>El sugerente recorrido de 10 km seguir\u00e1 durante largos tramos el antiguo trazado de la famosa \u201cMarcialonga dei Tre Mari\u201d, que alrededor de los a\u00f1os ochenta se celebr\u00f3 durante muchas ediciones precisamente en Arbatax.<\/p>\n<p data-start=\"3417\" data-end=\"3625\" data-is-last-node=\"\" data-is-only-node=\"\">Vive la emoci\u00f3n de entrenar entre el mar y las monta\u00f1as de Ogliastra y disfruta de unas vacaciones de deporte, relax y naturaleza en el incre\u00edble entorno del Arbatax Park Resort.<br data-start=\"3595\" data-end=\"3598\" \/><strong data-start=\"3598\" data-end=\"3614\">Run For Fun!<\/strong><\/p>\n","protected":false},"excerpt":{"rendered":"<p>\u00bfTe gusta correr? En el Arbatax Park Resort podr\u00e1s dedicarte a tu pasi\u00f3n favorita tambi\u00e9n durante tus vacaciones. Para todos los amantes del running, desde los atletas m\u00e1s experimentados hasta los principiantes, hay numerosas subidas y bajadas que crean un recorrido exigente en un entorno impresionante. El trayecto pasa por el Parque Natural\u00edstico Bellavista, hogar [&hellip;]<\/p>\n","protected":false},"author":50,"featured_media":0,"parent":2269,"menu_order":0,"comment_status":"closed","ping_status":"closed","template":"","meta":{"footnotes":""},"class_list":["post-20882","page","type-page","status-publish","hentry"],"yoast_head":"<!-- This site is optimized with the Yoast SEO plugin v26.9 - https:\/\/yoast.com\/product\/yoast-seo-wordpress\/ -->\n<title>Experiencia de Running en Arbatax - Arbatax Park<\/title>\n<meta name=\"robots\" content=\"index, follow, max-snippet:-1, max-image-preview:large, max-video-preview:-1\" \/>\n<link rel=\"canonical\" href=\"https:\/\/www.arbataxpark.com\/es\/sport-y-diversion\/20882-2\/\" \/>\n<meta property=\"og:locale\" content=\"es_ES\" \/>\n<meta property=\"og:type\" content=\"article\" \/>\n<meta property=\"og:title\" content=\"Experiencia de Running en Arbatax - Arbatax Park\" \/>\n<meta property=\"og:description\" content=\"\u00bfTe gusta correr? En el Arbatax Park Resort podr\u00e1s dedicarte a tu pasi\u00f3n favorita tambi\u00e9n durante tus vacaciones. Para todos los amantes del running, desde los atletas m\u00e1s experimentados hasta los principiantes, hay numerosas subidas y bajadas que crean un recorrido exigente en un entorno impresionante. El trayecto pasa por el Parque Natural\u00edstico Bellavista, hogar [&hellip;]\" \/>\n<meta property=\"og:url\" content=\"https:\/\/www.arbataxpark.com\/es\/sport-y-diversion\/20882-2\/\" \/>\n<meta property=\"og:site_name\" content=\"Arbatax Park\" \/>\n<meta property=\"article:modified_time\" content=\"2026-03-09T10:03:38+00:00\" \/>\n<meta name=\"twitter:card\" content=\"summary_large_image\" \/>\n<meta name=\"twitter:label1\" content=\"Tiempo de lectura\" \/>\n\t<meta name=\"twitter:data1\" content=\"1 minuto\" \/>\n<script type=\"application\/ld+json\" class=\"yoast-schema-graph\">{\"@context\":\"https:\/\/schema.org\",\"@graph\":[{\"@type\":\"WebPage\",\"@id\":\"https:\/\/www.arbataxpark.com\/es\/sport-y-diversion\/20882-2\/\",\"url\":\"https:\/\/www.arbataxpark.com\/es\/sport-y-diversion\/20882-2\/\",\"name\":\"Experiencia de Running en Arbatax - Arbatax Park\",\"isPartOf\":{\"@id\":\"https:\/\/www.arbataxpark.com\/es\/#website\"},\"datePublished\":\"2026-03-09T09:11:48+00:00\",\"dateModified\":\"2026-03-09T10:03:38+00:00\",\"breadcrumb\":{\"@id\":\"https:\/\/www.arbataxpark.com\/es\/sport-y-diversion\/20882-2\/#breadcrumb\"},\"inLanguage\":\"es\",\"potentialAction\":[{\"@type\":\"ReadAction\",\"target\":[\"https:\/\/www.arbataxpark.com\/es\/sport-y-diversion\/20882-2\/\"]}]},{\"@type\":\"BreadcrumbList\",\"@id\":\"https:\/\/www.arbataxpark.com\/es\/sport-y-diversion\/20882-2\/#breadcrumb\",\"itemListElement\":[{\"@type\":\"ListItem\",\"position\":1,\"name\":\"Home\",\"item\":\"https:\/\/www.arbataxpark.com\/es\/\"},{\"@type\":\"ListItem\",\"position\":2,\"name\":\"Sport &#038; Academy\",\"item\":\"https:\/\/www.arbataxpark.com\/es\/sport-y-diversion\/\"},{\"@type\":\"ListItem\",\"position\":3,\"name\":\"Experiencia de Running en Arbatax\"}]},{\"@type\":\"WebSite\",\"@id\":\"https:\/\/www.arbataxpark.com\/es\/#website\",\"url\":\"https:\/\/www.arbataxpark.com\/es\/\",\"name\":\"Arbatax Park\",\"description\":\"Just another ms.decms.eu site\",\"potentialAction\":[{\"@type\":\"SearchAction\",\"target\":{\"@type\":\"EntryPoint\",\"urlTemplate\":\"https:\/\/www.arbataxpark.com\/es\/?s={search_term_string}\"},\"query-input\":{\"@type\":\"PropertyValueSpecification\",\"valueRequired\":true,\"valueName\":\"search_term_string\"}}],\"inLanguage\":\"es\"}]}<\/script>\n<!-- \/ Yoast SEO plugin. -->","yoast_head_json":{"title":"Experiencia de Running en Arbatax - Arbatax Park","robots":{"index":"index","follow":"follow","max-snippet":"max-snippet:-1","max-image-preview":"max-image-preview:large","max-video-preview":"max-video-preview:-1"},"canonical":"https:\/\/www.arbataxpark.com\/es\/sport-y-diversion\/20882-2\/","og_locale":"es_ES","og_type":"article","og_title":"Experiencia de Running en Arbatax - Arbatax Park","og_description":"\u00bfTe gusta correr? En el Arbatax Park Resort podr\u00e1s dedicarte a tu pasi\u00f3n favorita tambi\u00e9n durante tus vacaciones. Para todos los amantes del running, desde los atletas m\u00e1s experimentados hasta los principiantes, hay numerosas subidas y bajadas que crean un recorrido exigente en un entorno impresionante. El trayecto pasa por el Parque Natural\u00edstico Bellavista, hogar [&hellip;]","og_url":"https:\/\/www.arbataxpark.com\/es\/sport-y-diversion\/20882-2\/","og_site_name":"Arbatax Park","article_modified_time":"2026-03-09T10:03:38+00:00","twitter_card":"summary_large_image","twitter_misc":{"Tiempo de lectura":"1 minuto"},"schema":{"@context":"https:\/\/schema.org","@graph":[{"@type":"WebPage","@id":"https:\/\/www.arbataxpark.com\/es\/sport-y-diversion\/20882-2\/","url":"https:\/\/www.arbataxpark.com\/es\/sport-y-diversion\/20882-2\/","name":"Experiencia de Running en Arbatax - Arbatax Park","isPartOf":{"@id":"https:\/\/www.arbataxpark.com\/es\/#website"},"datePublished":"2026-03-09T09:11:48+00:00","dateModified":"2026-03-09T10:03:38+00:00","breadcrumb":{"@id":"https:\/\/www.arbataxpark.com\/es\/sport-y-diversion\/20882-2\/#breadcrumb"},"inLanguage":"es","potentialAction":[{"@type":"ReadAction","target":["https:\/\/www.arbataxpark.com\/es\/sport-y-diversion\/20882-2\/"]}]},{"@type":"BreadcrumbList","@id":"https:\/\/www.arbataxpark.com\/es\/sport-y-diversion\/20882-2\/#breadcrumb","itemListElement":[{"@type":"ListItem","position":1,"name":"Home","item":"https:\/\/www.arbataxpark.com\/es\/"},{"@type":"ListItem","position":2,"name":"Sport &#038; Academy","item":"https:\/\/www.arbataxpark.com\/es\/sport-y-diversion\/"},{"@type":"ListItem","position":3,"name":"Experiencia de Running en Arbatax"}]},{"@type":"WebSite","@id":"https:\/\/www.arbataxpark.com\/es\/#website","url":"https:\/\/www.arbataxpark.com\/es\/","name":"Arbatax Park","description":"Just another ms.decms.eu site","potentialAction":[{"@type":"SearchAction","target":{"@type":"EntryPoint","urlTemplate":"https:\/\/www.arbataxpark.com\/es\/?s={search_term_string}"},"query-input":{"@type":"PropertyValueSpecification","valueRequired":true,"valueName":"search_term_string"}}],"inLanguage":"es"}]}},"acf":[],"_links":{"self":[{"href":"https:\/\/www.arbataxpark.com\/es\/wp-json\/wp\/v2\/pages\/20882","targetHints":{"allow":["GET"]}}],"collection":[{"href":"https:\/\/www.arbataxpark.com\/es\/wp-json\/wp\/v2\/pages"}],"about":[{"href":"https:\/\/www.arbataxpark.com\/es\/wp-json\/wp\/v2\/types\/page"}],"author":[{"embeddable":true,"href":"https:\/\/www.arbataxpark.com\/es\/wp-json\/wp\/v2\/users\/50"}],"replies":[{"embeddable":true,"href":"https:\/\/www.arbataxpark.com\/es\/wp-json\/wp\/v2\/comments?post=20882"}],"version-history":[{"count":0,"href":"https:\/\/www.arbataxpark.com\/es\/wp-json\/wp\/v2\/pages\/20882\/revisions"}],"up":[{"embeddable":true,"href":"https:\/\/www.arbataxpark.com\/es\/wp-json\/wp\/v2\/pages\/2269"}],"wp:attachment":[{"href":"https:\/\/www.arbataxpark.com\/es\/wp-json\/wp\/v2\/media?parent=20882"}],"curies":[{"name":"wp","href":"https:\/\/api.w.org\/{rel}","templated":true}]}}