{"id":5242,"date":"2019-04-05T13:55:17","date_gmt":"2019-04-05T13:55:17","guid":{"rendered":"http:\/\/arbatax-park-group.ms.decms.eu\/?page_id=5242"},"modified":"2024-12-02T16:44:01","modified_gmt":"2024-12-02T16:44:01","slug":"parque-natural-bellavista","status":"publish","type":"page","link":"https:\/\/www.arbataxpark.com\/es\/parque-natural-bellavista\/","title":{"rendered":"Parque Natural Bellavista"},"content":{"rendered":"<p>En el centro de Ogliastra, la pen\u00ednsula de Bellavista es una isla dentro de la isla, un para\u00edso a\u00fan intacto en su agreste belleza. En este microcosmos encuentra su lugar el <strong>Parque Natural Bellavista<\/strong> que con sus 40 hect\u00e1reas es el hogar de animales y plantas t\u00edpicas de la flora y la fauna de Cerde\u00f1a.<\/p>\n<p>Entre \u00e1rboles de olivo, lentisco y mirto se alojan animales t\u00edpicos como carneros, jabal\u00edes y caballos de giara, ciervos, asnos, ovejas y vacas sardas, adem\u00e1s una gran variedad de aves encuentran refugio seguro en un ecosistema protegido.<\/p>\n<p>El parque es de libre acceso para los hu\u00e9spedes, que pueden elegir entre una <strong>variedad de rutas <\/strong>para observar a los animales en total libertad y disfrutar de unas vistas espectaculares de las t\u00edpicas rocas rojas de Arbatax, la llanura de Ogliastra y el Parque Marino de Monte Santo.<\/p>\n<p>Cada d\u00eda nuestros <strong>Rangers<\/strong> acompa\u00f1an a los visitantes a descubrir las bellezas del Parque.<\/p>\n","protected":false},"excerpt":{"rendered":"<p>En el centro de Ogliastra, la pen\u00ednsula de Bellavista es una isla dentro de la isla, un para\u00edso a\u00fan intacto en su agreste belleza. En este microcosmos encuentra su lugar el Parque Natural Bellavista que con sus 40 hect\u00e1reas es el hogar de animales y plantas t\u00edpicas de la flora y la fauna de Cerde\u00f1a. [&hellip;]<\/p>\n","protected":false},"author":21,"featured_media":0,"parent":0,"menu_order":500,"comment_status":"closed","ping_status":"closed","template":"","meta":{"footnotes":""},"class_list":["post-5242","page","type-page","status-publish","hentry"],"yoast_head":"<!-- This site is optimized with the Yoast SEO plugin v26.9 - https:\/\/yoast.com\/product\/yoast-seo-wordpress\/ -->\n<title>Parque Natural Bellavista - Arbatax Park<\/title>\n<meta name=\"robots\" content=\"index, follow, max-snippet:-1, max-image-preview:large, max-video-preview:-1\" \/>\n<link rel=\"canonical\" href=\"https:\/\/www.arbataxpark.com\/es\/parque-natural-bellavista\/\" \/>\n<meta property=\"og:locale\" content=\"es_ES\" \/>\n<meta property=\"og:type\" content=\"article\" \/>\n<meta property=\"og:title\" content=\"Parque Natural Bellavista - Arbatax Park\" \/>\n<meta property=\"og:description\" content=\"En el centro de Ogliastra, la pen\u00ednsula de Bellavista es una isla dentro de la isla, un para\u00edso a\u00fan intacto en su agreste belleza. En este microcosmos encuentra su lugar el Parque Natural Bellavista que con sus 40 hect\u00e1reas es el hogar de animales y plantas t\u00edpicas de la flora y la fauna de Cerde\u00f1a. [&hellip;]\" \/>\n<meta property=\"og:url\" content=\"https:\/\/www.arbataxpark.com\/es\/parque-natural-bellavista\/\" \/>\n<meta property=\"og:site_name\" content=\"Arbatax Park\" \/>\n<meta property=\"article:modified_time\" content=\"2024-12-02T16:44:01+00:00\" \/>\n<meta name=\"twitter:card\" content=\"summary_large_image\" \/>\n<meta name=\"twitter:label1\" content=\"Tiempo de lectura\" \/>\n\t<meta name=\"twitter:data1\" content=\"1 minuto\" \/>\n<script type=\"application\/ld+json\" class=\"yoast-schema-graph\">{\"@context\":\"https:\/\/schema.org\",\"@graph\":[{\"@type\":\"WebPage\",\"@id\":\"https:\/\/www.arbataxpark.com\/es\/parque-natural-bellavista\/\",\"url\":\"https:\/\/www.arbataxpark.com\/es\/parque-natural-bellavista\/\",\"name\":\"Parque Natural Bellavista - Arbatax Park\",\"isPartOf\":{\"@id\":\"https:\/\/www.arbataxpark.com\/es\/#website\"},\"datePublished\":\"2019-04-05T13:55:17+00:00\",\"dateModified\":\"2024-12-02T16:44:01+00:00\",\"breadcrumb\":{\"@id\":\"https:\/\/www.arbataxpark.com\/es\/parque-natural-bellavista\/#breadcrumb\"},\"inLanguage\":\"es\",\"potentialAction\":[{\"@type\":\"ReadAction\",\"target\":[\"https:\/\/www.arbataxpark.com\/es\/parque-natural-bellavista\/\"]}]},{\"@type\":\"BreadcrumbList\",\"@id\":\"https:\/\/www.arbataxpark.com\/es\/parque-natural-bellavista\/#breadcrumb\",\"itemListElement\":[{\"@type\":\"ListItem\",\"position\":1,\"name\":\"Home\",\"item\":\"https:\/\/www.arbataxpark.com\/es\/\"},{\"@type\":\"ListItem\",\"position\":2,\"name\":\"Parque Natural Bellavista\"}]},{\"@type\":\"WebSite\",\"@id\":\"https:\/\/www.arbataxpark.com\/es\/#website\",\"url\":\"https:\/\/www.arbataxpark.com\/es\/\",\"name\":\"Arbatax Park\",\"description\":\"Just another ms.decms.eu site\",\"potentialAction\":[{\"@type\":\"SearchAction\",\"target\":{\"@type\":\"EntryPoint\",\"urlTemplate\":\"https:\/\/www.arbataxpark.com\/es\/?s={search_term_string}\"},\"query-input\":{\"@type\":\"PropertyValueSpecification\",\"valueRequired\":true,\"valueName\":\"search_term_string\"}}],\"inLanguage\":\"es\"}]}<\/script>\n<!-- \/ Yoast SEO plugin. -->","yoast_head_json":{"title":"Parque Natural Bellavista - Arbatax Park","robots":{"index":"index","follow":"follow","max-snippet":"max-snippet:-1","max-image-preview":"max-image-preview:large","max-video-preview":"max-video-preview:-1"},"canonical":"https:\/\/www.arbataxpark.com\/es\/parque-natural-bellavista\/","og_locale":"es_ES","og_type":"article","og_title":"Parque Natural Bellavista - Arbatax Park","og_description":"En el centro de Ogliastra, la pen\u00ednsula de Bellavista es una isla dentro de la isla, un para\u00edso a\u00fan intacto en su agreste belleza. En este microcosmos encuentra su lugar el Parque Natural Bellavista que con sus 40 hect\u00e1reas es el hogar de animales y plantas t\u00edpicas de la flora y la fauna de Cerde\u00f1a. [&hellip;]","og_url":"https:\/\/www.arbataxpark.com\/es\/parque-natural-bellavista\/","og_site_name":"Arbatax Park","article_modified_time":"2024-12-02T16:44:01+00:00","twitter_card":"summary_large_image","twitter_misc":{"Tiempo de lectura":"1 minuto"},"schema":{"@context":"https:\/\/schema.org","@graph":[{"@type":"WebPage","@id":"https:\/\/www.arbataxpark.com\/es\/parque-natural-bellavista\/","url":"https:\/\/www.arbataxpark.com\/es\/parque-natural-bellavista\/","name":"Parque Natural Bellavista - Arbatax Park","isPartOf":{"@id":"https:\/\/www.arbataxpark.com\/es\/#website"},"datePublished":"2019-04-05T13:55:17+00:00","dateModified":"2024-12-02T16:44:01+00:00","breadcrumb":{"@id":"https:\/\/www.arbataxpark.com\/es\/parque-natural-bellavista\/#breadcrumb"},"inLanguage":"es","potentialAction":[{"@type":"ReadAction","target":["https:\/\/www.arbataxpark.com\/es\/parque-natural-bellavista\/"]}]},{"@type":"BreadcrumbList","@id":"https:\/\/www.arbataxpark.com\/es\/parque-natural-bellavista\/#breadcrumb","itemListElement":[{"@type":"ListItem","position":1,"name":"Home","item":"https:\/\/www.arbataxpark.com\/es\/"},{"@type":"ListItem","position":2,"name":"Parque Natural Bellavista"}]},{"@type":"WebSite","@id":"https:\/\/www.arbataxpark.com\/es\/#website","url":"https:\/\/www.arbataxpark.com\/es\/","name":"Arbatax Park","description":"Just another ms.decms.eu site","potentialAction":[{"@type":"SearchAction","target":{"@type":"EntryPoint","urlTemplate":"https:\/\/www.arbataxpark.com\/es\/?s={search_term_string}"},"query-input":{"@type":"PropertyValueSpecification","valueRequired":true,"valueName":"search_term_string"}}],"inLanguage":"es"}]}},"acf":[],"_links":{"self":[{"href":"https:\/\/www.arbataxpark.com\/es\/wp-json\/wp\/v2\/pages\/5242","targetHints":{"allow":["GET"]}}],"collection":[{"href":"https:\/\/www.arbataxpark.com\/es\/wp-json\/wp\/v2\/pages"}],"about":[{"href":"https:\/\/www.arbataxpark.com\/es\/wp-json\/wp\/v2\/types\/page"}],"author":[{"embeddable":true,"href":"https:\/\/www.arbataxpark.com\/es\/wp-json\/wp\/v2\/users\/21"}],"replies":[{"embeddable":true,"href":"https:\/\/www.arbataxpark.com\/es\/wp-json\/wp\/v2\/comments?post=5242"}],"version-history":[{"count":0,"href":"https:\/\/www.arbataxpark.com\/es\/wp-json\/wp\/v2\/pages\/5242\/revisions"}],"wp:attachment":[{"href":"https:\/\/www.arbataxpark.com\/es\/wp-json\/wp\/v2\/media?parent=5242"}],"curies":[{"name":"wp","href":"https:\/\/api.w.org\/{rel}","templated":true}]}}