{"id":5274,"date":"2019-03-20T10:03:40","date_gmt":"2019-03-20T10:03:40","guid":{"rendered":"http:\/\/arbatax-park-group.ms.decms.eu\/%d0%ba%d1%83%d0%bb%d1%8c%d1%82%d1%83%d1%80%d0%b0-%d1%82%d1%80%d0%b0%d0%b4%d0%b8%d1%86%d0%b8%d0%b8-%d0%b8-%d0%bf%d1%80%d0%b8%d1%80%d0%be%d0%b4%d0%b0\/"},"modified":"2019-04-05T15:02:56","modified_gmt":"2019-04-05T15:02:56","slug":"cultura-tradicion-y-naturaleza","status":"publish","type":"page","link":"https:\/\/www.arbataxpark.com\/es\/cultura-tradicion-y-naturaleza\/","title":{"rendered":"Cultura, tradici\u00f3n y naturaleza"},"content":{"rendered":"<p><strong>Cultura y tradici\u00f3n<\/strong><br \/>\nNo s\u00f3lo\u00a0te ofrecemos mar, naturaleza, deporte y bienestar, sino tambi\u00e9n tradiciones y cultura de la parte m\u00e1s caracter\u00edstica de\u00a0Cerde\u00f1a denominada Ogliastra. Lugar de mitos ancestrales, h\u00e1bitos, costumbres y tradiciones seculares que a\u00fan siguen intactos y que se han conservado hasta nuestros d\u00edas gracias a un aislamiento milenario. En el Arbatax Park podr\u00e1s descubrir estas emociones o vivirlas de nuevo, y disfrutar de los platos tradicionales de nuestra tierra. Historia, cultura, arte y enogastronom\u00eda son los temas principales de las veladas que se organizan cada semana con la colaboraci\u00f3n de los artesanos locales. La oportunidad de poder aprender de los maestros de nuestra tradici\u00f3n no tiene precio: ven t\u00fa tambi\u00e9n a disfrutar esta oportunidad.<\/p>\n<p><strong>La emoci\u00f3n de la naturaleza<\/strong><br \/>\nParque natural Bellavista. Su nombre evoca escenarios de gran impacto paisaj\u00edstico capaces de responder a las expectativas de todos aquellos que buscan un lugar donde experimentar emociones y sensaciones ya vividas o nuevas. Una explosi\u00f3n de naturaleza, flores, plantas y colores, donde podr\u00e1s relajarte junto a un hermoso mar de aguas cristalinas e incre\u00edbles reflejos. Por ello, la pen\u00ednsula de Bellavista se ha convertido en la actualidad en uno de los principales puntos de referencia para los amantes de la flora y la fauna sardas, y constituye un binomio perfecto entre respeto por la naturaleza y el desarrollo tur\u00edstico del entorno.<\/p>\n","protected":false},"excerpt":{"rendered":"<p>Cultura y tradici\u00f3n No s\u00f3lo\u00a0te ofrecemos mar, naturaleza, deporte y bienestar, sino tambi\u00e9n tradiciones y cultura de la parte m\u00e1s caracter\u00edstica de\u00a0Cerde\u00f1a denominada Ogliastra. Lugar de mitos ancestrales, h\u00e1bitos, costumbres y tradiciones seculares que a\u00fan siguen intactos y que se han conservado hasta nuestros d\u00edas gracias a un aislamiento milenario. En el Arbatax Park podr\u00e1s [&hellip;]<\/p>\n","protected":false},"author":18,"featured_media":0,"parent":0,"menu_order":5000,"comment_status":"closed","ping_status":"closed","template":"template-emotional.php","meta":{"footnotes":""},"class_list":["post-5274","page","type-page","status-publish","hentry"],"yoast_head":"<!-- This site is optimized with the Yoast SEO plugin v26.9 - https:\/\/yoast.com\/product\/yoast-seo-wordpress\/ -->\n<title>Cultura, tradici\u00f3n y naturaleza - Arbatax Park<\/title>\n<meta name=\"robots\" content=\"index, follow, max-snippet:-1, max-image-preview:large, max-video-preview:-1\" \/>\n<link rel=\"canonical\" href=\"https:\/\/www.arbataxpark.com\/es\/cultura-tradicion-y-naturaleza\/\" \/>\n<meta property=\"og:locale\" content=\"es_ES\" \/>\n<meta property=\"og:type\" content=\"article\" \/>\n<meta property=\"og:title\" content=\"Cultura, tradici\u00f3n y naturaleza - Arbatax Park\" \/>\n<meta property=\"og:description\" content=\"Cultura y tradici\u00f3n No s\u00f3lo\u00a0te ofrecemos mar, naturaleza, deporte y bienestar, sino tambi\u00e9n tradiciones y cultura de la parte m\u00e1s caracter\u00edstica de\u00a0Cerde\u00f1a denominada Ogliastra. Lugar de mitos ancestrales, h\u00e1bitos, costumbres y tradiciones seculares que a\u00fan siguen intactos y que se han conservado hasta nuestros d\u00edas gracias a un aislamiento milenario. En el Arbatax Park podr\u00e1s [&hellip;]\" \/>\n<meta property=\"og:url\" content=\"https:\/\/www.arbataxpark.com\/es\/cultura-tradicion-y-naturaleza\/\" \/>\n<meta property=\"og:site_name\" content=\"Arbatax Park\" \/>\n<meta property=\"article:modified_time\" content=\"2019-04-05T15:02:56+00:00\" \/>\n<meta name=\"twitter:card\" content=\"summary_large_image\" \/>\n<meta name=\"twitter:label1\" content=\"Tiempo de lectura\" \/>\n\t<meta name=\"twitter:data1\" content=\"1 minuto\" \/>\n<script type=\"application\/ld+json\" class=\"yoast-schema-graph\">{\"@context\":\"https:\/\/schema.org\",\"@graph\":[{\"@type\":\"WebPage\",\"@id\":\"https:\/\/www.arbataxpark.com\/es\/cultura-tradicion-y-naturaleza\/\",\"url\":\"https:\/\/www.arbataxpark.com\/es\/cultura-tradicion-y-naturaleza\/\",\"name\":\"Cultura, tradici\u00f3n y naturaleza - Arbatax Park\",\"isPartOf\":{\"@id\":\"https:\/\/www.arbataxpark.com\/es\/#website\"},\"datePublished\":\"2019-03-20T10:03:40+00:00\",\"dateModified\":\"2019-04-05T15:02:56+00:00\",\"breadcrumb\":{\"@id\":\"https:\/\/www.arbataxpark.com\/es\/cultura-tradicion-y-naturaleza\/#breadcrumb\"},\"inLanguage\":\"es\",\"potentialAction\":[{\"@type\":\"ReadAction\",\"target\":[\"https:\/\/www.arbataxpark.com\/es\/cultura-tradicion-y-naturaleza\/\"]}]},{\"@type\":\"BreadcrumbList\",\"@id\":\"https:\/\/www.arbataxpark.com\/es\/cultura-tradicion-y-naturaleza\/#breadcrumb\",\"itemListElement\":[{\"@type\":\"ListItem\",\"position\":1,\"name\":\"Home\",\"item\":\"https:\/\/www.arbataxpark.com\/es\/\"},{\"@type\":\"ListItem\",\"position\":2,\"name\":\"Cultura, tradici\u00f3n y naturaleza\"}]},{\"@type\":\"WebSite\",\"@id\":\"https:\/\/www.arbataxpark.com\/es\/#website\",\"url\":\"https:\/\/www.arbataxpark.com\/es\/\",\"name\":\"Arbatax Park\",\"description\":\"Just another ms.decms.eu site\",\"potentialAction\":[{\"@type\":\"SearchAction\",\"target\":{\"@type\":\"EntryPoint\",\"urlTemplate\":\"https:\/\/www.arbataxpark.com\/es\/?s={search_term_string}\"},\"query-input\":{\"@type\":\"PropertyValueSpecification\",\"valueRequired\":true,\"valueName\":\"search_term_string\"}}],\"inLanguage\":\"es\"}]}<\/script>\n<!-- \/ Yoast SEO plugin. -->","yoast_head_json":{"title":"Cultura, tradici\u00f3n y naturaleza - Arbatax Park","robots":{"index":"index","follow":"follow","max-snippet":"max-snippet:-1","max-image-preview":"max-image-preview:large","max-video-preview":"max-video-preview:-1"},"canonical":"https:\/\/www.arbataxpark.com\/es\/cultura-tradicion-y-naturaleza\/","og_locale":"es_ES","og_type":"article","og_title":"Cultura, tradici\u00f3n y naturaleza - Arbatax Park","og_description":"Cultura y tradici\u00f3n No s\u00f3lo\u00a0te ofrecemos mar, naturaleza, deporte y bienestar, sino tambi\u00e9n tradiciones y cultura de la parte m\u00e1s caracter\u00edstica de\u00a0Cerde\u00f1a denominada Ogliastra. Lugar de mitos ancestrales, h\u00e1bitos, costumbres y tradiciones seculares que a\u00fan siguen intactos y que se han conservado hasta nuestros d\u00edas gracias a un aislamiento milenario. En el Arbatax Park podr\u00e1s [&hellip;]","og_url":"https:\/\/www.arbataxpark.com\/es\/cultura-tradicion-y-naturaleza\/","og_site_name":"Arbatax Park","article_modified_time":"2019-04-05T15:02:56+00:00","twitter_card":"summary_large_image","twitter_misc":{"Tiempo de lectura":"1 minuto"},"schema":{"@context":"https:\/\/schema.org","@graph":[{"@type":"WebPage","@id":"https:\/\/www.arbataxpark.com\/es\/cultura-tradicion-y-naturaleza\/","url":"https:\/\/www.arbataxpark.com\/es\/cultura-tradicion-y-naturaleza\/","name":"Cultura, tradici\u00f3n y naturaleza - Arbatax Park","isPartOf":{"@id":"https:\/\/www.arbataxpark.com\/es\/#website"},"datePublished":"2019-03-20T10:03:40+00:00","dateModified":"2019-04-05T15:02:56+00:00","breadcrumb":{"@id":"https:\/\/www.arbataxpark.com\/es\/cultura-tradicion-y-naturaleza\/#breadcrumb"},"inLanguage":"es","potentialAction":[{"@type":"ReadAction","target":["https:\/\/www.arbataxpark.com\/es\/cultura-tradicion-y-naturaleza\/"]}]},{"@type":"BreadcrumbList","@id":"https:\/\/www.arbataxpark.com\/es\/cultura-tradicion-y-naturaleza\/#breadcrumb","itemListElement":[{"@type":"ListItem","position":1,"name":"Home","item":"https:\/\/www.arbataxpark.com\/es\/"},{"@type":"ListItem","position":2,"name":"Cultura, tradici\u00f3n y naturaleza"}]},{"@type":"WebSite","@id":"https:\/\/www.arbataxpark.com\/es\/#website","url":"https:\/\/www.arbataxpark.com\/es\/","name":"Arbatax Park","description":"Just another ms.decms.eu site","potentialAction":[{"@type":"SearchAction","target":{"@type":"EntryPoint","urlTemplate":"https:\/\/www.arbataxpark.com\/es\/?s={search_term_string}"},"query-input":{"@type":"PropertyValueSpecification","valueRequired":true,"valueName":"search_term_string"}}],"inLanguage":"es"}]}},"acf":[],"_links":{"self":[{"href":"https:\/\/www.arbataxpark.com\/es\/wp-json\/wp\/v2\/pages\/5274","targetHints":{"allow":["GET"]}}],"collection":[{"href":"https:\/\/www.arbataxpark.com\/es\/wp-json\/wp\/v2\/pages"}],"about":[{"href":"https:\/\/www.arbataxpark.com\/es\/wp-json\/wp\/v2\/types\/page"}],"author":[{"embeddable":true,"href":"https:\/\/www.arbataxpark.com\/es\/wp-json\/wp\/v2\/users\/18"}],"replies":[{"embeddable":true,"href":"https:\/\/www.arbataxpark.com\/es\/wp-json\/wp\/v2\/comments?post=5274"}],"version-history":[{"count":0,"href":"https:\/\/www.arbataxpark.com\/es\/wp-json\/wp\/v2\/pages\/5274\/revisions"}],"wp:attachment":[{"href":"https:\/\/www.arbataxpark.com\/es\/wp-json\/wp\/v2\/media?parent=5274"}],"curies":[{"name":"wp","href":"https:\/\/api.w.org\/{rel}","templated":true}]}}