{"id":5295,"date":"2019-03-20T10:04:14","date_gmt":"2019-03-20T10:04:14","guid":{"rendered":"http:\/\/arbatax-park-group.ms.decms.eu\/%d1%81%d0%bf%d0%be%d1%80%d1%82-%d0%b8-%d1%84%d0%b8%d1%82%d0%bd%d0%b5%d1%81\/"},"modified":"2024-11-13T12:02:03","modified_gmt":"2024-11-13T12:02:03","slug":"sport-fitness","status":"publish","type":"page","link":"https:\/\/www.arbataxpark.com\/es\/sport-fitness\/","title":{"rendered":"Sport &amp; Fitness"},"content":{"rendered":"<p>Dentro del complejo los hu\u00e9spedes pueden encontrar, a<strong>dem\u00e1s de 9 piscinas<\/strong>, varias <strong>\u00e1reas deportivas<\/strong> ubicadas en diferentes \u00e1reas: en la parte alta del Centro Tur\u00edstico (4 pistas de tenis, 3 pistas de p\u00e1del, f\u00fatbol-5, voleibol, tiro con arco).<\/p>\n<p>Los cursos de aer\u00f3bic acu\u00e1tico, aer\u00f3bic, stretching y bailes latinos se realizan tanto en Borgo Cala Moresca como en Telis. Tambi\u00e9n los deportes acu\u00e1ticos numerosos como el buceo, el Sup y el Flyboard.<\/p>\n","protected":false},"excerpt":{"rendered":"<p>Dentro del complejo los hu\u00e9spedes pueden encontrar, adem\u00e1s de 9 piscinas, varias \u00e1reas deportivas ubicadas en diferentes \u00e1reas: en la parte alta del Centro Tur\u00edstico (4 pistas de tenis, 3 pistas de p\u00e1del, f\u00fatbol-5, voleibol, tiro con arco). Los cursos de aer\u00f3bic acu\u00e1tico, aer\u00f3bic, stretching y bailes latinos se realizan tanto en Borgo Cala Moresca [&hellip;]<\/p>\n","protected":false},"author":18,"featured_media":0,"parent":0,"menu_order":5300,"comment_status":"closed","ping_status":"closed","template":"template-emotional.php","meta":{"footnotes":""},"class_list":["post-5295","page","type-page","status-publish","hentry"],"yoast_head":"<!-- This site is optimized with the Yoast SEO plugin v26.9 - https:\/\/yoast.com\/product\/yoast-seo-wordpress\/ -->\n<title>Sport &amp; Fitness - Arbatax Park<\/title>\n<meta name=\"robots\" content=\"index, follow, max-snippet:-1, max-image-preview:large, max-video-preview:-1\" \/>\n<link rel=\"canonical\" href=\"https:\/\/www.arbataxpark.com\/es\/sport-fitness\/\" \/>\n<meta property=\"og:locale\" content=\"es_ES\" \/>\n<meta property=\"og:type\" content=\"article\" \/>\n<meta property=\"og:title\" content=\"Sport &amp; Fitness - Arbatax Park\" \/>\n<meta property=\"og:description\" content=\"Dentro del complejo los hu\u00e9spedes pueden encontrar, adem\u00e1s de 9 piscinas, varias \u00e1reas deportivas ubicadas en diferentes \u00e1reas: en la parte alta del Centro Tur\u00edstico (4 pistas de tenis, 3 pistas de p\u00e1del, f\u00fatbol-5, voleibol, tiro con arco). Los cursos de aer\u00f3bic acu\u00e1tico, aer\u00f3bic, stretching y bailes latinos se realizan tanto en Borgo Cala Moresca [&hellip;]\" \/>\n<meta property=\"og:url\" content=\"https:\/\/www.arbataxpark.com\/es\/sport-fitness\/\" \/>\n<meta property=\"og:site_name\" content=\"Arbatax Park\" \/>\n<meta property=\"article:modified_time\" content=\"2024-11-13T12:02:03+00:00\" \/>\n<meta name=\"twitter:card\" content=\"summary_large_image\" \/>\n<meta name=\"twitter:label1\" content=\"Tiempo de lectura\" \/>\n\t<meta name=\"twitter:data1\" content=\"1 minuto\" \/>\n<script type=\"application\/ld+json\" class=\"yoast-schema-graph\">{\"@context\":\"https:\/\/schema.org\",\"@graph\":[{\"@type\":\"WebPage\",\"@id\":\"https:\/\/www.arbataxpark.com\/es\/sport-fitness\/\",\"url\":\"https:\/\/www.arbataxpark.com\/es\/sport-fitness\/\",\"name\":\"Sport &amp; Fitness - Arbatax Park\",\"isPartOf\":{\"@id\":\"https:\/\/www.arbataxpark.com\/es\/#website\"},\"datePublished\":\"2019-03-20T10:04:14+00:00\",\"dateModified\":\"2024-11-13T12:02:03+00:00\",\"breadcrumb\":{\"@id\":\"https:\/\/www.arbataxpark.com\/es\/sport-fitness\/#breadcrumb\"},\"inLanguage\":\"es\",\"potentialAction\":[{\"@type\":\"ReadAction\",\"target\":[\"https:\/\/www.arbataxpark.com\/es\/sport-fitness\/\"]}]},{\"@type\":\"BreadcrumbList\",\"@id\":\"https:\/\/www.arbataxpark.com\/es\/sport-fitness\/#breadcrumb\",\"itemListElement\":[{\"@type\":\"ListItem\",\"position\":1,\"name\":\"Home\",\"item\":\"https:\/\/www.arbataxpark.com\/es\/\"},{\"@type\":\"ListItem\",\"position\":2,\"name\":\"Sport &amp; Fitness\"}]},{\"@type\":\"WebSite\",\"@id\":\"https:\/\/www.arbataxpark.com\/es\/#website\",\"url\":\"https:\/\/www.arbataxpark.com\/es\/\",\"name\":\"Arbatax Park\",\"description\":\"Just another ms.decms.eu site\",\"potentialAction\":[{\"@type\":\"SearchAction\",\"target\":{\"@type\":\"EntryPoint\",\"urlTemplate\":\"https:\/\/www.arbataxpark.com\/es\/?s={search_term_string}\"},\"query-input\":{\"@type\":\"PropertyValueSpecification\",\"valueRequired\":true,\"valueName\":\"search_term_string\"}}],\"inLanguage\":\"es\"}]}<\/script>\n<!-- \/ Yoast SEO plugin. -->","yoast_head_json":{"title":"Sport &amp; Fitness - Arbatax Park","robots":{"index":"index","follow":"follow","max-snippet":"max-snippet:-1","max-image-preview":"max-image-preview:large","max-video-preview":"max-video-preview:-1"},"canonical":"https:\/\/www.arbataxpark.com\/es\/sport-fitness\/","og_locale":"es_ES","og_type":"article","og_title":"Sport &amp; Fitness - Arbatax Park","og_description":"Dentro del complejo los hu\u00e9spedes pueden encontrar, adem\u00e1s de 9 piscinas, varias \u00e1reas deportivas ubicadas en diferentes \u00e1reas: en la parte alta del Centro Tur\u00edstico (4 pistas de tenis, 3 pistas de p\u00e1del, f\u00fatbol-5, voleibol, tiro con arco). Los cursos de aer\u00f3bic acu\u00e1tico, aer\u00f3bic, stretching y bailes latinos se realizan tanto en Borgo Cala Moresca [&hellip;]","og_url":"https:\/\/www.arbataxpark.com\/es\/sport-fitness\/","og_site_name":"Arbatax Park","article_modified_time":"2024-11-13T12:02:03+00:00","twitter_card":"summary_large_image","twitter_misc":{"Tiempo de lectura":"1 minuto"},"schema":{"@context":"https:\/\/schema.org","@graph":[{"@type":"WebPage","@id":"https:\/\/www.arbataxpark.com\/es\/sport-fitness\/","url":"https:\/\/www.arbataxpark.com\/es\/sport-fitness\/","name":"Sport &amp; Fitness - Arbatax Park","isPartOf":{"@id":"https:\/\/www.arbataxpark.com\/es\/#website"},"datePublished":"2019-03-20T10:04:14+00:00","dateModified":"2024-11-13T12:02:03+00:00","breadcrumb":{"@id":"https:\/\/www.arbataxpark.com\/es\/sport-fitness\/#breadcrumb"},"inLanguage":"es","potentialAction":[{"@type":"ReadAction","target":["https:\/\/www.arbataxpark.com\/es\/sport-fitness\/"]}]},{"@type":"BreadcrumbList","@id":"https:\/\/www.arbataxpark.com\/es\/sport-fitness\/#breadcrumb","itemListElement":[{"@type":"ListItem","position":1,"name":"Home","item":"https:\/\/www.arbataxpark.com\/es\/"},{"@type":"ListItem","position":2,"name":"Sport &amp; Fitness"}]},{"@type":"WebSite","@id":"https:\/\/www.arbataxpark.com\/es\/#website","url":"https:\/\/www.arbataxpark.com\/es\/","name":"Arbatax Park","description":"Just another ms.decms.eu site","potentialAction":[{"@type":"SearchAction","target":{"@type":"EntryPoint","urlTemplate":"https:\/\/www.arbataxpark.com\/es\/?s={search_term_string}"},"query-input":{"@type":"PropertyValueSpecification","valueRequired":true,"valueName":"search_term_string"}}],"inLanguage":"es"}]}},"acf":[],"_links":{"self":[{"href":"https:\/\/www.arbataxpark.com\/es\/wp-json\/wp\/v2\/pages\/5295","targetHints":{"allow":["GET"]}}],"collection":[{"href":"https:\/\/www.arbataxpark.com\/es\/wp-json\/wp\/v2\/pages"}],"about":[{"href":"https:\/\/www.arbataxpark.com\/es\/wp-json\/wp\/v2\/types\/page"}],"author":[{"embeddable":true,"href":"https:\/\/www.arbataxpark.com\/es\/wp-json\/wp\/v2\/users\/18"}],"replies":[{"embeddable":true,"href":"https:\/\/www.arbataxpark.com\/es\/wp-json\/wp\/v2\/comments?post=5295"}],"version-history":[{"count":0,"href":"https:\/\/www.arbataxpark.com\/es\/wp-json\/wp\/v2\/pages\/5295\/revisions"}],"wp:attachment":[{"href":"https:\/\/www.arbataxpark.com\/es\/wp-json\/wp\/v2\/media?parent=5295"}],"curies":[{"name":"wp","href":"https:\/\/api.w.org\/{rel}","templated":true}]}}