{"id":5321,"date":"2019-03-20T10:03:52","date_gmt":"2019-03-20T10:03:52","guid":{"rendered":"http:\/\/arbatax-park-group.ms.decms.eu\/%d0%be%d0%b7%d0%b4%d0%be%d1%80%d0%be%d0%b2%d0%b8%d1%82%d0%b5%d0%bb%d1%8c%d0%bd%d1%8b%d0%b9\/"},"modified":"2019-04-05T16:02:12","modified_gmt":"2019-04-05T16:02:12","slug":"bienestar-y-relax","status":"publish","type":"page","link":"https:\/\/www.arbataxpark.com\/es\/bienestar-y-relax\/","title":{"rendered":"Bienestar y Relax"},"content":{"rendered":"<p>En el centro de la pen\u00ednsula, en una posici\u00f3n panor\u00e1mica y equidistante de los diferentes alojamientos se encuentra ubicado el nuevo Centro Thalasso &amp; SPA Bellavista: un moderno centro que extiende sobre una superficie de 2.000 m2 donde el agua es el elemento principal para la salud y la diversi\u00f3n. El Centro ofrece a sus hu\u00e9spedes recorridos spa (ba\u00f1os turcos, saunas, duchas emocionales, hidromasajes, cascadas y piscinas de agua dulce y salada), as\u00ed como tratamientos de belleza y masajes, todo con vistas a una hermosa piscina con recorridos y juegos de agua.<\/p>\n","protected":false},"excerpt":{"rendered":"<p>En el centro de la pen\u00ednsula, en una posici\u00f3n panor\u00e1mica y equidistante de los diferentes alojamientos se encuentra ubicado el nuevo Centro Thalasso &amp; SPA Bellavista: un moderno centro que extiende sobre una superficie de 2.000 m2 donde el agua es el elemento principal para la salud y la diversi\u00f3n. El Centro ofrece a sus [&hellip;]<\/p>\n","protected":false},"author":18,"featured_media":0,"parent":0,"menu_order":5100,"comment_status":"closed","ping_status":"closed","template":"template-emotional.php","meta":{"footnotes":""},"class_list":["post-5321","page","type-page","status-publish","hentry"],"yoast_head":"<!-- This site is optimized with the Yoast SEO plugin v26.9 - https:\/\/yoast.com\/product\/yoast-seo-wordpress\/ -->\n<title>Bienestar y Relax - Arbatax Park<\/title>\n<meta name=\"robots\" content=\"index, follow, max-snippet:-1, max-image-preview:large, max-video-preview:-1\" \/>\n<link rel=\"canonical\" href=\"https:\/\/www.arbataxpark.com\/es\/bienestar-y-relax\/\" \/>\n<meta property=\"og:locale\" content=\"es_ES\" \/>\n<meta property=\"og:type\" content=\"article\" \/>\n<meta property=\"og:title\" content=\"Bienestar y Relax - Arbatax Park\" \/>\n<meta property=\"og:description\" content=\"En el centro de la pen\u00ednsula, en una posici\u00f3n panor\u00e1mica y equidistante de los diferentes alojamientos se encuentra ubicado el nuevo Centro Thalasso &amp; SPA Bellavista: un moderno centro que extiende sobre una superficie de 2.000 m2 donde el agua es el elemento principal para la salud y la diversi\u00f3n. El Centro ofrece a sus [&hellip;]\" \/>\n<meta property=\"og:url\" content=\"https:\/\/www.arbataxpark.com\/es\/bienestar-y-relax\/\" \/>\n<meta property=\"og:site_name\" content=\"Arbatax Park\" \/>\n<meta property=\"article:modified_time\" content=\"2019-04-05T16:02:12+00:00\" \/>\n<meta name=\"twitter:card\" content=\"summary_large_image\" \/>\n<script type=\"application\/ld+json\" class=\"yoast-schema-graph\">{\"@context\":\"https:\/\/schema.org\",\"@graph\":[{\"@type\":\"WebPage\",\"@id\":\"https:\/\/www.arbataxpark.com\/es\/bienestar-y-relax\/\",\"url\":\"https:\/\/www.arbataxpark.com\/es\/bienestar-y-relax\/\",\"name\":\"Bienestar y Relax - Arbatax Park\",\"isPartOf\":{\"@id\":\"https:\/\/www.arbataxpark.com\/es\/#website\"},\"datePublished\":\"2019-03-20T10:03:52+00:00\",\"dateModified\":\"2019-04-05T16:02:12+00:00\",\"breadcrumb\":{\"@id\":\"https:\/\/www.arbataxpark.com\/es\/bienestar-y-relax\/#breadcrumb\"},\"inLanguage\":\"es\",\"potentialAction\":[{\"@type\":\"ReadAction\",\"target\":[\"https:\/\/www.arbataxpark.com\/es\/bienestar-y-relax\/\"]}]},{\"@type\":\"BreadcrumbList\",\"@id\":\"https:\/\/www.arbataxpark.com\/es\/bienestar-y-relax\/#breadcrumb\",\"itemListElement\":[{\"@type\":\"ListItem\",\"position\":1,\"name\":\"Home\",\"item\":\"https:\/\/www.arbataxpark.com\/es\/\"},{\"@type\":\"ListItem\",\"position\":2,\"name\":\"Bienestar y Relax\"}]},{\"@type\":\"WebSite\",\"@id\":\"https:\/\/www.arbataxpark.com\/es\/#website\",\"url\":\"https:\/\/www.arbataxpark.com\/es\/\",\"name\":\"Arbatax Park\",\"description\":\"Just another ms.decms.eu site\",\"potentialAction\":[{\"@type\":\"SearchAction\",\"target\":{\"@type\":\"EntryPoint\",\"urlTemplate\":\"https:\/\/www.arbataxpark.com\/es\/?s={search_term_string}\"},\"query-input\":{\"@type\":\"PropertyValueSpecification\",\"valueRequired\":true,\"valueName\":\"search_term_string\"}}],\"inLanguage\":\"es\"}]}<\/script>\n<!-- \/ Yoast SEO plugin. -->","yoast_head_json":{"title":"Bienestar y Relax - Arbatax Park","robots":{"index":"index","follow":"follow","max-snippet":"max-snippet:-1","max-image-preview":"max-image-preview:large","max-video-preview":"max-video-preview:-1"},"canonical":"https:\/\/www.arbataxpark.com\/es\/bienestar-y-relax\/","og_locale":"es_ES","og_type":"article","og_title":"Bienestar y Relax - Arbatax Park","og_description":"En el centro de la pen\u00ednsula, en una posici\u00f3n panor\u00e1mica y equidistante de los diferentes alojamientos se encuentra ubicado el nuevo Centro Thalasso &amp; SPA Bellavista: un moderno centro que extiende sobre una superficie de 2.000 m2 donde el agua es el elemento principal para la salud y la diversi\u00f3n. El Centro ofrece a sus [&hellip;]","og_url":"https:\/\/www.arbataxpark.com\/es\/bienestar-y-relax\/","og_site_name":"Arbatax Park","article_modified_time":"2019-04-05T16:02:12+00:00","twitter_card":"summary_large_image","schema":{"@context":"https:\/\/schema.org","@graph":[{"@type":"WebPage","@id":"https:\/\/www.arbataxpark.com\/es\/bienestar-y-relax\/","url":"https:\/\/www.arbataxpark.com\/es\/bienestar-y-relax\/","name":"Bienestar y Relax - Arbatax Park","isPartOf":{"@id":"https:\/\/www.arbataxpark.com\/es\/#website"},"datePublished":"2019-03-20T10:03:52+00:00","dateModified":"2019-04-05T16:02:12+00:00","breadcrumb":{"@id":"https:\/\/www.arbataxpark.com\/es\/bienestar-y-relax\/#breadcrumb"},"inLanguage":"es","potentialAction":[{"@type":"ReadAction","target":["https:\/\/www.arbataxpark.com\/es\/bienestar-y-relax\/"]}]},{"@type":"BreadcrumbList","@id":"https:\/\/www.arbataxpark.com\/es\/bienestar-y-relax\/#breadcrumb","itemListElement":[{"@type":"ListItem","position":1,"name":"Home","item":"https:\/\/www.arbataxpark.com\/es\/"},{"@type":"ListItem","position":2,"name":"Bienestar y Relax"}]},{"@type":"WebSite","@id":"https:\/\/www.arbataxpark.com\/es\/#website","url":"https:\/\/www.arbataxpark.com\/es\/","name":"Arbatax Park","description":"Just another ms.decms.eu site","potentialAction":[{"@type":"SearchAction","target":{"@type":"EntryPoint","urlTemplate":"https:\/\/www.arbataxpark.com\/es\/?s={search_term_string}"},"query-input":{"@type":"PropertyValueSpecification","valueRequired":true,"valueName":"search_term_string"}}],"inLanguage":"es"}]}},"acf":[],"_links":{"self":[{"href":"https:\/\/www.arbataxpark.com\/es\/wp-json\/wp\/v2\/pages\/5321","targetHints":{"allow":["GET"]}}],"collection":[{"href":"https:\/\/www.arbataxpark.com\/es\/wp-json\/wp\/v2\/pages"}],"about":[{"href":"https:\/\/www.arbataxpark.com\/es\/wp-json\/wp\/v2\/types\/page"}],"author":[{"embeddable":true,"href":"https:\/\/www.arbataxpark.com\/es\/wp-json\/wp\/v2\/users\/18"}],"replies":[{"embeddable":true,"href":"https:\/\/www.arbataxpark.com\/es\/wp-json\/wp\/v2\/comments?post=5321"}],"version-history":[{"count":0,"href":"https:\/\/www.arbataxpark.com\/es\/wp-json\/wp\/v2\/pages\/5321\/revisions"}],"wp:attachment":[{"href":"https:\/\/www.arbataxpark.com\/es\/wp-json\/wp\/v2\/media?parent=5321"}],"curies":[{"name":"wp","href":"https:\/\/api.w.org\/{rel}","templated":true}]}}