{"id":5328,"date":"2019-03-20T10:05:03","date_gmt":"2019-03-20T10:05:03","guid":{"rendered":"http:\/\/arbatax-park-group.ms.decms.eu\/%d0%bc%d0%be%d0%bb%d0%be%d0%b4%d1%91%d0%b6%d1%8c\/"},"modified":"2019-04-08T07:36:13","modified_gmt":"2019-04-08T07:36:13","slug":"jovenes","status":"publish","type":"page","link":"https:\/\/www.arbataxpark.com\/es\/jovenes\/","title":{"rendered":"J\u00f3venes"},"content":{"rendered":"<p>En el Arbatax Park Resort la diversi\u00f3n y el entretenimiento est\u00e1n garantizados. En nuestro Resort, rodeado de un verde bosque mediterr\u00e1neo, podr\u00e1s disfrutar del placer de relajarte en las diversas playas y piscinas que se encuentran a tu disposici\u00f3n, participar en actividades deportivas o dejarte llevar por los programas de animaci\u00f3n. Un completo programa de entretenimiento diurno y nocturno est\u00e1 a tu disposici\u00f3n con juegos, campeonatos,\u00a0<strong>espect\u00e1culos y cabar\u00e9, cine nocturno al aire libre<\/strong>, bailes, piano bar, clases de actividades deportivas, deportes acu\u00e1ticos, buceo y mucho m\u00e1s. Asimismo, los hu\u00e9spedes que deseen disfrutar de la noche podr\u00e1n poner fin a las c\u00e1lidas veladas estivales bajo las estrellas, en la\u00a0<strong>discoteca al aire libre<\/strong>. No te puedes perder las maravillosas excursiones en veh\u00edculo todoterreno, a pie o en barco para descubrir la intacta y sugerente regi\u00f3n de Ogliastra.<\/p>\n","protected":false},"excerpt":{"rendered":"<p>En el Arbatax Park Resort la diversi\u00f3n y el entretenimiento est\u00e1n garantizados. En nuestro Resort, rodeado de un verde bosque mediterr\u00e1neo, podr\u00e1s disfrutar del placer de relajarte en las diversas playas y piscinas que se encuentran a tu disposici\u00f3n, participar en actividades deportivas o dejarte llevar por los programas de animaci\u00f3n. Un completo programa de [&hellip;]<\/p>\n","protected":false},"author":18,"featured_media":0,"parent":0,"menu_order":5400,"comment_status":"closed","ping_status":"closed","template":"template-emotional.php","meta":{"footnotes":""},"class_list":["post-5328","page","type-page","status-publish","hentry"],"yoast_head":"<!-- This site is optimized with the Yoast SEO plugin v26.9 - https:\/\/yoast.com\/product\/yoast-seo-wordpress\/ -->\n<title>J\u00f3venes - Arbatax Park<\/title>\n<meta name=\"robots\" content=\"index, follow, max-snippet:-1, max-image-preview:large, max-video-preview:-1\" \/>\n<link rel=\"canonical\" href=\"https:\/\/www.arbataxpark.com\/es\/jovenes\/\" \/>\n<meta property=\"og:locale\" content=\"es_ES\" \/>\n<meta property=\"og:type\" content=\"article\" \/>\n<meta property=\"og:title\" content=\"J\u00f3venes - Arbatax Park\" \/>\n<meta property=\"og:description\" content=\"En el Arbatax Park Resort la diversi\u00f3n y el entretenimiento est\u00e1n garantizados. En nuestro Resort, rodeado de un verde bosque mediterr\u00e1neo, podr\u00e1s disfrutar del placer de relajarte en las diversas playas y piscinas que se encuentran a tu disposici\u00f3n, participar en actividades deportivas o dejarte llevar por los programas de animaci\u00f3n. Un completo programa de [&hellip;]\" \/>\n<meta property=\"og:url\" content=\"https:\/\/www.arbataxpark.com\/es\/jovenes\/\" \/>\n<meta property=\"og:site_name\" content=\"Arbatax Park\" \/>\n<meta property=\"article:modified_time\" content=\"2019-04-08T07:36:13+00:00\" \/>\n<meta name=\"twitter:card\" content=\"summary_large_image\" \/>\n<meta name=\"twitter:label1\" content=\"Tiempo de lectura\" \/>\n\t<meta name=\"twitter:data1\" content=\"1 minuto\" \/>\n<script type=\"application\/ld+json\" class=\"yoast-schema-graph\">{\"@context\":\"https:\/\/schema.org\",\"@graph\":[{\"@type\":\"WebPage\",\"@id\":\"https:\/\/www.arbataxpark.com\/es\/jovenes\/\",\"url\":\"https:\/\/www.arbataxpark.com\/es\/jovenes\/\",\"name\":\"J\u00f3venes - Arbatax Park\",\"isPartOf\":{\"@id\":\"https:\/\/www.arbataxpark.com\/es\/#website\"},\"datePublished\":\"2019-03-20T10:05:03+00:00\",\"dateModified\":\"2019-04-08T07:36:13+00:00\",\"breadcrumb\":{\"@id\":\"https:\/\/www.arbataxpark.com\/es\/jovenes\/#breadcrumb\"},\"inLanguage\":\"es\",\"potentialAction\":[{\"@type\":\"ReadAction\",\"target\":[\"https:\/\/www.arbataxpark.com\/es\/jovenes\/\"]}]},{\"@type\":\"BreadcrumbList\",\"@id\":\"https:\/\/www.arbataxpark.com\/es\/jovenes\/#breadcrumb\",\"itemListElement\":[{\"@type\":\"ListItem\",\"position\":1,\"name\":\"Home\",\"item\":\"https:\/\/www.arbataxpark.com\/es\/\"},{\"@type\":\"ListItem\",\"position\":2,\"name\":\"J\u00f3venes\"}]},{\"@type\":\"WebSite\",\"@id\":\"https:\/\/www.arbataxpark.com\/es\/#website\",\"url\":\"https:\/\/www.arbataxpark.com\/es\/\",\"name\":\"Arbatax Park\",\"description\":\"Just another ms.decms.eu site\",\"potentialAction\":[{\"@type\":\"SearchAction\",\"target\":{\"@type\":\"EntryPoint\",\"urlTemplate\":\"https:\/\/www.arbataxpark.com\/es\/?s={search_term_string}\"},\"query-input\":{\"@type\":\"PropertyValueSpecification\",\"valueRequired\":true,\"valueName\":\"search_term_string\"}}],\"inLanguage\":\"es\"}]}<\/script>\n<!-- \/ Yoast SEO plugin. -->","yoast_head_json":{"title":"J\u00f3venes - Arbatax Park","robots":{"index":"index","follow":"follow","max-snippet":"max-snippet:-1","max-image-preview":"max-image-preview:large","max-video-preview":"max-video-preview:-1"},"canonical":"https:\/\/www.arbataxpark.com\/es\/jovenes\/","og_locale":"es_ES","og_type":"article","og_title":"J\u00f3venes - Arbatax Park","og_description":"En el Arbatax Park Resort la diversi\u00f3n y el entretenimiento est\u00e1n garantizados. En nuestro Resort, rodeado de un verde bosque mediterr\u00e1neo, podr\u00e1s disfrutar del placer de relajarte en las diversas playas y piscinas que se encuentran a tu disposici\u00f3n, participar en actividades deportivas o dejarte llevar por los programas de animaci\u00f3n. Un completo programa de [&hellip;]","og_url":"https:\/\/www.arbataxpark.com\/es\/jovenes\/","og_site_name":"Arbatax Park","article_modified_time":"2019-04-08T07:36:13+00:00","twitter_card":"summary_large_image","twitter_misc":{"Tiempo de lectura":"1 minuto"},"schema":{"@context":"https:\/\/schema.org","@graph":[{"@type":"WebPage","@id":"https:\/\/www.arbataxpark.com\/es\/jovenes\/","url":"https:\/\/www.arbataxpark.com\/es\/jovenes\/","name":"J\u00f3venes - Arbatax Park","isPartOf":{"@id":"https:\/\/www.arbataxpark.com\/es\/#website"},"datePublished":"2019-03-20T10:05:03+00:00","dateModified":"2019-04-08T07:36:13+00:00","breadcrumb":{"@id":"https:\/\/www.arbataxpark.com\/es\/jovenes\/#breadcrumb"},"inLanguage":"es","potentialAction":[{"@type":"ReadAction","target":["https:\/\/www.arbataxpark.com\/es\/jovenes\/"]}]},{"@type":"BreadcrumbList","@id":"https:\/\/www.arbataxpark.com\/es\/jovenes\/#breadcrumb","itemListElement":[{"@type":"ListItem","position":1,"name":"Home","item":"https:\/\/www.arbataxpark.com\/es\/"},{"@type":"ListItem","position":2,"name":"J\u00f3venes"}]},{"@type":"WebSite","@id":"https:\/\/www.arbataxpark.com\/es\/#website","url":"https:\/\/www.arbataxpark.com\/es\/","name":"Arbatax Park","description":"Just another ms.decms.eu site","potentialAction":[{"@type":"SearchAction","target":{"@type":"EntryPoint","urlTemplate":"https:\/\/www.arbataxpark.com\/es\/?s={search_term_string}"},"query-input":{"@type":"PropertyValueSpecification","valueRequired":true,"valueName":"search_term_string"}}],"inLanguage":"es"}]}},"acf":[],"_links":{"self":[{"href":"https:\/\/www.arbataxpark.com\/es\/wp-json\/wp\/v2\/pages\/5328","targetHints":{"allow":["GET"]}}],"collection":[{"href":"https:\/\/www.arbataxpark.com\/es\/wp-json\/wp\/v2\/pages"}],"about":[{"href":"https:\/\/www.arbataxpark.com\/es\/wp-json\/wp\/v2\/types\/page"}],"author":[{"embeddable":true,"href":"https:\/\/www.arbataxpark.com\/es\/wp-json\/wp\/v2\/users\/18"}],"replies":[{"embeddable":true,"href":"https:\/\/www.arbataxpark.com\/es\/wp-json\/wp\/v2\/comments?post=5328"}],"version-history":[{"count":0,"href":"https:\/\/www.arbataxpark.com\/es\/wp-json\/wp\/v2\/pages\/5328\/revisions"}],"wp:attachment":[{"href":"https:\/\/www.arbataxpark.com\/es\/wp-json\/wp\/v2\/media?parent=5328"}],"curies":[{"name":"wp","href":"https:\/\/api.w.org\/{rel}","templated":true}]}}