{"id":5543,"date":"2019-04-08T15:03:30","date_gmt":"2019-04-08T15:03:30","guid":{"rendered":"http:\/\/arbatax-park-group.ms.decms.eu\/?page_id=5543"},"modified":"2022-06-21T16:26:22","modified_gmt":"2022-06-21T16:26:22","slug":"mar","status":"publish","type":"page","link":"https:\/\/www.arbataxpark.com\/es\/mar\/","title":{"rendered":"Mar"},"content":{"rendered":"<p>El Arbatax Park est\u00e1 ba\u00f1ado por el maravilloso mar de <strong>Ogliastra<\/strong>, considerado el m\u00e1s bello del Mediterr\u00e1neo, con las maravillosas calas del Parque Marino de Monte Santo, escenario de famosas pel\u00edculas ambientadas aqu\u00ed y de sesiones fotogr\u00e1ficas publicadas en revistas de todo el mundo.<\/p>\n<p>El Arbatax Park est\u00e1 rodeado de una costa accidentada, donde se encuentran un sinfin de bah\u00edas, algunas <strong>de<\/strong> <strong>arena<\/strong> delimitadas por piedras de granito pulido, otras formadas por piedras, guijarros y <strong>piscinas naturales<\/strong>. Hay terrazas de arena con vistas al mar, peque\u00f1as <strong>playas de arena<\/strong> y plataformas solarium de madera equipadas con sombrillas, tumbonas y hamacas.<\/p>\n<p>El mar dista de 10 a 500 metros de las habitaciones.<\/p>\n<p>El Resort dispone de una concesi\u00f3n propia para el uso privado de la hermosa <strong>Playa de Orr\u00ec<\/strong>, donde se puede utilizar la sombrilla y las tumbonas. El servicio se puede reservar en la oficina de excursiones.<\/p>\n<a class=\"custom_btn view_map\" target=\"\"href=\"javascript:;\"><span class=\"tlid-translation translation\" lang=\"es\"><span class=\"\" title=\"\">Ver en el mapa<\/span><\/span><\/a>\n","protected":false},"excerpt":{"rendered":"<p>El Arbatax Park est\u00e1 ba\u00f1ado por el maravilloso mar de Ogliastra, considerado el m\u00e1s bello del Mediterr\u00e1neo, con las maravillosas calas del Parque Marino de Monte Santo, escenario de famosas pel\u00edculas ambientadas aqu\u00ed y de sesiones fotogr\u00e1ficas publicadas en revistas de todo el mundo. El Arbatax Park est\u00e1 rodeado de una costa accidentada, donde se [&hellip;]<\/p>\n","protected":false},"author":21,"featured_media":0,"parent":0,"menu_order":1100,"comment_status":"closed","ping_status":"closed","template":"template-sea.php","meta":{"footnotes":""},"class_list":["post-5543","page","type-page","status-publish","hentry"],"yoast_head":"<!-- This site is optimized with the Yoast SEO plugin v26.9 - https:\/\/yoast.com\/product\/yoast-seo-wordpress\/ -->\n<title>Mar - Arbatax Park<\/title>\n<meta name=\"robots\" content=\"index, follow, max-snippet:-1, max-image-preview:large, max-video-preview:-1\" \/>\n<link rel=\"canonical\" href=\"https:\/\/www.arbataxpark.com\/es\/mar\/\" \/>\n<meta property=\"og:locale\" content=\"es_ES\" \/>\n<meta property=\"og:type\" content=\"article\" \/>\n<meta property=\"og:title\" content=\"Mar - Arbatax Park\" \/>\n<meta property=\"og:description\" content=\"El Arbatax Park est\u00e1 ba\u00f1ado por el maravilloso mar de Ogliastra, considerado el m\u00e1s bello del Mediterr\u00e1neo, con las maravillosas calas del Parque Marino de Monte Santo, escenario de famosas pel\u00edculas ambientadas aqu\u00ed y de sesiones fotogr\u00e1ficas publicadas en revistas de todo el mundo. El Arbatax Park est\u00e1 rodeado de una costa accidentada, donde se [&hellip;]\" \/>\n<meta property=\"og:url\" content=\"https:\/\/www.arbataxpark.com\/es\/mar\/\" \/>\n<meta property=\"og:site_name\" content=\"Arbatax Park\" \/>\n<meta property=\"article:modified_time\" content=\"2022-06-21T16:26:22+00:00\" \/>\n<meta name=\"twitter:card\" content=\"summary_large_image\" \/>\n<meta name=\"twitter:label1\" content=\"Tiempo de lectura\" \/>\n\t<meta name=\"twitter:data1\" content=\"1 minuto\" \/>\n<script type=\"application\/ld+json\" class=\"yoast-schema-graph\">{\"@context\":\"https:\/\/schema.org\",\"@graph\":[{\"@type\":\"WebPage\",\"@id\":\"https:\/\/www.arbataxpark.com\/es\/mar\/\",\"url\":\"https:\/\/www.arbataxpark.com\/es\/mar\/\",\"name\":\"Mar - Arbatax Park\",\"isPartOf\":{\"@id\":\"https:\/\/www.arbataxpark.com\/es\/#website\"},\"datePublished\":\"2019-04-08T15:03:30+00:00\",\"dateModified\":\"2022-06-21T16:26:22+00:00\",\"breadcrumb\":{\"@id\":\"https:\/\/www.arbataxpark.com\/es\/mar\/#breadcrumb\"},\"inLanguage\":\"es\",\"potentialAction\":[{\"@type\":\"ReadAction\",\"target\":[\"https:\/\/www.arbataxpark.com\/es\/mar\/\"]}]},{\"@type\":\"BreadcrumbList\",\"@id\":\"https:\/\/www.arbataxpark.com\/es\/mar\/#breadcrumb\",\"itemListElement\":[{\"@type\":\"ListItem\",\"position\":1,\"name\":\"Home\",\"item\":\"https:\/\/www.arbataxpark.com\/es\/\"},{\"@type\":\"ListItem\",\"position\":2,\"name\":\"Mar\"}]},{\"@type\":\"WebSite\",\"@id\":\"https:\/\/www.arbataxpark.com\/es\/#website\",\"url\":\"https:\/\/www.arbataxpark.com\/es\/\",\"name\":\"Arbatax Park\",\"description\":\"Just another ms.decms.eu site\",\"potentialAction\":[{\"@type\":\"SearchAction\",\"target\":{\"@type\":\"EntryPoint\",\"urlTemplate\":\"https:\/\/www.arbataxpark.com\/es\/?s={search_term_string}\"},\"query-input\":{\"@type\":\"PropertyValueSpecification\",\"valueRequired\":true,\"valueName\":\"search_term_string\"}}],\"inLanguage\":\"es\"}]}<\/script>\n<!-- \/ Yoast SEO plugin. -->","yoast_head_json":{"title":"Mar - Arbatax Park","robots":{"index":"index","follow":"follow","max-snippet":"max-snippet:-1","max-image-preview":"max-image-preview:large","max-video-preview":"max-video-preview:-1"},"canonical":"https:\/\/www.arbataxpark.com\/es\/mar\/","og_locale":"es_ES","og_type":"article","og_title":"Mar - Arbatax Park","og_description":"El Arbatax Park est\u00e1 ba\u00f1ado por el maravilloso mar de Ogliastra, considerado el m\u00e1s bello del Mediterr\u00e1neo, con las maravillosas calas del Parque Marino de Monte Santo, escenario de famosas pel\u00edculas ambientadas aqu\u00ed y de sesiones fotogr\u00e1ficas publicadas en revistas de todo el mundo. El Arbatax Park est\u00e1 rodeado de una costa accidentada, donde se [&hellip;]","og_url":"https:\/\/www.arbataxpark.com\/es\/mar\/","og_site_name":"Arbatax Park","article_modified_time":"2022-06-21T16:26:22+00:00","twitter_card":"summary_large_image","twitter_misc":{"Tiempo de lectura":"1 minuto"},"schema":{"@context":"https:\/\/schema.org","@graph":[{"@type":"WebPage","@id":"https:\/\/www.arbataxpark.com\/es\/mar\/","url":"https:\/\/www.arbataxpark.com\/es\/mar\/","name":"Mar - Arbatax Park","isPartOf":{"@id":"https:\/\/www.arbataxpark.com\/es\/#website"},"datePublished":"2019-04-08T15:03:30+00:00","dateModified":"2022-06-21T16:26:22+00:00","breadcrumb":{"@id":"https:\/\/www.arbataxpark.com\/es\/mar\/#breadcrumb"},"inLanguage":"es","potentialAction":[{"@type":"ReadAction","target":["https:\/\/www.arbataxpark.com\/es\/mar\/"]}]},{"@type":"BreadcrumbList","@id":"https:\/\/www.arbataxpark.com\/es\/mar\/#breadcrumb","itemListElement":[{"@type":"ListItem","position":1,"name":"Home","item":"https:\/\/www.arbataxpark.com\/es\/"},{"@type":"ListItem","position":2,"name":"Mar"}]},{"@type":"WebSite","@id":"https:\/\/www.arbataxpark.com\/es\/#website","url":"https:\/\/www.arbataxpark.com\/es\/","name":"Arbatax Park","description":"Just another ms.decms.eu site","potentialAction":[{"@type":"SearchAction","target":{"@type":"EntryPoint","urlTemplate":"https:\/\/www.arbataxpark.com\/es\/?s={search_term_string}"},"query-input":{"@type":"PropertyValueSpecification","valueRequired":true,"valueName":"search_term_string"}}],"inLanguage":"es"}]}},"acf":[],"_links":{"self":[{"href":"https:\/\/www.arbataxpark.com\/es\/wp-json\/wp\/v2\/pages\/5543","targetHints":{"allow":["GET"]}}],"collection":[{"href":"https:\/\/www.arbataxpark.com\/es\/wp-json\/wp\/v2\/pages"}],"about":[{"href":"https:\/\/www.arbataxpark.com\/es\/wp-json\/wp\/v2\/types\/page"}],"author":[{"embeddable":true,"href":"https:\/\/www.arbataxpark.com\/es\/wp-json\/wp\/v2\/users\/21"}],"replies":[{"embeddable":true,"href":"https:\/\/www.arbataxpark.com\/es\/wp-json\/wp\/v2\/comments?post=5543"}],"version-history":[{"count":0,"href":"https:\/\/www.arbataxpark.com\/es\/wp-json\/wp\/v2\/pages\/5543\/revisions"}],"wp:attachment":[{"href":"https:\/\/www.arbataxpark.com\/es\/wp-json\/wp\/v2\/media?parent=5543"}],"curies":[{"name":"wp","href":"https:\/\/api.w.org\/{rel}","templated":true}]}}