{"id":5956,"date":"2019-04-09T14:03:42","date_gmt":"2019-04-09T14:03:42","guid":{"rendered":"http:\/\/arbatax-park-group.ms.decms.eu\/?page_id=5956"},"modified":"2025-05-20T15:33:49","modified_gmt":"2025-05-20T15:33:49","slug":"como-llegar","status":"publish","type":"page","link":"https:\/\/www.arbataxpark.com\/es\/como-llegar\/","title":{"rendered":"C\u00f3mo llegar"},"content":{"rendered":"<p>El <b>Arbatax Park Resort<\/b> se encuentra en la costa centro-oriental de Cerde\u00f1a, en la provincia de Ogliastra. Toma su nombre de Arbatax, una peque\u00f1a ciudad de unos 1000 habitantes, municipio junto al mar que depende de Tortol\u00ec, ciudad de mayores dimensiones. Llegar hasta aqu\u00ed es f\u00e1cil, gracias a una serie de conexiones directas con el puerto de Arbatax y con los otros puertos y aeropuertos de la isla.<br \/>\nUn servicio semanal conecta el puerto de Arbatax con Civitavecchia y G\u00e9nova durante todo el a\u00f1o. El puerto deportivo de Arbatax dispone de unos 400 atraques y cuenta con todos los servicios principales.<\/p>\n<p>&nbsp;<\/p>\n<table border=\"0\" width=\"100%\" cellspacing=\"0\" cellpadding=\"0\">\n<caption><strong>A continuaci\u00f3n se muestran las distancias a\/desde los principales puntos de acceso<\/strong><\/caption>\n<tbody>\n<tr>\n<td>\n<div class=\"fas fa-map-marker\"><\/div>\n<\/td>\n<td align=\"left\">\n<div id=\"stcpDiv\">\n<div id=\"stcpDiv\">Lugar<\/div>\n<\/div>\n<\/td>\n<td align=\"center\" width=\"160\">\n<div id=\"stcpDiv\">\n<div id=\"stcpDiv\">\n<div id=\"stcpDiv\">Distancia (KM)<\/div>\n<\/div>\n<\/div>\n<\/td>\n<td align=\"center\" width=\"300\">\n<div id=\"stcpDiv\">\n<div id=\"stcpDiv\">\n<div id=\"stcpDiv\">Duraci\u00f3n del trayecto en coche (minutos)<\/div>\n<\/div>\n<\/div>\n<\/td>\n<\/tr>\n<tr>\n<td>\n<div class=\"fas fa-plane\"><\/div>\n<\/td>\n<td align=\"left\" nowrap=\"nowrap\"><strong>Cagliari Airport<\/strong><\/td>\n<td align=\"center\">140<\/td>\n<td align=\"center\">105<\/td>\n<\/tr>\n<tr>\n<td>\n<div class=\"fas fa-plane\"><\/div>\n<\/td>\n<td align=\"left\" nowrap=\"nowrap\"><strong>Olbia Airport<\/strong><\/td>\n<td align=\"center\">160<\/td>\n<td align=\"center\">130<\/td>\n<\/tr>\n<tr>\n<td>\n<div class=\"fas fa-plane\"><\/div>\n<\/td>\n<td align=\"left\" nowrap=\"nowrap\"><strong>Alghero Airport<\/strong><\/td>\n<td align=\"center\">230<\/td>\n<td align=\"center\">180<\/td>\n<\/tr>\n<tr>\n<td>\n<div class=\"fas fa-anchor\"><\/div>\n<\/td>\n<td align=\"left\" nowrap=\"nowrap\"><strong>Port of Cagliari<\/strong><\/td>\n<td align=\"center\">145<\/td>\n<td align=\"center\">110<\/td>\n<\/tr>\n<tr>\n<td>\n<div class=\"fas fa-anchor\"><\/div>\n<\/td>\n<td align=\"left\" nowrap=\"nowrap\"><strong>Port of Arbatax<\/strong><\/td>\n<td align=\"center\">2<\/td>\n<td align=\"center\">2<\/td>\n<\/tr>\n<tr>\n<td>\n<div class=\"fas fa-anchor\"><\/div>\n<\/td>\n<td align=\"left\" nowrap=\"nowrap\"><strong>Port of Olbia (Gofo Aranci)<\/strong><\/td>\n<td align=\"center\">190<\/td>\n<td align=\"center\">160<\/td>\n<\/tr>\n<tr>\n<td>\n<div class=\"fas fa-anchor\"><\/div>\n<\/td>\n<td align=\"left\" nowrap=\"nowrap\"><strong>Port of Porto Torres<\/strong><\/td>\n<td align=\"center\">220<\/td>\n<td align=\"center\">210<\/td>\n<\/tr>\n<\/tbody>\n<\/table>\n<table border=\"0\" width=\"100%\" cellspacing=\"0\" cellpadding=\"0\">\n<tbody>\n<tr class=\"links\">\n<td class=\"icon\">\n<div class=\"fas fa-plane\"><\/div>\n<\/td>\n<td nowrap=\"nowrap\"><a class=\"fancy clearfix\" href=\"https:\/\/www.skyscanner.net\/\" target=\"_blank\" rel=\"noopener noreferrer\">Encuentre su vuelo<\/a><\/td>\n<td class=\"icon\">\n<div class=\"fas fa-car\"><\/div>\n<\/td>\n<td nowrap=\"nowrap\"><a class=\"fancy clearfix\" href=\"#skyscanner_flights\">Alquile su coche<\/a><\/td>\n<\/tr>\n<\/tbody>\n<\/table>\n<p>\ud83c\udd7f\ufe0f El resort dispone de un <strong>aparcamiento interno no vigilado<\/strong>.<\/p>\n","protected":false},"excerpt":{"rendered":"<p>El Arbatax Park Resort se encuentra en la costa centro-oriental de Cerde\u00f1a, en la provincia de Ogliastra. Toma su nombre de Arbatax, una peque\u00f1a ciudad de unos 1000 habitantes, municipio junto al mar que depende de Tortol\u00ec, ciudad de mayores dimensiones. Llegar hasta aqu\u00ed es f\u00e1cil, gracias a una serie de conexiones directas con el [&hellip;]<\/p>\n","protected":false},"author":21,"featured_media":0,"parent":0,"menu_order":2300,"comment_status":"closed","ping_status":"closed","template":"template-location.php","meta":{"footnotes":""},"class_list":["post-5956","page","type-page","status-publish","hentry"],"yoast_head":"<!-- This site is optimized with the Yoast SEO plugin v26.9 - https:\/\/yoast.com\/product\/yoast-seo-wordpress\/ -->\n<title>C\u00f3mo llegar - Arbatax Park<\/title>\n<meta name=\"robots\" content=\"index, follow, max-snippet:-1, max-image-preview:large, max-video-preview:-1\" \/>\n<link rel=\"canonical\" href=\"https:\/\/www.arbataxpark.com\/es\/como-llegar\/\" \/>\n<meta property=\"og:locale\" content=\"es_ES\" \/>\n<meta property=\"og:type\" content=\"article\" \/>\n<meta property=\"og:title\" content=\"C\u00f3mo llegar - Arbatax Park\" \/>\n<meta property=\"og:description\" content=\"El Arbatax Park Resort se encuentra en la costa centro-oriental de Cerde\u00f1a, en la provincia de Ogliastra. Toma su nombre de Arbatax, una peque\u00f1a ciudad de unos 1000 habitantes, municipio junto al mar que depende de Tortol\u00ec, ciudad de mayores dimensiones. Llegar hasta aqu\u00ed es f\u00e1cil, gracias a una serie de conexiones directas con el [&hellip;]\" \/>\n<meta property=\"og:url\" content=\"https:\/\/www.arbataxpark.com\/es\/como-llegar\/\" \/>\n<meta property=\"og:site_name\" content=\"Arbatax Park\" \/>\n<meta property=\"article:modified_time\" content=\"2025-05-20T15:33:49+00:00\" \/>\n<meta name=\"twitter:card\" content=\"summary_large_image\" \/>\n<meta name=\"twitter:label1\" content=\"Tiempo de lectura\" \/>\n\t<meta name=\"twitter:data1\" content=\"1 minuto\" \/>\n<script type=\"application\/ld+json\" class=\"yoast-schema-graph\">{\"@context\":\"https:\/\/schema.org\",\"@graph\":[{\"@type\":\"WebPage\",\"@id\":\"https:\/\/www.arbataxpark.com\/es\/como-llegar\/\",\"url\":\"https:\/\/www.arbataxpark.com\/es\/como-llegar\/\",\"name\":\"C\u00f3mo llegar - Arbatax Park\",\"isPartOf\":{\"@id\":\"https:\/\/www.arbataxpark.com\/es\/#website\"},\"datePublished\":\"2019-04-09T14:03:42+00:00\",\"dateModified\":\"2025-05-20T15:33:49+00:00\",\"breadcrumb\":{\"@id\":\"https:\/\/www.arbataxpark.com\/es\/como-llegar\/#breadcrumb\"},\"inLanguage\":\"es\",\"potentialAction\":[{\"@type\":\"ReadAction\",\"target\":[\"https:\/\/www.arbataxpark.com\/es\/como-llegar\/\"]}]},{\"@type\":\"BreadcrumbList\",\"@id\":\"https:\/\/www.arbataxpark.com\/es\/como-llegar\/#breadcrumb\",\"itemListElement\":[{\"@type\":\"ListItem\",\"position\":1,\"name\":\"Home\",\"item\":\"https:\/\/www.arbataxpark.com\/es\/\"},{\"@type\":\"ListItem\",\"position\":2,\"name\":\"C\u00f3mo llegar\"}]},{\"@type\":\"WebSite\",\"@id\":\"https:\/\/www.arbataxpark.com\/es\/#website\",\"url\":\"https:\/\/www.arbataxpark.com\/es\/\",\"name\":\"Arbatax Park\",\"description\":\"Just another ms.decms.eu site\",\"potentialAction\":[{\"@type\":\"SearchAction\",\"target\":{\"@type\":\"EntryPoint\",\"urlTemplate\":\"https:\/\/www.arbataxpark.com\/es\/?s={search_term_string}\"},\"query-input\":{\"@type\":\"PropertyValueSpecification\",\"valueRequired\":true,\"valueName\":\"search_term_string\"}}],\"inLanguage\":\"es\"}]}<\/script>\n<!-- \/ Yoast SEO plugin. -->","yoast_head_json":{"title":"C\u00f3mo llegar - Arbatax Park","robots":{"index":"index","follow":"follow","max-snippet":"max-snippet:-1","max-image-preview":"max-image-preview:large","max-video-preview":"max-video-preview:-1"},"canonical":"https:\/\/www.arbataxpark.com\/es\/como-llegar\/","og_locale":"es_ES","og_type":"article","og_title":"C\u00f3mo llegar - Arbatax Park","og_description":"El Arbatax Park Resort se encuentra en la costa centro-oriental de Cerde\u00f1a, en la provincia de Ogliastra. Toma su nombre de Arbatax, una peque\u00f1a ciudad de unos 1000 habitantes, municipio junto al mar que depende de Tortol\u00ec, ciudad de mayores dimensiones. Llegar hasta aqu\u00ed es f\u00e1cil, gracias a una serie de conexiones directas con el [&hellip;]","og_url":"https:\/\/www.arbataxpark.com\/es\/como-llegar\/","og_site_name":"Arbatax Park","article_modified_time":"2025-05-20T15:33:49+00:00","twitter_card":"summary_large_image","twitter_misc":{"Tiempo de lectura":"1 minuto"},"schema":{"@context":"https:\/\/schema.org","@graph":[{"@type":"WebPage","@id":"https:\/\/www.arbataxpark.com\/es\/como-llegar\/","url":"https:\/\/www.arbataxpark.com\/es\/como-llegar\/","name":"C\u00f3mo llegar - Arbatax Park","isPartOf":{"@id":"https:\/\/www.arbataxpark.com\/es\/#website"},"datePublished":"2019-04-09T14:03:42+00:00","dateModified":"2025-05-20T15:33:49+00:00","breadcrumb":{"@id":"https:\/\/www.arbataxpark.com\/es\/como-llegar\/#breadcrumb"},"inLanguage":"es","potentialAction":[{"@type":"ReadAction","target":["https:\/\/www.arbataxpark.com\/es\/como-llegar\/"]}]},{"@type":"BreadcrumbList","@id":"https:\/\/www.arbataxpark.com\/es\/como-llegar\/#breadcrumb","itemListElement":[{"@type":"ListItem","position":1,"name":"Home","item":"https:\/\/www.arbataxpark.com\/es\/"},{"@type":"ListItem","position":2,"name":"C\u00f3mo llegar"}]},{"@type":"WebSite","@id":"https:\/\/www.arbataxpark.com\/es\/#website","url":"https:\/\/www.arbataxpark.com\/es\/","name":"Arbatax Park","description":"Just another ms.decms.eu site","potentialAction":[{"@type":"SearchAction","target":{"@type":"EntryPoint","urlTemplate":"https:\/\/www.arbataxpark.com\/es\/?s={search_term_string}"},"query-input":{"@type":"PropertyValueSpecification","valueRequired":true,"valueName":"search_term_string"}}],"inLanguage":"es"}]}},"acf":[],"_links":{"self":[{"href":"https:\/\/www.arbataxpark.com\/es\/wp-json\/wp\/v2\/pages\/5956","targetHints":{"allow":["GET"]}}],"collection":[{"href":"https:\/\/www.arbataxpark.com\/es\/wp-json\/wp\/v2\/pages"}],"about":[{"href":"https:\/\/www.arbataxpark.com\/es\/wp-json\/wp\/v2\/types\/page"}],"author":[{"embeddable":true,"href":"https:\/\/www.arbataxpark.com\/es\/wp-json\/wp\/v2\/users\/21"}],"replies":[{"embeddable":true,"href":"https:\/\/www.arbataxpark.com\/es\/wp-json\/wp\/v2\/comments?post=5956"}],"version-history":[{"count":0,"href":"https:\/\/www.arbataxpark.com\/es\/wp-json\/wp\/v2\/pages\/5956\/revisions"}],"wp:attachment":[{"href":"https:\/\/www.arbataxpark.com\/es\/wp-json\/wp\/v2\/media?parent=5956"}],"curies":[{"name":"wp","href":"https:\/\/api.w.org\/{rel}","templated":true}]}}