{"id":6051,"date":"2019-04-09T15:50:57","date_gmt":"2019-04-09T15:50:57","guid":{"rendered":"http:\/\/arbatax-park-group.ms.decms.eu\/?page_id=6051"},"modified":"2025-08-01T09:34:12","modified_gmt":"2025-08-01T09:34:12","slug":"traslado","status":"publish","type":"page","link":"https:\/\/www.arbataxpark.com\/es\/traslado\/","title":{"rendered":"Traslado"},"content":{"rendered":"<p data-start=\"107\" data-end=\"137\"><strong data-start=\"107\" data-end=\"137\">Transfer colectivo de pago<\/strong><\/p>\n<p data-start=\"139\" data-end=\"267\">El transfer colectivo es de pago para estancias inferiores a 7 noches y para ofertas que no incluyan expl\u00edcitamente el servicio.<\/p>\n<p data-start=\"269\" data-end=\"474\">Se ruega a los se\u00f1ores hu\u00e9spedes enviar los detalles a nuestra oficina de traslados por correo electr\u00f3nico a la direcci\u00f3n<br data-start=\"390\" data-end=\"393\" \/><strong data-start=\"393\" data-end=\"421\"><a class=\"cursor-pointer\" rel=\"noopener\" data-start=\"395\" data-end=\"419\">transfer@arbataxpark.com<\/a><\/strong>, al menos <strong data-start=\"432\" data-end=\"473\">7 d\u00edas laborables antes de la llegada<\/strong>.<\/p>\n<p data-start=\"476\" data-end=\"537\">El pago se podr\u00e1 efectuar directamente en el establecimiento.<\/p>\n<p data-start=\"539\" data-end=\"572\"><strong data-start=\"539\" data-end=\"572\">Coste del transfer colectivo:<\/strong><\/p>\n<ul>\n<li><strong data-start=\"574\" data-end=\"587\">CAGLIARI:<\/strong> 60,00 \u20ac por persona y trayecto.<\/li>\n<li><strong data-start=\"622\" data-end=\"632\">OLBIA:<\/strong> 70,00 \u20ac por persona y trayecto.<\/li>\n<\/ul>\n<p data-start=\"666\" data-end=\"701\">Suplemento por asiento infantil: 10,00 \u20ac para el servicio colectivo.<\/p>\n<p data-start=\"666\" data-end=\"701\"><strong data-start=\"666\" data-end=\"701\">HORARIOS DEL TRANSFER COLECTIVO*<\/strong><\/p>\n<p data-start=\"703\" data-end=\"764\">Aeropuerto de Cagliari Elmas (duraci\u00f3n aproximada: 1h 50min)<\/p>\n<table border=\"0\" cellspacing=\"0\" cellpadding=\"0\">\n<tbody>\n<tr>\n<td style=\"text-align: center\" valign=\"top\" width=\"225\"><strong>Viaje<\/strong><\/td>\n<td style=\"text-align: center\" valign=\"top\" width=\"225\"><strong>CAG &#8211;\u00a0<strong>Arbatax Park<\/strong><\/strong><\/td>\n<td style=\"text-align: center\" valign=\"top\" width=\"225\"><strong>Arbatax Park &#8211; CAG<\/strong><\/td>\n<\/tr>\n<tr>\n<td style=\"text-align: center\" valign=\"top\" width=\"225\">1<\/td>\n<td style=\"text-align: center\" valign=\"top\" width=\"225\">09:30<\/td>\n<td style=\"text-align: center\" valign=\"top\" width=\"225\">05:00<\/td>\n<\/tr>\n<tr>\n<td style=\"text-align: center\" valign=\"top\" width=\"225\">2<\/td>\n<td style=\"text-align: center\" valign=\"top\" width=\"225\">13:00<\/td>\n<td style=\"text-align: center\" valign=\"top\" width=\"225\">08:30<\/td>\n<\/tr>\n<tr>\n<td style=\"text-align: center\" valign=\"top\" width=\"225\">3<\/td>\n<td style=\"text-align: center\" valign=\"top\" width=\"225\">16:30<\/td>\n<td style=\"text-align: center\" valign=\"top\" width=\"225\">12:00<\/td>\n<\/tr>\n<tr>\n<td style=\"text-align: center\" valign=\"top\" width=\"225\">4<\/td>\n<td style=\"text-align: center\" valign=\"top\" width=\"225\">20:00<\/td>\n<td style=\"text-align: center\" valign=\"top\" width=\"225\">15:30<\/td>\n<\/tr>\n<\/tbody>\n<\/table>\n<p>Aeropuerto Olbia Costa Smeralda (duracion trajecto: alrededor 2h y 20 min)<\/p>\n<table border=\"0\" cellspacing=\"0\" cellpadding=\"0\">\n<tbody>\n<tr>\n<td style=\"text-align: center\" valign=\"top\" width=\"225\"><strong>Viaje<\/strong><\/td>\n<td style=\"text-align: center\" valign=\"top\" width=\"225\"><strong>OLB &#8211; Arbatax Park<\/strong><\/td>\n<td style=\"text-align: center\" valign=\"top\" width=\"225\"><strong>Arbatax Park &#8211; OLB<\/strong><\/td>\n<\/tr>\n<tr>\n<td style=\"text-align: center\" valign=\"top\" width=\"225\">1<\/td>\n<td style=\"text-align: center\" valign=\"top\" width=\"225\">10:00<\/td>\n<td style=\"text-align: center\" valign=\"top\" width=\"225\">05:00<\/td>\n<\/tr>\n<tr>\n<td style=\"text-align: center\" valign=\"top\" width=\"225\">2<\/td>\n<td style=\"text-align: center\" valign=\"top\" width=\"225\">14:00<\/td>\n<td style=\"text-align: center\" valign=\"top\" width=\"225\">09:00<\/td>\n<\/tr>\n<tr>\n<td style=\"text-align: center\" valign=\"top\" width=\"225\">3<\/td>\n<td style=\"text-align: center\" valign=\"top\" width=\"225\">18:00<\/td>\n<td style=\"text-align: center\" valign=\"top\" width=\"225\">13:00<\/td>\n<\/tr>\n<tr>\n<td style=\"text-align: center\" valign=\"top\" width=\"225\">4<\/td>\n<td style=\"text-align: center\" valign=\"top\" width=\"225\">21:00<\/td>\n<td style=\"text-align: center\" valign=\"top\" width=\"225\">16:00<\/td>\n<\/tr>\n<\/tbody>\n<\/table>\n<p style=\"font-size: 0.85em;color: #555555;text-align: left\"><em>*<\/em><em>La frecuencia de los traslados puede sufrir modificaciones por razones operativas. Por ello, se recomienda consultar los horarios con nuestra oficina de reservas al menos 72 horas antes de la salida.<\/em><\/p>\n","protected":false},"excerpt":{"rendered":"<p>Transfer colectivo de pago El transfer colectivo es de pago para estancias inferiores a 7 noches y para ofertas que no incluyan expl\u00edcitamente el servicio. Se ruega a los se\u00f1ores hu\u00e9spedes enviar los detalles a nuestra oficina de traslados por correo electr\u00f3nico a la direcci\u00f3ntransfer@arbataxpark.com, al menos 7 d\u00edas laborables antes de la llegada. El [&hellip;]<\/p>\n","protected":false},"author":21,"featured_media":0,"parent":0,"menu_order":2200,"comment_status":"closed","ping_status":"closed","template":"","meta":{"footnotes":""},"class_list":["post-6051","page","type-page","status-publish","hentry"],"yoast_head":"<!-- This site is optimized with the Yoast SEO plugin v26.9 - https:\/\/yoast.com\/product\/yoast-seo-wordpress\/ -->\n<title>Traslado - Arbatax Park<\/title>\n<meta name=\"robots\" content=\"index, follow, max-snippet:-1, max-image-preview:large, max-video-preview:-1\" \/>\n<link rel=\"canonical\" href=\"https:\/\/www.arbataxpark.com\/es\/traslado\/\" \/>\n<meta property=\"og:locale\" content=\"es_ES\" \/>\n<meta property=\"og:type\" content=\"article\" \/>\n<meta property=\"og:title\" content=\"Traslado - Arbatax Park\" \/>\n<meta property=\"og:description\" content=\"Transfer colectivo de pago El transfer colectivo es de pago para estancias inferiores a 7 noches y para ofertas que no incluyan expl\u00edcitamente el servicio. Se ruega a los se\u00f1ores hu\u00e9spedes enviar los detalles a nuestra oficina de traslados por correo electr\u00f3nico a la direcci\u00f3ntransfer@arbataxpark.com, al menos 7 d\u00edas laborables antes de la llegada. El [&hellip;]\" \/>\n<meta property=\"og:url\" content=\"https:\/\/www.arbataxpark.com\/es\/traslado\/\" \/>\n<meta property=\"og:site_name\" content=\"Arbatax Park\" \/>\n<meta property=\"article:modified_time\" content=\"2025-08-01T09:34:12+00:00\" \/>\n<meta name=\"twitter:card\" content=\"summary_large_image\" \/>\n<meta name=\"twitter:label1\" content=\"Tiempo de lectura\" \/>\n\t<meta name=\"twitter:data1\" content=\"1 minuto\" \/>\n<script type=\"application\/ld+json\" class=\"yoast-schema-graph\">{\"@context\":\"https:\/\/schema.org\",\"@graph\":[{\"@type\":\"WebPage\",\"@id\":\"https:\/\/www.arbataxpark.com\/es\/traslado\/\",\"url\":\"https:\/\/www.arbataxpark.com\/es\/traslado\/\",\"name\":\"Traslado - Arbatax Park\",\"isPartOf\":{\"@id\":\"https:\/\/www.arbataxpark.com\/es\/#website\"},\"datePublished\":\"2019-04-09T15:50:57+00:00\",\"dateModified\":\"2025-08-01T09:34:12+00:00\",\"breadcrumb\":{\"@id\":\"https:\/\/www.arbataxpark.com\/es\/traslado\/#breadcrumb\"},\"inLanguage\":\"es\",\"potentialAction\":[{\"@type\":\"ReadAction\",\"target\":[\"https:\/\/www.arbataxpark.com\/es\/traslado\/\"]}]},{\"@type\":\"BreadcrumbList\",\"@id\":\"https:\/\/www.arbataxpark.com\/es\/traslado\/#breadcrumb\",\"itemListElement\":[{\"@type\":\"ListItem\",\"position\":1,\"name\":\"Home\",\"item\":\"https:\/\/www.arbataxpark.com\/es\/\"},{\"@type\":\"ListItem\",\"position\":2,\"name\":\"Traslado\"}]},{\"@type\":\"WebSite\",\"@id\":\"https:\/\/www.arbataxpark.com\/es\/#website\",\"url\":\"https:\/\/www.arbataxpark.com\/es\/\",\"name\":\"Arbatax Park\",\"description\":\"Just another ms.decms.eu site\",\"potentialAction\":[{\"@type\":\"SearchAction\",\"target\":{\"@type\":\"EntryPoint\",\"urlTemplate\":\"https:\/\/www.arbataxpark.com\/es\/?s={search_term_string}\"},\"query-input\":{\"@type\":\"PropertyValueSpecification\",\"valueRequired\":true,\"valueName\":\"search_term_string\"}}],\"inLanguage\":\"es\"}]}<\/script>\n<!-- \/ Yoast SEO plugin. -->","yoast_head_json":{"title":"Traslado - Arbatax Park","robots":{"index":"index","follow":"follow","max-snippet":"max-snippet:-1","max-image-preview":"max-image-preview:large","max-video-preview":"max-video-preview:-1"},"canonical":"https:\/\/www.arbataxpark.com\/es\/traslado\/","og_locale":"es_ES","og_type":"article","og_title":"Traslado - Arbatax Park","og_description":"Transfer colectivo de pago El transfer colectivo es de pago para estancias inferiores a 7 noches y para ofertas que no incluyan expl\u00edcitamente el servicio. Se ruega a los se\u00f1ores hu\u00e9spedes enviar los detalles a nuestra oficina de traslados por correo electr\u00f3nico a la direcci\u00f3ntransfer@arbataxpark.com, al menos 7 d\u00edas laborables antes de la llegada. El [&hellip;]","og_url":"https:\/\/www.arbataxpark.com\/es\/traslado\/","og_site_name":"Arbatax Park","article_modified_time":"2025-08-01T09:34:12+00:00","twitter_card":"summary_large_image","twitter_misc":{"Tiempo de lectura":"1 minuto"},"schema":{"@context":"https:\/\/schema.org","@graph":[{"@type":"WebPage","@id":"https:\/\/www.arbataxpark.com\/es\/traslado\/","url":"https:\/\/www.arbataxpark.com\/es\/traslado\/","name":"Traslado - Arbatax Park","isPartOf":{"@id":"https:\/\/www.arbataxpark.com\/es\/#website"},"datePublished":"2019-04-09T15:50:57+00:00","dateModified":"2025-08-01T09:34:12+00:00","breadcrumb":{"@id":"https:\/\/www.arbataxpark.com\/es\/traslado\/#breadcrumb"},"inLanguage":"es","potentialAction":[{"@type":"ReadAction","target":["https:\/\/www.arbataxpark.com\/es\/traslado\/"]}]},{"@type":"BreadcrumbList","@id":"https:\/\/www.arbataxpark.com\/es\/traslado\/#breadcrumb","itemListElement":[{"@type":"ListItem","position":1,"name":"Home","item":"https:\/\/www.arbataxpark.com\/es\/"},{"@type":"ListItem","position":2,"name":"Traslado"}]},{"@type":"WebSite","@id":"https:\/\/www.arbataxpark.com\/es\/#website","url":"https:\/\/www.arbataxpark.com\/es\/","name":"Arbatax Park","description":"Just another ms.decms.eu site","potentialAction":[{"@type":"SearchAction","target":{"@type":"EntryPoint","urlTemplate":"https:\/\/www.arbataxpark.com\/es\/?s={search_term_string}"},"query-input":{"@type":"PropertyValueSpecification","valueRequired":true,"valueName":"search_term_string"}}],"inLanguage":"es"}]}},"acf":[],"_links":{"self":[{"href":"https:\/\/www.arbataxpark.com\/es\/wp-json\/wp\/v2\/pages\/6051","targetHints":{"allow":["GET"]}}],"collection":[{"href":"https:\/\/www.arbataxpark.com\/es\/wp-json\/wp\/v2\/pages"}],"about":[{"href":"https:\/\/www.arbataxpark.com\/es\/wp-json\/wp\/v2\/types\/page"}],"author":[{"embeddable":true,"href":"https:\/\/www.arbataxpark.com\/es\/wp-json\/wp\/v2\/users\/21"}],"replies":[{"embeddable":true,"href":"https:\/\/www.arbataxpark.com\/es\/wp-json\/wp\/v2\/comments?post=6051"}],"version-history":[{"count":0,"href":"https:\/\/www.arbataxpark.com\/es\/wp-json\/wp\/v2\/pages\/6051\/revisions"}],"wp:attachment":[{"href":"https:\/\/www.arbataxpark.com\/es\/wp-json\/wp\/v2\/media?parent=6051"}],"curies":[{"name":"wp","href":"https:\/\/api.w.org\/{rel}","templated":true}]}}