{"id":6368,"date":"2019-04-10T08:29:20","date_gmt":"2019-04-10T08:29:20","guid":{"rendered":"http:\/\/arbatax-park-group.ms.decms.eu\/?page_id=6368"},"modified":"2026-03-27T13:03:25","modified_gmt":"2026-03-27T13:03:25","slug":"quienes-somos","status":"publish","type":"page","link":"https:\/\/www.arbataxpark.com\/es\/quienes-somos\/","title":{"rendered":"Qui\u00e9nes somos"},"content":{"rendered":"<h4 style=\"text-align: center\"><img class=\"lazy\" style=\"width: 220px;height: auto\" data-src=\"https:\/\/www.arbataxpark.com\/wp-content\/uploads\/sites\/17\/2026\/03\/FMTG_Group_Logo_RGB-300x121.png\" alt=\"Logo FMTG Group\" \/><\/h4>\n<p><!-- Spazio sotto il logo --><\/p>\n<div style=\"height: 20px\"><\/div>\n<h4 style=\"text-align: center\" data-start=\"2996\" data-end=\"3039\"><strong data-start=\"2996\" data-end=\"3037\">Falkensteiner Michaeler Tourism Group (<span data-olk-copy-source=\"MessageBody\">FMTG)<\/span><\/strong><\/h4>\n<p><\/p>\n<h5 style=\"text-align: center\">Una empresa tur\u00edstica a medida de la familia, con ra\u00edces en el Tirol del Sur y experiencia europea en hospitalidad<\/h5>\n<p>&nbsp;<\/p>\n<p data-start=\"3160\" data-end=\"3460\">Falkensteiner Michaeler Tourism Group AG (FMTG) es una de las principales empresas tur\u00edsticas privadas de Europa. El grupo opera en seis pa\u00edses, desarrollando, gestionando y apoyando proyectos tur\u00edsticos que abarcan desde la creaci\u00f3n y gesti\u00f3n de hoteles hasta servicios de inversi\u00f3n y consultor\u00eda.<\/p>\n<p data-start=\"3462\" data-end=\"3969\">Varias unidades de negocio especializadas combinan sus competencias bajo el paraguas de FMTG. Falkensteiner Hotels &amp; Residences gestiona actualmente 27 hoteles de cuatro y cinco estrellas, as\u00ed como tres complejos residenciales en destinos seleccionados de Europa. El portafolio se completa con FMTG Camping, con campings de alta calidad, la empresa de desarrollo de proyectos FMTG Development, la plataforma de inversi\u00f3n FMTG Invest y la consultora tur\u00edstica internacionalmente activa Michaeler &amp; Partner.<\/p>\n<p data-start=\"3971\" data-end=\"4484\">A partir de 2026, el grupo tambi\u00e9n asumi\u00f3 la gesti\u00f3n operativa del <strong data-start=\"4038\" data-end=\"4078\">Arbatax Park Resort by Falkensteiner<\/strong>: un amplio complejo situado en m\u00e1s de 60 hect\u00e1reas de naturaleza virgen, dentro de una reserva natural \u00fanica en el mundo y con vistas al mar de Ogliastra. Los hu\u00e9spedes pueden disfrutar de una oferta completa \u2014 playas y calas, un centro de bienestar de 2.000\u202fm\u00b2, numerosas piscinas y actividades para todas las edades \u2014 en un entorno que combina naturaleza, relax, diversi\u00f3n y servicios de alta calidad.<\/p>\n<p data-start=\"3971\" data-end=\"4484\">\n<p data-start=\"3971\" data-end=\"4484\"><img class=\"wp-image-21035 size-full aligncenter lazy\" data-src=\"https:\/\/www.arbataxpark.com\/wp-content\/uploads\/sites\/17\/2026\/03\/Falkensteiner-1024x576-1.jpeg\" alt=\"\" width=\"1024\" height=\"576\" srcset=\"https:\/\/www.arbataxpark.com\/wp-content\/uploads\/sites\/17\/2026\/03\/Falkensteiner-1024x576-1.jpeg 1024w, https:\/\/www.arbataxpark.com\/wp-content\/uploads\/sites\/17\/2026\/03\/Falkensteiner-1024x576-1-300x169.jpeg 300w, https:\/\/www.arbataxpark.com\/wp-content\/uploads\/sites\/17\/2026\/03\/Falkensteiner-1024x576-1-768x432.jpeg 768w, https:\/\/www.arbataxpark.com\/wp-content\/uploads\/sites\/17\/2026\/03\/Falkensteiner-1024x576-1-1000x563.jpeg 1000w, https:\/\/www.arbataxpark.com\/wp-content\/uploads\/sites\/17\/2026\/03\/Falkensteiner-1024x576-1-150x84.jpeg 150w, https:\/\/www.arbataxpark.com\/wp-content\/uploads\/sites\/17\/2026\/03\/Falkensteiner-1024x576-1-142x80.jpeg 142w\" sizes=\"(max-width: 1024px) 100vw, 1024px\" \/><\/p>\n<p style=\"text-align: center\" data-start=\"3971\" data-end=\"4484\"><em>C\u00f3mo comenz\u00f3 todo&#8230; En 1957, Maria y Josef Fakensteiner abrieron una pensi\u00f3n en Casteldarne, Tirol del Sur<\/em><\/p>\n<p data-start=\"3971\" data-end=\"4484\">\n<p data-start=\"4486\" data-end=\"4872\">Las ra\u00edces de la empresa se remontan a m\u00e1s de seis d\u00e9cadas. Lo que comenz\u00f3 como una peque\u00f1a pensi\u00f3n de siete camas se fue transformando progresivamente en un grupo tur\u00edstico internacional. Esta historia sigue influyendo en el enfoque de la empresa hoy en d\u00eda: visi\u00f3n a largo plazo, responsabilidad empresarial y comprensi\u00f3n clara de c\u00f3mo crear experiencias tur\u00edsticas de alta calidad.<\/p>\n<p data-start=\"4874\" data-end=\"5265\">Los <strong data-start=\"4878\" data-end=\"4915\">Falkensteiner Hotels &amp; Residences<\/strong> se encuentran en regiones vacacionales seleccionadas de Europa \u2014 a lo largo de las costas de Italia y Croacia, en los Alpes de Austria y Tirol del Sur, as\u00ed como cerca de lagos como el W\u00f6rthersee y el Lago de Garda. Cada establecimiento se desarrolla siguiendo un concepto claramente definido que integra arquitectura, ubicaci\u00f3n y p\u00fablico objetivo.<\/p>\n<p data-start=\"5267\" data-end=\"5590\">El resultado son lugares con una identidad distintiva, que reflejan las caracter\u00edsticas regionales manteniendo al mismo tiempo los altos est\u00e1ndares de calidad de la marca. Est\u00e1ndares fiables, conceptos cuidados y desarrollo continuo constituyen la base de experiencias que hacen que los hu\u00e9spedes regresen una y otra vez.<\/p>\n<p data-start=\"5592\" data-end=\"5671\">En resumen: lugares donde llegar, recargar energ\u00edas y disfrutar cada momento.<\/p>\n<p data-start=\"5673\" data-end=\"5720\">O, como dice Falkensteiner: <strong data-start=\"5701\" data-end=\"5717\">Welcome Home<\/strong>.<\/p>\n","protected":false},"excerpt":{"rendered":"<p>Falkensteiner Michaeler Tourism Group (FMTG) Una empresa tur\u00edstica a medida de la familia, con ra\u00edces en el Tirol del Sur y experiencia europea en hospitalidad &nbsp; Falkensteiner Michaeler Tourism Group AG (FMTG) es una de las principales empresas tur\u00edsticas privadas de Europa. El grupo opera en seis pa\u00edses, desarrollando, gestionando y apoyando proyectos tur\u00edsticos que [&hellip;]<\/p>\n","protected":false},"author":21,"featured_media":0,"parent":0,"menu_order":1900,"comment_status":"closed","ping_status":"closed","template":"template-qualitando.php","meta":{"footnotes":""},"class_list":["post-6368","page","type-page","status-publish","hentry"],"yoast_head":"<!-- This site is optimized with the Yoast SEO plugin v26.9 - https:\/\/yoast.com\/product\/yoast-seo-wordpress\/ -->\n<title>Qui\u00e9nes somos - Arbatax Park<\/title>\n<meta name=\"robots\" content=\"index, follow, max-snippet:-1, max-image-preview:large, max-video-preview:-1\" \/>\n<link rel=\"canonical\" href=\"https:\/\/www.arbataxpark.com\/es\/quienes-somos\/\" \/>\n<meta property=\"og:locale\" content=\"es_ES\" \/>\n<meta property=\"og:type\" content=\"article\" \/>\n<meta property=\"og:title\" content=\"Qui\u00e9nes somos - Arbatax Park\" \/>\n<meta property=\"og:description\" content=\"Falkensteiner Michaeler Tourism Group (FMTG) Una empresa tur\u00edstica a medida de la familia, con ra\u00edces en el Tirol del Sur y experiencia europea en hospitalidad &nbsp; Falkensteiner Michaeler Tourism Group AG (FMTG) es una de las principales empresas tur\u00edsticas privadas de Europa. El grupo opera en seis pa\u00edses, desarrollando, gestionando y apoyando proyectos tur\u00edsticos que [&hellip;]\" \/>\n<meta property=\"og:url\" content=\"https:\/\/www.arbataxpark.com\/es\/quienes-somos\/\" \/>\n<meta property=\"og:site_name\" content=\"Arbatax Park\" \/>\n<meta property=\"article:modified_time\" content=\"2026-03-27T13:03:25+00:00\" \/>\n<meta property=\"og:image\" content=\"https:\/\/www.arbataxpark.com\/wp-content\/uploads\/sites\/17\/2026\/03\/FMTG_Group_Logo_RGB-300x121.png\" \/>\n<meta name=\"twitter:card\" content=\"summary_large_image\" \/>\n<meta name=\"twitter:label1\" content=\"Tiempo de lectura\" \/>\n\t<meta name=\"twitter:data1\" content=\"3 minutos\" \/>\n<script type=\"application\/ld+json\" class=\"yoast-schema-graph\">{\"@context\":\"https:\/\/schema.org\",\"@graph\":[{\"@type\":\"WebPage\",\"@id\":\"https:\/\/www.arbataxpark.com\/es\/quienes-somos\/\",\"url\":\"https:\/\/www.arbataxpark.com\/es\/quienes-somos\/\",\"name\":\"Qui\u00e9nes somos - Arbatax Park\",\"isPartOf\":{\"@id\":\"https:\/\/www.arbataxpark.com\/es\/#website\"},\"primaryImageOfPage\":{\"@id\":\"https:\/\/www.arbataxpark.com\/es\/quienes-somos\/#primaryimage\"},\"image\":{\"@id\":\"https:\/\/www.arbataxpark.com\/es\/quienes-somos\/#primaryimage\"},\"thumbnailUrl\":\"https:\/\/www.arbataxpark.com\/wp-content\/uploads\/sites\/17\/2026\/03\/FMTG_Group_Logo_RGB-300x121.png\",\"datePublished\":\"2019-04-10T08:29:20+00:00\",\"dateModified\":\"2026-03-27T13:03:25+00:00\",\"breadcrumb\":{\"@id\":\"https:\/\/www.arbataxpark.com\/es\/quienes-somos\/#breadcrumb\"},\"inLanguage\":\"es\",\"potentialAction\":[{\"@type\":\"ReadAction\",\"target\":[\"https:\/\/www.arbataxpark.com\/es\/quienes-somos\/\"]}]},{\"@type\":\"ImageObject\",\"inLanguage\":\"es\",\"@id\":\"https:\/\/www.arbataxpark.com\/es\/quienes-somos\/#primaryimage\",\"url\":\"https:\/\/www.arbataxpark.com\/wp-content\/uploads\/sites\/17\/2026\/03\/FMTG_Group_Logo_RGB-300x121.png\",\"contentUrl\":\"https:\/\/www.arbataxpark.com\/wp-content\/uploads\/sites\/17\/2026\/03\/FMTG_Group_Logo_RGB-300x121.png\"},{\"@type\":\"BreadcrumbList\",\"@id\":\"https:\/\/www.arbataxpark.com\/es\/quienes-somos\/#breadcrumb\",\"itemListElement\":[{\"@type\":\"ListItem\",\"position\":1,\"name\":\"Home\",\"item\":\"https:\/\/www.arbataxpark.com\/es\/\"},{\"@type\":\"ListItem\",\"position\":2,\"name\":\"Qui\u00e9nes somos\"}]},{\"@type\":\"WebSite\",\"@id\":\"https:\/\/www.arbataxpark.com\/es\/#website\",\"url\":\"https:\/\/www.arbataxpark.com\/es\/\",\"name\":\"Arbatax Park\",\"description\":\"Just another ms.decms.eu site\",\"potentialAction\":[{\"@type\":\"SearchAction\",\"target\":{\"@type\":\"EntryPoint\",\"urlTemplate\":\"https:\/\/www.arbataxpark.com\/es\/?s={search_term_string}\"},\"query-input\":{\"@type\":\"PropertyValueSpecification\",\"valueRequired\":true,\"valueName\":\"search_term_string\"}}],\"inLanguage\":\"es\"}]}<\/script>\n<!-- \/ Yoast SEO plugin. -->","yoast_head_json":{"title":"Qui\u00e9nes somos - Arbatax Park","robots":{"index":"index","follow":"follow","max-snippet":"max-snippet:-1","max-image-preview":"max-image-preview:large","max-video-preview":"max-video-preview:-1"},"canonical":"https:\/\/www.arbataxpark.com\/es\/quienes-somos\/","og_locale":"es_ES","og_type":"article","og_title":"Qui\u00e9nes somos - Arbatax Park","og_description":"Falkensteiner Michaeler Tourism Group (FMTG) Una empresa tur\u00edstica a medida de la familia, con ra\u00edces en el Tirol del Sur y experiencia europea en hospitalidad &nbsp; Falkensteiner Michaeler Tourism Group AG (FMTG) es una de las principales empresas tur\u00edsticas privadas de Europa. El grupo opera en seis pa\u00edses, desarrollando, gestionando y apoyando proyectos tur\u00edsticos que [&hellip;]","og_url":"https:\/\/www.arbataxpark.com\/es\/quienes-somos\/","og_site_name":"Arbatax Park","article_modified_time":"2026-03-27T13:03:25+00:00","og_image":[{"url":"https:\/\/www.arbataxpark.com\/wp-content\/uploads\/sites\/17\/2026\/03\/FMTG_Group_Logo_RGB-300x121.png","type":"","width":"","height":""}],"twitter_card":"summary_large_image","twitter_misc":{"Tiempo de lectura":"3 minutos"},"schema":{"@context":"https:\/\/schema.org","@graph":[{"@type":"WebPage","@id":"https:\/\/www.arbataxpark.com\/es\/quienes-somos\/","url":"https:\/\/www.arbataxpark.com\/es\/quienes-somos\/","name":"Qui\u00e9nes somos - Arbatax Park","isPartOf":{"@id":"https:\/\/www.arbataxpark.com\/es\/#website"},"primaryImageOfPage":{"@id":"https:\/\/www.arbataxpark.com\/es\/quienes-somos\/#primaryimage"},"image":{"@id":"https:\/\/www.arbataxpark.com\/es\/quienes-somos\/#primaryimage"},"thumbnailUrl":"https:\/\/www.arbataxpark.com\/wp-content\/uploads\/sites\/17\/2026\/03\/FMTG_Group_Logo_RGB-300x121.png","datePublished":"2019-04-10T08:29:20+00:00","dateModified":"2026-03-27T13:03:25+00:00","breadcrumb":{"@id":"https:\/\/www.arbataxpark.com\/es\/quienes-somos\/#breadcrumb"},"inLanguage":"es","potentialAction":[{"@type":"ReadAction","target":["https:\/\/www.arbataxpark.com\/es\/quienes-somos\/"]}]},{"@type":"ImageObject","inLanguage":"es","@id":"https:\/\/www.arbataxpark.com\/es\/quienes-somos\/#primaryimage","url":"https:\/\/www.arbataxpark.com\/wp-content\/uploads\/sites\/17\/2026\/03\/FMTG_Group_Logo_RGB-300x121.png","contentUrl":"https:\/\/www.arbataxpark.com\/wp-content\/uploads\/sites\/17\/2026\/03\/FMTG_Group_Logo_RGB-300x121.png"},{"@type":"BreadcrumbList","@id":"https:\/\/www.arbataxpark.com\/es\/quienes-somos\/#breadcrumb","itemListElement":[{"@type":"ListItem","position":1,"name":"Home","item":"https:\/\/www.arbataxpark.com\/es\/"},{"@type":"ListItem","position":2,"name":"Qui\u00e9nes somos"}]},{"@type":"WebSite","@id":"https:\/\/www.arbataxpark.com\/es\/#website","url":"https:\/\/www.arbataxpark.com\/es\/","name":"Arbatax Park","description":"Just another ms.decms.eu site","potentialAction":[{"@type":"SearchAction","target":{"@type":"EntryPoint","urlTemplate":"https:\/\/www.arbataxpark.com\/es\/?s={search_term_string}"},"query-input":{"@type":"PropertyValueSpecification","valueRequired":true,"valueName":"search_term_string"}}],"inLanguage":"es"}]}},"acf":[],"_links":{"self":[{"href":"https:\/\/www.arbataxpark.com\/es\/wp-json\/wp\/v2\/pages\/6368","targetHints":{"allow":["GET"]}}],"collection":[{"href":"https:\/\/www.arbataxpark.com\/es\/wp-json\/wp\/v2\/pages"}],"about":[{"href":"https:\/\/www.arbataxpark.com\/es\/wp-json\/wp\/v2\/types\/page"}],"author":[{"embeddable":true,"href":"https:\/\/www.arbataxpark.com\/es\/wp-json\/wp\/v2\/users\/21"}],"replies":[{"embeddable":true,"href":"https:\/\/www.arbataxpark.com\/es\/wp-json\/wp\/v2\/comments?post=6368"}],"version-history":[{"count":0,"href":"https:\/\/www.arbataxpark.com\/es\/wp-json\/wp\/v2\/pages\/6368\/revisions"}],"wp:attachment":[{"href":"https:\/\/www.arbataxpark.com\/es\/wp-json\/wp\/v2\/media?parent=6368"}],"curies":[{"name":"wp","href":"https:\/\/api.w.org\/{rel}","templated":true}]}}