{"id":6467,"date":"2019-04-10T12:56:23","date_gmt":"2019-04-10T12:56:23","guid":{"rendered":"http:\/\/arbatax-park-group.ms.decms.eu\/?page_id=6467"},"modified":"2023-04-17T11:08:14","modified_gmt":"2023-04-17T11:08:14","slug":"excursiones","status":"publish","type":"page","link":"https:\/\/www.arbataxpark.com\/es\/eventos-y-tiempo-libre\/excursiones\/","title":{"rendered":"Excursiones"},"content":{"rendered":"<h4 class=\"heading\">Excursiones para los amantes del Mar<\/h4>\n<p><b>Cabo Monte Santo<\/b>: los caracter\u00edsticos acantilados que surgen a lo largo de la costa de esta zona, de granito de varios colores y piedra caliza blanca, constituyen un espect\u00e1culo fascinante y \u00fanico. Aguas limpias y cristalinas ba\u00f1an las hermosas calas con bellas tonalidades que van del turquesa al verde azulado y al verde intenso, dependiendo de la profundidad del lecho marino.<\/p>\n<p><b>Cala Goloritz\u00e8<\/b>: playa simb\u00f3lica de la costa de Ogliastra, famosa por la caracter\u00edstica torre de 143 metros de altura que la domina y por el arco natural que se abre sobre el lado derecho de esta fascinante bah\u00eda. La superficie de la playa est\u00e1 formada por peque\u00f1os guijarros blancos y arena blanca y fina. Mar turquesa y profundo, y naturaleza solitaria y salvaje de excepcional inter\u00e9s y belleza.<\/p>\n<p><b>Cala Mariolu<\/b>: hermosa playa de peque\u00f1as piedras blancas, aguas cristalinas y brillantes, y un fondo marino de un sugerente verde esmeralda. Circundada por altas paredes de piedra caliza y totalmente inmersa en la vegetaci\u00f3n del arom\u00e1tico y verde bosque mediterr\u00e1neo. Sobre las altas rocas que la rodean nidifican diversas especies de aves marinas, incluyendo el halc\u00f3n peregrino, el \u00e1guila real y el \u00e1guila perdicera, el halc\u00f3n de Eleonor y algunos ejemplares de buitres y alimoches.<\/p>\n<p><b>Cala Sisine<\/b>: se sit\u00faa entre unos espectaculares acantilados que, desde una altura de m\u00e1s de 500 m, caen en picado hacia el mar. Est\u00e1 flanqueada por dos picos rocosos rodeados de enebros y encinas. El fondo marino est\u00e1 formado por arena de color blanco con grandes granos calizos y guijarros pulidos por el mar. Con sus aguas cristalinas y sus fascinantes fondos marinos, constituye la meta ideal para aquellos que quieren practicar el buceo y explorar el mundo submarino.<\/p>\n<p><b>Cala Luna<\/b>: probablemente se trata de la cala m\u00e1s famosa de la isla y se ha utilizado como escenario para numerosas pel\u00edculas del cine italiano y extranjero. La playa, de arena blanca mezclada con guijarros, se caracteriza por la presencia de cuevas fascinantes y ensenadas en la parte delantera de la\u00a0<a href=\"http:\/\/it.wikipedia.org\/wiki\/Battigia\">rompiente<\/a>, fruto de la erosi\u00f3n del mar sobre las\u00a0<a href=\"http:\/\/it.wikipedia.org\/wiki\/Roccia\">rocas<\/a>\u00a0de piedra caliza. Detr\u00e1s de la superficie arenosa de la playa, se sit\u00faa un bosque de adelfas y un peque\u00f1o lago de agua dulce.<\/p>\n<p><b>Gruta del Bue Marino<\/b>: su peculiar nombre deriva de la foca monje (vaca marina), un magn\u00edfico mam\u00edfero al que le gusta vivir en las hermosas bah\u00edas del Golfo de Orosei. La cueva, de 5 km de largo, se puede visitar recorriendo los senderos acondicionados e iluminados que se extienden a lo largo de unos 900 metros. Se trata de una amplia galer\u00eda donde penetra el agua del mar, rodeada de numerosos lagos de agua dulce, alimentados por arroyos subterr\u00e1neos, flanqueados por playitas de arena y formaciones calc\u00e1reas. Un camino repleto de estalactitas y estalagmitas que ofrece un espect\u00e1culo crom\u00e1tico extraordinario debido a los rayos de luz que penetran desde el exterior.<\/p>\n<p><b>Gruta del Fico<\/b>: se encuentra a 10 metros por debajo del nivel del mar en los hermosos acantilados de piedra caliza del Golfo. Misteriosas galer\u00edas milenarias excavadas en el terreno pueden recorrerse a trav\u00e9s de c\u00f3modas pasarelas que permiten atravesar el lecho de un antiguo r\u00edo subterr\u00e1neo fosilizado. La particular importancia de esta cueva radica en los muchos t\u00faneles conectados con el mar, que permit\u00edan el acceso a la misma a las focas monje que se reproduc\u00edan en las peque\u00f1as playas existentes en el interior de la gruta.<\/p>\n<p><b>Cea:<\/b>\u00a0playa de arena blanca de m\u00e1s de un kil\u00f3metro de largo caracterizada por la presencia a pocos metros de la orilla de los bell\u00edsimos farallones rojos que se erigen sobre el horizonte, ofreciendo un juego crom\u00e1tico \u00fanico. Detr\u00e1s de la playa una densa vegetaci\u00f3n exhala los t\u00edpicos aromas del bosque mediterr\u00e1neo.<\/p>\n<p><b>Cala Su Sirboni<\/b>: aguas transparentes de un azul intenso rodeadas de un entorno de gran pureza. La arena es clara, fina, con algunos guijarros y deja entrever algunas rocas. La ventosa cala Su Sirboni es un lugar ideal para los surfistas y para los amantes del submarinismo.<\/p>\n<h4 class=\"heading\">Visita nuestro\u00a0<i>Info point<\/i>\u00a0para obtener toda la informaci\u00f3n sobre nuestras excursiones o haz clic en el siguiente enlace<\/h4>\n<p>Descarga nuestra aplicaci\u00f3n en tu\u00a0<i>smartphone<\/i>\u00a0y visita la secci\u00f3n correspondiente a nuestras excursiones.<\/p>\n<p>Evaluar si se desea incluir una tabla con el nombre de la excursi\u00f3n, el lugar visitado y la duraci\u00f3n de la misma.<\/p>\n<p>&nbsp;<\/p>\n<p><b>Excursiones para los amantes de la monta\u00f1a<\/b><\/p>\n<ul>\n<li>Tren Verde de Cerde\u00f1a: excursi\u00f3n para descubrir el territorio salvaje del Supramonte a bordo de un peque\u00f1o tren tur\u00edstico.<\/li>\n<li>Meseta del Golgo y Supramonte<\/li>\n<li>Grutas Su Marmuri: incluidas entre las m\u00e1s impresionantes de Europa<\/li>\n<li>Excursi\u00f3n por la historia y la arqueolog\u00eda: Tortol\u00ec y sus alrededores<\/li>\n<li>S. Maria Navarrese y Baunei: entre historia y naturaleza salvaje<\/li>\n<li>Jeep Safari Tacchi d\u2019 Ogliastra (Gairo)<\/li>\n<li>Trekking Goloritz\u00e8<\/li>\n<\/ul>\n<p><b>Visita nuestro\u00a0<i>Info point<\/i>\u00a0para obtener toda la informaci\u00f3n sobre nuestras excursiones<\/b><\/p>\n","protected":false},"excerpt":{"rendered":"<p>Excursiones para los amantes del Mar Cabo Monte Santo: los caracter\u00edsticos acantilados que surgen a lo largo de la costa de esta zona, de granito de varios colores y piedra caliza blanca, constituyen un espect\u00e1culo fascinante y \u00fanico. Aguas limpias y cristalinas ba\u00f1an las hermosas calas con bellas tonalidades que van del turquesa al verde [&hellip;]<\/p>\n","protected":false},"author":21,"featured_media":0,"parent":9776,"menu_order":5,"comment_status":"closed","ping_status":"closed","template":"","meta":{"footnotes":""},"class_list":["post-6467","page","type-page","status-publish","hentry"],"yoast_head":"<!-- This site is optimized with the Yoast SEO plugin v26.9 - https:\/\/yoast.com\/product\/yoast-seo-wordpress\/ -->\n<title>Excursiones - Arbatax Park<\/title>\n<meta name=\"robots\" content=\"index, follow, max-snippet:-1, max-image-preview:large, max-video-preview:-1\" \/>\n<link rel=\"canonical\" href=\"https:\/\/www.arbataxpark.com\/es\/eventos-y-tiempo-libre\/excursiones\/\" \/>\n<meta property=\"og:locale\" content=\"es_ES\" \/>\n<meta property=\"og:type\" content=\"article\" \/>\n<meta property=\"og:title\" content=\"Excursiones - Arbatax Park\" \/>\n<meta property=\"og:description\" content=\"Excursiones para los amantes del Mar Cabo Monte Santo: los caracter\u00edsticos acantilados que surgen a lo largo de la costa de esta zona, de granito de varios colores y piedra caliza blanca, constituyen un espect\u00e1culo fascinante y \u00fanico. Aguas limpias y cristalinas ba\u00f1an las hermosas calas con bellas tonalidades que van del turquesa al verde [&hellip;]\" \/>\n<meta property=\"og:url\" content=\"https:\/\/www.arbataxpark.com\/es\/eventos-y-tiempo-libre\/excursiones\/\" \/>\n<meta property=\"og:site_name\" content=\"Arbatax Park\" \/>\n<meta property=\"article:modified_time\" content=\"2023-04-17T11:08:14+00:00\" \/>\n<meta name=\"twitter:card\" content=\"summary_large_image\" \/>\n<meta name=\"twitter:label1\" content=\"Tiempo de lectura\" \/>\n\t<meta name=\"twitter:data1\" content=\"5 minutos\" \/>\n<script type=\"application\/ld+json\" class=\"yoast-schema-graph\">{\"@context\":\"https:\/\/schema.org\",\"@graph\":[{\"@type\":\"WebPage\",\"@id\":\"https:\/\/www.arbataxpark.com\/es\/eventos-y-tiempo-libre\/excursiones\/\",\"url\":\"https:\/\/www.arbataxpark.com\/es\/eventos-y-tiempo-libre\/excursiones\/\",\"name\":\"Excursiones - Arbatax Park\",\"isPartOf\":{\"@id\":\"https:\/\/www.arbataxpark.com\/es\/#website\"},\"datePublished\":\"2019-04-10T12:56:23+00:00\",\"dateModified\":\"2023-04-17T11:08:14+00:00\",\"breadcrumb\":{\"@id\":\"https:\/\/www.arbataxpark.com\/es\/eventos-y-tiempo-libre\/excursiones\/#breadcrumb\"},\"inLanguage\":\"es\",\"potentialAction\":[{\"@type\":\"ReadAction\",\"target\":[\"https:\/\/www.arbataxpark.com\/es\/eventos-y-tiempo-libre\/excursiones\/\"]}]},{\"@type\":\"BreadcrumbList\",\"@id\":\"https:\/\/www.arbataxpark.com\/es\/eventos-y-tiempo-libre\/excursiones\/#breadcrumb\",\"itemListElement\":[{\"@type\":\"ListItem\",\"position\":1,\"name\":\"Home\",\"item\":\"https:\/\/www.arbataxpark.com\/es\/\"},{\"@type\":\"ListItem\",\"position\":2,\"name\":\"Eventos y tiempo libre\",\"item\":\"https:\/\/www.arbataxpark.com\/es\/eventos-y-tiempo-libre\/\"},{\"@type\":\"ListItem\",\"position\":3,\"name\":\"Excursiones\"}]},{\"@type\":\"WebSite\",\"@id\":\"https:\/\/www.arbataxpark.com\/es\/#website\",\"url\":\"https:\/\/www.arbataxpark.com\/es\/\",\"name\":\"Arbatax Park\",\"description\":\"Just another ms.decms.eu site\",\"potentialAction\":[{\"@type\":\"SearchAction\",\"target\":{\"@type\":\"EntryPoint\",\"urlTemplate\":\"https:\/\/www.arbataxpark.com\/es\/?s={search_term_string}\"},\"query-input\":{\"@type\":\"PropertyValueSpecification\",\"valueRequired\":true,\"valueName\":\"search_term_string\"}}],\"inLanguage\":\"es\"}]}<\/script>\n<!-- \/ Yoast SEO plugin. -->","yoast_head_json":{"title":"Excursiones - Arbatax Park","robots":{"index":"index","follow":"follow","max-snippet":"max-snippet:-1","max-image-preview":"max-image-preview:large","max-video-preview":"max-video-preview:-1"},"canonical":"https:\/\/www.arbataxpark.com\/es\/eventos-y-tiempo-libre\/excursiones\/","og_locale":"es_ES","og_type":"article","og_title":"Excursiones - Arbatax Park","og_description":"Excursiones para los amantes del Mar Cabo Monte Santo: los caracter\u00edsticos acantilados que surgen a lo largo de la costa de esta zona, de granito de varios colores y piedra caliza blanca, constituyen un espect\u00e1culo fascinante y \u00fanico. Aguas limpias y cristalinas ba\u00f1an las hermosas calas con bellas tonalidades que van del turquesa al verde [&hellip;]","og_url":"https:\/\/www.arbataxpark.com\/es\/eventos-y-tiempo-libre\/excursiones\/","og_site_name":"Arbatax Park","article_modified_time":"2023-04-17T11:08:14+00:00","twitter_card":"summary_large_image","twitter_misc":{"Tiempo de lectura":"5 minutos"},"schema":{"@context":"https:\/\/schema.org","@graph":[{"@type":"WebPage","@id":"https:\/\/www.arbataxpark.com\/es\/eventos-y-tiempo-libre\/excursiones\/","url":"https:\/\/www.arbataxpark.com\/es\/eventos-y-tiempo-libre\/excursiones\/","name":"Excursiones - Arbatax Park","isPartOf":{"@id":"https:\/\/www.arbataxpark.com\/es\/#website"},"datePublished":"2019-04-10T12:56:23+00:00","dateModified":"2023-04-17T11:08:14+00:00","breadcrumb":{"@id":"https:\/\/www.arbataxpark.com\/es\/eventos-y-tiempo-libre\/excursiones\/#breadcrumb"},"inLanguage":"es","potentialAction":[{"@type":"ReadAction","target":["https:\/\/www.arbataxpark.com\/es\/eventos-y-tiempo-libre\/excursiones\/"]}]},{"@type":"BreadcrumbList","@id":"https:\/\/www.arbataxpark.com\/es\/eventos-y-tiempo-libre\/excursiones\/#breadcrumb","itemListElement":[{"@type":"ListItem","position":1,"name":"Home","item":"https:\/\/www.arbataxpark.com\/es\/"},{"@type":"ListItem","position":2,"name":"Eventos y tiempo libre","item":"https:\/\/www.arbataxpark.com\/es\/eventos-y-tiempo-libre\/"},{"@type":"ListItem","position":3,"name":"Excursiones"}]},{"@type":"WebSite","@id":"https:\/\/www.arbataxpark.com\/es\/#website","url":"https:\/\/www.arbataxpark.com\/es\/","name":"Arbatax Park","description":"Just another ms.decms.eu site","potentialAction":[{"@type":"SearchAction","target":{"@type":"EntryPoint","urlTemplate":"https:\/\/www.arbataxpark.com\/es\/?s={search_term_string}"},"query-input":{"@type":"PropertyValueSpecification","valueRequired":true,"valueName":"search_term_string"}}],"inLanguage":"es"}]}},"acf":[],"_links":{"self":[{"href":"https:\/\/www.arbataxpark.com\/es\/wp-json\/wp\/v2\/pages\/6467","targetHints":{"allow":["GET"]}}],"collection":[{"href":"https:\/\/www.arbataxpark.com\/es\/wp-json\/wp\/v2\/pages"}],"about":[{"href":"https:\/\/www.arbataxpark.com\/es\/wp-json\/wp\/v2\/types\/page"}],"author":[{"embeddable":true,"href":"https:\/\/www.arbataxpark.com\/es\/wp-json\/wp\/v2\/users\/21"}],"replies":[{"embeddable":true,"href":"https:\/\/www.arbataxpark.com\/es\/wp-json\/wp\/v2\/comments?post=6467"}],"version-history":[{"count":0,"href":"https:\/\/www.arbataxpark.com\/es\/wp-json\/wp\/v2\/pages\/6467\/revisions"}],"up":[{"embeddable":true,"href":"https:\/\/www.arbataxpark.com\/es\/wp-json\/wp\/v2\/pages\/9776"}],"wp:attachment":[{"href":"https:\/\/www.arbataxpark.com\/es\/wp-json\/wp\/v2\/media?parent=6467"}],"curies":[{"name":"wp","href":"https:\/\/api.w.org\/{rel}","templated":true}]}}