{"id":10860,"date":"2019-09-19T13:18:10","date_gmt":"2019-09-19T13:18:10","guid":{"rendered":"https:\/\/www.arbataxpark.com\/eco-resort\/"},"modified":"2026-03-09T14:35:08","modified_gmt":"2026-03-09T14:35:08","slug":"eco-resort","status":"publish","type":"page","link":"https:\/\/www.arbataxpark.com\/fr\/eco-resort\/","title":{"rendered":"Le Meilleur \u00c9co Resort du monde"},"content":{"rendered":"<p><em>\u00abLa vie en Sardaigne est sans doute la plus belle qu\u2019un homme puisse r\u00eaver\u00a0: vingt-quatre mille kilom\u00e8tres de for\u00eats, de campagne, de c\u00f4tes plong\u00e9es dans une mer miraculeuse devraient co\u00efncider avec l\u2019image que j\u2019ai du Paradis.\u00a0\u00bb <\/em>[F.De Andr\u00e8]<\/p>\n<p><strong>En Sardaigne, <\/strong>terre myst\u00e9rieuse, magique et riche d\u2019histoire, il existe une <strong>p\u00e9ninsule de plus de 60\u00a0hectares<\/strong> de nature encore intacte, un lieu sp\u00e9cial qui accueille <strong>le seul complexe h\u00f4telier<\/strong> au monde \u00e0 \u00eatre implant\u00e9 <strong>\u00e0 l\u2019int\u00e9rieur d\u2019un parc naturel <\/strong><strong>peupl\u00e9 de tous les animaux et de toutes les plantes typiques de cette terre ancienne <\/strong>et riche d\u2019end\u00e9mismes, avec un concept moderne de bien-\u00eatre global.<\/p>\n<p><strong>L\u2019Arbatax Park Resort <\/strong>se trouve au <strong>C\u0153ur<\/strong> de l\u2019<strong>Ogliastra<\/strong>, une des 5 <strong>zones bleues<\/strong> du monde, patrie des Centenaires, dans une Sardaigne inattendue, qui envo\u00fbte non seulement par ses eaux incroyables et cristallines mais aussi par le charme de ses <strong>traditions<\/strong>, par l\u2019authenticit\u00e9 de son peuple et de son <strong>histoire<\/strong>, par ses silences et par sa <strong>nature puissante<\/strong> qui \u00e9treint et soigne.<\/p>\n<p>De 2019 \u00e0 2025, gr\u00e2ce aussi aux initiatives <em>plastic free<\/em> et \u00e0 l\u2019implication des citoyens dans les activit\u00e9s \u00e9co-durables, l\u2019<strong>Arbatax Park Resort<\/strong> a \u00e9t\u00e9 \u00e9lu <strong>meilleur complexe h\u00f4telier \u00e9cologique au Monde. <\/strong>Deux autres distinctions internationales importantes ont \u00e9t\u00e9 attribu\u00e9es au Arbatax Park en 2025, qui s&rsquo;est class\u00e9 premier dans les cat\u00e9gories <strong>Italy&rsquo;s Leading Eco Resort,<\/strong>\u00a0<strong>Europe&rsquo;s Leading Eco Resort<\/strong> et <strong>World&rsquo;s Leading Resort Sensory Gardens <\/strong>en\u00a0 des prestigieux <strong>World Travel Awards, les Oscars du tourisme<\/strong>. Cette proclamation confirme et renforce les prix remport\u00e9s pr\u00e9c\u00e9demment et certifie que la station est la v\u00e9ritable r\u00e9f\u00e9rence en mati\u00e8re de tourisme \u00e9cologiquement durable dans le monde entier.<\/p>\n<p>L\u2019Arbatax Park Resort na\u00eet en 2010 de la vision <strong>des entrepreneurs Giorgio et Angela Mazzella<\/strong> qui, apr\u00e8s des ann\u00e9es d\u2019activit\u00e9 comme d\u00e9veloppeurs de projets dans le domaine touristique h\u00f4telier en Sardaigne, d\u00e9cident de se lancer ensemble dans un nouveau d\u00e9fi en ouvrant leur maison au monde, avec le d\u00e9sir de partager avec le plus grand nombre leur passion pour les plantes, les animaux, les traditions, les enfants, ainsi que leur Amour inconditionnel pour la Terre qui les abrite.<\/p>\n<p>En 2009, \u00e0 la suite de la crise \u00e9conomique internationale et de la faillite du mod\u00e8le obsol\u00e8te de tourisme de masse des villages touristiques, Giorgio et Angela d\u00e9cident de surmonter ce difficile moment de transition en donnant vie \u00e0 un Projet courageux et clairvoyant qui pr\u00e9voit la transformation des trois villages touristiques existants (le village Telis, le village Cala Moresca et l\u2019h\u00f4tel Monte Turri) en un nouveau complexe h\u00f4telier \u00e9cologique innovant <strong>en Italie<\/strong>.<\/p>\n","protected":false},"excerpt":{"rendered":"<p>\u00abLa vie en Sardaigne est sans doute la plus belle qu\u2019un homme puisse r\u00eaver\u00a0: vingt-quatre mille kilom\u00e8tres de for\u00eats, de campagne, de c\u00f4tes plong\u00e9es dans une mer miraculeuse devraient co\u00efncider avec l\u2019image que j\u2019ai du Paradis.\u00a0\u00bb [F.De Andr\u00e8] En Sardaigne, terre myst\u00e9rieuse, magique et riche d\u2019histoire, il existe une p\u00e9ninsule de plus de 60\u00a0hectares de [&hellip;]<\/p>\n","protected":false},"author":7,"featured_media":0,"parent":0,"menu_order":0,"comment_status":"closed","ping_status":"closed","template":"template-eco-resort.php","meta":{"footnotes":""},"class_list":["post-10860","page","type-page","status-publish","hentry"],"yoast_head":"<!-- This site is optimized with the Yoast SEO plugin v26.9 - https:\/\/yoast.com\/product\/yoast-seo-wordpress\/ -->\n<title>Le Meilleur \u00c9co Resort du monde - Arbatax Park<\/title>\n<meta name=\"robots\" content=\"index, follow, max-snippet:-1, max-image-preview:large, max-video-preview:-1\" \/>\n<link rel=\"canonical\" href=\"https:\/\/www.arbataxpark.com\/fr\/eco-resort\/\" \/>\n<meta property=\"og:locale\" content=\"fr_FR\" \/>\n<meta property=\"og:type\" content=\"article\" \/>\n<meta property=\"og:title\" content=\"Le Meilleur \u00c9co Resort du monde - Arbatax Park\" \/>\n<meta property=\"og:description\" content=\"\u00abLa vie en Sardaigne est sans doute la plus belle qu\u2019un homme puisse r\u00eaver\u00a0: vingt-quatre mille kilom\u00e8tres de for\u00eats, de campagne, de c\u00f4tes plong\u00e9es dans une mer miraculeuse devraient co\u00efncider avec l\u2019image que j\u2019ai du Paradis.\u00a0\u00bb [F.De Andr\u00e8] En Sardaigne, terre myst\u00e9rieuse, magique et riche d\u2019histoire, il existe une p\u00e9ninsule de plus de 60\u00a0hectares de [&hellip;]\" \/>\n<meta property=\"og:url\" content=\"https:\/\/www.arbataxpark.com\/fr\/eco-resort\/\" \/>\n<meta property=\"og:site_name\" content=\"Arbatax Park\" \/>\n<meta property=\"article:modified_time\" content=\"2026-03-09T14:35:08+00:00\" \/>\n<meta name=\"twitter:card\" content=\"summary_large_image\" \/>\n<meta name=\"twitter:label1\" content=\"Dur\u00e9e de lecture estim\u00e9e\" \/>\n\t<meta name=\"twitter:data1\" content=\"3 minutes\" \/>\n<script type=\"application\/ld+json\" class=\"yoast-schema-graph\">{\"@context\":\"https:\/\/schema.org\",\"@graph\":[{\"@type\":\"WebPage\",\"@id\":\"https:\/\/www.arbataxpark.com\/fr\/eco-resort\/\",\"url\":\"https:\/\/www.arbataxpark.com\/fr\/eco-resort\/\",\"name\":\"Le Meilleur \u00c9co Resort du monde - Arbatax Park\",\"isPartOf\":{\"@id\":\"https:\/\/www.arbataxpark.com\/fr\/#website\"},\"datePublished\":\"2019-09-19T13:18:10+00:00\",\"dateModified\":\"2026-03-09T14:35:08+00:00\",\"breadcrumb\":{\"@id\":\"https:\/\/www.arbataxpark.com\/fr\/eco-resort\/#breadcrumb\"},\"inLanguage\":\"fr-FR\",\"potentialAction\":[{\"@type\":\"ReadAction\",\"target\":[\"https:\/\/www.arbataxpark.com\/fr\/eco-resort\/\"]}]},{\"@type\":\"BreadcrumbList\",\"@id\":\"https:\/\/www.arbataxpark.com\/fr\/eco-resort\/#breadcrumb\",\"itemListElement\":[{\"@type\":\"ListItem\",\"position\":1,\"name\":\"Home\",\"item\":\"https:\/\/www.arbataxpark.com\/fr\/\"},{\"@type\":\"ListItem\",\"position\":2,\"name\":\"Le Meilleur \u00c9co Resort du monde\"}]},{\"@type\":\"WebSite\",\"@id\":\"https:\/\/www.arbataxpark.com\/fr\/#website\",\"url\":\"https:\/\/www.arbataxpark.com\/fr\/\",\"name\":\"Arbatax Park\",\"description\":\"Just another ms.decms.eu site\",\"potentialAction\":[{\"@type\":\"SearchAction\",\"target\":{\"@type\":\"EntryPoint\",\"urlTemplate\":\"https:\/\/www.arbataxpark.com\/fr\/?s={search_term_string}\"},\"query-input\":{\"@type\":\"PropertyValueSpecification\",\"valueRequired\":true,\"valueName\":\"search_term_string\"}}],\"inLanguage\":\"fr-FR\"}]}<\/script>\n<!-- \/ Yoast SEO plugin. -->","yoast_head_json":{"title":"Le Meilleur \u00c9co Resort du monde - Arbatax Park","robots":{"index":"index","follow":"follow","max-snippet":"max-snippet:-1","max-image-preview":"max-image-preview:large","max-video-preview":"max-video-preview:-1"},"canonical":"https:\/\/www.arbataxpark.com\/fr\/eco-resort\/","og_locale":"fr_FR","og_type":"article","og_title":"Le Meilleur \u00c9co Resort du monde - Arbatax Park","og_description":"\u00abLa vie en Sardaigne est sans doute la plus belle qu\u2019un homme puisse r\u00eaver\u00a0: vingt-quatre mille kilom\u00e8tres de for\u00eats, de campagne, de c\u00f4tes plong\u00e9es dans une mer miraculeuse devraient co\u00efncider avec l\u2019image que j\u2019ai du Paradis.\u00a0\u00bb [F.De Andr\u00e8] En Sardaigne, terre myst\u00e9rieuse, magique et riche d\u2019histoire, il existe une p\u00e9ninsule de plus de 60\u00a0hectares de [&hellip;]","og_url":"https:\/\/www.arbataxpark.com\/fr\/eco-resort\/","og_site_name":"Arbatax Park","article_modified_time":"2026-03-09T14:35:08+00:00","twitter_card":"summary_large_image","twitter_misc":{"Dur\u00e9e de lecture estim\u00e9e":"3 minutes"},"schema":{"@context":"https:\/\/schema.org","@graph":[{"@type":"WebPage","@id":"https:\/\/www.arbataxpark.com\/fr\/eco-resort\/","url":"https:\/\/www.arbataxpark.com\/fr\/eco-resort\/","name":"Le Meilleur \u00c9co Resort du monde - Arbatax Park","isPartOf":{"@id":"https:\/\/www.arbataxpark.com\/fr\/#website"},"datePublished":"2019-09-19T13:18:10+00:00","dateModified":"2026-03-09T14:35:08+00:00","breadcrumb":{"@id":"https:\/\/www.arbataxpark.com\/fr\/eco-resort\/#breadcrumb"},"inLanguage":"fr-FR","potentialAction":[{"@type":"ReadAction","target":["https:\/\/www.arbataxpark.com\/fr\/eco-resort\/"]}]},{"@type":"BreadcrumbList","@id":"https:\/\/www.arbataxpark.com\/fr\/eco-resort\/#breadcrumb","itemListElement":[{"@type":"ListItem","position":1,"name":"Home","item":"https:\/\/www.arbataxpark.com\/fr\/"},{"@type":"ListItem","position":2,"name":"Le Meilleur \u00c9co Resort du monde"}]},{"@type":"WebSite","@id":"https:\/\/www.arbataxpark.com\/fr\/#website","url":"https:\/\/www.arbataxpark.com\/fr\/","name":"Arbatax Park","description":"Just another ms.decms.eu site","potentialAction":[{"@type":"SearchAction","target":{"@type":"EntryPoint","urlTemplate":"https:\/\/www.arbataxpark.com\/fr\/?s={search_term_string}"},"query-input":{"@type":"PropertyValueSpecification","valueRequired":true,"valueName":"search_term_string"}}],"inLanguage":"fr-FR"}]}},"acf":[],"_links":{"self":[{"href":"https:\/\/www.arbataxpark.com\/fr\/wp-json\/wp\/v2\/pages\/10860","targetHints":{"allow":["GET"]}}],"collection":[{"href":"https:\/\/www.arbataxpark.com\/fr\/wp-json\/wp\/v2\/pages"}],"about":[{"href":"https:\/\/www.arbataxpark.com\/fr\/wp-json\/wp\/v2\/types\/page"}],"author":[{"embeddable":true,"href":"https:\/\/www.arbataxpark.com\/fr\/wp-json\/wp\/v2\/users\/7"}],"replies":[{"embeddable":true,"href":"https:\/\/www.arbataxpark.com\/fr\/wp-json\/wp\/v2\/comments?post=10860"}],"version-history":[{"count":0,"href":"https:\/\/www.arbataxpark.com\/fr\/wp-json\/wp\/v2\/pages\/10860\/revisions"}],"wp:attachment":[{"href":"https:\/\/www.arbataxpark.com\/fr\/wp-json\/wp\/v2\/media?parent=10860"}],"curies":[{"name":"wp","href":"https:\/\/api.w.org\/{rel}","templated":true}]}}