{"id":10862,"date":"2019-09-19T13:45:46","date_gmt":"2019-09-19T13:45:46","guid":{"rendered":"https:\/\/www.arbataxpark.com\/eco-resort\/parco\/"},"modified":"2023-12-06T09:46:03","modified_gmt":"2023-12-06T09:46:03","slug":"parc","status":"publish","type":"page","link":"https:\/\/www.arbataxpark.com\/fr\/eco-resort\/parc\/","title":{"rendered":"Le parc"},"content":{"rendered":"<p><strong><u>Compostage<\/u><\/strong> : les r\u00e9sidus d\u2019\u00e9lagage, le feuillage, les fleurs, les s\u00e9diments des petits lacs, les mati\u00e8res organiques des animaux du parc, sont collect\u00e9es dans une zone de compostage o\u00f9, \u00e0 travers d\u2019un proc\u00e8s de transformation et stratification, ils deviennent humus. Tous le 5\/6 ans, ce proc\u00e8s permet de produire jusqu\u2019\u00e0 500 m\u00b3 de composte qui devient nourriture pour les jardins du Resort.<\/p>\n<p><strong><u>R\u00e9sidus d\u2019\u00e9lagage :<\/u><\/strong> les branches s\u00e8ches deviennent poteaux pour les cl\u00f4tures de la ferme ou bois pour le four \u00e0 pain et pour les r\u00f4tis. Les troncs qui restent suite aux \u00e9lagages des plantes les plus vielles ou de celles qui ont naturellement termin\u00e9 son cycle de vie, sont transform\u00e9s en mobilier pour les chambres ou deviennent cartels et palissades pour le parc.<\/p>\n<p><strong><u>Prairies<\/u><\/strong> : l\u2019herbe coup\u00e9e devient la nourriture journali\u00e8re des animaux du parc.<\/p>\n<p><strong><u>Recyclage des eaux<\/u><\/strong> : dans une ancienne carri\u00e8re, autrefois utilis\u00e9e pour l\u2019extraction de granite, et dans les petits lacs du parc, on recueille les eaux de pluie, qui sont utilis\u00e9e pour l\u2019irrigation des potagers, des prairies et des jardins.<\/p>\n<p><strong><u>Petits lacs<\/u><\/strong> : dans tous les petits lacs on cultive les jacinthes d\u2019eau, des plantes flottantes qui ont la capacit\u00e9 de purifier l\u2019eau et, quand ils sont trop, ils deviennent nourriture pour les sangliers du parc.<\/p>\n<p><strong><u>La faune et la flore<\/u><\/strong><strong> : <\/strong>pendant les ann\u00e9es, on a fait des recherches importantes et pr\u00e9cises pour s\u00e9lectionner toutes les esp\u00e8ces autochtones, dont certaines \u00e9taient en voie de disparition et aujourd\u2019hui peuplent le parc\u2026 un lieu o\u00f9 les animaux vivent libres dans un \u00e9cosyst\u00e8me prot\u00e9g\u00e9. Apr\u00e8s une longue recherche on a s\u00e9lectionn\u00e9 nombreuses esp\u00e8ces end\u00e9miques, tels que le mouflon, l\u2019ancien mouton sarde, le petit cheval de Giara, le petit \u00e2ne de Asinara, le sanglier sarde, la ch\u00e8vre sauvage, le cerf et tous les volatiles typiques de la faune sarde.<\/p>\n","protected":false},"excerpt":{"rendered":"<p>Compostage : les r\u00e9sidus d\u2019\u00e9lagage, le feuillage, les fleurs, les s\u00e9diments des petits lacs, les mati\u00e8res organiques des animaux du parc, sont collect\u00e9es dans une zone de compostage o\u00f9, \u00e0 travers d\u2019un proc\u00e8s de transformation et stratification, ils deviennent humus. Tous le 5\/6 ans, ce proc\u00e8s permet de produire jusqu\u2019\u00e0 500 m\u00b3 de composte qui [&hellip;]<\/p>\n","protected":false},"author":7,"featured_media":10605,"parent":10860,"menu_order":0,"comment_status":"closed","ping_status":"closed","template":"","meta":{"footnotes":""},"class_list":["post-10862","page","type-page","status-publish","has-post-thumbnail","hentry"],"yoast_head":"<!-- This site is optimized with the Yoast SEO plugin v26.9 - https:\/\/yoast.com\/product\/yoast-seo-wordpress\/ -->\n<title>Le parc - Arbatax Park<\/title>\n<meta name=\"robots\" content=\"index, follow, max-snippet:-1, max-image-preview:large, max-video-preview:-1\" \/>\n<link rel=\"canonical\" href=\"https:\/\/www.arbataxpark.com\/fr\/eco-resort\/parc\/\" \/>\n<meta property=\"og:locale\" content=\"fr_FR\" \/>\n<meta property=\"og:type\" content=\"article\" \/>\n<meta property=\"og:title\" content=\"Le parc - Arbatax Park\" \/>\n<meta property=\"og:description\" content=\"Compostage : les r\u00e9sidus d\u2019\u00e9lagage, le feuillage, les fleurs, les s\u00e9diments des petits lacs, les mati\u00e8res organiques des animaux du parc, sont collect\u00e9es dans une zone de compostage o\u00f9, \u00e0 travers d\u2019un proc\u00e8s de transformation et stratification, ils deviennent humus. Tous le 5\/6 ans, ce proc\u00e8s permet de produire jusqu\u2019\u00e0 500 m\u00b3 de composte qui [&hellip;]\" \/>\n<meta property=\"og:url\" content=\"https:\/\/www.arbataxpark.com\/fr\/eco-resort\/parc\/\" \/>\n<meta property=\"og:site_name\" content=\"Arbatax Park\" \/>\n<meta property=\"article:modified_time\" content=\"2023-12-06T09:46:03+00:00\" \/>\n<meta property=\"og:image\" content=\"https:\/\/www.arbataxpark.com\/wp-content\/uploads\/sites\/17\/2019\/09\/slide-arbatax-park-sardegna.jpg\" \/>\n\t<meta property=\"og:image:width\" content=\"2000\" \/>\n\t<meta property=\"og:image:height\" content=\"1339\" \/>\n\t<meta property=\"og:image:type\" content=\"image\/jpeg\" \/>\n<meta name=\"twitter:card\" content=\"summary_large_image\" \/>\n<meta name=\"twitter:label1\" content=\"Dur\u00e9e de lecture estim\u00e9e\" \/>\n\t<meta name=\"twitter:data1\" content=\"2 minutes\" \/>\n<script type=\"application\/ld+json\" class=\"yoast-schema-graph\">{\"@context\":\"https:\/\/schema.org\",\"@graph\":[{\"@type\":\"WebPage\",\"@id\":\"https:\/\/www.arbataxpark.com\/fr\/eco-resort\/parc\/\",\"url\":\"https:\/\/www.arbataxpark.com\/fr\/eco-resort\/parc\/\",\"name\":\"Le parc - Arbatax Park\",\"isPartOf\":{\"@id\":\"https:\/\/www.arbataxpark.com\/fr\/#website\"},\"primaryImageOfPage\":{\"@id\":\"https:\/\/www.arbataxpark.com\/fr\/eco-resort\/parc\/#primaryimage\"},\"image\":{\"@id\":\"https:\/\/www.arbataxpark.com\/fr\/eco-resort\/parc\/#primaryimage\"},\"thumbnailUrl\":\"https:\/\/www.arbataxpark.com\/wp-content\/uploads\/sites\/17\/2019\/09\/slide-arbatax-park-sardegna.jpg\",\"datePublished\":\"2019-09-19T13:45:46+00:00\",\"dateModified\":\"2023-12-06T09:46:03+00:00\",\"breadcrumb\":{\"@id\":\"https:\/\/www.arbataxpark.com\/fr\/eco-resort\/parc\/#breadcrumb\"},\"inLanguage\":\"fr-FR\",\"potentialAction\":[{\"@type\":\"ReadAction\",\"target\":[\"https:\/\/www.arbataxpark.com\/fr\/eco-resort\/parc\/\"]}]},{\"@type\":\"ImageObject\",\"inLanguage\":\"fr-FR\",\"@id\":\"https:\/\/www.arbataxpark.com\/fr\/eco-resort\/parc\/#primaryimage\",\"url\":\"https:\/\/www.arbataxpark.com\/wp-content\/uploads\/sites\/17\/2019\/09\/slide-arbatax-park-sardegna.jpg\",\"contentUrl\":\"https:\/\/www.arbataxpark.com\/wp-content\/uploads\/sites\/17\/2019\/09\/slide-arbatax-park-sardegna.jpg\",\"width\":2000,\"height\":1339},{\"@type\":\"BreadcrumbList\",\"@id\":\"https:\/\/www.arbataxpark.com\/fr\/eco-resort\/parc\/#breadcrumb\",\"itemListElement\":[{\"@type\":\"ListItem\",\"position\":1,\"name\":\"Home\",\"item\":\"https:\/\/www.arbataxpark.com\/fr\/\"},{\"@type\":\"ListItem\",\"position\":2,\"name\":\"Le Meilleur \u00c9co Resort du monde\",\"item\":\"https:\/\/www.arbataxpark.com\/fr\/eco-resort\/\"},{\"@type\":\"ListItem\",\"position\":3,\"name\":\"Le parc\"}]},{\"@type\":\"WebSite\",\"@id\":\"https:\/\/www.arbataxpark.com\/fr\/#website\",\"url\":\"https:\/\/www.arbataxpark.com\/fr\/\",\"name\":\"Arbatax Park\",\"description\":\"Just another ms.decms.eu site\",\"potentialAction\":[{\"@type\":\"SearchAction\",\"target\":{\"@type\":\"EntryPoint\",\"urlTemplate\":\"https:\/\/www.arbataxpark.com\/fr\/?s={search_term_string}\"},\"query-input\":{\"@type\":\"PropertyValueSpecification\",\"valueRequired\":true,\"valueName\":\"search_term_string\"}}],\"inLanguage\":\"fr-FR\"}]}<\/script>\n<!-- \/ Yoast SEO plugin. -->","yoast_head_json":{"title":"Le parc - Arbatax Park","robots":{"index":"index","follow":"follow","max-snippet":"max-snippet:-1","max-image-preview":"max-image-preview:large","max-video-preview":"max-video-preview:-1"},"canonical":"https:\/\/www.arbataxpark.com\/fr\/eco-resort\/parc\/","og_locale":"fr_FR","og_type":"article","og_title":"Le parc - Arbatax Park","og_description":"Compostage : les r\u00e9sidus d\u2019\u00e9lagage, le feuillage, les fleurs, les s\u00e9diments des petits lacs, les mati\u00e8res organiques des animaux du parc, sont collect\u00e9es dans une zone de compostage o\u00f9, \u00e0 travers d\u2019un proc\u00e8s de transformation et stratification, ils deviennent humus. Tous le 5\/6 ans, ce proc\u00e8s permet de produire jusqu\u2019\u00e0 500 m\u00b3 de composte qui [&hellip;]","og_url":"https:\/\/www.arbataxpark.com\/fr\/eco-resort\/parc\/","og_site_name":"Arbatax Park","article_modified_time":"2023-12-06T09:46:03+00:00","og_image":[{"width":2000,"height":1339,"url":"https:\/\/www.arbataxpark.com\/wp-content\/uploads\/sites\/17\/2019\/09\/slide-arbatax-park-sardegna.jpg","type":"image\/jpeg"}],"twitter_card":"summary_large_image","twitter_misc":{"Dur\u00e9e de lecture estim\u00e9e":"2 minutes"},"schema":{"@context":"https:\/\/schema.org","@graph":[{"@type":"WebPage","@id":"https:\/\/www.arbataxpark.com\/fr\/eco-resort\/parc\/","url":"https:\/\/www.arbataxpark.com\/fr\/eco-resort\/parc\/","name":"Le parc - Arbatax Park","isPartOf":{"@id":"https:\/\/www.arbataxpark.com\/fr\/#website"},"primaryImageOfPage":{"@id":"https:\/\/www.arbataxpark.com\/fr\/eco-resort\/parc\/#primaryimage"},"image":{"@id":"https:\/\/www.arbataxpark.com\/fr\/eco-resort\/parc\/#primaryimage"},"thumbnailUrl":"https:\/\/www.arbataxpark.com\/wp-content\/uploads\/sites\/17\/2019\/09\/slide-arbatax-park-sardegna.jpg","datePublished":"2019-09-19T13:45:46+00:00","dateModified":"2023-12-06T09:46:03+00:00","breadcrumb":{"@id":"https:\/\/www.arbataxpark.com\/fr\/eco-resort\/parc\/#breadcrumb"},"inLanguage":"fr-FR","potentialAction":[{"@type":"ReadAction","target":["https:\/\/www.arbataxpark.com\/fr\/eco-resort\/parc\/"]}]},{"@type":"ImageObject","inLanguage":"fr-FR","@id":"https:\/\/www.arbataxpark.com\/fr\/eco-resort\/parc\/#primaryimage","url":"https:\/\/www.arbataxpark.com\/wp-content\/uploads\/sites\/17\/2019\/09\/slide-arbatax-park-sardegna.jpg","contentUrl":"https:\/\/www.arbataxpark.com\/wp-content\/uploads\/sites\/17\/2019\/09\/slide-arbatax-park-sardegna.jpg","width":2000,"height":1339},{"@type":"BreadcrumbList","@id":"https:\/\/www.arbataxpark.com\/fr\/eco-resort\/parc\/#breadcrumb","itemListElement":[{"@type":"ListItem","position":1,"name":"Home","item":"https:\/\/www.arbataxpark.com\/fr\/"},{"@type":"ListItem","position":2,"name":"Le Meilleur \u00c9co Resort du monde","item":"https:\/\/www.arbataxpark.com\/fr\/eco-resort\/"},{"@type":"ListItem","position":3,"name":"Le parc"}]},{"@type":"WebSite","@id":"https:\/\/www.arbataxpark.com\/fr\/#website","url":"https:\/\/www.arbataxpark.com\/fr\/","name":"Arbatax Park","description":"Just another ms.decms.eu site","potentialAction":[{"@type":"SearchAction","target":{"@type":"EntryPoint","urlTemplate":"https:\/\/www.arbataxpark.com\/fr\/?s={search_term_string}"},"query-input":{"@type":"PropertyValueSpecification","valueRequired":true,"valueName":"search_term_string"}}],"inLanguage":"fr-FR"}]}},"acf":[],"_links":{"self":[{"href":"https:\/\/www.arbataxpark.com\/fr\/wp-json\/wp\/v2\/pages\/10862","targetHints":{"allow":["GET"]}}],"collection":[{"href":"https:\/\/www.arbataxpark.com\/fr\/wp-json\/wp\/v2\/pages"}],"about":[{"href":"https:\/\/www.arbataxpark.com\/fr\/wp-json\/wp\/v2\/types\/page"}],"author":[{"embeddable":true,"href":"https:\/\/www.arbataxpark.com\/fr\/wp-json\/wp\/v2\/users\/7"}],"replies":[{"embeddable":true,"href":"https:\/\/www.arbataxpark.com\/fr\/wp-json\/wp\/v2\/comments?post=10862"}],"version-history":[{"count":0,"href":"https:\/\/www.arbataxpark.com\/fr\/wp-json\/wp\/v2\/pages\/10862\/revisions"}],"up":[{"embeddable":true,"href":"https:\/\/www.arbataxpark.com\/fr\/wp-json\/wp\/v2\/pages\/10860"}],"wp:featuredmedia":[{"embeddable":true,"href":"https:\/\/www.arbataxpark.com\/fr\/wp-json\/wp\/v2\/media\/10605"}],"wp:attachment":[{"href":"https:\/\/www.arbataxpark.com\/fr\/wp-json\/wp\/v2\/media?parent=10862"}],"curies":[{"name":"wp","href":"https:\/\/api.w.org\/{rel}","templated":true}]}}