{"id":10864,"date":"2019-09-19T14:24:52","date_gmt":"2019-09-19T14:24:52","guid":{"rendered":"https:\/\/www.arbataxpark.com\/eco-resort\/resort\/"},"modified":"2024-12-02T16:38:07","modified_gmt":"2024-12-02T16:38:07","slug":"resort","status":"publish","type":"page","link":"https:\/\/www.arbataxpark.com\/fr\/eco-resort\/resort\/","title":{"rendered":"Eco-durabilit\u00e9"},"content":{"rendered":"<p><strong>L\u2019\u00e9lectricit\u00e9 <\/strong>utilis\u00e9e dans le Resort est produite en Italie et est pour la plupart \u00e9nergie vert (\u00e9nergie solaire et de autres sources d\u2019\u00e9nergies renouvelables). Le Resort produit \u00e9nergie propre avec une installation photovolta\u00efque de 100Kwh.<\/p>\n<p><strong>L\u2019eau sanitaire chaude <\/strong>est autoproduite en utilisant \u00e9nergie propre au travers d\u2019une installation thermique solaire et une installation thermodynamique, qui r\u00e9pond aux besoins des chambres et des restaurants. L\u2019installation est brevet\u00e9e par un gar\u00e7on sarde.<\/p>\n<p>La consommation \u00e9lectrique est r\u00e9duite en utilisant <strong>ampoules basse consommation<\/strong>. La plupart des ampoules install\u00e9es dans le Resort ont une efficacit\u00e9 \u00e9nerg\u00e9tique de classe A et A+.<\/p>\n<p>Dans les espaces qui n\u00e9cessitent d\u2019\u00e9clairage permanent, on a install\u00e9 <strong>cellules photo\u00e9lectriques pour contr\u00f4ler l\u2019illumination<\/strong> avec d\u00e9tecteur de pr\u00e9sence ou cr\u00e9pusculaires au fin d\u2019\u00e9conomiser l\u2019\u00e9nergie.<\/p>\n<p><strong>Le changement de linge <\/strong>est fait seulement sur demande, permettant ainsi d\u2019\u00e9conomiser grandes quantit\u00e9s d\u2019\u00e9nergie et d\u2019eaux, et de r\u00e9duire le gaspillage des d\u00e9tergents et les \u00e9missions de gaz \u00e0 effet de serre.<\/p>\n","protected":false},"excerpt":{"rendered":"<p>L\u2019\u00e9lectricit\u00e9 utilis\u00e9e dans le Resort est produite en Italie et est pour la plupart \u00e9nergie vert (\u00e9nergie solaire et de autres sources d\u2019\u00e9nergies renouvelables). Le Resort produit \u00e9nergie propre avec une installation photovolta\u00efque de 100Kwh. L\u2019eau sanitaire chaude est autoproduite en utilisant \u00e9nergie propre au travers d\u2019une installation thermique solaire et une installation thermodynamique, qui [&hellip;]<\/p>\n","protected":false},"author":7,"featured_media":10646,"parent":10860,"menu_order":2,"comment_status":"closed","ping_status":"closed","template":"","meta":{"footnotes":""},"class_list":["post-10864","page","type-page","status-publish","has-post-thumbnail","hentry"],"yoast_head":"<!-- This site is optimized with the Yoast SEO plugin v26.9 - https:\/\/yoast.com\/product\/yoast-seo-wordpress\/ -->\n<title>Eco-durabilit\u00e9 - Arbatax Park<\/title>\n<meta name=\"robots\" content=\"index, follow, max-snippet:-1, max-image-preview:large, max-video-preview:-1\" \/>\n<link rel=\"canonical\" href=\"https:\/\/www.arbataxpark.com\/fr\/eco-resort\/resort\/\" \/>\n<meta property=\"og:locale\" content=\"fr_FR\" \/>\n<meta property=\"og:type\" content=\"article\" \/>\n<meta property=\"og:title\" content=\"Eco-durabilit\u00e9 - Arbatax Park\" \/>\n<meta property=\"og:description\" content=\"L\u2019\u00e9lectricit\u00e9 utilis\u00e9e dans le Resort est produite en Italie et est pour la plupart \u00e9nergie vert (\u00e9nergie solaire et de autres sources d\u2019\u00e9nergies renouvelables). Le Resort produit \u00e9nergie propre avec une installation photovolta\u00efque de 100Kwh. L\u2019eau sanitaire chaude est autoproduite en utilisant \u00e9nergie propre au travers d\u2019une installation thermique solaire et une installation thermodynamique, qui [&hellip;]\" \/>\n<meta property=\"og:url\" content=\"https:\/\/www.arbataxpark.com\/fr\/eco-resort\/resort\/\" \/>\n<meta property=\"og:site_name\" content=\"Arbatax Park\" \/>\n<meta property=\"article:modified_time\" content=\"2024-12-02T16:38:07+00:00\" \/>\n<meta property=\"og:image\" content=\"https:\/\/www.arbataxpark.com\/wp-content\/uploads\/sites\/17\/2019\/09\/gallery-cleanup6.jpg\" \/>\n\t<meta property=\"og:image:width\" content=\"1600\" \/>\n\t<meta property=\"og:image:height\" content=\"1200\" \/>\n\t<meta property=\"og:image:type\" content=\"image\/jpeg\" \/>\n<meta name=\"twitter:card\" content=\"summary_large_image\" \/>\n<meta name=\"twitter:label1\" content=\"Dur\u00e9e de lecture estim\u00e9e\" \/>\n\t<meta name=\"twitter:data1\" content=\"2 minutes\" \/>\n<script type=\"application\/ld+json\" class=\"yoast-schema-graph\">{\"@context\":\"https:\/\/schema.org\",\"@graph\":[{\"@type\":\"WebPage\",\"@id\":\"https:\/\/www.arbataxpark.com\/fr\/eco-resort\/resort\/\",\"url\":\"https:\/\/www.arbataxpark.com\/fr\/eco-resort\/resort\/\",\"name\":\"Eco-durabilit\u00e9 - Arbatax Park\",\"isPartOf\":{\"@id\":\"https:\/\/www.arbataxpark.com\/fr\/#website\"},\"primaryImageOfPage\":{\"@id\":\"https:\/\/www.arbataxpark.com\/fr\/eco-resort\/resort\/#primaryimage\"},\"image\":{\"@id\":\"https:\/\/www.arbataxpark.com\/fr\/eco-resort\/resort\/#primaryimage\"},\"thumbnailUrl\":\"https:\/\/www.arbataxpark.com\/wp-content\/uploads\/sites\/17\/2019\/09\/gallery-cleanup6.jpg\",\"datePublished\":\"2019-09-19T14:24:52+00:00\",\"dateModified\":\"2024-12-02T16:38:07+00:00\",\"breadcrumb\":{\"@id\":\"https:\/\/www.arbataxpark.com\/fr\/eco-resort\/resort\/#breadcrumb\"},\"inLanguage\":\"fr-FR\",\"potentialAction\":[{\"@type\":\"ReadAction\",\"target\":[\"https:\/\/www.arbataxpark.com\/fr\/eco-resort\/resort\/\"]}]},{\"@type\":\"ImageObject\",\"inLanguage\":\"fr-FR\",\"@id\":\"https:\/\/www.arbataxpark.com\/fr\/eco-resort\/resort\/#primaryimage\",\"url\":\"https:\/\/www.arbataxpark.com\/wp-content\/uploads\/sites\/17\/2019\/09\/gallery-cleanup6.jpg\",\"contentUrl\":\"https:\/\/www.arbataxpark.com\/wp-content\/uploads\/sites\/17\/2019\/09\/gallery-cleanup6.jpg\",\"width\":1600,\"height\":1200},{\"@type\":\"BreadcrumbList\",\"@id\":\"https:\/\/www.arbataxpark.com\/fr\/eco-resort\/resort\/#breadcrumb\",\"itemListElement\":[{\"@type\":\"ListItem\",\"position\":1,\"name\":\"Home\",\"item\":\"https:\/\/www.arbataxpark.com\/fr\/\"},{\"@type\":\"ListItem\",\"position\":2,\"name\":\"Le Meilleur \u00c9co Resort du monde\",\"item\":\"https:\/\/www.arbataxpark.com\/fr\/eco-resort\/\"},{\"@type\":\"ListItem\",\"position\":3,\"name\":\"Eco-durabilit\u00e9\"}]},{\"@type\":\"WebSite\",\"@id\":\"https:\/\/www.arbataxpark.com\/fr\/#website\",\"url\":\"https:\/\/www.arbataxpark.com\/fr\/\",\"name\":\"Arbatax Park\",\"description\":\"Just another ms.decms.eu site\",\"potentialAction\":[{\"@type\":\"SearchAction\",\"target\":{\"@type\":\"EntryPoint\",\"urlTemplate\":\"https:\/\/www.arbataxpark.com\/fr\/?s={search_term_string}\"},\"query-input\":{\"@type\":\"PropertyValueSpecification\",\"valueRequired\":true,\"valueName\":\"search_term_string\"}}],\"inLanguage\":\"fr-FR\"}]}<\/script>\n<!-- \/ Yoast SEO plugin. -->","yoast_head_json":{"title":"Eco-durabilit\u00e9 - Arbatax Park","robots":{"index":"index","follow":"follow","max-snippet":"max-snippet:-1","max-image-preview":"max-image-preview:large","max-video-preview":"max-video-preview:-1"},"canonical":"https:\/\/www.arbataxpark.com\/fr\/eco-resort\/resort\/","og_locale":"fr_FR","og_type":"article","og_title":"Eco-durabilit\u00e9 - Arbatax Park","og_description":"L\u2019\u00e9lectricit\u00e9 utilis\u00e9e dans le Resort est produite en Italie et est pour la plupart \u00e9nergie vert (\u00e9nergie solaire et de autres sources d\u2019\u00e9nergies renouvelables). Le Resort produit \u00e9nergie propre avec une installation photovolta\u00efque de 100Kwh. L\u2019eau sanitaire chaude est autoproduite en utilisant \u00e9nergie propre au travers d\u2019une installation thermique solaire et une installation thermodynamique, qui [&hellip;]","og_url":"https:\/\/www.arbataxpark.com\/fr\/eco-resort\/resort\/","og_site_name":"Arbatax Park","article_modified_time":"2024-12-02T16:38:07+00:00","og_image":[{"width":1600,"height":1200,"url":"https:\/\/www.arbataxpark.com\/wp-content\/uploads\/sites\/17\/2019\/09\/gallery-cleanup6.jpg","type":"image\/jpeg"}],"twitter_card":"summary_large_image","twitter_misc":{"Dur\u00e9e de lecture estim\u00e9e":"2 minutes"},"schema":{"@context":"https:\/\/schema.org","@graph":[{"@type":"WebPage","@id":"https:\/\/www.arbataxpark.com\/fr\/eco-resort\/resort\/","url":"https:\/\/www.arbataxpark.com\/fr\/eco-resort\/resort\/","name":"Eco-durabilit\u00e9 - Arbatax Park","isPartOf":{"@id":"https:\/\/www.arbataxpark.com\/fr\/#website"},"primaryImageOfPage":{"@id":"https:\/\/www.arbataxpark.com\/fr\/eco-resort\/resort\/#primaryimage"},"image":{"@id":"https:\/\/www.arbataxpark.com\/fr\/eco-resort\/resort\/#primaryimage"},"thumbnailUrl":"https:\/\/www.arbataxpark.com\/wp-content\/uploads\/sites\/17\/2019\/09\/gallery-cleanup6.jpg","datePublished":"2019-09-19T14:24:52+00:00","dateModified":"2024-12-02T16:38:07+00:00","breadcrumb":{"@id":"https:\/\/www.arbataxpark.com\/fr\/eco-resort\/resort\/#breadcrumb"},"inLanguage":"fr-FR","potentialAction":[{"@type":"ReadAction","target":["https:\/\/www.arbataxpark.com\/fr\/eco-resort\/resort\/"]}]},{"@type":"ImageObject","inLanguage":"fr-FR","@id":"https:\/\/www.arbataxpark.com\/fr\/eco-resort\/resort\/#primaryimage","url":"https:\/\/www.arbataxpark.com\/wp-content\/uploads\/sites\/17\/2019\/09\/gallery-cleanup6.jpg","contentUrl":"https:\/\/www.arbataxpark.com\/wp-content\/uploads\/sites\/17\/2019\/09\/gallery-cleanup6.jpg","width":1600,"height":1200},{"@type":"BreadcrumbList","@id":"https:\/\/www.arbataxpark.com\/fr\/eco-resort\/resort\/#breadcrumb","itemListElement":[{"@type":"ListItem","position":1,"name":"Home","item":"https:\/\/www.arbataxpark.com\/fr\/"},{"@type":"ListItem","position":2,"name":"Le Meilleur \u00c9co Resort du monde","item":"https:\/\/www.arbataxpark.com\/fr\/eco-resort\/"},{"@type":"ListItem","position":3,"name":"Eco-durabilit\u00e9"}]},{"@type":"WebSite","@id":"https:\/\/www.arbataxpark.com\/fr\/#website","url":"https:\/\/www.arbataxpark.com\/fr\/","name":"Arbatax Park","description":"Just another ms.decms.eu site","potentialAction":[{"@type":"SearchAction","target":{"@type":"EntryPoint","urlTemplate":"https:\/\/www.arbataxpark.com\/fr\/?s={search_term_string}"},"query-input":{"@type":"PropertyValueSpecification","valueRequired":true,"valueName":"search_term_string"}}],"inLanguage":"fr-FR"}]}},"acf":[],"_links":{"self":[{"href":"https:\/\/www.arbataxpark.com\/fr\/wp-json\/wp\/v2\/pages\/10864","targetHints":{"allow":["GET"]}}],"collection":[{"href":"https:\/\/www.arbataxpark.com\/fr\/wp-json\/wp\/v2\/pages"}],"about":[{"href":"https:\/\/www.arbataxpark.com\/fr\/wp-json\/wp\/v2\/types\/page"}],"author":[{"embeddable":true,"href":"https:\/\/www.arbataxpark.com\/fr\/wp-json\/wp\/v2\/users\/7"}],"replies":[{"embeddable":true,"href":"https:\/\/www.arbataxpark.com\/fr\/wp-json\/wp\/v2\/comments?post=10864"}],"version-history":[{"count":0,"href":"https:\/\/www.arbataxpark.com\/fr\/wp-json\/wp\/v2\/pages\/10864\/revisions"}],"up":[{"embeddable":true,"href":"https:\/\/www.arbataxpark.com\/fr\/wp-json\/wp\/v2\/pages\/10860"}],"wp:featuredmedia":[{"embeddable":true,"href":"https:\/\/www.arbataxpark.com\/fr\/wp-json\/wp\/v2\/media\/10646"}],"wp:attachment":[{"href":"https:\/\/www.arbataxpark.com\/fr\/wp-json\/wp\/v2\/media?parent=10864"}],"curies":[{"name":"wp","href":"https:\/\/api.w.org\/{rel}","templated":true}]}}