{"id":10866,"date":"2019-09-19T15:37:39","date_gmt":"2019-09-19T15:37:39","guid":{"rendered":"https:\/\/www.arbataxpark.com\/eco-resort\/sostegno-delleconomia-locale\/"},"modified":"2023-12-06T10:41:21","modified_gmt":"2023-12-06T10:41:21","slug":"soutenir-leconomie-local","status":"publish","type":"page","link":"https:\/\/www.arbataxpark.com\/fr\/eco-resort\/soutenir-leconomie-local\/","title":{"rendered":"Soutenir l\u2019\u00e9conomie local"},"content":{"rendered":"<p><strong><u>Excursions \u00e0 la d\u00e9couverte du territoire<\/u><\/strong>\u00a0: le Resort organise \u00e9v\u00e8nements et promotions qui sensibilisent les clients au \u00e9co-tourisme, avec promenades, trekking, circuits \u00e0 v\u00e9lo, activit\u00e9s en bateau, cours de cuisine typique, ateliers d\u2019art pour la d\u00e9couverte des traditions locales.<\/p>\n<p><strong><u>F\u00eate paysanne<\/u><\/strong>\u00a0: une fois par semaine, au milieu le Parc Naturel, dans la grande pelouse \u00e0 c\u00f4t\u00e9 de la Spa, on organise la \u2018<em>f\u00eate paysanne\u2019\u00a0<\/em>: une soir\u00e9e pendant laquelle les clients peuvent vivre les traditions de Sardaigne dans toutes leurs aspects. Dans cette grande prairie, 5 endroits offrent divers types de d\u00e9gustations\u00a0: r\u00f4tis sur brochette, fromages et ricotta, friture de poisson, ravioli et <em>pistoccu<\/em>, le pain typique, g\u00e2teaux sardes, past\u00e8que et tomates de notre jardin exc. Tout autour il y a les tables des artisans, comme le coutilier, le distillateur, l\u2019orf\u00e8vre, le charpentier et les tisseurs de laine, dans une vraie vitrine vivante des traditions insulaires.<\/p>\n<p><strong><u>Notre Berger<\/u><\/strong>\u00a0: En se promenant dans le Resort, il est possible de rencontrer Sergio, le Berger qui offre tous les jours \u00e0 nos clients le fromage et la ricotta fraichement pr\u00e9par\u00e9s, les \u0153ufs et le pommes de terre cuites dans la cendre, le <em>Pistoccu <\/em>cuit dans le four \u00e0 bois et un verre de <em>Cannonau<\/em>.<\/p>\n<p><strong><u>Les femmes du pain<\/u><\/strong>\u00a0: tous les jours, dans diff\u00e9rents espaces du Resort, on rencontre les femmes du pain, habill\u00e9es avec des robes typiques de Ogliastra, qui pr\u00e9parent pain, p\u00e2tes, <em>culurgiones <\/em>(p\u00e2tes sarde typique avec pommes de terre), <em>seadas <\/em>et autres plats typiques de la tradition gastronomique sarde.\u00a0\u00a0\u00a0\u00a0 \u00a0\u00a0\u00a0\u00a0<em>\u00a0<\/em><\/p>\n<p><strong><u>A Chent\u2019annos\u2026\u00e0 table !<\/u><\/strong> Une soir\u00e9e d\u00e9di\u00e9e \u00e0 la d\u00e9couverte des plats typiques de la cuisine locale dans une interpr\u00e9tation moderne de diff\u00e9rents chefs illustres. C\u2019est un voyage dans les saveurs unique d\u2019une cuisine caract\u00e9ris\u00e9e par ingr\u00e9dients simples qui sont des cl\u00e9s d\u2019une longue vie.<\/p>\n<p><strong><u>InCantos \/ Sound of Sardina <\/u><\/strong><strong>: <\/strong>un festival de musique qui exprime une nouvelle fa\u00e7on de vivre la beaut\u00e9 et l\u2019identit\u00e9 les plus pures de notre ile avec artistes prestigieux de la sc\u00e8ne musicale de l\u2019ile, qui se produisent sur une sc\u00e8ne naturelle sur la mer dans une des petites baies entre les falaises granitiques de la p\u00e9ninsule.<\/p>\n","protected":false},"excerpt":{"rendered":"<p>Excursions \u00e0 la d\u00e9couverte du territoire\u00a0: le Resort organise \u00e9v\u00e8nements et promotions qui sensibilisent les clients au \u00e9co-tourisme, avec promenades, trekking, circuits \u00e0 v\u00e9lo, activit\u00e9s en bateau, cours de cuisine typique, ateliers d\u2019art pour la d\u00e9couverte des traditions locales. F\u00eate paysanne\u00a0: une fois par semaine, au milieu le Parc Naturel, dans la grande pelouse \u00e0 [&hellip;]<\/p>\n","protected":false},"author":7,"featured_media":9687,"parent":10860,"menu_order":3,"comment_status":"closed","ping_status":"closed","template":"","meta":{"footnotes":""},"class_list":["post-10866","page","type-page","status-publish","has-post-thumbnail","hentry"],"yoast_head":"<!-- This site is optimized with the Yoast SEO plugin v26.9 - https:\/\/yoast.com\/product\/yoast-seo-wordpress\/ -->\n<title>Soutenir l\u2019\u00e9conomie local - Arbatax Park<\/title>\n<meta name=\"robots\" content=\"index, follow, max-snippet:-1, max-image-preview:large, max-video-preview:-1\" \/>\n<link rel=\"canonical\" href=\"https:\/\/www.arbataxpark.com\/fr\/eco-resort\/soutenir-leconomie-local\/\" \/>\n<meta property=\"og:locale\" content=\"fr_FR\" \/>\n<meta property=\"og:type\" content=\"article\" \/>\n<meta property=\"og:title\" content=\"Soutenir l\u2019\u00e9conomie local - Arbatax Park\" \/>\n<meta property=\"og:description\" content=\"Excursions \u00e0 la d\u00e9couverte du territoire\u00a0: le Resort organise \u00e9v\u00e8nements et promotions qui sensibilisent les clients au \u00e9co-tourisme, avec promenades, trekking, circuits \u00e0 v\u00e9lo, activit\u00e9s en bateau, cours de cuisine typique, ateliers d\u2019art pour la d\u00e9couverte des traditions locales. F\u00eate paysanne\u00a0: une fois par semaine, au milieu le Parc Naturel, dans la grande pelouse \u00e0 [&hellip;]\" \/>\n<meta property=\"og:url\" content=\"https:\/\/www.arbataxpark.com\/fr\/eco-resort\/soutenir-leconomie-local\/\" \/>\n<meta property=\"og:site_name\" content=\"Arbatax Park\" \/>\n<meta property=\"article:modified_time\" content=\"2023-12-06T10:41:21+00:00\" \/>\n<meta property=\"og:image\" content=\"https:\/\/www.arbataxpark.com\/wp-content\/uploads\/sites\/17\/2019\/06\/serata_sarda_2-slideshow.jpg\" \/>\n\t<meta property=\"og:image:width\" content=\"1797\" \/>\n\t<meta property=\"og:image:height\" content=\"1200\" \/>\n\t<meta property=\"og:image:type\" content=\"image\/jpeg\" \/>\n<meta name=\"twitter:card\" content=\"summary_large_image\" \/>\n<meta name=\"twitter:label1\" content=\"Dur\u00e9e de lecture estim\u00e9e\" \/>\n\t<meta name=\"twitter:data1\" content=\"2 minutes\" \/>\n<script type=\"application\/ld+json\" class=\"yoast-schema-graph\">{\"@context\":\"https:\/\/schema.org\",\"@graph\":[{\"@type\":\"WebPage\",\"@id\":\"https:\/\/www.arbataxpark.com\/fr\/eco-resort\/soutenir-leconomie-local\/\",\"url\":\"https:\/\/www.arbataxpark.com\/fr\/eco-resort\/soutenir-leconomie-local\/\",\"name\":\"Soutenir l\u2019\u00e9conomie local - Arbatax Park\",\"isPartOf\":{\"@id\":\"https:\/\/www.arbataxpark.com\/fr\/#website\"},\"primaryImageOfPage\":{\"@id\":\"https:\/\/www.arbataxpark.com\/fr\/eco-resort\/soutenir-leconomie-local\/#primaryimage\"},\"image\":{\"@id\":\"https:\/\/www.arbataxpark.com\/fr\/eco-resort\/soutenir-leconomie-local\/#primaryimage\"},\"thumbnailUrl\":\"https:\/\/www.arbataxpark.com\/wp-content\/uploads\/sites\/17\/2019\/06\/serata_sarda_2-slideshow.jpg\",\"datePublished\":\"2019-09-19T15:37:39+00:00\",\"dateModified\":\"2023-12-06T10:41:21+00:00\",\"breadcrumb\":{\"@id\":\"https:\/\/www.arbataxpark.com\/fr\/eco-resort\/soutenir-leconomie-local\/#breadcrumb\"},\"inLanguage\":\"fr-FR\",\"potentialAction\":[{\"@type\":\"ReadAction\",\"target\":[\"https:\/\/www.arbataxpark.com\/fr\/eco-resort\/soutenir-leconomie-local\/\"]}]},{\"@type\":\"ImageObject\",\"inLanguage\":\"fr-FR\",\"@id\":\"https:\/\/www.arbataxpark.com\/fr\/eco-resort\/soutenir-leconomie-local\/#primaryimage\",\"url\":\"https:\/\/www.arbataxpark.com\/wp-content\/uploads\/sites\/17\/2019\/06\/serata_sarda_2-slideshow.jpg\",\"contentUrl\":\"https:\/\/www.arbataxpark.com\/wp-content\/uploads\/sites\/17\/2019\/06\/serata_sarda_2-slideshow.jpg\",\"width\":1797,\"height\":1200},{\"@type\":\"BreadcrumbList\",\"@id\":\"https:\/\/www.arbataxpark.com\/fr\/eco-resort\/soutenir-leconomie-local\/#breadcrumb\",\"itemListElement\":[{\"@type\":\"ListItem\",\"position\":1,\"name\":\"Home\",\"item\":\"https:\/\/www.arbataxpark.com\/fr\/\"},{\"@type\":\"ListItem\",\"position\":2,\"name\":\"Le Meilleur \u00c9co Resort du monde\",\"item\":\"https:\/\/www.arbataxpark.com\/fr\/eco-resort\/\"},{\"@type\":\"ListItem\",\"position\":3,\"name\":\"Soutenir l\u2019\u00e9conomie local\"}]},{\"@type\":\"WebSite\",\"@id\":\"https:\/\/www.arbataxpark.com\/fr\/#website\",\"url\":\"https:\/\/www.arbataxpark.com\/fr\/\",\"name\":\"Arbatax Park\",\"description\":\"Just another ms.decms.eu site\",\"potentialAction\":[{\"@type\":\"SearchAction\",\"target\":{\"@type\":\"EntryPoint\",\"urlTemplate\":\"https:\/\/www.arbataxpark.com\/fr\/?s={search_term_string}\"},\"query-input\":{\"@type\":\"PropertyValueSpecification\",\"valueRequired\":true,\"valueName\":\"search_term_string\"}}],\"inLanguage\":\"fr-FR\"}]}<\/script>\n<!-- \/ Yoast SEO plugin. -->","yoast_head_json":{"title":"Soutenir l\u2019\u00e9conomie local - Arbatax Park","robots":{"index":"index","follow":"follow","max-snippet":"max-snippet:-1","max-image-preview":"max-image-preview:large","max-video-preview":"max-video-preview:-1"},"canonical":"https:\/\/www.arbataxpark.com\/fr\/eco-resort\/soutenir-leconomie-local\/","og_locale":"fr_FR","og_type":"article","og_title":"Soutenir l\u2019\u00e9conomie local - Arbatax Park","og_description":"Excursions \u00e0 la d\u00e9couverte du territoire\u00a0: le Resort organise \u00e9v\u00e8nements et promotions qui sensibilisent les clients au \u00e9co-tourisme, avec promenades, trekking, circuits \u00e0 v\u00e9lo, activit\u00e9s en bateau, cours de cuisine typique, ateliers d\u2019art pour la d\u00e9couverte des traditions locales. F\u00eate paysanne\u00a0: une fois par semaine, au milieu le Parc Naturel, dans la grande pelouse \u00e0 [&hellip;]","og_url":"https:\/\/www.arbataxpark.com\/fr\/eco-resort\/soutenir-leconomie-local\/","og_site_name":"Arbatax Park","article_modified_time":"2023-12-06T10:41:21+00:00","og_image":[{"width":1797,"height":1200,"url":"https:\/\/www.arbataxpark.com\/wp-content\/uploads\/sites\/17\/2019\/06\/serata_sarda_2-slideshow.jpg","type":"image\/jpeg"}],"twitter_card":"summary_large_image","twitter_misc":{"Dur\u00e9e de lecture estim\u00e9e":"2 minutes"},"schema":{"@context":"https:\/\/schema.org","@graph":[{"@type":"WebPage","@id":"https:\/\/www.arbataxpark.com\/fr\/eco-resort\/soutenir-leconomie-local\/","url":"https:\/\/www.arbataxpark.com\/fr\/eco-resort\/soutenir-leconomie-local\/","name":"Soutenir l\u2019\u00e9conomie local - Arbatax Park","isPartOf":{"@id":"https:\/\/www.arbataxpark.com\/fr\/#website"},"primaryImageOfPage":{"@id":"https:\/\/www.arbataxpark.com\/fr\/eco-resort\/soutenir-leconomie-local\/#primaryimage"},"image":{"@id":"https:\/\/www.arbataxpark.com\/fr\/eco-resort\/soutenir-leconomie-local\/#primaryimage"},"thumbnailUrl":"https:\/\/www.arbataxpark.com\/wp-content\/uploads\/sites\/17\/2019\/06\/serata_sarda_2-slideshow.jpg","datePublished":"2019-09-19T15:37:39+00:00","dateModified":"2023-12-06T10:41:21+00:00","breadcrumb":{"@id":"https:\/\/www.arbataxpark.com\/fr\/eco-resort\/soutenir-leconomie-local\/#breadcrumb"},"inLanguage":"fr-FR","potentialAction":[{"@type":"ReadAction","target":["https:\/\/www.arbataxpark.com\/fr\/eco-resort\/soutenir-leconomie-local\/"]}]},{"@type":"ImageObject","inLanguage":"fr-FR","@id":"https:\/\/www.arbataxpark.com\/fr\/eco-resort\/soutenir-leconomie-local\/#primaryimage","url":"https:\/\/www.arbataxpark.com\/wp-content\/uploads\/sites\/17\/2019\/06\/serata_sarda_2-slideshow.jpg","contentUrl":"https:\/\/www.arbataxpark.com\/wp-content\/uploads\/sites\/17\/2019\/06\/serata_sarda_2-slideshow.jpg","width":1797,"height":1200},{"@type":"BreadcrumbList","@id":"https:\/\/www.arbataxpark.com\/fr\/eco-resort\/soutenir-leconomie-local\/#breadcrumb","itemListElement":[{"@type":"ListItem","position":1,"name":"Home","item":"https:\/\/www.arbataxpark.com\/fr\/"},{"@type":"ListItem","position":2,"name":"Le Meilleur \u00c9co Resort du monde","item":"https:\/\/www.arbataxpark.com\/fr\/eco-resort\/"},{"@type":"ListItem","position":3,"name":"Soutenir l\u2019\u00e9conomie local"}]},{"@type":"WebSite","@id":"https:\/\/www.arbataxpark.com\/fr\/#website","url":"https:\/\/www.arbataxpark.com\/fr\/","name":"Arbatax Park","description":"Just another ms.decms.eu site","potentialAction":[{"@type":"SearchAction","target":{"@type":"EntryPoint","urlTemplate":"https:\/\/www.arbataxpark.com\/fr\/?s={search_term_string}"},"query-input":{"@type":"PropertyValueSpecification","valueRequired":true,"valueName":"search_term_string"}}],"inLanguage":"fr-FR"}]}},"acf":[],"_links":{"self":[{"href":"https:\/\/www.arbataxpark.com\/fr\/wp-json\/wp\/v2\/pages\/10866","targetHints":{"allow":["GET"]}}],"collection":[{"href":"https:\/\/www.arbataxpark.com\/fr\/wp-json\/wp\/v2\/pages"}],"about":[{"href":"https:\/\/www.arbataxpark.com\/fr\/wp-json\/wp\/v2\/types\/page"}],"author":[{"embeddable":true,"href":"https:\/\/www.arbataxpark.com\/fr\/wp-json\/wp\/v2\/users\/7"}],"replies":[{"embeddable":true,"href":"https:\/\/www.arbataxpark.com\/fr\/wp-json\/wp\/v2\/comments?post=10866"}],"version-history":[{"count":0,"href":"https:\/\/www.arbataxpark.com\/fr\/wp-json\/wp\/v2\/pages\/10866\/revisions"}],"up":[{"embeddable":true,"href":"https:\/\/www.arbataxpark.com\/fr\/wp-json\/wp\/v2\/pages\/10860"}],"wp:featuredmedia":[{"embeddable":true,"href":"https:\/\/www.arbataxpark.com\/fr\/wp-json\/wp\/v2\/media\/9687"}],"wp:attachment":[{"href":"https:\/\/www.arbataxpark.com\/fr\/wp-json\/wp\/v2\/media?parent=10866"}],"curies":[{"name":"wp","href":"https:\/\/api.w.org\/{rel}","templated":true}]}}