{"id":10868,"date":"2019-09-19T15:59:54","date_gmt":"2019-09-19T15:59:54","guid":{"rendered":"https:\/\/www.arbataxpark.com\/eco-resort\/nuovi-progetti-realizzati-nel\/"},"modified":"2023-12-06T11:05:34","modified_gmt":"2023-12-06T11:05:34","slug":"nouveaux-projets","status":"publish","type":"page","link":"https:\/\/www.arbataxpark.com\/fr\/eco-resort\/nouveaux-projets\/","title":{"rendered":"Nouveaux projets"},"content":{"rendered":"<p><strong><u>Le Jardin des Merveilles<\/u><\/strong><br \/>\n<strong>Ce qui \u00e9tait une fois un terrain de golf, c\u2019est maintenant le <em>Jardin des Merveilles<\/em>. <\/strong>Une grande porte antique est l\u2019acc\u00e8s \u00e0 un parcours multi-sensoriel dans un espace magique entre fleures, coccinelles, lucioles et papillons. Une exp\u00e9rience perceptive et sensorielle qui nait dans le but d\u2019aider tous ceux qui vont le visiter \u00e0 retrouver sant\u00e9 et bien-\u00eatre. Les diff\u00e9rentes attractions comprennent une biblioth\u00e8que en plein air, espaces pour faire de yoga, le gymnase des oliviers, un cin\u00e9ma \u00e0 la belle \u00e9toile, une maison de <em>Janas<\/em> (maison des F\u00e9es) et bien d\u2019autres. Entre couleurs, lumi\u00e8res, parfumes, sons et symbolismes, on rencontre les postes des 4 saisons, qui sont part d\u2019un nouveau parcours th\u00e9rapeutique de notre Spa. A partir de 2021, il va devenir un mus\u00e9e en plein air pour tous les artistes de \u2018<em>land art<\/em>\u2019 qui voudraient partager le Projet avec les enfants du Resort.\u00a0\u00a0 \u00a0\u00a0\u00a0\u00a0\u00a0<strong><em>\u00a0<\/em><\/strong><\/p>\n<p><strong><u>Nouveau Projet Spa\/Zone Bleu 2019<\/u><\/strong><br \/>\nEn 2019, dans le centre spa <em>Bellavista,<\/em> on propose notre nouveau projet holistique nait de la collaboration avec m\u00e9decins de renomm\u00e9e internationale qui va joindre les vertus de la m\u00e9decine chinoise mill\u00e9naire avec l\u2019ancienne m\u00e9decine sarde traditionnelle.<\/p>\n<p>En commen\u00e7ant par une entrevue, avec l\u2019aide de la phytoth\u00e9rapie avec essences et herbes aromatique autoproduites, de l\u2019acupuncture et de anciennes techniques de massage curatif, on va cr\u00e9er pour chaque patient un parcours personnalis\u00e9 qui aide \u00e0 r\u00e9tablir l\u2019\u00e9quilibre de l\u2019\u00e9nergie vitale. Dans ce lieu \u2018authentique\u2019, on propose des semaines de \u2018r\u00e9tablissement psycho-physique\u2019.<\/p>\n<p>Des semaine anti-\u00e2ge\u00a0? Anti-stress ? Relaxantes\u00a0? Bien s\u00fbr, mais pas seulement. Il s\u2019agit d\u2019un parcours avec le but de r\u00e9cup\u00e9rer le \u2018sens\u2019 du temps en retrouvant notre propre rythme. La Sardaigne, connue comme Terre qui garde le secret de vie et jeunesse gr\u00e2ce \u00e0 ses produits comme huile d\u2019olive, lentisque, onguents de fleurs sauvages, va \u00eatre fondamentale dans l\u2019authenticit\u00e9 de cette nouvelle vie.<\/p>\n<p>La Spa n\u2019est pas seulement un service, mais il s\u2019agit d\u2019une vraie exp\u00e9rience, d\u2019un chemin pour une meilleure vie, en harmonie avec soi m\u00eames et avec les forces de l\u2019univers pour red\u00e9couvrir la beaut\u00e9 et l\u2019harmonie de la Nature en nous. Elle va \u00eatre la premi\u00e8re Spa du monde dans une <em>Zone Bleu<\/em>.<\/p>\n","protected":false},"excerpt":{"rendered":"<p>Le Jardin des Merveilles Ce qui \u00e9tait une fois un terrain de golf, c\u2019est maintenant le Jardin des Merveilles. Une grande porte antique est l\u2019acc\u00e8s \u00e0 un parcours multi-sensoriel dans un espace magique entre fleures, coccinelles, lucioles et papillons. Une exp\u00e9rience perceptive et sensorielle qui nait dans le but d\u2019aider tous ceux qui vont le [&hellip;]<\/p>\n","protected":false},"author":7,"featured_media":10664,"parent":10860,"menu_order":4,"comment_status":"closed","ping_status":"closed","template":"","meta":{"footnotes":""},"class_list":["post-10868","page","type-page","status-publish","has-post-thumbnail","hentry"],"yoast_head":"<!-- This site is optimized with the Yoast SEO plugin v26.9 - https:\/\/yoast.com\/product\/yoast-seo-wordpress\/ -->\n<title>Nouveaux projets - Arbatax Park<\/title>\n<meta name=\"robots\" content=\"index, follow, max-snippet:-1, max-image-preview:large, max-video-preview:-1\" \/>\n<link rel=\"canonical\" href=\"https:\/\/www.arbataxpark.com\/fr\/eco-resort\/nouveaux-projets\/\" \/>\n<meta property=\"og:locale\" content=\"fr_FR\" \/>\n<meta property=\"og:type\" content=\"article\" \/>\n<meta property=\"og:title\" content=\"Nouveaux projets - Arbatax Park\" \/>\n<meta property=\"og:description\" content=\"Le Jardin des Merveilles Ce qui \u00e9tait une fois un terrain de golf, c\u2019est maintenant le Jardin des Merveilles. Une grande porte antique est l\u2019acc\u00e8s \u00e0 un parcours multi-sensoriel dans un espace magique entre fleures, coccinelles, lucioles et papillons. Une exp\u00e9rience perceptive et sensorielle qui nait dans le but d\u2019aider tous ceux qui vont le [&hellip;]\" \/>\n<meta property=\"og:url\" content=\"https:\/\/www.arbataxpark.com\/fr\/eco-resort\/nouveaux-projets\/\" \/>\n<meta property=\"og:site_name\" content=\"Arbatax Park\" \/>\n<meta property=\"article:modified_time\" content=\"2023-12-06T11:05:34+00:00\" \/>\n<meta property=\"og:image\" content=\"https:\/\/www.arbataxpark.com\/wp-content\/uploads\/sites\/17\/2019\/09\/slide_arbatax_park_ortaggi.jpg\" \/>\n\t<meta property=\"og:image:width\" content=\"2200\" \/>\n\t<meta property=\"og:image:height\" content=\"1650\" \/>\n\t<meta property=\"og:image:type\" content=\"image\/jpeg\" \/>\n<meta name=\"twitter:card\" content=\"summary_large_image\" \/>\n<meta name=\"twitter:label1\" content=\"Dur\u00e9e de lecture estim\u00e9e\" \/>\n\t<meta name=\"twitter:data1\" content=\"2 minutes\" \/>\n<script type=\"application\/ld+json\" class=\"yoast-schema-graph\">{\"@context\":\"https:\/\/schema.org\",\"@graph\":[{\"@type\":\"WebPage\",\"@id\":\"https:\/\/www.arbataxpark.com\/fr\/eco-resort\/nouveaux-projets\/\",\"url\":\"https:\/\/www.arbataxpark.com\/fr\/eco-resort\/nouveaux-projets\/\",\"name\":\"Nouveaux projets - Arbatax Park\",\"isPartOf\":{\"@id\":\"https:\/\/www.arbataxpark.com\/fr\/#website\"},\"primaryImageOfPage\":{\"@id\":\"https:\/\/www.arbataxpark.com\/fr\/eco-resort\/nouveaux-projets\/#primaryimage\"},\"image\":{\"@id\":\"https:\/\/www.arbataxpark.com\/fr\/eco-resort\/nouveaux-projets\/#primaryimage\"},\"thumbnailUrl\":\"https:\/\/www.arbataxpark.com\/wp-content\/uploads\/sites\/17\/2019\/09\/slide_arbatax_park_ortaggi.jpg\",\"datePublished\":\"2019-09-19T15:59:54+00:00\",\"dateModified\":\"2023-12-06T11:05:34+00:00\",\"breadcrumb\":{\"@id\":\"https:\/\/www.arbataxpark.com\/fr\/eco-resort\/nouveaux-projets\/#breadcrumb\"},\"inLanguage\":\"fr-FR\",\"potentialAction\":[{\"@type\":\"ReadAction\",\"target\":[\"https:\/\/www.arbataxpark.com\/fr\/eco-resort\/nouveaux-projets\/\"]}]},{\"@type\":\"ImageObject\",\"inLanguage\":\"fr-FR\",\"@id\":\"https:\/\/www.arbataxpark.com\/fr\/eco-resort\/nouveaux-projets\/#primaryimage\",\"url\":\"https:\/\/www.arbataxpark.com\/wp-content\/uploads\/sites\/17\/2019\/09\/slide_arbatax_park_ortaggi.jpg\",\"contentUrl\":\"https:\/\/www.arbataxpark.com\/wp-content\/uploads\/sites\/17\/2019\/09\/slide_arbatax_park_ortaggi.jpg\",\"width\":2200,\"height\":1650},{\"@type\":\"BreadcrumbList\",\"@id\":\"https:\/\/www.arbataxpark.com\/fr\/eco-resort\/nouveaux-projets\/#breadcrumb\",\"itemListElement\":[{\"@type\":\"ListItem\",\"position\":1,\"name\":\"Home\",\"item\":\"https:\/\/www.arbataxpark.com\/fr\/\"},{\"@type\":\"ListItem\",\"position\":2,\"name\":\"Le Meilleur \u00c9co Resort du monde\",\"item\":\"https:\/\/www.arbataxpark.com\/fr\/eco-resort\/\"},{\"@type\":\"ListItem\",\"position\":3,\"name\":\"Nouveaux projets\"}]},{\"@type\":\"WebSite\",\"@id\":\"https:\/\/www.arbataxpark.com\/fr\/#website\",\"url\":\"https:\/\/www.arbataxpark.com\/fr\/\",\"name\":\"Arbatax Park\",\"description\":\"Just another ms.decms.eu site\",\"potentialAction\":[{\"@type\":\"SearchAction\",\"target\":{\"@type\":\"EntryPoint\",\"urlTemplate\":\"https:\/\/www.arbataxpark.com\/fr\/?s={search_term_string}\"},\"query-input\":{\"@type\":\"PropertyValueSpecification\",\"valueRequired\":true,\"valueName\":\"search_term_string\"}}],\"inLanguage\":\"fr-FR\"}]}<\/script>\n<!-- \/ Yoast SEO plugin. -->","yoast_head_json":{"title":"Nouveaux projets - Arbatax Park","robots":{"index":"index","follow":"follow","max-snippet":"max-snippet:-1","max-image-preview":"max-image-preview:large","max-video-preview":"max-video-preview:-1"},"canonical":"https:\/\/www.arbataxpark.com\/fr\/eco-resort\/nouveaux-projets\/","og_locale":"fr_FR","og_type":"article","og_title":"Nouveaux projets - Arbatax Park","og_description":"Le Jardin des Merveilles Ce qui \u00e9tait une fois un terrain de golf, c\u2019est maintenant le Jardin des Merveilles. Une grande porte antique est l\u2019acc\u00e8s \u00e0 un parcours multi-sensoriel dans un espace magique entre fleures, coccinelles, lucioles et papillons. Une exp\u00e9rience perceptive et sensorielle qui nait dans le but d\u2019aider tous ceux qui vont le [&hellip;]","og_url":"https:\/\/www.arbataxpark.com\/fr\/eco-resort\/nouveaux-projets\/","og_site_name":"Arbatax Park","article_modified_time":"2023-12-06T11:05:34+00:00","og_image":[{"width":2200,"height":1650,"url":"https:\/\/www.arbataxpark.com\/wp-content\/uploads\/sites\/17\/2019\/09\/slide_arbatax_park_ortaggi.jpg","type":"image\/jpeg"}],"twitter_card":"summary_large_image","twitter_misc":{"Dur\u00e9e de lecture estim\u00e9e":"2 minutes"},"schema":{"@context":"https:\/\/schema.org","@graph":[{"@type":"WebPage","@id":"https:\/\/www.arbataxpark.com\/fr\/eco-resort\/nouveaux-projets\/","url":"https:\/\/www.arbataxpark.com\/fr\/eco-resort\/nouveaux-projets\/","name":"Nouveaux projets - Arbatax Park","isPartOf":{"@id":"https:\/\/www.arbataxpark.com\/fr\/#website"},"primaryImageOfPage":{"@id":"https:\/\/www.arbataxpark.com\/fr\/eco-resort\/nouveaux-projets\/#primaryimage"},"image":{"@id":"https:\/\/www.arbataxpark.com\/fr\/eco-resort\/nouveaux-projets\/#primaryimage"},"thumbnailUrl":"https:\/\/www.arbataxpark.com\/wp-content\/uploads\/sites\/17\/2019\/09\/slide_arbatax_park_ortaggi.jpg","datePublished":"2019-09-19T15:59:54+00:00","dateModified":"2023-12-06T11:05:34+00:00","breadcrumb":{"@id":"https:\/\/www.arbataxpark.com\/fr\/eco-resort\/nouveaux-projets\/#breadcrumb"},"inLanguage":"fr-FR","potentialAction":[{"@type":"ReadAction","target":["https:\/\/www.arbataxpark.com\/fr\/eco-resort\/nouveaux-projets\/"]}]},{"@type":"ImageObject","inLanguage":"fr-FR","@id":"https:\/\/www.arbataxpark.com\/fr\/eco-resort\/nouveaux-projets\/#primaryimage","url":"https:\/\/www.arbataxpark.com\/wp-content\/uploads\/sites\/17\/2019\/09\/slide_arbatax_park_ortaggi.jpg","contentUrl":"https:\/\/www.arbataxpark.com\/wp-content\/uploads\/sites\/17\/2019\/09\/slide_arbatax_park_ortaggi.jpg","width":2200,"height":1650},{"@type":"BreadcrumbList","@id":"https:\/\/www.arbataxpark.com\/fr\/eco-resort\/nouveaux-projets\/#breadcrumb","itemListElement":[{"@type":"ListItem","position":1,"name":"Home","item":"https:\/\/www.arbataxpark.com\/fr\/"},{"@type":"ListItem","position":2,"name":"Le Meilleur \u00c9co Resort du monde","item":"https:\/\/www.arbataxpark.com\/fr\/eco-resort\/"},{"@type":"ListItem","position":3,"name":"Nouveaux projets"}]},{"@type":"WebSite","@id":"https:\/\/www.arbataxpark.com\/fr\/#website","url":"https:\/\/www.arbataxpark.com\/fr\/","name":"Arbatax Park","description":"Just another ms.decms.eu site","potentialAction":[{"@type":"SearchAction","target":{"@type":"EntryPoint","urlTemplate":"https:\/\/www.arbataxpark.com\/fr\/?s={search_term_string}"},"query-input":{"@type":"PropertyValueSpecification","valueRequired":true,"valueName":"search_term_string"}}],"inLanguage":"fr-FR"}]}},"acf":[],"_links":{"self":[{"href":"https:\/\/www.arbataxpark.com\/fr\/wp-json\/wp\/v2\/pages\/10868","targetHints":{"allow":["GET"]}}],"collection":[{"href":"https:\/\/www.arbataxpark.com\/fr\/wp-json\/wp\/v2\/pages"}],"about":[{"href":"https:\/\/www.arbataxpark.com\/fr\/wp-json\/wp\/v2\/types\/page"}],"author":[{"embeddable":true,"href":"https:\/\/www.arbataxpark.com\/fr\/wp-json\/wp\/v2\/users\/7"}],"replies":[{"embeddable":true,"href":"https:\/\/www.arbataxpark.com\/fr\/wp-json\/wp\/v2\/comments?post=10868"}],"version-history":[{"count":0,"href":"https:\/\/www.arbataxpark.com\/fr\/wp-json\/wp\/v2\/pages\/10868\/revisions"}],"up":[{"embeddable":true,"href":"https:\/\/www.arbataxpark.com\/fr\/wp-json\/wp\/v2\/pages\/10860"}],"wp:featuredmedia":[{"embeddable":true,"href":"https:\/\/www.arbataxpark.com\/fr\/wp-json\/wp\/v2\/media\/10664"}],"wp:attachment":[{"href":"https:\/\/www.arbataxpark.com\/fr\/wp-json\/wp\/v2\/media?parent=10868"}],"curies":[{"name":"wp","href":"https:\/\/api.w.org\/{rel}","templated":true}]}}