{"id":10870,"date":"2019-09-20T14:21:40","date_gmt":"2019-09-20T14:21:40","guid":{"rendered":"https:\/\/www.arbataxpark.com\/eco-resort\/riconoscimenti-ottenuti\/"},"modified":"2026-03-09T14:41:57","modified_gmt":"2026-03-09T14:41:57","slug":"reconnaissances","status":"publish","type":"page","link":"https:\/\/www.arbataxpark.com\/fr\/eco-resort\/reconnaissances\/","title":{"rendered":"Reconnaissances"},"content":{"rendered":"<h5><strong>World\u2019s Leading Eco Resort 2025<\/strong><\/h5>\n<p>C\u2019est pour la cinqui\u00e8me ann\u00e9e cons\u00e9cutive que l&rsquo;Arbatax Park Resort a \u00e9t\u00e9 confirm\u00e9 \u00e0 la premi\u00e8re place dans la cat\u00e9gorie <strong>\u00ab<\/strong> <strong>World&rsquo;s Leading Eco Resort \u00bb<\/strong> des tr\u00e8s prestigieux World Travel Awards.<\/p>\n<p>Meilleur Resort \u00e9cologique depuis 2019, la proclamation d&rsquo;Arbatax Park comme <strong>\u00ab\u00a0Best Eco Resort in the World\u00a0\u00bb<\/strong> confirme la structure comme le v\u00e9ritable point de r\u00e9f\u00e9rence mondial pour le tourisme \u00e9co-durable.<\/p>\n<h5><strong>Europe Leading Eco Resort &#8211; Italy\u2019s Leading Eco Resort 2025<\/strong><\/h5>\n<p>L&rsquo;Arbatax Park Resort se reconfirme comme le premier class\u00e9 dans les cat\u00e9gories <strong>\u00ab\u00a0Europe&rsquo;s Leading Eco Resort\u00a0\u00bb<\/strong> et <strong>\u00ab\u00a0Italy&rsquo;s Leading Eco Resort\u00a0\u00bb.<\/strong> Depuis 2019, l&rsquo;Arbatax Park a toujours remport\u00e9 ces prix prestigieux au niveau national et europ\u00e9en.<\/p>\n<h5><strong>World&rsquo;s Leading Resort Sensory Gardens 2025<\/strong><\/h5>\n<p>A partir de 2021, un nouveau prix a \u00e9t\u00e9 ajout\u00e9 au tr\u00e9sor de l&rsquo;Arbatax Park Resort, dans la cat\u00e9gorie <strong>World&rsquo;s Leading Resort Sensory Gardens<\/strong>, qui r\u00e9compense notre <em>\u00abGiardino delle Meraviglie \/ Jardin des merveilles\u00bb<\/em> comme le meilleur jardin sensoriel au monde. Arbatax Park reconfirme sa victoire dans cette cat\u00e9gorie \u00e9galement en 2025.<\/p>\n<h5><strong>1st prize Hospitality Award 2010<\/strong><\/h5>\n<p>During the third edition of the <strong>Hospitality Awards taking place at EIRE <\/strong>(Expo Italia Real Estate), the go-to event for real estate professionals, <strong>R&amp;D Hospitality <\/strong>(a company that specialises in researching and developing investment opportunities and tourist industry services) awarded <strong>first prize for the best local tourism Investment and Development project to the Mazzella Group on 8<sup>th<\/sup> and 9<sup>th<\/sup> June 2010, for the integrated Tourism Project of the Arbatax Park Resort. <\/strong><\/p>\n","protected":false},"excerpt":{"rendered":"<p>World\u2019s Leading Eco Resort 2025 C\u2019est pour la cinqui\u00e8me ann\u00e9e cons\u00e9cutive que l&rsquo;Arbatax Park Resort a \u00e9t\u00e9 confirm\u00e9 \u00e0 la premi\u00e8re place dans la cat\u00e9gorie \u00ab World&rsquo;s Leading Eco Resort \u00bb des tr\u00e8s prestigieux World Travel Awards. Meilleur Resort \u00e9cologique depuis 2019, la proclamation d&rsquo;Arbatax Park comme \u00ab\u00a0Best Eco Resort in the World\u00a0\u00bb confirme la [&hellip;]<\/p>\n","protected":false},"author":7,"featured_media":0,"parent":10860,"menu_order":6,"comment_status":"closed","ping_status":"closed","template":"","meta":{"footnotes":""},"class_list":["post-10870","page","type-page","status-publish","hentry"],"yoast_head":"<!-- This site is optimized with the Yoast SEO plugin v26.9 - https:\/\/yoast.com\/product\/yoast-seo-wordpress\/ -->\n<title>Reconnaissances - Arbatax Park<\/title>\n<meta name=\"robots\" content=\"index, follow, max-snippet:-1, max-image-preview:large, max-video-preview:-1\" \/>\n<link rel=\"canonical\" href=\"https:\/\/www.arbataxpark.com\/fr\/eco-resort\/reconnaissances\/\" \/>\n<meta property=\"og:locale\" content=\"fr_FR\" \/>\n<meta property=\"og:type\" content=\"article\" \/>\n<meta property=\"og:title\" content=\"Reconnaissances - Arbatax Park\" \/>\n<meta property=\"og:description\" content=\"World\u2019s Leading Eco Resort 2025 C\u2019est pour la cinqui\u00e8me ann\u00e9e cons\u00e9cutive que l&rsquo;Arbatax Park Resort a \u00e9t\u00e9 confirm\u00e9 \u00e0 la premi\u00e8re place dans la cat\u00e9gorie \u00ab World&rsquo;s Leading Eco Resort \u00bb des tr\u00e8s prestigieux World Travel Awards. Meilleur Resort \u00e9cologique depuis 2019, la proclamation d&rsquo;Arbatax Park comme \u00ab\u00a0Best Eco Resort in the World\u00a0\u00bb confirme la [&hellip;]\" \/>\n<meta property=\"og:url\" content=\"https:\/\/www.arbataxpark.com\/fr\/eco-resort\/reconnaissances\/\" \/>\n<meta property=\"og:site_name\" content=\"Arbatax Park\" \/>\n<meta property=\"article:modified_time\" content=\"2026-03-09T14:41:57+00:00\" \/>\n<meta name=\"twitter:card\" content=\"summary_large_image\" \/>\n<meta name=\"twitter:label1\" content=\"Dur\u00e9e de lecture estim\u00e9e\" \/>\n\t<meta name=\"twitter:data1\" content=\"2 minutes\" \/>\n<script type=\"application\/ld+json\" class=\"yoast-schema-graph\">{\"@context\":\"https:\/\/schema.org\",\"@graph\":[{\"@type\":\"WebPage\",\"@id\":\"https:\/\/www.arbataxpark.com\/fr\/eco-resort\/reconnaissances\/\",\"url\":\"https:\/\/www.arbataxpark.com\/fr\/eco-resort\/reconnaissances\/\",\"name\":\"Reconnaissances - Arbatax Park\",\"isPartOf\":{\"@id\":\"https:\/\/www.arbataxpark.com\/fr\/#website\"},\"datePublished\":\"2019-09-20T14:21:40+00:00\",\"dateModified\":\"2026-03-09T14:41:57+00:00\",\"breadcrumb\":{\"@id\":\"https:\/\/www.arbataxpark.com\/fr\/eco-resort\/reconnaissances\/#breadcrumb\"},\"inLanguage\":\"fr-FR\",\"potentialAction\":[{\"@type\":\"ReadAction\",\"target\":[\"https:\/\/www.arbataxpark.com\/fr\/eco-resort\/reconnaissances\/\"]}]},{\"@type\":\"BreadcrumbList\",\"@id\":\"https:\/\/www.arbataxpark.com\/fr\/eco-resort\/reconnaissances\/#breadcrumb\",\"itemListElement\":[{\"@type\":\"ListItem\",\"position\":1,\"name\":\"Home\",\"item\":\"https:\/\/www.arbataxpark.com\/fr\/\"},{\"@type\":\"ListItem\",\"position\":2,\"name\":\"Le Meilleur \u00c9co Resort du monde\",\"item\":\"https:\/\/www.arbataxpark.com\/fr\/eco-resort\/\"},{\"@type\":\"ListItem\",\"position\":3,\"name\":\"Reconnaissances\"}]},{\"@type\":\"WebSite\",\"@id\":\"https:\/\/www.arbataxpark.com\/fr\/#website\",\"url\":\"https:\/\/www.arbataxpark.com\/fr\/\",\"name\":\"Arbatax Park\",\"description\":\"Just another ms.decms.eu site\",\"potentialAction\":[{\"@type\":\"SearchAction\",\"target\":{\"@type\":\"EntryPoint\",\"urlTemplate\":\"https:\/\/www.arbataxpark.com\/fr\/?s={search_term_string}\"},\"query-input\":{\"@type\":\"PropertyValueSpecification\",\"valueRequired\":true,\"valueName\":\"search_term_string\"}}],\"inLanguage\":\"fr-FR\"}]}<\/script>\n<!-- \/ Yoast SEO plugin. -->","yoast_head_json":{"title":"Reconnaissances - Arbatax Park","robots":{"index":"index","follow":"follow","max-snippet":"max-snippet:-1","max-image-preview":"max-image-preview:large","max-video-preview":"max-video-preview:-1"},"canonical":"https:\/\/www.arbataxpark.com\/fr\/eco-resort\/reconnaissances\/","og_locale":"fr_FR","og_type":"article","og_title":"Reconnaissances - Arbatax Park","og_description":"World\u2019s Leading Eco Resort 2025 C\u2019est pour la cinqui\u00e8me ann\u00e9e cons\u00e9cutive que l&rsquo;Arbatax Park Resort a \u00e9t\u00e9 confirm\u00e9 \u00e0 la premi\u00e8re place dans la cat\u00e9gorie \u00ab World&rsquo;s Leading Eco Resort \u00bb des tr\u00e8s prestigieux World Travel Awards. Meilleur Resort \u00e9cologique depuis 2019, la proclamation d&rsquo;Arbatax Park comme \u00ab\u00a0Best Eco Resort in the World\u00a0\u00bb confirme la [&hellip;]","og_url":"https:\/\/www.arbataxpark.com\/fr\/eco-resort\/reconnaissances\/","og_site_name":"Arbatax Park","article_modified_time":"2026-03-09T14:41:57+00:00","twitter_card":"summary_large_image","twitter_misc":{"Dur\u00e9e de lecture estim\u00e9e":"2 minutes"},"schema":{"@context":"https:\/\/schema.org","@graph":[{"@type":"WebPage","@id":"https:\/\/www.arbataxpark.com\/fr\/eco-resort\/reconnaissances\/","url":"https:\/\/www.arbataxpark.com\/fr\/eco-resort\/reconnaissances\/","name":"Reconnaissances - Arbatax Park","isPartOf":{"@id":"https:\/\/www.arbataxpark.com\/fr\/#website"},"datePublished":"2019-09-20T14:21:40+00:00","dateModified":"2026-03-09T14:41:57+00:00","breadcrumb":{"@id":"https:\/\/www.arbataxpark.com\/fr\/eco-resort\/reconnaissances\/#breadcrumb"},"inLanguage":"fr-FR","potentialAction":[{"@type":"ReadAction","target":["https:\/\/www.arbataxpark.com\/fr\/eco-resort\/reconnaissances\/"]}]},{"@type":"BreadcrumbList","@id":"https:\/\/www.arbataxpark.com\/fr\/eco-resort\/reconnaissances\/#breadcrumb","itemListElement":[{"@type":"ListItem","position":1,"name":"Home","item":"https:\/\/www.arbataxpark.com\/fr\/"},{"@type":"ListItem","position":2,"name":"Le Meilleur \u00c9co Resort du monde","item":"https:\/\/www.arbataxpark.com\/fr\/eco-resort\/"},{"@type":"ListItem","position":3,"name":"Reconnaissances"}]},{"@type":"WebSite","@id":"https:\/\/www.arbataxpark.com\/fr\/#website","url":"https:\/\/www.arbataxpark.com\/fr\/","name":"Arbatax Park","description":"Just another ms.decms.eu site","potentialAction":[{"@type":"SearchAction","target":{"@type":"EntryPoint","urlTemplate":"https:\/\/www.arbataxpark.com\/fr\/?s={search_term_string}"},"query-input":{"@type":"PropertyValueSpecification","valueRequired":true,"valueName":"search_term_string"}}],"inLanguage":"fr-FR"}]}},"acf":[],"_links":{"self":[{"href":"https:\/\/www.arbataxpark.com\/fr\/wp-json\/wp\/v2\/pages\/10870","targetHints":{"allow":["GET"]}}],"collection":[{"href":"https:\/\/www.arbataxpark.com\/fr\/wp-json\/wp\/v2\/pages"}],"about":[{"href":"https:\/\/www.arbataxpark.com\/fr\/wp-json\/wp\/v2\/types\/page"}],"author":[{"embeddable":true,"href":"https:\/\/www.arbataxpark.com\/fr\/wp-json\/wp\/v2\/users\/7"}],"replies":[{"embeddable":true,"href":"https:\/\/www.arbataxpark.com\/fr\/wp-json\/wp\/v2\/comments?post=10870"}],"version-history":[{"count":0,"href":"https:\/\/www.arbataxpark.com\/fr\/wp-json\/wp\/v2\/pages\/10870\/revisions"}],"up":[{"embeddable":true,"href":"https:\/\/www.arbataxpark.com\/fr\/wp-json\/wp\/v2\/pages\/10860"}],"wp:attachment":[{"href":"https:\/\/www.arbataxpark.com\/fr\/wp-json\/wp\/v2\/media?parent=10870"}],"curies":[{"name":"wp","href":"https:\/\/api.w.org\/{rel}","templated":true}]}}