{"id":20879,"date":"2026-03-09T09:08:34","date_gmt":"2026-03-09T09:08:34","guid":{"rendered":"https:\/\/www.arbataxpark.com\/?page_id=20879"},"modified":"2026-03-09T10:05:48","modified_gmt":"2026-03-09T10:05:48","slug":"20879-2","status":"publish","type":"page","link":"https:\/\/www.arbataxpark.com\/fr\/sports-loisirs\/20879-2\/","title":{"rendered":"Exp\u00e9rience de Running \u00e0 Arbatax"},"content":{"rendered":"<p data-start=\"19\" data-end=\"712\">Aimez-vous la course \u00e0 pied ? \u00c0 l\u2019int\u00e9rieur de l\u2019Arbatax Park Resort, vous pourrez vous consacrer \u00e0 votre passion pr\u00e9f\u00e9r\u00e9e m\u00eame pendant vos vacances ! Pour tous ceux qui aiment courir, des athl\u00e8tes les plus exp\u00e9riment\u00e9s aux d\u00e9butants, de nombreuses mont\u00e9es et descentes composent un parcours exigeant dans un cadre \u00e0 couper le souffle, en passant par le Parc Naturaliste Bellavista qui abrite de nombreux animaux et se caract\u00e9rise par de magnifiques falaises \u00e0 pic sur la mer.<br data-start=\"495\" data-end=\"498\" \/>Le parcours suggestif de 10 km suivra pendant de longs tron\u00e7ons l\u2019ancien trac\u00e9 de la c\u00e9l\u00e8bre \u00ab Marcialonga dei Tre Mari \u00bb qui, autour des ann\u00e9es 1980, s\u2019est tenue pendant de nombreuses \u00e9ditions justement \u00e0 Arbatax.<\/p>\n<p data-start=\"714\" data-end=\"948\">Vivez l\u2019\u00e9motion de vous entra\u00eener entre la mer et les montagnes de l\u2019Ogliastra et profitez de vacances plac\u00e9es sous le signe du sport, de la d\u00e9tente et de la nature dans l\u2019incroyable cadre de l\u2019Arbatax Park Resort.<br data-start=\"928\" data-end=\"931\" \/><strong data-start=\"931\" data-end=\"948\">Run For Fun !<\/strong><\/p>\n","protected":false},"excerpt":{"rendered":"<p>Aimez-vous la course \u00e0 pied ? \u00c0 l\u2019int\u00e9rieur de l\u2019Arbatax Park Resort, vous pourrez vous consacrer \u00e0 votre passion pr\u00e9f\u00e9r\u00e9e m\u00eame pendant vos vacances ! Pour tous ceux qui aiment courir, des athl\u00e8tes les plus exp\u00e9riment\u00e9s aux d\u00e9butants, de nombreuses mont\u00e9es et descentes composent un parcours exigeant dans un cadre \u00e0 couper le souffle, en [&hellip;]<\/p>\n","protected":false},"author":50,"featured_media":0,"parent":2266,"menu_order":0,"comment_status":"closed","ping_status":"closed","template":"","meta":{"footnotes":""},"class_list":["post-20879","page","type-page","status-publish","hentry"],"yoast_head":"<!-- This site is optimized with the Yoast SEO plugin v26.9 - https:\/\/yoast.com\/product\/yoast-seo-wordpress\/ -->\n<title>Exp\u00e9rience de Running \u00e0 Arbatax - Arbatax Park<\/title>\n<meta name=\"robots\" content=\"index, follow, max-snippet:-1, max-image-preview:large, max-video-preview:-1\" \/>\n<link rel=\"canonical\" href=\"https:\/\/www.arbataxpark.com\/fr\/sports-loisirs\/20879-2\/\" \/>\n<meta property=\"og:locale\" content=\"fr_FR\" \/>\n<meta property=\"og:type\" content=\"article\" \/>\n<meta property=\"og:title\" content=\"Exp\u00e9rience de Running \u00e0 Arbatax - Arbatax Park\" \/>\n<meta property=\"og:description\" content=\"Aimez-vous la course \u00e0 pied ? \u00c0 l\u2019int\u00e9rieur de l\u2019Arbatax Park Resort, vous pourrez vous consacrer \u00e0 votre passion pr\u00e9f\u00e9r\u00e9e m\u00eame pendant vos vacances ! Pour tous ceux qui aiment courir, des athl\u00e8tes les plus exp\u00e9riment\u00e9s aux d\u00e9butants, de nombreuses mont\u00e9es et descentes composent un parcours exigeant dans un cadre \u00e0 couper le souffle, en [&hellip;]\" \/>\n<meta property=\"og:url\" content=\"https:\/\/www.arbataxpark.com\/fr\/sports-loisirs\/20879-2\/\" \/>\n<meta property=\"og:site_name\" content=\"Arbatax Park\" \/>\n<meta property=\"article:modified_time\" content=\"2026-03-09T10:05:48+00:00\" \/>\n<meta name=\"twitter:card\" content=\"summary_large_image\" \/>\n<meta name=\"twitter:label1\" content=\"Dur\u00e9e de lecture estim\u00e9e\" \/>\n\t<meta name=\"twitter:data1\" content=\"1 minute\" \/>\n<script type=\"application\/ld+json\" class=\"yoast-schema-graph\">{\"@context\":\"https:\/\/schema.org\",\"@graph\":[{\"@type\":\"WebPage\",\"@id\":\"https:\/\/www.arbataxpark.com\/fr\/sports-loisirs\/20879-2\/\",\"url\":\"https:\/\/www.arbataxpark.com\/fr\/sports-loisirs\/20879-2\/\",\"name\":\"Exp\u00e9rience de Running \u00e0 Arbatax - Arbatax Park\",\"isPartOf\":{\"@id\":\"https:\/\/www.arbataxpark.com\/fr\/#website\"},\"datePublished\":\"2026-03-09T09:08:34+00:00\",\"dateModified\":\"2026-03-09T10:05:48+00:00\",\"breadcrumb\":{\"@id\":\"https:\/\/www.arbataxpark.com\/fr\/sports-loisirs\/20879-2\/#breadcrumb\"},\"inLanguage\":\"fr-FR\",\"potentialAction\":[{\"@type\":\"ReadAction\",\"target\":[\"https:\/\/www.arbataxpark.com\/fr\/sports-loisirs\/20879-2\/\"]}]},{\"@type\":\"BreadcrumbList\",\"@id\":\"https:\/\/www.arbataxpark.com\/fr\/sports-loisirs\/20879-2\/#breadcrumb\",\"itemListElement\":[{\"@type\":\"ListItem\",\"position\":1,\"name\":\"Home\",\"item\":\"https:\/\/www.arbataxpark.com\/fr\/\"},{\"@type\":\"ListItem\",\"position\":2,\"name\":\"Sport &#038; Academy\",\"item\":\"https:\/\/www.arbataxpark.com\/fr\/sports-loisirs\/\"},{\"@type\":\"ListItem\",\"position\":3,\"name\":\"Exp\u00e9rience de Running \u00e0 Arbatax\"}]},{\"@type\":\"WebSite\",\"@id\":\"https:\/\/www.arbataxpark.com\/fr\/#website\",\"url\":\"https:\/\/www.arbataxpark.com\/fr\/\",\"name\":\"Arbatax Park\",\"description\":\"Just another ms.decms.eu site\",\"potentialAction\":[{\"@type\":\"SearchAction\",\"target\":{\"@type\":\"EntryPoint\",\"urlTemplate\":\"https:\/\/www.arbataxpark.com\/fr\/?s={search_term_string}\"},\"query-input\":{\"@type\":\"PropertyValueSpecification\",\"valueRequired\":true,\"valueName\":\"search_term_string\"}}],\"inLanguage\":\"fr-FR\"}]}<\/script>\n<!-- \/ Yoast SEO plugin. -->","yoast_head_json":{"title":"Exp\u00e9rience de Running \u00e0 Arbatax - Arbatax Park","robots":{"index":"index","follow":"follow","max-snippet":"max-snippet:-1","max-image-preview":"max-image-preview:large","max-video-preview":"max-video-preview:-1"},"canonical":"https:\/\/www.arbataxpark.com\/fr\/sports-loisirs\/20879-2\/","og_locale":"fr_FR","og_type":"article","og_title":"Exp\u00e9rience de Running \u00e0 Arbatax - Arbatax Park","og_description":"Aimez-vous la course \u00e0 pied ? \u00c0 l\u2019int\u00e9rieur de l\u2019Arbatax Park Resort, vous pourrez vous consacrer \u00e0 votre passion pr\u00e9f\u00e9r\u00e9e m\u00eame pendant vos vacances ! Pour tous ceux qui aiment courir, des athl\u00e8tes les plus exp\u00e9riment\u00e9s aux d\u00e9butants, de nombreuses mont\u00e9es et descentes composent un parcours exigeant dans un cadre \u00e0 couper le souffle, en [&hellip;]","og_url":"https:\/\/www.arbataxpark.com\/fr\/sports-loisirs\/20879-2\/","og_site_name":"Arbatax Park","article_modified_time":"2026-03-09T10:05:48+00:00","twitter_card":"summary_large_image","twitter_misc":{"Dur\u00e9e de lecture estim\u00e9e":"1 minute"},"schema":{"@context":"https:\/\/schema.org","@graph":[{"@type":"WebPage","@id":"https:\/\/www.arbataxpark.com\/fr\/sports-loisirs\/20879-2\/","url":"https:\/\/www.arbataxpark.com\/fr\/sports-loisirs\/20879-2\/","name":"Exp\u00e9rience de Running \u00e0 Arbatax - Arbatax Park","isPartOf":{"@id":"https:\/\/www.arbataxpark.com\/fr\/#website"},"datePublished":"2026-03-09T09:08:34+00:00","dateModified":"2026-03-09T10:05:48+00:00","breadcrumb":{"@id":"https:\/\/www.arbataxpark.com\/fr\/sports-loisirs\/20879-2\/#breadcrumb"},"inLanguage":"fr-FR","potentialAction":[{"@type":"ReadAction","target":["https:\/\/www.arbataxpark.com\/fr\/sports-loisirs\/20879-2\/"]}]},{"@type":"BreadcrumbList","@id":"https:\/\/www.arbataxpark.com\/fr\/sports-loisirs\/20879-2\/#breadcrumb","itemListElement":[{"@type":"ListItem","position":1,"name":"Home","item":"https:\/\/www.arbataxpark.com\/fr\/"},{"@type":"ListItem","position":2,"name":"Sport &#038; Academy","item":"https:\/\/www.arbataxpark.com\/fr\/sports-loisirs\/"},{"@type":"ListItem","position":3,"name":"Exp\u00e9rience de Running \u00e0 Arbatax"}]},{"@type":"WebSite","@id":"https:\/\/www.arbataxpark.com\/fr\/#website","url":"https:\/\/www.arbataxpark.com\/fr\/","name":"Arbatax Park","description":"Just another ms.decms.eu site","potentialAction":[{"@type":"SearchAction","target":{"@type":"EntryPoint","urlTemplate":"https:\/\/www.arbataxpark.com\/fr\/?s={search_term_string}"},"query-input":{"@type":"PropertyValueSpecification","valueRequired":true,"valueName":"search_term_string"}}],"inLanguage":"fr-FR"}]}},"acf":[],"_links":{"self":[{"href":"https:\/\/www.arbataxpark.com\/fr\/wp-json\/wp\/v2\/pages\/20879","targetHints":{"allow":["GET"]}}],"collection":[{"href":"https:\/\/www.arbataxpark.com\/fr\/wp-json\/wp\/v2\/pages"}],"about":[{"href":"https:\/\/www.arbataxpark.com\/fr\/wp-json\/wp\/v2\/types\/page"}],"author":[{"embeddable":true,"href":"https:\/\/www.arbataxpark.com\/fr\/wp-json\/wp\/v2\/users\/50"}],"replies":[{"embeddable":true,"href":"https:\/\/www.arbataxpark.com\/fr\/wp-json\/wp\/v2\/comments?post=20879"}],"version-history":[{"count":0,"href":"https:\/\/www.arbataxpark.com\/fr\/wp-json\/wp\/v2\/pages\/20879\/revisions"}],"up":[{"embeddable":true,"href":"https:\/\/www.arbataxpark.com\/fr\/wp-json\/wp\/v2\/pages\/2266"}],"wp:attachment":[{"href":"https:\/\/www.arbataxpark.com\/fr\/wp-json\/wp\/v2\/media?parent=20879"}],"curies":[{"name":"wp","href":"https:\/\/api.w.org\/{rel}","templated":true}]}}