{"id":2335,"date":"2019-03-28T09:53:39","date_gmt":"2019-03-28T09:53:39","guid":{"rendered":"http:\/\/arbatax-park-group.ms.decms.eu\/?page_id=2335"},"modified":"2019-06-24T13:19:36","modified_gmt":"2019-06-24T13:19:36","slug":"vik-club","status":"publish","type":"page","link":"https:\/\/www.arbataxpark.com\/fr\/evenements-et-temps-libre\/vik-club\/","title":{"rendered":"VIK Very Important Kids"},"content":{"rendered":"<p>Petites filles et petits gar\u00e7ons, jeunes filles et jeunes gar\u00e7ons, mamans et papas, bienvenus en\u00a0<strong>R\u00e9publique du bonheur<\/strong>. La\u00a0<strong>Sardaigne<\/strong>\u00a0se r\u00e9v\u00e8le \u00e0 vous \u00e0 travers sa nature, ses paysages, la mer et les traditions de l\u2019\u00a0<strong>Ogliastra<\/strong>. Vous avez d\u00e9barqu\u00e9s sur une ile dans l\u2019ile au milieu d\u2019endroits surprenants, uniques et inattendus.<\/p>\n<p>Il y a pr\u00e8s de 60 hectares \u00e0 explorer pour profiter de la beaut\u00e9 de ce coin de la\u00a0<strong>Sardaigne<\/strong>. Comment? C\u2019est simple, il suffit de s\u2019inscrire au tr\u00e8s exclusif\u00a0<strong>VIK Club (VERY IMPORTANT KIDS)<\/strong>\u00a0au sein duquel tous les enfants qui arrivent en\u00a0<strong>Ogliastra<\/strong>\u00a0sont invit\u00e9s \u00e0 d\u00e9couvrir, vivre et raconter la\u00a0<strong>R\u00e9publique du Bonheur<\/strong>\u00a0\u00e0 travers des aventures, des activit\u00e9s culturelles et de nombreuses surprises.<\/p>\n<p>Un club dont la participation est gratuite, r\u00e9serv\u00e9e aux clients les plus petits, avec remise d\u2019un passeport personnalis\u00e9 gr\u00e2ce auquel vous pourrez vous inscrire au\u00a0<strong>syst\u00e8me VIK<\/strong>, en participant tout simplement aux activit\u00e9s organis\u00e9es et en gagnant les points mis en jeu.<\/p>\n<p>Quiconque participera, pourra acqu\u00e9rir un grade de Corps des\u00a0<strong>Rangers<\/strong>\u00a0du\u00a0<a href=\"https:\/\/www.arbataxpark.com\/fr\/parc-naturel-bellavista\/\">Parc Naturel Bellavista<\/a>, \u00e0 travers un parcours \u00e9volutif \u00e0 cinq \u00e9tapes qui va du statut de\u00a0<strong>Recrue<\/strong>\u00a0\u00e0 celui de\u00a0<strong>Capitaine<\/strong>. Ce dernier permettra de participer \u00e0 l\u2019atelier des Fables \u2013 la semaine d\u00e9di\u00e9e aux Rangers du Parc \u2013 qui se tiendra en septembre, et durant laquelle les aventuriers pourront jouer et s\u2019amuser \u00e0 inventer tous ensemble un conte de f\u00e9e qui se d\u00e9roule dans le Parc.<\/p>\n<p>Alors? Qu\u2019est-ce que vous attendez pour vous inscrire? Nous avons besoin de votre aide pour prot\u00e9ger notre nature!<\/p>\n<p>De nombreuses activit\u00e9s vous attendent pour vivre des vacances dans le vrai style \u201ckids\u201d avec des explorations, des d\u00e9couvertes, des visites naturelles, des exp\u00e9riences gastronomiques et des parcours d\u2019art.<\/p>\n","protected":false},"excerpt":{"rendered":"<p>Petites filles et petits gar\u00e7ons, jeunes filles et jeunes gar\u00e7ons, mamans et papas, bienvenus en\u00a0R\u00e9publique du bonheur. La\u00a0Sardaigne\u00a0se r\u00e9v\u00e8le \u00e0 vous \u00e0 travers sa nature, ses paysages, la mer et les traditions de l\u2019\u00a0Ogliastra. Vous avez d\u00e9barqu\u00e9s sur une ile dans l\u2019ile au milieu d\u2019endroits surprenants, uniques et inattendus. Il y a pr\u00e8s de 60 [&hellip;]<\/p>\n","protected":false},"author":7,"featured_media":0,"parent":9773,"menu_order":6,"comment_status":"closed","ping_status":"closed","template":"","meta":{"footnotes":""},"class_list":["post-2335","page","type-page","status-publish","hentry"],"yoast_head":"<!-- This site is optimized with the Yoast SEO plugin v26.9 - https:\/\/yoast.com\/product\/yoast-seo-wordpress\/ -->\n<title>VIK Very Important Kids - Arbatax Park<\/title>\n<meta name=\"robots\" content=\"index, follow, max-snippet:-1, max-image-preview:large, max-video-preview:-1\" \/>\n<link rel=\"canonical\" href=\"https:\/\/www.arbataxpark.com\/fr\/evenements-et-temps-libre\/vik-club\/\" \/>\n<meta property=\"og:locale\" content=\"fr_FR\" \/>\n<meta property=\"og:type\" content=\"article\" \/>\n<meta property=\"og:title\" content=\"VIK Very Important Kids - Arbatax Park\" \/>\n<meta property=\"og:description\" content=\"Petites filles et petits gar\u00e7ons, jeunes filles et jeunes gar\u00e7ons, mamans et papas, bienvenus en\u00a0R\u00e9publique du bonheur. La\u00a0Sardaigne\u00a0se r\u00e9v\u00e8le \u00e0 vous \u00e0 travers sa nature, ses paysages, la mer et les traditions de l\u2019\u00a0Ogliastra. Vous avez d\u00e9barqu\u00e9s sur une ile dans l\u2019ile au milieu d\u2019endroits surprenants, uniques et inattendus. Il y a pr\u00e8s de 60 [&hellip;]\" \/>\n<meta property=\"og:url\" content=\"https:\/\/www.arbataxpark.com\/fr\/evenements-et-temps-libre\/vik-club\/\" \/>\n<meta property=\"og:site_name\" content=\"Arbatax Park\" \/>\n<meta property=\"article:modified_time\" content=\"2019-06-24T13:19:36+00:00\" \/>\n<meta name=\"twitter:card\" content=\"summary_large_image\" \/>\n<meta name=\"twitter:label1\" content=\"Dur\u00e9e de lecture estim\u00e9e\" \/>\n\t<meta name=\"twitter:data1\" content=\"2 minutes\" \/>\n<script type=\"application\/ld+json\" class=\"yoast-schema-graph\">{\"@context\":\"https:\/\/schema.org\",\"@graph\":[{\"@type\":\"WebPage\",\"@id\":\"https:\/\/www.arbataxpark.com\/fr\/evenements-et-temps-libre\/vik-club\/\",\"url\":\"https:\/\/www.arbataxpark.com\/fr\/evenements-et-temps-libre\/vik-club\/\",\"name\":\"VIK Very Important Kids - Arbatax Park\",\"isPartOf\":{\"@id\":\"https:\/\/www.arbataxpark.com\/fr\/#website\"},\"datePublished\":\"2019-03-28T09:53:39+00:00\",\"dateModified\":\"2019-06-24T13:19:36+00:00\",\"breadcrumb\":{\"@id\":\"https:\/\/www.arbataxpark.com\/fr\/evenements-et-temps-libre\/vik-club\/#breadcrumb\"},\"inLanguage\":\"fr-FR\",\"potentialAction\":[{\"@type\":\"ReadAction\",\"target\":[\"https:\/\/www.arbataxpark.com\/fr\/evenements-et-temps-libre\/vik-club\/\"]}]},{\"@type\":\"BreadcrumbList\",\"@id\":\"https:\/\/www.arbataxpark.com\/fr\/evenements-et-temps-libre\/vik-club\/#breadcrumb\",\"itemListElement\":[{\"@type\":\"ListItem\",\"position\":1,\"name\":\"Home\",\"item\":\"https:\/\/www.arbataxpark.com\/fr\/\"},{\"@type\":\"ListItem\",\"position\":2,\"name\":\"\u00c9v\u00e9nements et temps libre.\",\"item\":\"https:\/\/www.arbataxpark.com\/fr\/evenements-et-temps-libre\/\"},{\"@type\":\"ListItem\",\"position\":3,\"name\":\"VIK Very Important Kids\"}]},{\"@type\":\"WebSite\",\"@id\":\"https:\/\/www.arbataxpark.com\/fr\/#website\",\"url\":\"https:\/\/www.arbataxpark.com\/fr\/\",\"name\":\"Arbatax Park\",\"description\":\"Just another ms.decms.eu site\",\"potentialAction\":[{\"@type\":\"SearchAction\",\"target\":{\"@type\":\"EntryPoint\",\"urlTemplate\":\"https:\/\/www.arbataxpark.com\/fr\/?s={search_term_string}\"},\"query-input\":{\"@type\":\"PropertyValueSpecification\",\"valueRequired\":true,\"valueName\":\"search_term_string\"}}],\"inLanguage\":\"fr-FR\"}]}<\/script>\n<!-- \/ Yoast SEO plugin. -->","yoast_head_json":{"title":"VIK Very Important Kids - Arbatax Park","robots":{"index":"index","follow":"follow","max-snippet":"max-snippet:-1","max-image-preview":"max-image-preview:large","max-video-preview":"max-video-preview:-1"},"canonical":"https:\/\/www.arbataxpark.com\/fr\/evenements-et-temps-libre\/vik-club\/","og_locale":"fr_FR","og_type":"article","og_title":"VIK Very Important Kids - Arbatax Park","og_description":"Petites filles et petits gar\u00e7ons, jeunes filles et jeunes gar\u00e7ons, mamans et papas, bienvenus en\u00a0R\u00e9publique du bonheur. La\u00a0Sardaigne\u00a0se r\u00e9v\u00e8le \u00e0 vous \u00e0 travers sa nature, ses paysages, la mer et les traditions de l\u2019\u00a0Ogliastra. Vous avez d\u00e9barqu\u00e9s sur une ile dans l\u2019ile au milieu d\u2019endroits surprenants, uniques et inattendus. Il y a pr\u00e8s de 60 [&hellip;]","og_url":"https:\/\/www.arbataxpark.com\/fr\/evenements-et-temps-libre\/vik-club\/","og_site_name":"Arbatax Park","article_modified_time":"2019-06-24T13:19:36+00:00","twitter_card":"summary_large_image","twitter_misc":{"Dur\u00e9e de lecture estim\u00e9e":"2 minutes"},"schema":{"@context":"https:\/\/schema.org","@graph":[{"@type":"WebPage","@id":"https:\/\/www.arbataxpark.com\/fr\/evenements-et-temps-libre\/vik-club\/","url":"https:\/\/www.arbataxpark.com\/fr\/evenements-et-temps-libre\/vik-club\/","name":"VIK Very Important Kids - Arbatax Park","isPartOf":{"@id":"https:\/\/www.arbataxpark.com\/fr\/#website"},"datePublished":"2019-03-28T09:53:39+00:00","dateModified":"2019-06-24T13:19:36+00:00","breadcrumb":{"@id":"https:\/\/www.arbataxpark.com\/fr\/evenements-et-temps-libre\/vik-club\/#breadcrumb"},"inLanguage":"fr-FR","potentialAction":[{"@type":"ReadAction","target":["https:\/\/www.arbataxpark.com\/fr\/evenements-et-temps-libre\/vik-club\/"]}]},{"@type":"BreadcrumbList","@id":"https:\/\/www.arbataxpark.com\/fr\/evenements-et-temps-libre\/vik-club\/#breadcrumb","itemListElement":[{"@type":"ListItem","position":1,"name":"Home","item":"https:\/\/www.arbataxpark.com\/fr\/"},{"@type":"ListItem","position":2,"name":"\u00c9v\u00e9nements et temps libre.","item":"https:\/\/www.arbataxpark.com\/fr\/evenements-et-temps-libre\/"},{"@type":"ListItem","position":3,"name":"VIK Very Important Kids"}]},{"@type":"WebSite","@id":"https:\/\/www.arbataxpark.com\/fr\/#website","url":"https:\/\/www.arbataxpark.com\/fr\/","name":"Arbatax Park","description":"Just another ms.decms.eu site","potentialAction":[{"@type":"SearchAction","target":{"@type":"EntryPoint","urlTemplate":"https:\/\/www.arbataxpark.com\/fr\/?s={search_term_string}"},"query-input":{"@type":"PropertyValueSpecification","valueRequired":true,"valueName":"search_term_string"}}],"inLanguage":"fr-FR"}]}},"acf":[],"_links":{"self":[{"href":"https:\/\/www.arbataxpark.com\/fr\/wp-json\/wp\/v2\/pages\/2335","targetHints":{"allow":["GET"]}}],"collection":[{"href":"https:\/\/www.arbataxpark.com\/fr\/wp-json\/wp\/v2\/pages"}],"about":[{"href":"https:\/\/www.arbataxpark.com\/fr\/wp-json\/wp\/v2\/types\/page"}],"author":[{"embeddable":true,"href":"https:\/\/www.arbataxpark.com\/fr\/wp-json\/wp\/v2\/users\/7"}],"replies":[{"embeddable":true,"href":"https:\/\/www.arbataxpark.com\/fr\/wp-json\/wp\/v2\/comments?post=2335"}],"version-history":[{"count":0,"href":"https:\/\/www.arbataxpark.com\/fr\/wp-json\/wp\/v2\/pages\/2335\/revisions"}],"up":[{"embeddable":true,"href":"https:\/\/www.arbataxpark.com\/fr\/wp-json\/wp\/v2\/pages\/9773"}],"wp:attachment":[{"href":"https:\/\/www.arbataxpark.com\/fr\/wp-json\/wp\/v2\/media?parent=2335"}],"curies":[{"name":"wp","href":"https:\/\/api.w.org\/{rel}","templated":true}]}}