{"id":2624,"date":"2019-03-29T13:20:43","date_gmt":"2019-03-29T13:20:43","guid":{"rendered":"http:\/\/arbatax-park-group.ms.decms.eu\/sports-loisirs\/tennis-diving\/"},"modified":"2026-03-09T11:51:31","modified_gmt":"2026-03-09T11:51:31","slug":"tennis-diving","status":"publish","type":"page","link":"https:\/\/www.arbataxpark.com\/fr\/sports-loisirs\/tennis-diving\/","title":{"rendered":"Tennis &amp; Padel"},"content":{"rendered":"<p data-start=\"1031\" data-end=\"1428\">Les cours de tennis et de padel sont dispens\u00e9s par les professionnels de <strong data-start=\"1124\" data-end=\"1151\">Sunball Tennis &amp; Travel<\/strong>, une \u00e9cole internationale qui allie exp\u00e9rience et m\u00e9thodes p\u00e9dagogiques innovantes. Les instructeurs accompagnent chaque joueur avec des programmes personnalis\u00e9s con\u00e7us pour am\u00e9liorer la technique, la tactique et la coordination, toujours de mani\u00e8re motivante et stimulante.<\/p>\n<p data-start=\"1430\" data-end=\"1858\">Le resort dispose de <strong data-start=\"1451\" data-end=\"1494\">4 courts de tennis en gazon synth\u00e9tique<\/strong> et de <strong data-start=\"1501\" data-end=\"1522\">3 courts de padel<\/strong>, con\u00e7us pour offrir des conditions optimales \u00e0 tout type d\u2019entra\u00eenement. Les installations conviennent aux cours individuels comme aux cours collectifs, accueillant aussi bien les d\u00e9butants qui d\u00e9couvrent le jeu que les joueurs souhaitant perfectionner leurs comp\u00e9tences techniques et tactiques, y compris les joueurs professionnels.<\/p>\n<p data-start=\"1860\" data-end=\"2100\">Chaque s\u00e9ance se d\u00e9roule dans un cadre unique, entre la mer et les montagnes de l\u2019Ogliastra, alliant entra\u00eenement, apprentissage et plaisir. Une exp\u00e9rience compl\u00e8te qui combine sport et nature dans un environnement exclusif et enchanteur.<\/p>\n","protected":false},"excerpt":{"rendered":"<p>Les cours de tennis et de padel sont dispens\u00e9s par les professionnels de Sunball Tennis &amp; Travel, une \u00e9cole internationale qui allie exp\u00e9rience et m\u00e9thodes p\u00e9dagogiques innovantes. Les instructeurs accompagnent chaque joueur avec des programmes personnalis\u00e9s con\u00e7us pour am\u00e9liorer la technique, la tactique et la coordination, toujours de mani\u00e8re motivante et stimulante. Le resort dispose [&hellip;]<\/p>\n","protected":false},"author":7,"featured_media":0,"parent":2266,"menu_order":108,"comment_status":"closed","ping_status":"closed","template":"","meta":{"footnotes":""},"class_list":["post-2624","page","type-page","status-publish","hentry"],"yoast_head":"<!-- This site is optimized with the Yoast SEO plugin v26.9 - https:\/\/yoast.com\/product\/yoast-seo-wordpress\/ -->\n<title>Tennis &amp; Padel - Arbatax Park<\/title>\n<meta name=\"robots\" content=\"index, follow, max-snippet:-1, max-image-preview:large, max-video-preview:-1\" \/>\n<link rel=\"canonical\" href=\"https:\/\/www.arbataxpark.com\/fr\/sports-loisirs\/tennis-diving\/\" \/>\n<meta property=\"og:locale\" content=\"fr_FR\" \/>\n<meta property=\"og:type\" content=\"article\" \/>\n<meta property=\"og:title\" content=\"Tennis &amp; Padel - Arbatax Park\" \/>\n<meta property=\"og:description\" content=\"Les cours de tennis et de padel sont dispens\u00e9s par les professionnels de Sunball Tennis &amp; Travel, une \u00e9cole internationale qui allie exp\u00e9rience et m\u00e9thodes p\u00e9dagogiques innovantes. Les instructeurs accompagnent chaque joueur avec des programmes personnalis\u00e9s con\u00e7us pour am\u00e9liorer la technique, la tactique et la coordination, toujours de mani\u00e8re motivante et stimulante. Le resort dispose [&hellip;]\" \/>\n<meta property=\"og:url\" content=\"https:\/\/www.arbataxpark.com\/fr\/sports-loisirs\/tennis-diving\/\" \/>\n<meta property=\"og:site_name\" content=\"Arbatax Park\" \/>\n<meta property=\"article:modified_time\" content=\"2026-03-09T11:51:31+00:00\" \/>\n<meta name=\"twitter:card\" content=\"summary_large_image\" \/>\n<meta name=\"twitter:label1\" content=\"Dur\u00e9e de lecture estim\u00e9e\" \/>\n\t<meta name=\"twitter:data1\" content=\"1 minute\" \/>\n<script type=\"application\/ld+json\" class=\"yoast-schema-graph\">{\"@context\":\"https:\/\/schema.org\",\"@graph\":[{\"@type\":\"WebPage\",\"@id\":\"https:\/\/www.arbataxpark.com\/fr\/sports-loisirs\/tennis-diving\/\",\"url\":\"https:\/\/www.arbataxpark.com\/fr\/sports-loisirs\/tennis-diving\/\",\"name\":\"Tennis &amp; Padel - Arbatax Park\",\"isPartOf\":{\"@id\":\"https:\/\/www.arbataxpark.com\/fr\/#website\"},\"datePublished\":\"2019-03-29T13:20:43+00:00\",\"dateModified\":\"2026-03-09T11:51:31+00:00\",\"breadcrumb\":{\"@id\":\"https:\/\/www.arbataxpark.com\/fr\/sports-loisirs\/tennis-diving\/#breadcrumb\"},\"inLanguage\":\"fr-FR\",\"potentialAction\":[{\"@type\":\"ReadAction\",\"target\":[\"https:\/\/www.arbataxpark.com\/fr\/sports-loisirs\/tennis-diving\/\"]}]},{\"@type\":\"BreadcrumbList\",\"@id\":\"https:\/\/www.arbataxpark.com\/fr\/sports-loisirs\/tennis-diving\/#breadcrumb\",\"itemListElement\":[{\"@type\":\"ListItem\",\"position\":1,\"name\":\"Home\",\"item\":\"https:\/\/www.arbataxpark.com\/fr\/\"},{\"@type\":\"ListItem\",\"position\":2,\"name\":\"Sport &#038; Academy\",\"item\":\"https:\/\/www.arbataxpark.com\/fr\/sports-loisirs\/\"},{\"@type\":\"ListItem\",\"position\":3,\"name\":\"Tennis &amp; Padel\"}]},{\"@type\":\"WebSite\",\"@id\":\"https:\/\/www.arbataxpark.com\/fr\/#website\",\"url\":\"https:\/\/www.arbataxpark.com\/fr\/\",\"name\":\"Arbatax Park\",\"description\":\"Just another ms.decms.eu site\",\"potentialAction\":[{\"@type\":\"SearchAction\",\"target\":{\"@type\":\"EntryPoint\",\"urlTemplate\":\"https:\/\/www.arbataxpark.com\/fr\/?s={search_term_string}\"},\"query-input\":{\"@type\":\"PropertyValueSpecification\",\"valueRequired\":true,\"valueName\":\"search_term_string\"}}],\"inLanguage\":\"fr-FR\"}]}<\/script>\n<!-- \/ Yoast SEO plugin. -->","yoast_head_json":{"title":"Tennis &amp; Padel - Arbatax Park","robots":{"index":"index","follow":"follow","max-snippet":"max-snippet:-1","max-image-preview":"max-image-preview:large","max-video-preview":"max-video-preview:-1"},"canonical":"https:\/\/www.arbataxpark.com\/fr\/sports-loisirs\/tennis-diving\/","og_locale":"fr_FR","og_type":"article","og_title":"Tennis &amp; Padel - Arbatax Park","og_description":"Les cours de tennis et de padel sont dispens\u00e9s par les professionnels de Sunball Tennis &amp; Travel, une \u00e9cole internationale qui allie exp\u00e9rience et m\u00e9thodes p\u00e9dagogiques innovantes. Les instructeurs accompagnent chaque joueur avec des programmes personnalis\u00e9s con\u00e7us pour am\u00e9liorer la technique, la tactique et la coordination, toujours de mani\u00e8re motivante et stimulante. Le resort dispose [&hellip;]","og_url":"https:\/\/www.arbataxpark.com\/fr\/sports-loisirs\/tennis-diving\/","og_site_name":"Arbatax Park","article_modified_time":"2026-03-09T11:51:31+00:00","twitter_card":"summary_large_image","twitter_misc":{"Dur\u00e9e de lecture estim\u00e9e":"1 minute"},"schema":{"@context":"https:\/\/schema.org","@graph":[{"@type":"WebPage","@id":"https:\/\/www.arbataxpark.com\/fr\/sports-loisirs\/tennis-diving\/","url":"https:\/\/www.arbataxpark.com\/fr\/sports-loisirs\/tennis-diving\/","name":"Tennis &amp; Padel - Arbatax Park","isPartOf":{"@id":"https:\/\/www.arbataxpark.com\/fr\/#website"},"datePublished":"2019-03-29T13:20:43+00:00","dateModified":"2026-03-09T11:51:31+00:00","breadcrumb":{"@id":"https:\/\/www.arbataxpark.com\/fr\/sports-loisirs\/tennis-diving\/#breadcrumb"},"inLanguage":"fr-FR","potentialAction":[{"@type":"ReadAction","target":["https:\/\/www.arbataxpark.com\/fr\/sports-loisirs\/tennis-diving\/"]}]},{"@type":"BreadcrumbList","@id":"https:\/\/www.arbataxpark.com\/fr\/sports-loisirs\/tennis-diving\/#breadcrumb","itemListElement":[{"@type":"ListItem","position":1,"name":"Home","item":"https:\/\/www.arbataxpark.com\/fr\/"},{"@type":"ListItem","position":2,"name":"Sport &#038; Academy","item":"https:\/\/www.arbataxpark.com\/fr\/sports-loisirs\/"},{"@type":"ListItem","position":3,"name":"Tennis &amp; Padel"}]},{"@type":"WebSite","@id":"https:\/\/www.arbataxpark.com\/fr\/#website","url":"https:\/\/www.arbataxpark.com\/fr\/","name":"Arbatax Park","description":"Just another ms.decms.eu site","potentialAction":[{"@type":"SearchAction","target":{"@type":"EntryPoint","urlTemplate":"https:\/\/www.arbataxpark.com\/fr\/?s={search_term_string}"},"query-input":{"@type":"PropertyValueSpecification","valueRequired":true,"valueName":"search_term_string"}}],"inLanguage":"fr-FR"}]}},"acf":[],"_links":{"self":[{"href":"https:\/\/www.arbataxpark.com\/fr\/wp-json\/wp\/v2\/pages\/2624","targetHints":{"allow":["GET"]}}],"collection":[{"href":"https:\/\/www.arbataxpark.com\/fr\/wp-json\/wp\/v2\/pages"}],"about":[{"href":"https:\/\/www.arbataxpark.com\/fr\/wp-json\/wp\/v2\/types\/page"}],"author":[{"embeddable":true,"href":"https:\/\/www.arbataxpark.com\/fr\/wp-json\/wp\/v2\/users\/7"}],"replies":[{"embeddable":true,"href":"https:\/\/www.arbataxpark.com\/fr\/wp-json\/wp\/v2\/comments?post=2624"}],"version-history":[{"count":0,"href":"https:\/\/www.arbataxpark.com\/fr\/wp-json\/wp\/v2\/pages\/2624\/revisions"}],"up":[{"embeddable":true,"href":"https:\/\/www.arbataxpark.com\/fr\/wp-json\/wp\/v2\/pages\/2266"}],"wp:attachment":[{"href":"https:\/\/www.arbataxpark.com\/fr\/wp-json\/wp\/v2\/media?parent=2624"}],"curies":[{"name":"wp","href":"https:\/\/api.w.org\/{rel}","templated":true}]}}