{"id":4,"date":"2019-03-15T09:58:28","date_gmt":"2019-03-15T09:58:28","guid":{"rendered":"http:\/\/arbatax-park-group.ms.decms.eu\/?page_id=4"},"modified":"2026-03-04T11:17:10","modified_gmt":"2026-03-04T11:17:10","slug":"homepage","status":"publish","type":"page","link":"https:\/\/www.arbataxpark.com\/fr\/","title":{"rendered":"Arbatax Park Resort &amp; SPA"},"content":{"rendered":"<p>En <strong>Sardaigne<\/strong>, une terre myst\u00e9rieuse, magique et riche en histoire, se trouve une p\u00e9ninsule de plus de 60 hectares de faune sauvage, un lieu unique qui abrite <strong>le seul Resort au monde au sein d&rsquo;une r\u00e9serve naturelle<\/strong>, entour\u00e9 par la <strong>mer spectaculaire de l&rsquo;Ogliastra<\/strong>.<\/p>\n","protected":false},"excerpt":{"rendered":"<p>En Sardaigne, une terre myst\u00e9rieuse, magique et riche en histoire, se trouve une p\u00e9ninsule de plus de 60 hectares de faune sauvage, un lieu unique qui abrite le seul Resort au monde au sein d&rsquo;une r\u00e9serve naturelle, entour\u00e9 par la mer spectaculaire de l&rsquo;Ogliastra.<\/p>\n","protected":false},"author":17,"featured_media":0,"parent":0,"menu_order":0,"comment_status":"closed","ping_status":"closed","template":"","meta":{"footnotes":""},"class_list":["post-4","page","type-page","status-publish","hentry"],"yoast_head":"<!-- This site is optimized with the Yoast SEO plugin v26.9 - https:\/\/yoast.com\/product\/yoast-seo-wordpress\/ -->\n<title>Arbatax Park Resort &amp; SPA - Arbatax Park<\/title>\n<meta name=\"robots\" content=\"index, follow, max-snippet:-1, max-image-preview:large, max-video-preview:-1\" \/>\n<link rel=\"canonical\" href=\"https:\/\/www.arbataxpark.com\/fr\/\" \/>\n<meta property=\"og:locale\" content=\"fr_FR\" \/>\n<meta property=\"og:type\" content=\"article\" \/>\n<meta property=\"og:title\" content=\"Arbatax Park Resort &amp; SPA - Arbatax Park\" \/>\n<meta property=\"og:description\" content=\"En Sardaigne, une terre myst\u00e9rieuse, magique et riche en histoire, se trouve une p\u00e9ninsule de plus de 60 hectares de faune sauvage, un lieu unique qui abrite le seul Resort au monde au sein d&rsquo;une r\u00e9serve naturelle, entour\u00e9 par la mer spectaculaire de l&rsquo;Ogliastra.\" \/>\n<meta property=\"og:url\" content=\"https:\/\/www.arbataxpark.com\/fr\/\" \/>\n<meta property=\"og:site_name\" content=\"Arbatax Park\" \/>\n<meta property=\"article:modified_time\" content=\"2026-03-04T11:17:10+00:00\" \/>\n<meta name=\"twitter:card\" content=\"summary_large_image\" \/>\n<meta name=\"twitter:label1\" content=\"Dur\u00e9e de lecture estim\u00e9e\" \/>\n\t<meta name=\"twitter:data1\" content=\"1 minute\" \/>\n<script type=\"application\/ld+json\" class=\"yoast-schema-graph\">{\"@context\":\"https:\/\/schema.org\",\"@graph\":[{\"@type\":\"WebPage\",\"@id\":\"https:\/\/www.arbataxpark.com\/fr\/\",\"url\":\"https:\/\/www.arbataxpark.com\/fr\/\",\"name\":\"Arbatax Park Resort &amp; SPA - Arbatax Park\",\"isPartOf\":{\"@id\":\"https:\/\/www.arbataxpark.com\/fr\/#website\"},\"datePublished\":\"2019-03-15T09:58:28+00:00\",\"dateModified\":\"2026-03-04T11:17:10+00:00\",\"breadcrumb\":{\"@id\":\"https:\/\/www.arbataxpark.com\/fr\/#breadcrumb\"},\"inLanguage\":\"fr-FR\",\"potentialAction\":[{\"@type\":\"ReadAction\",\"target\":[\"https:\/\/www.arbataxpark.com\/fr\/\"]}]},{\"@type\":\"BreadcrumbList\",\"@id\":\"https:\/\/www.arbataxpark.com\/fr\/#breadcrumb\",\"itemListElement\":[{\"@type\":\"ListItem\",\"position\":1,\"name\":\"Home\",\"item\":\"https:\/\/www.arbataxpark.com\/fr\/\"},{\"@type\":\"ListItem\",\"position\":2,\"name\":\"Arbatax Park Resort &amp; SPA\"}]},{\"@type\":\"WebSite\",\"@id\":\"https:\/\/www.arbataxpark.com\/fr\/#website\",\"url\":\"https:\/\/www.arbataxpark.com\/fr\/\",\"name\":\"Arbatax Park\",\"description\":\"Just another ms.decms.eu site\",\"potentialAction\":[{\"@type\":\"SearchAction\",\"target\":{\"@type\":\"EntryPoint\",\"urlTemplate\":\"https:\/\/www.arbataxpark.com\/fr\/?s={search_term_string}\"},\"query-input\":{\"@type\":\"PropertyValueSpecification\",\"valueRequired\":true,\"valueName\":\"search_term_string\"}}],\"inLanguage\":\"fr-FR\"}]}<\/script>\n<!-- \/ Yoast SEO plugin. -->","yoast_head_json":{"title":"Arbatax Park Resort &amp; SPA - Arbatax Park","robots":{"index":"index","follow":"follow","max-snippet":"max-snippet:-1","max-image-preview":"max-image-preview:large","max-video-preview":"max-video-preview:-1"},"canonical":"https:\/\/www.arbataxpark.com\/fr\/","og_locale":"fr_FR","og_type":"article","og_title":"Arbatax Park Resort &amp; SPA - Arbatax Park","og_description":"En Sardaigne, une terre myst\u00e9rieuse, magique et riche en histoire, se trouve une p\u00e9ninsule de plus de 60 hectares de faune sauvage, un lieu unique qui abrite le seul Resort au monde au sein d&rsquo;une r\u00e9serve naturelle, entour\u00e9 par la mer spectaculaire de l&rsquo;Ogliastra.","og_url":"https:\/\/www.arbataxpark.com\/fr\/","og_site_name":"Arbatax Park","article_modified_time":"2026-03-04T11:17:10+00:00","twitter_card":"summary_large_image","twitter_misc":{"Dur\u00e9e de lecture estim\u00e9e":"1 minute"},"schema":{"@context":"https:\/\/schema.org","@graph":[{"@type":"WebPage","@id":"https:\/\/www.arbataxpark.com\/fr\/","url":"https:\/\/www.arbataxpark.com\/fr\/","name":"Arbatax Park Resort &amp; SPA - Arbatax Park","isPartOf":{"@id":"https:\/\/www.arbataxpark.com\/fr\/#website"},"datePublished":"2019-03-15T09:58:28+00:00","dateModified":"2026-03-04T11:17:10+00:00","breadcrumb":{"@id":"https:\/\/www.arbataxpark.com\/fr\/#breadcrumb"},"inLanguage":"fr-FR","potentialAction":[{"@type":"ReadAction","target":["https:\/\/www.arbataxpark.com\/fr\/"]}]},{"@type":"BreadcrumbList","@id":"https:\/\/www.arbataxpark.com\/fr\/#breadcrumb","itemListElement":[{"@type":"ListItem","position":1,"name":"Home","item":"https:\/\/www.arbataxpark.com\/fr\/"},{"@type":"ListItem","position":2,"name":"Arbatax Park Resort &amp; SPA"}]},{"@type":"WebSite","@id":"https:\/\/www.arbataxpark.com\/fr\/#website","url":"https:\/\/www.arbataxpark.com\/fr\/","name":"Arbatax Park","description":"Just another ms.decms.eu site","potentialAction":[{"@type":"SearchAction","target":{"@type":"EntryPoint","urlTemplate":"https:\/\/www.arbataxpark.com\/fr\/?s={search_term_string}"},"query-input":{"@type":"PropertyValueSpecification","valueRequired":true,"valueName":"search_term_string"}}],"inLanguage":"fr-FR"}]}},"acf":[],"_links":{"self":[{"href":"https:\/\/www.arbataxpark.com\/fr\/wp-json\/wp\/v2\/pages\/4","targetHints":{"allow":["GET"]}}],"collection":[{"href":"https:\/\/www.arbataxpark.com\/fr\/wp-json\/wp\/v2\/pages"}],"about":[{"href":"https:\/\/www.arbataxpark.com\/fr\/wp-json\/wp\/v2\/types\/page"}],"author":[{"embeddable":true,"href":"https:\/\/www.arbataxpark.com\/fr\/wp-json\/wp\/v2\/users\/17"}],"replies":[{"embeddable":true,"href":"https:\/\/www.arbataxpark.com\/fr\/wp-json\/wp\/v2\/comments?post=4"}],"version-history":[{"count":0,"href":"https:\/\/www.arbataxpark.com\/fr\/wp-json\/wp\/v2\/pages\/4\/revisions"}],"wp:attachment":[{"href":"https:\/\/www.arbataxpark.com\/fr\/wp-json\/wp\/v2\/media?parent=4"}],"curies":[{"name":"wp","href":"https:\/\/api.w.org\/{rel}","templated":true}]}}