{"id":5239,"date":"2019-04-05T13:54:10","date_gmt":"2019-04-05T13:54:10","guid":{"rendered":"http:\/\/arbatax-park-group.ms.decms.eu\/?page_id=5239"},"modified":"2024-12-02T16:42:48","modified_gmt":"2024-12-02T16:42:48","slug":"parc-naturel-bellavista","status":"publish","type":"page","link":"https:\/\/www.arbataxpark.com\/fr\/parc-naturel-bellavista\/","title":{"rendered":"Parc Naturel Bellavista"},"content":{"rendered":"<p>Au c\u0153ur de l\u2019Ogliastra, la p\u00e9ninsule de Bellavista est comme ainsi dire une \u00eele \u00e0 l\u2019int\u00e9rieur de l\u2019\u00eele, un petit coin de paradis encore pr\u00e9serv\u00e9 dans sa nature sauvage. Dans ce microcosme trouve sa place le <strong>Parc Naturel Bellavista<\/strong>, qui, sur une superficie de 40 hectares, h\u00e9berge animaux et plantes typiques de la faune et la flore sarde.<\/p>\n<p>Entre les oliviers, lentisques et autres myrtes sardes vivent de nombreux animaux de la faune locale: mouflons, sangliers, chevaux sauvages dela Giara, daims, \u00e2nes, ch\u00e8vres et vaches sardes, mais aussi de nombreuses esp\u00e8ces d\u2019oiseaux, qui ont trouv\u00e9 dans cet \u00e9cosyst\u00e8me prot\u00e9g\u00e9 un refuge s\u00fbr.<\/p>\n<p>Le Parc est librement accessible aux visiteurs, qui peuvent choisir parmi <strong>diff\u00e9rents itin\u00e9raires<\/strong> pour observer les animaux en toute libert\u00e9 et profiter de vues spectaculaires sur les roches rouges typiques d&rsquo;Arbatax, la plaine d&rsquo;Ogliastra et le parc marin de Monte Santo. Chaque jour, nos <strong>Rangers<\/strong> accompagnent les visiteurs \u00e0 la d\u00e9couverte des beaut\u00e9s naturelles et faunistiques du Parc.<\/p>\n","protected":false},"excerpt":{"rendered":"<p>Au c\u0153ur de l\u2019Ogliastra, la p\u00e9ninsule de Bellavista est comme ainsi dire une \u00eele \u00e0 l\u2019int\u00e9rieur de l\u2019\u00eele, un petit coin de paradis encore pr\u00e9serv\u00e9 dans sa nature sauvage. Dans ce microcosme trouve sa place le Parc Naturel Bellavista, qui, sur une superficie de 40 hectares, h\u00e9berge animaux et plantes typiques de la faune et [&hellip;]<\/p>\n","protected":false},"author":21,"featured_media":0,"parent":0,"menu_order":500,"comment_status":"closed","ping_status":"closed","template":"","meta":{"footnotes":""},"class_list":["post-5239","page","type-page","status-publish","hentry"],"yoast_head":"<!-- This site is optimized with the Yoast SEO plugin v26.9 - https:\/\/yoast.com\/product\/yoast-seo-wordpress\/ -->\n<title>Parc Naturel Bellavista - Arbatax Park<\/title>\n<meta name=\"robots\" content=\"index, follow, max-snippet:-1, max-image-preview:large, max-video-preview:-1\" \/>\n<link rel=\"canonical\" href=\"https:\/\/www.arbataxpark.com\/fr\/parc-naturel-bellavista\/\" \/>\n<meta property=\"og:locale\" content=\"fr_FR\" \/>\n<meta property=\"og:type\" content=\"article\" \/>\n<meta property=\"og:title\" content=\"Parc Naturel Bellavista - Arbatax Park\" \/>\n<meta property=\"og:description\" content=\"Au c\u0153ur de l\u2019Ogliastra, la p\u00e9ninsule de Bellavista est comme ainsi dire une \u00eele \u00e0 l\u2019int\u00e9rieur de l\u2019\u00eele, un petit coin de paradis encore pr\u00e9serv\u00e9 dans sa nature sauvage. Dans ce microcosme trouve sa place le Parc Naturel Bellavista, qui, sur une superficie de 40 hectares, h\u00e9berge animaux et plantes typiques de la faune et [&hellip;]\" \/>\n<meta property=\"og:url\" content=\"https:\/\/www.arbataxpark.com\/fr\/parc-naturel-bellavista\/\" \/>\n<meta property=\"og:site_name\" content=\"Arbatax Park\" \/>\n<meta property=\"article:modified_time\" content=\"2024-12-02T16:42:48+00:00\" \/>\n<meta name=\"twitter:card\" content=\"summary_large_image\" \/>\n<meta name=\"twitter:label1\" content=\"Dur\u00e9e de lecture estim\u00e9e\" \/>\n\t<meta name=\"twitter:data1\" content=\"1 minute\" \/>\n<script type=\"application\/ld+json\" class=\"yoast-schema-graph\">{\"@context\":\"https:\/\/schema.org\",\"@graph\":[{\"@type\":\"WebPage\",\"@id\":\"https:\/\/www.arbataxpark.com\/fr\/parc-naturel-bellavista\/\",\"url\":\"https:\/\/www.arbataxpark.com\/fr\/parc-naturel-bellavista\/\",\"name\":\"Parc Naturel Bellavista - Arbatax Park\",\"isPartOf\":{\"@id\":\"https:\/\/www.arbataxpark.com\/fr\/#website\"},\"datePublished\":\"2019-04-05T13:54:10+00:00\",\"dateModified\":\"2024-12-02T16:42:48+00:00\",\"breadcrumb\":{\"@id\":\"https:\/\/www.arbataxpark.com\/fr\/parc-naturel-bellavista\/#breadcrumb\"},\"inLanguage\":\"fr-FR\",\"potentialAction\":[{\"@type\":\"ReadAction\",\"target\":[\"https:\/\/www.arbataxpark.com\/fr\/parc-naturel-bellavista\/\"]}]},{\"@type\":\"BreadcrumbList\",\"@id\":\"https:\/\/www.arbataxpark.com\/fr\/parc-naturel-bellavista\/#breadcrumb\",\"itemListElement\":[{\"@type\":\"ListItem\",\"position\":1,\"name\":\"Home\",\"item\":\"https:\/\/www.arbataxpark.com\/fr\/\"},{\"@type\":\"ListItem\",\"position\":2,\"name\":\"Parc Naturel Bellavista\"}]},{\"@type\":\"WebSite\",\"@id\":\"https:\/\/www.arbataxpark.com\/fr\/#website\",\"url\":\"https:\/\/www.arbataxpark.com\/fr\/\",\"name\":\"Arbatax Park\",\"description\":\"Just another ms.decms.eu site\",\"potentialAction\":[{\"@type\":\"SearchAction\",\"target\":{\"@type\":\"EntryPoint\",\"urlTemplate\":\"https:\/\/www.arbataxpark.com\/fr\/?s={search_term_string}\"},\"query-input\":{\"@type\":\"PropertyValueSpecification\",\"valueRequired\":true,\"valueName\":\"search_term_string\"}}],\"inLanguage\":\"fr-FR\"}]}<\/script>\n<!-- \/ Yoast SEO plugin. -->","yoast_head_json":{"title":"Parc Naturel Bellavista - Arbatax Park","robots":{"index":"index","follow":"follow","max-snippet":"max-snippet:-1","max-image-preview":"max-image-preview:large","max-video-preview":"max-video-preview:-1"},"canonical":"https:\/\/www.arbataxpark.com\/fr\/parc-naturel-bellavista\/","og_locale":"fr_FR","og_type":"article","og_title":"Parc Naturel Bellavista - Arbatax Park","og_description":"Au c\u0153ur de l\u2019Ogliastra, la p\u00e9ninsule de Bellavista est comme ainsi dire une \u00eele \u00e0 l\u2019int\u00e9rieur de l\u2019\u00eele, un petit coin de paradis encore pr\u00e9serv\u00e9 dans sa nature sauvage. Dans ce microcosme trouve sa place le Parc Naturel Bellavista, qui, sur une superficie de 40 hectares, h\u00e9berge animaux et plantes typiques de la faune et [&hellip;]","og_url":"https:\/\/www.arbataxpark.com\/fr\/parc-naturel-bellavista\/","og_site_name":"Arbatax Park","article_modified_time":"2024-12-02T16:42:48+00:00","twitter_card":"summary_large_image","twitter_misc":{"Dur\u00e9e de lecture estim\u00e9e":"1 minute"},"schema":{"@context":"https:\/\/schema.org","@graph":[{"@type":"WebPage","@id":"https:\/\/www.arbataxpark.com\/fr\/parc-naturel-bellavista\/","url":"https:\/\/www.arbataxpark.com\/fr\/parc-naturel-bellavista\/","name":"Parc Naturel Bellavista - Arbatax Park","isPartOf":{"@id":"https:\/\/www.arbataxpark.com\/fr\/#website"},"datePublished":"2019-04-05T13:54:10+00:00","dateModified":"2024-12-02T16:42:48+00:00","breadcrumb":{"@id":"https:\/\/www.arbataxpark.com\/fr\/parc-naturel-bellavista\/#breadcrumb"},"inLanguage":"fr-FR","potentialAction":[{"@type":"ReadAction","target":["https:\/\/www.arbataxpark.com\/fr\/parc-naturel-bellavista\/"]}]},{"@type":"BreadcrumbList","@id":"https:\/\/www.arbataxpark.com\/fr\/parc-naturel-bellavista\/#breadcrumb","itemListElement":[{"@type":"ListItem","position":1,"name":"Home","item":"https:\/\/www.arbataxpark.com\/fr\/"},{"@type":"ListItem","position":2,"name":"Parc Naturel Bellavista"}]},{"@type":"WebSite","@id":"https:\/\/www.arbataxpark.com\/fr\/#website","url":"https:\/\/www.arbataxpark.com\/fr\/","name":"Arbatax Park","description":"Just another ms.decms.eu site","potentialAction":[{"@type":"SearchAction","target":{"@type":"EntryPoint","urlTemplate":"https:\/\/www.arbataxpark.com\/fr\/?s={search_term_string}"},"query-input":{"@type":"PropertyValueSpecification","valueRequired":true,"valueName":"search_term_string"}}],"inLanguage":"fr-FR"}]}},"acf":[],"_links":{"self":[{"href":"https:\/\/www.arbataxpark.com\/fr\/wp-json\/wp\/v2\/pages\/5239","targetHints":{"allow":["GET"]}}],"collection":[{"href":"https:\/\/www.arbataxpark.com\/fr\/wp-json\/wp\/v2\/pages"}],"about":[{"href":"https:\/\/www.arbataxpark.com\/fr\/wp-json\/wp\/v2\/types\/page"}],"author":[{"embeddable":true,"href":"https:\/\/www.arbataxpark.com\/fr\/wp-json\/wp\/v2\/users\/21"}],"replies":[{"embeddable":true,"href":"https:\/\/www.arbataxpark.com\/fr\/wp-json\/wp\/v2\/comments?post=5239"}],"version-history":[{"count":0,"href":"https:\/\/www.arbataxpark.com\/fr\/wp-json\/wp\/v2\/pages\/5239\/revisions"}],"wp:attachment":[{"href":"https:\/\/www.arbataxpark.com\/fr\/wp-json\/wp\/v2\/media?parent=5239"}],"curies":[{"name":"wp","href":"https:\/\/api.w.org\/{rel}","templated":true}]}}