{"id":5244,"date":"2019-03-20T10:04:01","date_gmt":"2019-03-20T10:04:01","guid":{"rendered":"http:\/\/arbatax-park-group.ms.decms.eu\/couples\/"},"modified":"2021-04-07T11:14:21","modified_gmt":"2021-04-07T11:14:21","slug":"couples","status":"publish","type":"page","link":"https:\/\/www.arbataxpark.com\/fr\/couples\/","title":{"rendered":"Couples"},"content":{"rendered":"<p>L\u2019emplacement de r\u00eave dans lequel se trouve le Resort est id\u00e9al pour les couples qui aiment se d\u00e9tendre et s\u2019amuser. Un s\u00e9jour qui vous offrira des moments inoubliables \u00e0 essayer absolument, comme un d\u00eener<strong> romantique sur una terrasse panoramique<\/strong>\u00a0ou la promenade \u00e0 l\u2019int\u00e9rieur du\u00a0<a title=\"Parc Naturel Bellavista\" href=\"https:\/\/www.arbataxpark.com\/fr\/parc-naturel-bellavista\/\" target=\"_blank\" rel=\"noopener noreferrer\">parc naturaliste de Bellavista<\/a>\u00a0abritant de nombreuses esp\u00e8ces d\u2019animaux et de leur prog\u00e9niture. Ne manquez pas le\u00a0<strong>Centre de Bien-\u00eatre SPA Bellavista<\/strong>, situ\u00e9 dans la partie sup\u00e9rieure du resort d\u2019o\u00f9 vous pourrez profiter d\u2019une vue magnifique et vous d\u00e9tendre gr\u00e2ce \u00e0 son int\u00e9ressante carte de soins et de parcours aquatiques r\u00e9g\u00e9n\u00e9rateurs.<\/p>\n","protected":false},"excerpt":{"rendered":"<p>L\u2019emplacement de r\u00eave dans lequel se trouve le Resort est id\u00e9al pour les couples qui aiment se d\u00e9tendre et s\u2019amuser. Un s\u00e9jour qui vous offrira des moments inoubliables \u00e0 essayer absolument, comme un d\u00eener romantique sur una terrasse panoramique\u00a0ou la promenade \u00e0 l\u2019int\u00e9rieur du\u00a0parc naturaliste de Bellavista\u00a0abritant de nombreuses esp\u00e8ces d\u2019animaux et de leur prog\u00e9niture. [&hellip;]<\/p>\n","protected":false},"author":18,"featured_media":0,"parent":0,"menu_order":5200,"comment_status":"closed","ping_status":"closed","template":"template-emotional.php","meta":{"footnotes":""},"class_list":["post-5244","page","type-page","status-publish","hentry"],"yoast_head":"<!-- This site is optimized with the Yoast SEO plugin v26.9 - https:\/\/yoast.com\/product\/yoast-seo-wordpress\/ -->\n<title>Couples - Arbatax Park<\/title>\n<meta name=\"robots\" content=\"index, follow, max-snippet:-1, max-image-preview:large, max-video-preview:-1\" \/>\n<link rel=\"canonical\" href=\"https:\/\/www.arbataxpark.com\/fr\/couples\/\" \/>\n<meta property=\"og:locale\" content=\"fr_FR\" \/>\n<meta property=\"og:type\" content=\"article\" \/>\n<meta property=\"og:title\" content=\"Couples - Arbatax Park\" \/>\n<meta property=\"og:description\" content=\"L\u2019emplacement de r\u00eave dans lequel se trouve le Resort est id\u00e9al pour les couples qui aiment se d\u00e9tendre et s\u2019amuser. Un s\u00e9jour qui vous offrira des moments inoubliables \u00e0 essayer absolument, comme un d\u00eener romantique sur una terrasse panoramique\u00a0ou la promenade \u00e0 l\u2019int\u00e9rieur du\u00a0parc naturaliste de Bellavista\u00a0abritant de nombreuses esp\u00e8ces d\u2019animaux et de leur prog\u00e9niture. [&hellip;]\" \/>\n<meta property=\"og:url\" content=\"https:\/\/www.arbataxpark.com\/fr\/couples\/\" \/>\n<meta property=\"og:site_name\" content=\"Arbatax Park\" \/>\n<meta property=\"article:modified_time\" content=\"2021-04-07T11:14:21+00:00\" \/>\n<meta name=\"twitter:card\" content=\"summary_large_image\" \/>\n<meta name=\"twitter:label1\" content=\"Dur\u00e9e de lecture estim\u00e9e\" \/>\n\t<meta name=\"twitter:data1\" content=\"1 minute\" \/>\n<script type=\"application\/ld+json\" class=\"yoast-schema-graph\">{\"@context\":\"https:\/\/schema.org\",\"@graph\":[{\"@type\":\"WebPage\",\"@id\":\"https:\/\/www.arbataxpark.com\/fr\/couples\/\",\"url\":\"https:\/\/www.arbataxpark.com\/fr\/couples\/\",\"name\":\"Couples - Arbatax Park\",\"isPartOf\":{\"@id\":\"https:\/\/www.arbataxpark.com\/fr\/#website\"},\"datePublished\":\"2019-03-20T10:04:01+00:00\",\"dateModified\":\"2021-04-07T11:14:21+00:00\",\"breadcrumb\":{\"@id\":\"https:\/\/www.arbataxpark.com\/fr\/couples\/#breadcrumb\"},\"inLanguage\":\"fr-FR\",\"potentialAction\":[{\"@type\":\"ReadAction\",\"target\":[\"https:\/\/www.arbataxpark.com\/fr\/couples\/\"]}]},{\"@type\":\"BreadcrumbList\",\"@id\":\"https:\/\/www.arbataxpark.com\/fr\/couples\/#breadcrumb\",\"itemListElement\":[{\"@type\":\"ListItem\",\"position\":1,\"name\":\"Home\",\"item\":\"https:\/\/www.arbataxpark.com\/fr\/\"},{\"@type\":\"ListItem\",\"position\":2,\"name\":\"Couples\"}]},{\"@type\":\"WebSite\",\"@id\":\"https:\/\/www.arbataxpark.com\/fr\/#website\",\"url\":\"https:\/\/www.arbataxpark.com\/fr\/\",\"name\":\"Arbatax Park\",\"description\":\"Just another ms.decms.eu site\",\"potentialAction\":[{\"@type\":\"SearchAction\",\"target\":{\"@type\":\"EntryPoint\",\"urlTemplate\":\"https:\/\/www.arbataxpark.com\/fr\/?s={search_term_string}\"},\"query-input\":{\"@type\":\"PropertyValueSpecification\",\"valueRequired\":true,\"valueName\":\"search_term_string\"}}],\"inLanguage\":\"fr-FR\"}]}<\/script>\n<!-- \/ Yoast SEO plugin. -->","yoast_head_json":{"title":"Couples - Arbatax Park","robots":{"index":"index","follow":"follow","max-snippet":"max-snippet:-1","max-image-preview":"max-image-preview:large","max-video-preview":"max-video-preview:-1"},"canonical":"https:\/\/www.arbataxpark.com\/fr\/couples\/","og_locale":"fr_FR","og_type":"article","og_title":"Couples - Arbatax Park","og_description":"L\u2019emplacement de r\u00eave dans lequel se trouve le Resort est id\u00e9al pour les couples qui aiment se d\u00e9tendre et s\u2019amuser. Un s\u00e9jour qui vous offrira des moments inoubliables \u00e0 essayer absolument, comme un d\u00eener romantique sur una terrasse panoramique\u00a0ou la promenade \u00e0 l\u2019int\u00e9rieur du\u00a0parc naturaliste de Bellavista\u00a0abritant de nombreuses esp\u00e8ces d\u2019animaux et de leur prog\u00e9niture. [&hellip;]","og_url":"https:\/\/www.arbataxpark.com\/fr\/couples\/","og_site_name":"Arbatax Park","article_modified_time":"2021-04-07T11:14:21+00:00","twitter_card":"summary_large_image","twitter_misc":{"Dur\u00e9e de lecture estim\u00e9e":"1 minute"},"schema":{"@context":"https:\/\/schema.org","@graph":[{"@type":"WebPage","@id":"https:\/\/www.arbataxpark.com\/fr\/couples\/","url":"https:\/\/www.arbataxpark.com\/fr\/couples\/","name":"Couples - Arbatax Park","isPartOf":{"@id":"https:\/\/www.arbataxpark.com\/fr\/#website"},"datePublished":"2019-03-20T10:04:01+00:00","dateModified":"2021-04-07T11:14:21+00:00","breadcrumb":{"@id":"https:\/\/www.arbataxpark.com\/fr\/couples\/#breadcrumb"},"inLanguage":"fr-FR","potentialAction":[{"@type":"ReadAction","target":["https:\/\/www.arbataxpark.com\/fr\/couples\/"]}]},{"@type":"BreadcrumbList","@id":"https:\/\/www.arbataxpark.com\/fr\/couples\/#breadcrumb","itemListElement":[{"@type":"ListItem","position":1,"name":"Home","item":"https:\/\/www.arbataxpark.com\/fr\/"},{"@type":"ListItem","position":2,"name":"Couples"}]},{"@type":"WebSite","@id":"https:\/\/www.arbataxpark.com\/fr\/#website","url":"https:\/\/www.arbataxpark.com\/fr\/","name":"Arbatax Park","description":"Just another ms.decms.eu site","potentialAction":[{"@type":"SearchAction","target":{"@type":"EntryPoint","urlTemplate":"https:\/\/www.arbataxpark.com\/fr\/?s={search_term_string}"},"query-input":{"@type":"PropertyValueSpecification","valueRequired":true,"valueName":"search_term_string"}}],"inLanguage":"fr-FR"}]}},"acf":[],"_links":{"self":[{"href":"https:\/\/www.arbataxpark.com\/fr\/wp-json\/wp\/v2\/pages\/5244","targetHints":{"allow":["GET"]}}],"collection":[{"href":"https:\/\/www.arbataxpark.com\/fr\/wp-json\/wp\/v2\/pages"}],"about":[{"href":"https:\/\/www.arbataxpark.com\/fr\/wp-json\/wp\/v2\/types\/page"}],"author":[{"embeddable":true,"href":"https:\/\/www.arbataxpark.com\/fr\/wp-json\/wp\/v2\/users\/18"}],"replies":[{"embeddable":true,"href":"https:\/\/www.arbataxpark.com\/fr\/wp-json\/wp\/v2\/comments?post=5244"}],"version-history":[{"count":0,"href":"https:\/\/www.arbataxpark.com\/fr\/wp-json\/wp\/v2\/pages\/5244\/revisions"}],"wp:attachment":[{"href":"https:\/\/www.arbataxpark.com\/fr\/wp-json\/wp\/v2\/media?parent=5244"}],"curies":[{"name":"wp","href":"https:\/\/api.w.org\/{rel}","templated":true}]}}