{"id":5267,"date":"2019-03-20T10:03:40","date_gmt":"2019-03-20T10:03:40","guid":{"rendered":"http:\/\/arbatax-park-group.ms.decms.eu\/culture-tradition-and-nature\/"},"modified":"2019-04-05T14:52:28","modified_gmt":"2019-04-05T14:52:28","slug":"culture-tradition-et-nature","status":"publish","type":"page","link":"https:\/\/www.arbataxpark.com\/fr\/culture-tradition-et-nature\/","title":{"rendered":"Culture, tradition et nature"},"content":{"rendered":"<p><strong>Culture &amp; Tradition<\/strong><br \/>\nNon seulement la mer, la nature, le sport et le bien-\u00eatre, mais aussi la tradition et la culture de la Sardaigne la plus typique, celle de l\u2019Ogliastra. Lieu de mythes ancestraux, d\u2019habitudes, de coutumes et de traditions s\u00e9culaires toujours intactes et pr\u00e9serv\u00e9es jusqu\u2019\u00e0 nos jours gr\u00e2ce \u00e0 son isolement mill\u00e9naire. En s\u00e9journant \u00e0 l\u2019Arbatax Park, vous pourrez revivre ou d\u00e9couvrir ces \u00e9motions et appr\u00e9cier les saveurs traditionnelles de notre terroir. Histoire, culture, art, gastronomie et vin sont les principaux th\u00e8mes des soir\u00e9es qui ont lieu chaque semaine en partenariat avec les artisans locaux. Apprendre aux c\u00f4t\u00e9s des ma\u00eetres de la tradition n\u2019a pas de prix, venez nous rencontrer vous aussi !<\/p>\n<p><strong>Emotions dans la nature<\/strong><br \/>\nParc Naturaliste de Bellavista. Son nom \u00e9voque d\u00e9j\u00e0 des lieux aux paysages grandioses qui r\u00e9jouiront ceux en qu\u00eate d\u2019un endroit sachant procurer des \u00e9motions et des sensations anciennes et nouvelles. Une explosion de nature, des fleurs, des plantes et des couleurs, o\u00f9 vous pourrez vous d\u00e9tendre \u00e0 c\u00f4t\u00e9 d\u2019une mer superbe et sauvage, aux reflets incroyables. Voici pourquoi aujourd\u2019hui la P\u00e9ninsule de Bellavista est devenue une v\u00e9ritable r\u00e9f\u00e9rence pour les amoureux de la flore et de la faune de la Sardaigne. Elle est consid\u00e9r\u00e9e comme un exemple d\u2019int\u00e9gration parfaite entre protection de l\u2019environnement et d\u00e9veloppement touristique.<\/p>\n","protected":false},"excerpt":{"rendered":"<p>Culture &amp; Tradition Non seulement la mer, la nature, le sport et le bien-\u00eatre, mais aussi la tradition et la culture de la Sardaigne la plus typique, celle de l\u2019Ogliastra. Lieu de mythes ancestraux, d\u2019habitudes, de coutumes et de traditions s\u00e9culaires toujours intactes et pr\u00e9serv\u00e9es jusqu\u2019\u00e0 nos jours gr\u00e2ce \u00e0 son isolement mill\u00e9naire. En s\u00e9journant [&hellip;]<\/p>\n","protected":false},"author":18,"featured_media":0,"parent":0,"menu_order":5000,"comment_status":"closed","ping_status":"closed","template":"template-emotional.php","meta":{"footnotes":""},"class_list":["post-5267","page","type-page","status-publish","hentry"],"yoast_head":"<!-- This site is optimized with the Yoast SEO plugin v26.9 - https:\/\/yoast.com\/product\/yoast-seo-wordpress\/ -->\n<title>Culture, tradition et nature - Arbatax Park<\/title>\n<meta name=\"robots\" content=\"index, follow, max-snippet:-1, max-image-preview:large, max-video-preview:-1\" \/>\n<link rel=\"canonical\" href=\"https:\/\/www.arbataxpark.com\/fr\/culture-tradition-et-nature\/\" \/>\n<meta property=\"og:locale\" content=\"fr_FR\" \/>\n<meta property=\"og:type\" content=\"article\" \/>\n<meta property=\"og:title\" content=\"Culture, tradition et nature - Arbatax Park\" \/>\n<meta property=\"og:description\" content=\"Culture &amp; Tradition Non seulement la mer, la nature, le sport et le bien-\u00eatre, mais aussi la tradition et la culture de la Sardaigne la plus typique, celle de l\u2019Ogliastra. Lieu de mythes ancestraux, d\u2019habitudes, de coutumes et de traditions s\u00e9culaires toujours intactes et pr\u00e9serv\u00e9es jusqu\u2019\u00e0 nos jours gr\u00e2ce \u00e0 son isolement mill\u00e9naire. En s\u00e9journant [&hellip;]\" \/>\n<meta property=\"og:url\" content=\"https:\/\/www.arbataxpark.com\/fr\/culture-tradition-et-nature\/\" \/>\n<meta property=\"og:site_name\" content=\"Arbatax Park\" \/>\n<meta property=\"article:modified_time\" content=\"2019-04-05T14:52:28+00:00\" \/>\n<meta name=\"twitter:card\" content=\"summary_large_image\" \/>\n<meta name=\"twitter:label1\" content=\"Dur\u00e9e de lecture estim\u00e9e\" \/>\n\t<meta name=\"twitter:data1\" content=\"1 minute\" \/>\n<script type=\"application\/ld+json\" class=\"yoast-schema-graph\">{\"@context\":\"https:\/\/schema.org\",\"@graph\":[{\"@type\":\"WebPage\",\"@id\":\"https:\/\/www.arbataxpark.com\/fr\/culture-tradition-et-nature\/\",\"url\":\"https:\/\/www.arbataxpark.com\/fr\/culture-tradition-et-nature\/\",\"name\":\"Culture, tradition et nature - Arbatax Park\",\"isPartOf\":{\"@id\":\"https:\/\/www.arbataxpark.com\/fr\/#website\"},\"datePublished\":\"2019-03-20T10:03:40+00:00\",\"dateModified\":\"2019-04-05T14:52:28+00:00\",\"breadcrumb\":{\"@id\":\"https:\/\/www.arbataxpark.com\/fr\/culture-tradition-et-nature\/#breadcrumb\"},\"inLanguage\":\"fr-FR\",\"potentialAction\":[{\"@type\":\"ReadAction\",\"target\":[\"https:\/\/www.arbataxpark.com\/fr\/culture-tradition-et-nature\/\"]}]},{\"@type\":\"BreadcrumbList\",\"@id\":\"https:\/\/www.arbataxpark.com\/fr\/culture-tradition-et-nature\/#breadcrumb\",\"itemListElement\":[{\"@type\":\"ListItem\",\"position\":1,\"name\":\"Home\",\"item\":\"https:\/\/www.arbataxpark.com\/fr\/\"},{\"@type\":\"ListItem\",\"position\":2,\"name\":\"Culture, tradition et nature\"}]},{\"@type\":\"WebSite\",\"@id\":\"https:\/\/www.arbataxpark.com\/fr\/#website\",\"url\":\"https:\/\/www.arbataxpark.com\/fr\/\",\"name\":\"Arbatax Park\",\"description\":\"Just another ms.decms.eu site\",\"potentialAction\":[{\"@type\":\"SearchAction\",\"target\":{\"@type\":\"EntryPoint\",\"urlTemplate\":\"https:\/\/www.arbataxpark.com\/fr\/?s={search_term_string}\"},\"query-input\":{\"@type\":\"PropertyValueSpecification\",\"valueRequired\":true,\"valueName\":\"search_term_string\"}}],\"inLanguage\":\"fr-FR\"}]}<\/script>\n<!-- \/ Yoast SEO plugin. -->","yoast_head_json":{"title":"Culture, tradition et nature - Arbatax Park","robots":{"index":"index","follow":"follow","max-snippet":"max-snippet:-1","max-image-preview":"max-image-preview:large","max-video-preview":"max-video-preview:-1"},"canonical":"https:\/\/www.arbataxpark.com\/fr\/culture-tradition-et-nature\/","og_locale":"fr_FR","og_type":"article","og_title":"Culture, tradition et nature - Arbatax Park","og_description":"Culture &amp; Tradition Non seulement la mer, la nature, le sport et le bien-\u00eatre, mais aussi la tradition et la culture de la Sardaigne la plus typique, celle de l\u2019Ogliastra. Lieu de mythes ancestraux, d\u2019habitudes, de coutumes et de traditions s\u00e9culaires toujours intactes et pr\u00e9serv\u00e9es jusqu\u2019\u00e0 nos jours gr\u00e2ce \u00e0 son isolement mill\u00e9naire. En s\u00e9journant [&hellip;]","og_url":"https:\/\/www.arbataxpark.com\/fr\/culture-tradition-et-nature\/","og_site_name":"Arbatax Park","article_modified_time":"2019-04-05T14:52:28+00:00","twitter_card":"summary_large_image","twitter_misc":{"Dur\u00e9e de lecture estim\u00e9e":"1 minute"},"schema":{"@context":"https:\/\/schema.org","@graph":[{"@type":"WebPage","@id":"https:\/\/www.arbataxpark.com\/fr\/culture-tradition-et-nature\/","url":"https:\/\/www.arbataxpark.com\/fr\/culture-tradition-et-nature\/","name":"Culture, tradition et nature - Arbatax Park","isPartOf":{"@id":"https:\/\/www.arbataxpark.com\/fr\/#website"},"datePublished":"2019-03-20T10:03:40+00:00","dateModified":"2019-04-05T14:52:28+00:00","breadcrumb":{"@id":"https:\/\/www.arbataxpark.com\/fr\/culture-tradition-et-nature\/#breadcrumb"},"inLanguage":"fr-FR","potentialAction":[{"@type":"ReadAction","target":["https:\/\/www.arbataxpark.com\/fr\/culture-tradition-et-nature\/"]}]},{"@type":"BreadcrumbList","@id":"https:\/\/www.arbataxpark.com\/fr\/culture-tradition-et-nature\/#breadcrumb","itemListElement":[{"@type":"ListItem","position":1,"name":"Home","item":"https:\/\/www.arbataxpark.com\/fr\/"},{"@type":"ListItem","position":2,"name":"Culture, tradition et nature"}]},{"@type":"WebSite","@id":"https:\/\/www.arbataxpark.com\/fr\/#website","url":"https:\/\/www.arbataxpark.com\/fr\/","name":"Arbatax Park","description":"Just another ms.decms.eu site","potentialAction":[{"@type":"SearchAction","target":{"@type":"EntryPoint","urlTemplate":"https:\/\/www.arbataxpark.com\/fr\/?s={search_term_string}"},"query-input":{"@type":"PropertyValueSpecification","valueRequired":true,"valueName":"search_term_string"}}],"inLanguage":"fr-FR"}]}},"acf":[],"_links":{"self":[{"href":"https:\/\/www.arbataxpark.com\/fr\/wp-json\/wp\/v2\/pages\/5267","targetHints":{"allow":["GET"]}}],"collection":[{"href":"https:\/\/www.arbataxpark.com\/fr\/wp-json\/wp\/v2\/pages"}],"about":[{"href":"https:\/\/www.arbataxpark.com\/fr\/wp-json\/wp\/v2\/types\/page"}],"author":[{"embeddable":true,"href":"https:\/\/www.arbataxpark.com\/fr\/wp-json\/wp\/v2\/users\/18"}],"replies":[{"embeddable":true,"href":"https:\/\/www.arbataxpark.com\/fr\/wp-json\/wp\/v2\/comments?post=5267"}],"version-history":[{"count":0,"href":"https:\/\/www.arbataxpark.com\/fr\/wp-json\/wp\/v2\/pages\/5267\/revisions"}],"wp:attachment":[{"href":"https:\/\/www.arbataxpark.com\/fr\/wp-json\/wp\/v2\/media?parent=5267"}],"curies":[{"name":"wp","href":"https:\/\/api.w.org\/{rel}","templated":true}]}}