{"id":5317,"date":"2019-03-20T10:03:52","date_gmt":"2019-03-20T10:03:52","guid":{"rendered":"http:\/\/arbatax-park-group.ms.decms.eu\/wellness-relax\/"},"modified":"2019-04-05T15:57:43","modified_gmt":"2019-04-05T15:57:43","slug":"bien-etre-relax","status":"publish","type":"page","link":"https:\/\/www.arbataxpark.com\/fr\/bien-etre-relax\/","title":{"rendered":"Bien-\u00eatre &amp; Relax"},"content":{"rendered":"<p>Au c\u0153ur de la p\u00e9ninsule, b\u00e9n\u00e9ficiant d\u2019une position panoramique \u00e0 \u00e9gale distance des divers h\u00e9bergements du Resort, se situe le nouveau\u00a0<strong>Centre de Bien-\u00eatre Thalasso et SPA Bellavista<\/strong>: une structure moderne qui s\u2019\u00e9tend sur une surface de 2000 m2 o\u00f9 l\u2019eau sera l\u2019\u00e9l\u00e9ment cl\u00e9 pour votre sant\u00e9 et votre d\u00e9tente.<\/p>\n<p>Le centre met \u00e0 la disposition de ses h\u00f4tes des\u00a0<strong>parcours bien-\u00eatre<\/strong>\u00a0(bains turcs, saunas, douches aromatiques, hydromassages, cascades et jets d\u2019eau douce et d\u2019eau sal\u00e9e), mais aussi des soins esth\u00e9tiques et massages, le tout face \u00e0 une magnifique piscine avec parcours et jeux d\u2019eau.<\/p>\n","protected":false},"excerpt":{"rendered":"<p>Au c\u0153ur de la p\u00e9ninsule, b\u00e9n\u00e9ficiant d\u2019une position panoramique \u00e0 \u00e9gale distance des divers h\u00e9bergements du Resort, se situe le nouveau\u00a0Centre de Bien-\u00eatre Thalasso et SPA Bellavista: une structure moderne qui s\u2019\u00e9tend sur une surface de 2000 m2 o\u00f9 l\u2019eau sera l\u2019\u00e9l\u00e9ment cl\u00e9 pour votre sant\u00e9 et votre d\u00e9tente. Le centre met \u00e0 la disposition [&hellip;]<\/p>\n","protected":false},"author":18,"featured_media":0,"parent":0,"menu_order":5100,"comment_status":"closed","ping_status":"closed","template":"template-emotional.php","meta":{"footnotes":""},"class_list":["post-5317","page","type-page","status-publish","hentry"],"yoast_head":"<!-- This site is optimized with the Yoast SEO plugin v26.9 - https:\/\/yoast.com\/product\/yoast-seo-wordpress\/ -->\n<title>Bien-\u00eatre &amp; Relax - Arbatax Park<\/title>\n<meta name=\"robots\" content=\"index, follow, max-snippet:-1, max-image-preview:large, max-video-preview:-1\" \/>\n<link rel=\"canonical\" href=\"https:\/\/www.arbataxpark.com\/fr\/bien-etre-relax\/\" \/>\n<meta property=\"og:locale\" content=\"fr_FR\" \/>\n<meta property=\"og:type\" content=\"article\" \/>\n<meta property=\"og:title\" content=\"Bien-\u00eatre &amp; Relax - Arbatax Park\" \/>\n<meta property=\"og:description\" content=\"Au c\u0153ur de la p\u00e9ninsule, b\u00e9n\u00e9ficiant d\u2019une position panoramique \u00e0 \u00e9gale distance des divers h\u00e9bergements du Resort, se situe le nouveau\u00a0Centre de Bien-\u00eatre Thalasso et SPA Bellavista: une structure moderne qui s\u2019\u00e9tend sur une surface de 2000 m2 o\u00f9 l\u2019eau sera l\u2019\u00e9l\u00e9ment cl\u00e9 pour votre sant\u00e9 et votre d\u00e9tente. Le centre met \u00e0 la disposition [&hellip;]\" \/>\n<meta property=\"og:url\" content=\"https:\/\/www.arbataxpark.com\/fr\/bien-etre-relax\/\" \/>\n<meta property=\"og:site_name\" content=\"Arbatax Park\" \/>\n<meta property=\"article:modified_time\" content=\"2019-04-05T15:57:43+00:00\" \/>\n<meta name=\"twitter:card\" content=\"summary_large_image\" \/>\n<meta name=\"twitter:label1\" content=\"Dur\u00e9e de lecture estim\u00e9e\" \/>\n\t<meta name=\"twitter:data1\" content=\"1 minute\" \/>\n<script type=\"application\/ld+json\" class=\"yoast-schema-graph\">{\"@context\":\"https:\/\/schema.org\",\"@graph\":[{\"@type\":\"WebPage\",\"@id\":\"https:\/\/www.arbataxpark.com\/fr\/bien-etre-relax\/\",\"url\":\"https:\/\/www.arbataxpark.com\/fr\/bien-etre-relax\/\",\"name\":\"Bien-\u00eatre &amp; Relax - Arbatax Park\",\"isPartOf\":{\"@id\":\"https:\/\/www.arbataxpark.com\/fr\/#website\"},\"datePublished\":\"2019-03-20T10:03:52+00:00\",\"dateModified\":\"2019-04-05T15:57:43+00:00\",\"breadcrumb\":{\"@id\":\"https:\/\/www.arbataxpark.com\/fr\/bien-etre-relax\/#breadcrumb\"},\"inLanguage\":\"fr-FR\",\"potentialAction\":[{\"@type\":\"ReadAction\",\"target\":[\"https:\/\/www.arbataxpark.com\/fr\/bien-etre-relax\/\"]}]},{\"@type\":\"BreadcrumbList\",\"@id\":\"https:\/\/www.arbataxpark.com\/fr\/bien-etre-relax\/#breadcrumb\",\"itemListElement\":[{\"@type\":\"ListItem\",\"position\":1,\"name\":\"Home\",\"item\":\"https:\/\/www.arbataxpark.com\/fr\/\"},{\"@type\":\"ListItem\",\"position\":2,\"name\":\"Bien-\u00eatre &amp; Relax\"}]},{\"@type\":\"WebSite\",\"@id\":\"https:\/\/www.arbataxpark.com\/fr\/#website\",\"url\":\"https:\/\/www.arbataxpark.com\/fr\/\",\"name\":\"Arbatax Park\",\"description\":\"Just another ms.decms.eu site\",\"potentialAction\":[{\"@type\":\"SearchAction\",\"target\":{\"@type\":\"EntryPoint\",\"urlTemplate\":\"https:\/\/www.arbataxpark.com\/fr\/?s={search_term_string}\"},\"query-input\":{\"@type\":\"PropertyValueSpecification\",\"valueRequired\":true,\"valueName\":\"search_term_string\"}}],\"inLanguage\":\"fr-FR\"}]}<\/script>\n<!-- \/ Yoast SEO plugin. -->","yoast_head_json":{"title":"Bien-\u00eatre &amp; Relax - Arbatax Park","robots":{"index":"index","follow":"follow","max-snippet":"max-snippet:-1","max-image-preview":"max-image-preview:large","max-video-preview":"max-video-preview:-1"},"canonical":"https:\/\/www.arbataxpark.com\/fr\/bien-etre-relax\/","og_locale":"fr_FR","og_type":"article","og_title":"Bien-\u00eatre &amp; Relax - Arbatax Park","og_description":"Au c\u0153ur de la p\u00e9ninsule, b\u00e9n\u00e9ficiant d\u2019une position panoramique \u00e0 \u00e9gale distance des divers h\u00e9bergements du Resort, se situe le nouveau\u00a0Centre de Bien-\u00eatre Thalasso et SPA Bellavista: une structure moderne qui s\u2019\u00e9tend sur une surface de 2000 m2 o\u00f9 l\u2019eau sera l\u2019\u00e9l\u00e9ment cl\u00e9 pour votre sant\u00e9 et votre d\u00e9tente. Le centre met \u00e0 la disposition [&hellip;]","og_url":"https:\/\/www.arbataxpark.com\/fr\/bien-etre-relax\/","og_site_name":"Arbatax Park","article_modified_time":"2019-04-05T15:57:43+00:00","twitter_card":"summary_large_image","twitter_misc":{"Dur\u00e9e de lecture estim\u00e9e":"1 minute"},"schema":{"@context":"https:\/\/schema.org","@graph":[{"@type":"WebPage","@id":"https:\/\/www.arbataxpark.com\/fr\/bien-etre-relax\/","url":"https:\/\/www.arbataxpark.com\/fr\/bien-etre-relax\/","name":"Bien-\u00eatre &amp; Relax - Arbatax Park","isPartOf":{"@id":"https:\/\/www.arbataxpark.com\/fr\/#website"},"datePublished":"2019-03-20T10:03:52+00:00","dateModified":"2019-04-05T15:57:43+00:00","breadcrumb":{"@id":"https:\/\/www.arbataxpark.com\/fr\/bien-etre-relax\/#breadcrumb"},"inLanguage":"fr-FR","potentialAction":[{"@type":"ReadAction","target":["https:\/\/www.arbataxpark.com\/fr\/bien-etre-relax\/"]}]},{"@type":"BreadcrumbList","@id":"https:\/\/www.arbataxpark.com\/fr\/bien-etre-relax\/#breadcrumb","itemListElement":[{"@type":"ListItem","position":1,"name":"Home","item":"https:\/\/www.arbataxpark.com\/fr\/"},{"@type":"ListItem","position":2,"name":"Bien-\u00eatre &amp; Relax"}]},{"@type":"WebSite","@id":"https:\/\/www.arbataxpark.com\/fr\/#website","url":"https:\/\/www.arbataxpark.com\/fr\/","name":"Arbatax Park","description":"Just another ms.decms.eu site","potentialAction":[{"@type":"SearchAction","target":{"@type":"EntryPoint","urlTemplate":"https:\/\/www.arbataxpark.com\/fr\/?s={search_term_string}"},"query-input":{"@type":"PropertyValueSpecification","valueRequired":true,"valueName":"search_term_string"}}],"inLanguage":"fr-FR"}]}},"acf":[],"_links":{"self":[{"href":"https:\/\/www.arbataxpark.com\/fr\/wp-json\/wp\/v2\/pages\/5317","targetHints":{"allow":["GET"]}}],"collection":[{"href":"https:\/\/www.arbataxpark.com\/fr\/wp-json\/wp\/v2\/pages"}],"about":[{"href":"https:\/\/www.arbataxpark.com\/fr\/wp-json\/wp\/v2\/types\/page"}],"author":[{"embeddable":true,"href":"https:\/\/www.arbataxpark.com\/fr\/wp-json\/wp\/v2\/users\/18"}],"replies":[{"embeddable":true,"href":"https:\/\/www.arbataxpark.com\/fr\/wp-json\/wp\/v2\/comments?post=5317"}],"version-history":[{"count":0,"href":"https:\/\/www.arbataxpark.com\/fr\/wp-json\/wp\/v2\/pages\/5317\/revisions"}],"wp:attachment":[{"href":"https:\/\/www.arbataxpark.com\/fr\/wp-json\/wp\/v2\/media?parent=5317"}],"curies":[{"name":"wp","href":"https:\/\/api.w.org\/{rel}","templated":true}]}}